{"id":975,"date":"2026-01-07T09:57:33","date_gmt":"2026-01-07T09:57:33","guid":{"rendered":"https:\/\/unitedperfect.com\/?post_type=product&#038;p=975"},"modified":"2026-01-14T09:45:49","modified_gmt":"2026-01-14T09:45:49","slug":"breathable-membrane","status":"publish","type":"product","link":"https:\/\/unitedperfect.com\/fr\/produit\/breathable-membrane\/","title":{"rendered":"Membrane respirante"},"content":{"rendered":"<h2><strong>Qu'est-ce que la membrane respirante OPERFECT\u2122 ?<\/strong><\/h2>\n<div><strong>Membrane respirante OPERFECT\u2122<\/strong> <b>P<\/b><b>erfect<\/b><b>\u00a0membranes respirantes<\/b>\u00a0ont d'excellentes performances en mati\u00e8re d'imperm\u00e9abilit\u00e9 \u00e0 l'eau, de perm\u00e9abilit\u00e9 \u00e0 la vapeur et de r\u00e9sistance aux UV, et sont largement utilis\u00e9s dans la construction comme sous-couches de toiture et membranes murales. Ils peuvent emp\u00eacher les conduits et les gouttes d'eau de tomber de notre c\u00f4t\u00e9, tout en permettant \u00e0 l'air de passer. Ils sont principalement destin\u00e9s \u00e0 l'E<span style=\"font-family: Arial, Helvetica, sans-serif;\">urop\u00e9en, nord-am\u00e9ricain et sud-am\u00e9ricain. <\/span><b>P<\/b><b>erfect<\/b><b>\u00a0membranes respirantes<\/b>\u00a0ont d'excellentes performances en mati\u00e8re d'imperm\u00e9abilit\u00e9 \u00e0 l'eau, de perm\u00e9abilit\u00e9 \u00e0 la vapeur et de r\u00e9sistance aux UV, et sont largement utilis\u00e9s dans la construction comme sous-couches de toiture et membranes murales. Ils peuvent emp\u00eacher les conduits et les gouttes d'eau de tomber de notre c\u00f4t\u00e9, tout en permettant \u00e0 l'air de passer. Ils sont principalement destin\u00e9s \u00e0 l'E<span style=\"font-family: Arial, Helvetica, sans-serif;\">urop\u00e9en, nord-am\u00e9ricain et sud-am\u00e9ricain.<\/span><\/div>\n<div><img fetchpriority=\"high\" decoding=\"async\" class=\"alignnone wp-image-976\" src=\"https:\/\/unitedperfect.com\/wp-content\/uploads\/2026\/01\/photobank-1-1-300x300.jpg\" alt=\"\" width=\"342\" height=\"342\" srcset=\"https:\/\/unitedperfect.com\/wp-content\/uploads\/2026\/01\/photobank-1-1-300x300.jpg 300w, https:\/\/unitedperfect.com\/wp-content\/uploads\/2026\/01\/photobank-1-1-150x150.jpg 150w, https:\/\/unitedperfect.com\/wp-content\/uploads\/2026\/01\/photobank-1-1-768x768.jpg 768w, https:\/\/unitedperfect.com\/wp-content\/uploads\/2026\/01\/photobank-1-1-12x12.jpg 12w, https:\/\/unitedperfect.com\/wp-content\/uploads\/2026\/01\/photobank-1-1-600x600.jpg 600w, https:\/\/unitedperfect.com\/wp-content\/uploads\/2026\/01\/photobank-1-1-100x100.jpg 100w, https:\/\/unitedperfect.com\/wp-content\/uploads\/2026\/01\/photobank-1-1.jpg 1000w\" sizes=\"(max-width: 342px) 100vw, 342px\" \/>\u00a0 <img decoding=\"async\" class=\"alignnone size-medium wp-image-977\" src=\"https:\/\/unitedperfect.com\/wp-content\/uploads\/2026\/01\/\u5fae\u4fe1\u56fe\u7247_202309121655014-300x300.jpg\" alt=\"\" width=\"300\" height=\"300\" srcset=\"https:\/\/unitedperfect.com\/wp-content\/uploads\/2026\/01\/\u5fae\u4fe1\u56fe\u7247_202309121655014-300x300.jpg 300w, https:\/\/unitedperfect.com\/wp-content\/uploads\/2026\/01\/\u5fae\u4fe1\u56fe\u7247_202309121655014-150x150.jpg 150w, https:\/\/unitedperfect.com\/wp-content\/uploads\/2026\/01\/\u5fae\u4fe1\u56fe\u7247_202309121655014-768x768.jpg 768w, https:\/\/unitedperfect.com\/wp-content\/uploads\/2026\/01\/\u5fae\u4fe1\u56fe\u7247_202309121655014-12x12.jpg 12w, https:\/\/unitedperfect.com\/wp-content\/uploads\/2026\/01\/\u5fae\u4fe1\u56fe\u7247_202309121655014-600x600.jpg 600w, https:\/\/unitedperfect.com\/wp-content\/uploads\/2026\/01\/\u5fae\u4fe1\u56fe\u7247_202309121655014-100x100.jpg 100w, https:\/\/unitedperfect.com\/wp-content\/uploads\/2026\/01\/\u5fae\u4fe1\u56fe\u7247_202309121655014.jpg 1024w\" sizes=\"(max-width: 300px) 100vw, 300px\" \/>\u00a0 \u00a0 <img decoding=\"async\" class=\"alignnone size-medium wp-image-979\" src=\"https:\/\/unitedperfect.com\/wp-content\/uploads\/2026\/01\/\u5fae\u4fe1\u56fe\u7247_20250722091319-300x300.jpg\" alt=\"\" width=\"300\" height=\"300\" srcset=\"https:\/\/unitedperfect.com\/wp-content\/uploads\/2026\/01\/\u5fae\u4fe1\u56fe\u7247_20250722091319-300x300.jpg 300w, https:\/\/unitedperfect.com\/wp-content\/uploads\/2026\/01\/\u5fae\u4fe1\u56fe\u7247_20250722091319-1024x1024.jpg 1024w, https:\/\/unitedperfect.com\/wp-content\/uploads\/2026\/01\/\u5fae\u4fe1\u56fe\u7247_20250722091319-150x150.jpg 150w, https:\/\/unitedperfect.com\/wp-content\/uploads\/2026\/01\/\u5fae\u4fe1\u56fe\u7247_20250722091319-768x768.jpg 768w, https:\/\/unitedperfect.com\/wp-content\/uploads\/2026\/01\/\u5fae\u4fe1\u56fe\u7247_20250722091319-1536x1536.jpg 1536w, https:\/\/unitedperfect.com\/wp-content\/uploads\/2026\/01\/\u5fae\u4fe1\u56fe\u7247_20250722091319-2048x2048.jpg 2048w, https:\/\/unitedperfect.com\/wp-content\/uploads\/2026\/01\/\u5fae\u4fe1\u56fe\u7247_20250722091319-12x12.jpg 12w, https:\/\/unitedperfect.com\/wp-content\/uploads\/2026\/01\/\u5fae\u4fe1\u56fe\u7247_20250722091319-600x600.jpg 600w, https:\/\/unitedperfect.com\/wp-content\/uploads\/2026\/01\/\u5fae\u4fe1\u56fe\u7247_20250722091319-100x100.jpg 100w\" sizes=\"(max-width: 300px) 100vw, 300px\" \/><\/div>\n<div><\/div>\n<div>\n<h2><strong>Que peut vous apporter la membrane respirante OPERFECT\u2122 ?<\/strong><\/h2>\n<div>\n<p><b>Sur mesure : <\/b><strong><i>Votre logo, votre \u00e9tiquette, votre couleur, etc.<\/i><\/strong><\/p>\n<p><strong><span style=\"font-family: Arial, Helvetica, sans-serif;\">Nous pouvons vous proposer des services FOB, CIF et \u00e9galement des services porte \u00e0 porte.<\/span><\/strong><span style=\"font-family: Arial, Helvetica, sans-serif;\">,<\/span><strong>\u00c9conomisez 10% sur les co\u00fbts d'approvisionnement et augmentez l'efficacit\u00e9 de l'approvisionnement de 30%.<\/strong><\/p>\n<p><b>Normes de qualit\u00e9<span style=\"font-family: \u5b8b\u4f53;\">\uff1a<\/span><\/b><\/p>\n<p><b><span style=\"font-family: Arial, Helvetica, sans-serif;\">\u2013 <\/span><\/b>ASTM D226 pour les types I et II<\/p>\n<p><b><span style=\"font-family: Arial, Helvetica, sans-serif;\">\u2013 <\/span><\/b>ASTM D4869<\/p>\n<p><b><span style=\"font-family: Arial, Helvetica, sans-serif;\">\u2013<\/span><\/b>CAN\/CSA A220.1<\/p>\n<p><b><span style=\"font-family: Arial, Helvetica, sans-serif;\">\u2013<\/span><\/b>CAN\/CSA A123.3<\/p>\n<p><b><span style=\"font-family: Arial, Helvetica, sans-serif;\">\u2013<\/span><\/b>CLASSE A FEU ASTM E108<\/p>\n<p><b><span style=\"font-family: Arial, Helvetica, sans-serif;\">\u2013<\/span><\/b>ICC-ES AC 188 ;<\/p>\n<p><b>Capacit\u00e9 de production : <\/b><i>80*40HQ\/mois\u00a0<\/i><\/p>\n<p><img loading=\"lazy\" decoding=\"async\" class=\"ckimgrsz alignnone\" src=\"https:\/\/yunpan.cdn.site.joinf.com\/4995171754491181\/BDKRyC8Kzt.jpg\" alt=\"\" width=\"1029\" height=\"686\" data-cke-saved-src=\"https:\/\/yunpan.cdn.site.joinf.com\/4995171754491181\/BDKRyC8Kzt.jpg\" \/><\/p>\n<p>&nbsp;<\/p>\n<\/div>\n<h2><strong>Quelles sont les caract\u00e9ristiques &amp;<\/strong><strong> avantages<\/strong>\u00a0<strong>d'OPERFECT\u2122\u00a0\u00a0<\/strong><strong>Membrane respirante<\/strong><strong>\uff1f<\/strong><\/h2>\n<p><span style=\"color: #ff0000;\"><b>1.<\/b><\/span> Permet au toit et au mur de respirer librement\u00a0 \u00a0 \u00a0 \u00a0 \u00a0 \u00a0 \u00a0 \u00a0 \u00a0 \u00a0 \u00a0 \u00a0<b><span style=\"color: #ff0000;\">2.<\/span><\/b>Excellente r\u00e9sistance m\u00e9canique<\/p>\n<p><b><span style=\"color: #ff0000;\">3.<\/span><\/b>Long terme 4 mois R\u00e9sistance aux UV<b><span style=\"color: #ff0000;\">4.<\/span><\/b>100% fonction \u00e9tanche<\/p>\n<p><span style=\"color: #ff0000;\"><b>5.<\/b><\/span>\u00a0Permet au toit et au mur de respirer librement\u00a0<b><span style=\"color: #ff0000;\">6.<\/span><\/b>Excellente r\u00e9sistance m\u00e9canique<\/p>\n<p><span style=\"color: #ff0000;\"><b>7.<\/b><\/span>Long terme 4 mois R\u00e9sistance aux UV<b><span style=\"color: #ff0000;\">8.<\/span><\/b>100% fonction \u00e9tanche<\/p>\n<p><img loading=\"lazy\" decoding=\"async\" class=\"ckimgrsz\" src=\"https:\/\/yunpan.cdn.site.joinf.com\/4995171754491181\/zsfen26dby.png\" alt=\"\" width=\"828\" height=\"285\" data-cke-saved-src=\"https:\/\/yunpan.cdn.site.joinf.com\/4995171754491181\/zsfen26dby.png\" \/><\/p>\n<p>&nbsp;<\/p>\n<\/div>\n<h2><b>Quelles sont les sp\u00e9cifications ?\u00a0<\/b><strong>d'OPERFECT\u2122\u00a0\u00a0<\/strong><strong>Membrane respirante<\/strong><strong>?<\/strong><\/h2>\n<p><img loading=\"lazy\" decoding=\"async\" class=\"ckimgrsz\" src=\"https:\/\/yunpan.cdn.site.joinf.com\/4995171754491181\/Yr2p8ciFJ4.png\" alt=\"\" width=\"1021\" height=\"545\" data-cke-saved-src=\"https:\/\/yunpan.cdn.site.joinf.com\/4995171754491181\/Yr2p8ciFJ4.png\" \/><\/p>\n<p>&nbsp;<\/p>\n<h2><strong>Quelles sont les applications des membranes respirantes ?<\/strong><\/h2>\n<div>\n<p><strong>1. Les murs : La premi\u00e8re ligne de d\u00e9fense<\/strong><\/p>\n<p>Application : Install\u00e9 sur le rev\u00eatement structurel (OSB, contreplaqu\u00e9, etc.) et derri\u00e8re le rev\u00eatement ext\u00e9rieur (bardage, brique, stuc, etc.).<\/p>\n<p>Pourquoi c'est essentiel : Il cr\u00e9e une barri\u00e8re continue et r\u00e9sistante \u00e0 l'eau qui emp\u00eache le vent et la pluie de p\u00e9n\u00e9trer dans le mur. Simultan\u00e9ment, il permet \u00e0 la vapeur d'eau qui se diffuse dans la cavit\u00e9 murale depuis l'int\u00e9rieur de s'\u00e9chapper vers l'ext\u00e9rieur, ce qui maintient l'ossature et l'isolation au sec. Cela est essentiel pour pr\u00e9venir la pourriture et la moisissure et pour maintenir la valeur R de l'isolation.<\/p>\n<p><strong>2. Toits en pente : Prot\u00e9ger du haut vers le bas<\/strong><\/p>\n<p>Application : Utilis\u00e9 dans les constructions de toits froids, pos\u00e9 sur les chevrons du toit et sous les lattes et les tuiles ou ardoises.<\/p>\n<p>Pourquoi c'est essentiel : Elle agit comme une barri\u00e8re m\u00e9t\u00e9orologique secondaire, prot\u00e9geant la structure du toit de toute pluie ou neige pouss\u00e9e par le vent qui s'infiltrerait sous les tuiles. Sa grande respirabilit\u00e9 permet \u00e0 l'humidit\u00e9 ou \u00e0 la condensation pr\u00e9sentes dans les combles de s'\u00e9vacuer, ce qui pr\u00e9serve l'int\u00e9grit\u00e9 de la toiture et emp\u00eache la d\u00e9gradation de l'isolation.<\/p>\n<p><strong>3. Syst\u00e8mes de plancher : La protection depuis la base<\/strong><\/p>\n<p>Application : Utilis\u00e9 dans les planchers suspendus en bois, install\u00e9 sur les solives et sous le plancher.<\/p>\n<p>Pourquoi c'est essentiel : Il emp\u00eache l'humidit\u00e9 du sol de remonter dans la structure du plancher tout en permettant au bois de respirer et \u00e0 l'humidit\u00e9 de s'\u00e9quilibrer. Cette application est essentielle pour pr\u00e9venir le pourrissement du bois, minimiser l'humidit\u00e9 et contribuer \u00e0 une meilleure qualit\u00e9 de l'air int\u00e9rieur.<\/p>\n<p><strong>4. La construction \u00e0 ossature bois : La norme non n\u00e9gociable<\/strong><\/p>\n<p>Application : Composant int\u00e9gral de tous les murs et toits modernes \u00e0 ossature en bois et en panneaux isolants structuraux (SIP).<\/p>\n<p>Pourquoi c'est essentiel : Ces structures sont tr\u00e8s sensibles \u00e0 l'humidit\u00e9. La membrane respirante est essentielle pour prot\u00e9ger le bois hygroscopique (qui absorbe l'humidit\u00e9) et l'isolation haute performance contre les d\u00e9g\u00e2ts caus\u00e9s par l'eau, assurant ainsi la stabilit\u00e9, l'efficacit\u00e9 et la durabilit\u00e9 \u00e0 long terme de l'ensemble du syst\u00e8me de construction.<\/p>\n<p><img loading=\"lazy\" decoding=\"async\" class=\"ckimgrsz\" src=\"https:\/\/yunpan.cdn.site.joinf.com\/4995171754491181\/kKJX8H3SNJ.png\" alt=\"\" width=\"981\" height=\"343\" data-cke-saved-src=\"https:\/\/yunpan.cdn.site.joinf.com\/4995171754491181\/kKJX8H3SNJ.png\" \/><\/p>\n<\/div>\n<p>&nbsp;<\/p>\n<p>&nbsp;<\/p>\n<div>\n<h2><strong>Notre gamme de produits pour les mat\u00e9riaux imperm\u00e9ables<\/strong><\/h2>\n<p><img loading=\"lazy\" decoding=\"async\" class=\"ckimgrsz\" src=\"https:\/\/yunpan.cdn.site.joinf.com\/4995171754491181\/W2fh4k8DY6.avif\" alt=\"\" width=\"1366\" height=\"687\" data-cke-saved-src=\"https:\/\/yunpan.cdn.site.joinf.com\/4995171754491181\/W2fh4k8DY6.avif\" \/><\/p>\n<p>&nbsp;<\/p>\n<h2><b>Nos emballages pour<\/b><strong>mat\u00e9riaux imperm\u00e9ables<\/strong><\/h2>\n<p><img loading=\"lazy\" decoding=\"async\" class=\"ckimgrsz\" src=\"https:\/\/yunpan.cdn.site.joinf.com\/4995171754491181\/mCBCnyEMeF.avif\" alt=\"\" width=\"1359\" height=\"551\" data-cke-saved-src=\"https:\/\/yunpan.cdn.site.joinf.com\/4995171754491181\/mCBCnyEMeF.avif\" \/><\/p>\n<p>&nbsp;<\/p>\n<h2><b>Nos clients<\/b><\/h2>\n<p><img loading=\"lazy\" decoding=\"async\" class=\"ckimgrsz\" src=\"https:\/\/yunpan.cdn.site.joinf.com\/4995171754491181\/5xmzwBEBb40.19833140309542607\" width=\"1200\" height=\"1200\" data-cke-saved-src=\"https:\/\/yunpan.cdn.site.joinf.com\/4995171754491181\/5xmzwBEBb40.19833140309542607\" \/><\/p>\n<p>&nbsp;<\/p>\n<p class=\"p\"><b>CONTACTEZ-NOUS<\/b><\/p>\n<p class=\"p\"><b>Jinan United Perfect Building Materials Corporation<\/b><\/p>\n<p class=\"p\"><b>M<\/b>: +86 139 6416 6699 \u00a0<b>P<\/b>:\u00a0+86-531 8190 1621 \u00a0<b>F<\/b>:\u00a0+86-531 8281 4295<\/p>\n<p class=\"p\"><b>Whatsapp :<\/b>\u00a0+8613426130536 \u00a0<b>Skype :<\/b><b>\u00a0<\/b>harald2009 \u00a0<b>Wechat :<\/b>\u00a013426130536<\/p>\n<p><img loading=\"lazy\" decoding=\"async\" class=\"ckimgrsz\" src=\"https:\/\/yunpan.cdn.site.joinf.com\/4995171754491181\/XzYPTGwk4F.jpg\" alt=\"\" width=\"514\" height=\"236\" data-cke-saved-src=\"https:\/\/yunpan.cdn.site.joinf.com\/4995171754491181\/XzYPTGwk4F.jpg\" \/><\/p>\n<\/div>","protected":false},"excerpt":{"rendered":"<p>Membrane respirante OPERFECT\u2122 Les membranes respirantes parfaites ont d'excellentes performances en mati\u00e8re d'imperm\u00e9abilit\u00e9 \u00e0 l'eau, de perm\u00e9abilit\u00e9 \u00e0 la vapeur et de r\u00e9sistance aux UV. Elles sont largement utilis\u00e9es dans la construction en tant que sous-couche de toit et membrane murale. Elles peuvent emp\u00eacher le conduit, la goutte d'eau de notre c\u00f4t\u00e9, mais peuvent permettre \u00e0 l'air de passer \u00e0 travers.<\/p>","protected":false},"featured_media":801,"comment_status":"open","ping_status":"closed","template":"","meta":[],"product_brand":[],"product_cat":[65],"product_tag":[],"class_list":{"0":"post-975","1":"product","2":"type-product","3":"status-publish","4":"has-post-thumbnail","6":"product_cat-breathable-membrane","8":"first","9":"instock","10":"shipping-taxable","11":"product-type-simple"},"aioseo_notices":[],"_links":{"self":[{"href":"https:\/\/unitedperfect.com\/fr\/wp-json\/wp\/v2\/product\/975","targetHints":{"allow":["GET"]}}],"collection":[{"href":"https:\/\/unitedperfect.com\/fr\/wp-json\/wp\/v2\/product"}],"about":[{"href":"https:\/\/unitedperfect.com\/fr\/wp-json\/wp\/v2\/types\/product"}],"replies":[{"embeddable":true,"href":"https:\/\/unitedperfect.com\/fr\/wp-json\/wp\/v2\/comments?post=975"}],"wp:featuredmedia":[{"embeddable":true,"href":"https:\/\/unitedperfect.com\/fr\/wp-json\/wp\/v2\/media\/801"}],"wp:attachment":[{"href":"https:\/\/unitedperfect.com\/fr\/wp-json\/wp\/v2\/media?parent=975"}],"wp:term":[{"taxonomy":"product_brand","embeddable":true,"href":"https:\/\/unitedperfect.com\/fr\/wp-json\/wp\/v2\/product_brand?post=975"},{"taxonomy":"product_cat","embeddable":true,"href":"https:\/\/unitedperfect.com\/fr\/wp-json\/wp\/v2\/product_cat?post=975"},{"taxonomy":"product_tag","embeddable":true,"href":"https:\/\/unitedperfect.com\/fr\/wp-json\/wp\/v2\/product_tag?post=975"}],"curies":[{"name":"wp","href":"https:\/\/api.w.org\/{rel}","templated":true}]}}