{"id":1330,"date":"2026-01-15T09:58:39","date_gmt":"2026-01-15T09:58:39","guid":{"rendered":"https:\/\/unitedperfect.com\/?post_type=product&#038;p=1330"},"modified":"2026-01-15T10:20:03","modified_gmt":"2026-01-15T10:20:03","slug":"glass-wool-pipe","status":"publish","type":"product","link":"https:\/\/unitedperfect.com\/fr\/produit\/glass-wool-pipe\/","title":{"rendered":"Tuyau en laine de verre"},"content":{"rendered":"<h1>Tube en laine de verre<\/h1>\n<h5>Les tuyaux en laine de verre sont des isolants semi-cylindriques fabriqu\u00e9s avec pr\u00e9cision \u00e0 partir de fibres de verre r\u00e9silientes li\u00e9es \u00e0 une r\u00e9sine thermodurcissable.<\/h5>\n<h5>Con\u00e7ues pour faciliter l'installation et garantir des performances constantes, ces sections pr\u00e9form\u00e9es offrent une efficacit\u00e9 thermique exceptionnelle, un contr\u00f4le de la condensation et des avantages acoustiques pour une large gamme de tuyauteries de service chaudes et froides dans les applications commerciales, industrielles et de chauffage, ventilation et climatisation.<\/h5>\n<p><img fetchpriority=\"high\" decoding=\"async\" class=\"alignnone wp-image-1336 size-medium\" src=\"https:\/\/unitedperfect.com\/wp-content\/uploads\/2026\/01\/photobank-17-300x300.jpg\" alt=\"\" width=\"300\" height=\"300\" srcset=\"https:\/\/unitedperfect.com\/wp-content\/uploads\/2026\/01\/photobank-17-300x300.jpg 300w, https:\/\/unitedperfect.com\/wp-content\/uploads\/2026\/01\/photobank-17-150x150.jpg 150w, https:\/\/unitedperfect.com\/wp-content\/uploads\/2026\/01\/photobank-17-12x12.jpg 12w, https:\/\/unitedperfect.com\/wp-content\/uploads\/2026\/01\/photobank-17-200x200.jpg 200w, https:\/\/unitedperfect.com\/wp-content\/uploads\/2026\/01\/photobank-17-600x600.jpg 600w, https:\/\/unitedperfect.com\/wp-content\/uploads\/2026\/01\/photobank-17-100x100.jpg 100w, https:\/\/unitedperfect.com\/wp-content\/uploads\/2026\/01\/photobank-17.jpg 640w\" sizes=\"(max-width: 300px) 100vw, 300px\" \/> <img decoding=\"async\" class=\"alignnone wp-image-1332 size-medium\" src=\"https:\/\/unitedperfect.com\/wp-content\/uploads\/2026\/01\/photobank-2-6-300x300.jpg\" alt=\"\" width=\"300\" height=\"300\" srcset=\"https:\/\/unitedperfect.com\/wp-content\/uploads\/2026\/01\/photobank-2-6-300x300.jpg 300w, https:\/\/unitedperfect.com\/wp-content\/uploads\/2026\/01\/photobank-2-6-150x150.jpg 150w, https:\/\/unitedperfect.com\/wp-content\/uploads\/2026\/01\/photobank-2-6-12x12.jpg 12w, https:\/\/unitedperfect.com\/wp-content\/uploads\/2026\/01\/photobank-2-6-200x200.jpg 200w, https:\/\/unitedperfect.com\/wp-content\/uploads\/2026\/01\/photobank-2-6-600x600.jpg 600w, https:\/\/unitedperfect.com\/wp-content\/uploads\/2026\/01\/photobank-2-6-100x100.jpg 100w, https:\/\/unitedperfect.com\/wp-content\/uploads\/2026\/01\/photobank-2-6.jpg 640w\" sizes=\"(max-width: 300px) 100vw, 300px\" \/> <img decoding=\"async\" class=\"alignnone wp-image-1335 size-medium\" src=\"https:\/\/unitedperfect.com\/wp-content\/uploads\/2026\/01\/photobank-5-4-300x300.jpg\" alt=\"\" width=\"300\" height=\"300\" srcset=\"https:\/\/unitedperfect.com\/wp-content\/uploads\/2026\/01\/photobank-5-4-300x300.jpg 300w, https:\/\/unitedperfect.com\/wp-content\/uploads\/2026\/01\/photobank-5-4-150x150.jpg 150w, https:\/\/unitedperfect.com\/wp-content\/uploads\/2026\/01\/photobank-5-4-12x12.jpg 12w, https:\/\/unitedperfect.com\/wp-content\/uploads\/2026\/01\/photobank-5-4-200x200.jpg 200w, https:\/\/unitedperfect.com\/wp-content\/uploads\/2026\/01\/photobank-5-4-600x600.jpg 600w, https:\/\/unitedperfect.com\/wp-content\/uploads\/2026\/01\/photobank-5-4-100x100.jpg 100w, https:\/\/unitedperfect.com\/wp-content\/uploads\/2026\/01\/photobank-5-4.jpg 640w\" sizes=\"(max-width: 300px) 100vw, 300px\" \/><\/p>\n<p>&nbsp;<\/p>\n<hr \/>\n<h2>Caract\u00e9ristiques et avantages<\/h2>\n<ul>\n<li>\n<p class=\"ds-markdown-paragraph\"><strong>Excellente efficacit\u00e9 thermique :<\/strong>\u00a0La faible conductivit\u00e9 thermique de la laine de verre minimise efficacement les pertes de chaleur des tuyaux chauds et les gains de chaleur sur les tuyaux froids. Cela permet d'am\u00e9liorer l'efficacit\u00e9 \u00e9nerg\u00e9tique du syst\u00e8me, de maintenir les temp\u00e9ratures souhait\u00e9es des fluides et de r\u00e9duire les co\u00fbts d'exploitation.<\/p>\n<\/li>\n<li>\n<p class=\"ds-markdown-paragraph\"><strong>Pr\u00e9form\u00e9 pour une installation rapide :<\/strong>\u00a0Moul\u00e9s en usine \u00e0 des diam\u00e8tres int\u00e9rieurs pr\u00e9cis correspondant aux tailles de tuyaux standard (NPS\/OD). Les deux moiti\u00e9s qui s'embo\u00eetent l'une dans l'autre permettent une installation rapide, propre et s\u00fbre sans outils sp\u00e9cialis\u00e9s, ce qui r\u00e9duit consid\u00e9rablement le temps de travail.<\/p>\n<\/li>\n<li>\n<p class=\"ds-markdown-paragraph\"><strong>Contr\u00f4le efficace de la condensation :<\/strong>\u00a0En maintenant la temp\u00e9rature de surface des tuyaux au-dessus du point de ros\u00e9e, il emp\u00eache efficacement la formation de condensation sur les conduites d'eau froide, les tuyaux d'eau r\u00e9frig\u00e9r\u00e9e et les conduites de r\u00e9frig\u00e9ration, prot\u00e9geant ainsi contre les dommages caus\u00e9s par l'humidit\u00e9, la corrosion et la formation de moisissures.<\/p>\n<\/li>\n<li>\n<p class=\"ds-markdown-paragraph\"><strong>L\u00e9ger et facile \u00e0 manipuler :<\/strong>\u00a0Beaucoup plus l\u00e9ger que les mat\u00e9riaux traditionnels d'isolation des tuyaux, il est plus facile \u00e0 transporter, \u00e0 manipuler et \u00e0 installer au-dessus de la t\u00eate ou dans des espaces restreints.<\/p>\n<\/li>\n<li>\n<p class=\"ds-markdown-paragraph\"><strong>Bonnes propri\u00e9t\u00e9s acoustiques :<\/strong>\u00a0Permet d'att\u00e9nuer les bruits et les vibrations caus\u00e9s par le d\u00e9bit d'eau, le fonctionnement de la pompe ou les fluctuations de pression dans le syst\u00e8me de tuyauterie.<\/p>\n<\/li>\n<li>\n<p class=\"ds-markdown-paragraph\"><strong>Incombustible :<\/strong> Class\u00e9 comme mat\u00e9riau incombustible, il contribue \u00e0 la s\u00e9curit\u00e9 incendie globale des installations techniques du b\u00e2timent.<\/p>\n<\/li>\n<li>\n<p class=\"ds-markdown-paragraph\"><strong>R\u00e9sistant aux moisissures et \u00e0 la corrosion :<\/strong>\u00a0Les fibres de verre inorganiques ne favorisent pas la croissance des moisissures ou des bact\u00e9ries. Elles ne sont pas non plus corrosives pour les tuyaux, ce qui garantit l'int\u00e9grit\u00e9 du syst\u00e8me \u00e0 long terme.<\/p>\n<\/li>\n<\/ul>\n<h2>\u00a0 <img loading=\"lazy\" decoding=\"async\" class=\"alignnone wp-image-1337\" src=\"https:\/\/unitedperfect.com\/wp-content\/uploads\/2026\/01\/photobank-5-300x165.png\" alt=\"\" width=\"473\" height=\"260\" srcset=\"https:\/\/unitedperfect.com\/wp-content\/uploads\/2026\/01\/photobank-5-300x165.png 300w, https:\/\/unitedperfect.com\/wp-content\/uploads\/2026\/01\/photobank-5-768x422.png 768w, https:\/\/unitedperfect.com\/wp-content\/uploads\/2026\/01\/photobank-5-18x10.png 18w, https:\/\/unitedperfect.com\/wp-content\/uploads\/2026\/01\/photobank-5-200x110.png 200w, https:\/\/unitedperfect.com\/wp-content\/uploads\/2026\/01\/photobank-5-600x329.png 600w, https:\/\/unitedperfect.com\/wp-content\/uploads\/2026\/01\/photobank-5.png 1000w\" sizes=\"(max-width: 473px) 100vw, 473px\" \/>\u00a0 \u00a0 \u00a0 \u00a0<img loading=\"lazy\" decoding=\"async\" class=\"alignnone wp-image-1331\" src=\"https:\/\/unitedperfect.com\/wp-content\/uploads\/2026\/01\/photobank-1-7-300x169.jpg\" alt=\"\" width=\"469\" height=\"264\" srcset=\"https:\/\/unitedperfect.com\/wp-content\/uploads\/2026\/01\/photobank-1-7-300x169.jpg 300w, https:\/\/unitedperfect.com\/wp-content\/uploads\/2026\/01\/photobank-1-7-1024x576.jpg 1024w, https:\/\/unitedperfect.com\/wp-content\/uploads\/2026\/01\/photobank-1-7-768x432.jpg 768w, https:\/\/unitedperfect.com\/wp-content\/uploads\/2026\/01\/photobank-1-7-18x10.jpg 18w, https:\/\/unitedperfect.com\/wp-content\/uploads\/2026\/01\/photobank-1-7-200x113.jpg 200w, https:\/\/unitedperfect.com\/wp-content\/uploads\/2026\/01\/photobank-1-7-600x338.jpg 600w, https:\/\/unitedperfect.com\/wp-content\/uploads\/2026\/01\/photobank-1-7.jpg 1280w\" sizes=\"(max-width: 469px) 100vw, 469px\" \/><\/h2>\n<p>&nbsp;<\/p>\n<hr \/>\n<h2 class=\"ds-markdown-paragraph\"><b>Applications<\/b><\/h2>\n<ul>\n<li>\n<p class=\"ds-markdown-paragraph\"><strong>Syst\u00e8mes CVC :<\/strong><\/p>\n<ul>\n<li>\n<p class=\"ds-markdown-paragraph\"><strong>Conduites d'eau r\u00e9frig\u00e9r\u00e9e :<\/strong>\u00a0Indispensable pour \u00e9viter la condensation et les pertes d'\u00e9nergie dans les syst\u00e8mes de climatisation.<\/p>\n<\/li>\n<li>\n<p class=\"ds-markdown-paragraph\"><strong>Tuyaux de chauffage de l'eau chaude :<\/strong>\u00a0Pour les circuits d'eau chaude sanitaire et de chauffage dans les b\u00e2timents commerciaux et r\u00e9sidentiels.<\/p>\n<\/li>\n<li>\n<p class=\"ds-markdown-paragraph\"><strong>Isolation des conduits :<\/strong>\u00a0\u00c9galement disponible pour l'isolation des conduits rectangulaires de chauffage, de ventilation et de climatisation.<\/p>\n<\/li>\n<\/ul>\n<\/li>\n<li>\n<p class=\"ds-markdown-paragraph\"><strong>Services de plomberie et de m\u00e9canique :<\/strong><\/p>\n<ul>\n<li>\n<p class=\"ds-markdown-paragraph\">Isolation des conduites d'alimentation en eau chaude et froide domestique.<\/p>\n<\/li>\n<li>\n<p class=\"ds-markdown-paragraph\">Isolation des conduites d'\u00e9vacuation des condensats.<\/p>\n<\/li>\n<\/ul>\n<\/li>\n<li>\n<p class=\"ds-markdown-paragraph\"><strong>Applications industrielles :<\/strong><\/p>\n<ul>\n<li>\n<p class=\"ds-markdown-paragraph\">Isolation de la tuyauterie de processus avec des exigences de temp\u00e9rature mod\u00e9r\u00e9es.<\/p>\n<\/li>\n<li>\n<p class=\"ds-markdown-paragraph\">Isolation des conduits de ventilation et d'\u00e9vacuation.<\/p>\n<\/li>\n<\/ul>\n<\/li>\n<\/ul>\n<p><img loading=\"lazy\" decoding=\"async\" class=\"alignnone wp-image-1295\" src=\"https:\/\/unitedperfect.com\/wp-content\/uploads\/2026\/01\/Glass-wool-application.jpg\" alt=\"\" width=\"1070\" height=\"225\" srcset=\"https:\/\/unitedperfect.com\/wp-content\/uploads\/2026\/01\/Glass-wool-application.jpg 750w, https:\/\/unitedperfect.com\/wp-content\/uploads\/2026\/01\/Glass-wool-application-300x63.jpg 300w, https:\/\/unitedperfect.com\/wp-content\/uploads\/2026\/01\/Glass-wool-application-18x4.jpg 18w, https:\/\/unitedperfect.com\/wp-content\/uploads\/2026\/01\/Glass-wool-application-200x42.jpg 200w, https:\/\/unitedperfect.com\/wp-content\/uploads\/2026\/01\/Glass-wool-application-600x126.jpg 600w\" sizes=\"(max-width: 1070px) 100vw, 1070px\" \/><\/p>\n<hr \/>\n<h2><b><span class=\"15\">Ligne de produits<\/span><\/b><\/h2>\n<p><img loading=\"lazy\" decoding=\"async\" class=\"alignnone wp-image-1297\" src=\"https:\/\/unitedperfect.com\/wp-content\/uploads\/2026\/01\/Glass-wool-prodcutiong-process-e1768469881339.jpg\" alt=\"\" width=\"1070\" height=\"672\" srcset=\"https:\/\/unitedperfect.com\/wp-content\/uploads\/2026\/01\/Glass-wool-prodcutiong-process-e1768469881339.jpg 750w, https:\/\/unitedperfect.com\/wp-content\/uploads\/2026\/01\/Glass-wool-prodcutiong-process-e1768469881339-300x188.jpg 300w, https:\/\/unitedperfect.com\/wp-content\/uploads\/2026\/01\/Glass-wool-prodcutiong-process-e1768469881339-18x12.jpg 18w, https:\/\/unitedperfect.com\/wp-content\/uploads\/2026\/01\/Glass-wool-prodcutiong-process-e1768469881339-200x126.jpg 200w, https:\/\/unitedperfect.com\/wp-content\/uploads\/2026\/01\/Glass-wool-prodcutiong-process-e1768469881339-600x377.jpg 600w\" sizes=\"(max-width: 1070px) 100vw, 1070px\" \/><\/p>\n<hr \/>\n<h2>Emballage et chargement<\/h2>\n<p><img loading=\"lazy\" decoding=\"async\" class=\"alignnone wp-image-1296\" src=\"https:\/\/unitedperfect.com\/wp-content\/uploads\/2026\/01\/Glass-wool-packing.jpg\" alt=\"\" width=\"1070\" height=\"464\" srcset=\"https:\/\/unitedperfect.com\/wp-content\/uploads\/2026\/01\/Glass-wool-packing.jpg 750w, https:\/\/unitedperfect.com\/wp-content\/uploads\/2026\/01\/Glass-wool-packing-300x130.jpg 300w, https:\/\/unitedperfect.com\/wp-content\/uploads\/2026\/01\/Glass-wool-packing-18x8.jpg 18w, https:\/\/unitedperfect.com\/wp-content\/uploads\/2026\/01\/Glass-wool-packing-200x87.jpg 200w, https:\/\/unitedperfect.com\/wp-content\/uploads\/2026\/01\/Glass-wool-packing-600x260.jpg 600w\" sizes=\"(max-width: 1070px) 100vw, 1070px\" \/><\/p>\n<hr \/>\n<h2>Nos clients<\/h2>\n<p><img loading=\"lazy\" decoding=\"async\" class=\"alignnone wp-image-904 size-full\" src=\"https:\/\/unitedperfect.com\/wp-content\/uploads\/2026\/01\/05d59bd794df7bd88208769f09815dc-2-scaled.jpg\" alt=\"\" width=\"2560\" height=\"1920\" srcset=\"https:\/\/unitedperfect.com\/wp-content\/uploads\/2026\/01\/05d59bd794df7bd88208769f09815dc-2-scaled.jpg 2560w, https:\/\/unitedperfect.com\/wp-content\/uploads\/2026\/01\/05d59bd794df7bd88208769f09815dc-2-300x225.jpg 300w, https:\/\/unitedperfect.com\/wp-content\/uploads\/2026\/01\/05d59bd794df7bd88208769f09815dc-2-1024x768.jpg 1024w, https:\/\/unitedperfect.com\/wp-content\/uploads\/2026\/01\/05d59bd794df7bd88208769f09815dc-2-768x576.jpg 768w, https:\/\/unitedperfect.com\/wp-content\/uploads\/2026\/01\/05d59bd794df7bd88208769f09815dc-2-1536x1152.jpg 1536w, https:\/\/unitedperfect.com\/wp-content\/uploads\/2026\/01\/05d59bd794df7bd88208769f09815dc-2-2048x1536.jpg 2048w, https:\/\/unitedperfect.com\/wp-content\/uploads\/2026\/01\/05d59bd794df7bd88208769f09815dc-2-16x12.jpg 16w, https:\/\/unitedperfect.com\/wp-content\/uploads\/2026\/01\/05d59bd794df7bd88208769f09815dc-2-600x450.jpg 600w\" sizes=\"(max-width: 2560px) 100vw, 2560px\" \/><\/p>\n<hr \/>\n<h3><strong>CONTACTEZ-NOUS<\/strong><\/h3>\n<div>\n<p><b>Jinan United Perfect Building Materials Corporation<\/b><\/p>\n<p><b>M<\/b>: +86 139 6416 6699 \u00a0<b>P<\/b>:\u00a0+86-531 8190 1621 \u00a0<b>F<\/b>:\u00a0+86-531 8281 4295<\/p>\n<p><b>Whatsapp :<\/b>\u00a0+8613426130536 \u00a0<b>Skype :<\/b><b>\u00a0<\/b>harald2009 \u00a0<b>Wechat :<\/b>\u00a013426130536<\/p>\n<p><img loading=\"lazy\" decoding=\"async\" class=\"\" src=\"https:\/\/yunpan.cdn.site.joinf.com\/4995171754491181\/XzYPTGwk4F.jpg\" width=\"518\" height=\"238\" \/><\/p>\n<\/div>","protected":false},"excerpt":{"rendered":"<p>Les tuyaux en laine de verre sont des isolants semi-cylindriques fabriqu\u00e9s avec pr\u00e9cision \u00e0 partir de fibres de verre r\u00e9silientes li\u00e9es \u00e0 une r\u00e9sine thermodurcissable.<\/p>\n<p>Con\u00e7ues pour faciliter l'installation et garantir des performances constantes, ces sections pr\u00e9form\u00e9es offrent une efficacit\u00e9 thermique exceptionnelle, un contr\u00f4le de la condensation et des avantages acoustiques pour une large gamme de tuyauteries de service chaudes et froides dans les applications commerciales, industrielles et de chauffage, ventilation et climatisation.<\/p>","protected":false},"featured_media":1336,"comment_status":"open","ping_status":"closed","template":"","meta":[],"product_brand":[],"product_cat":[76],"product_tag":[],"class_list":{"0":"post-1330","1":"product","2":"type-product","3":"status-publish","4":"has-post-thumbnail","6":"product_cat-glass-wool-pipe","8":"first","9":"instock","10":"shipping-taxable","11":"product-type-simple"},"aioseo_notices":[],"_links":{"self":[{"href":"https:\/\/unitedperfect.com\/fr\/wp-json\/wp\/v2\/product\/1330","targetHints":{"allow":["GET"]}}],"collection":[{"href":"https:\/\/unitedperfect.com\/fr\/wp-json\/wp\/v2\/product"}],"about":[{"href":"https:\/\/unitedperfect.com\/fr\/wp-json\/wp\/v2\/types\/product"}],"replies":[{"embeddable":true,"href":"https:\/\/unitedperfect.com\/fr\/wp-json\/wp\/v2\/comments?post=1330"}],"wp:featuredmedia":[{"embeddable":true,"href":"https:\/\/unitedperfect.com\/fr\/wp-json\/wp\/v2\/media\/1336"}],"wp:attachment":[{"href":"https:\/\/unitedperfect.com\/fr\/wp-json\/wp\/v2\/media?parent=1330"}],"wp:term":[{"taxonomy":"product_brand","embeddable":true,"href":"https:\/\/unitedperfect.com\/fr\/wp-json\/wp\/v2\/product_brand?post=1330"},{"taxonomy":"product_cat","embeddable":true,"href":"https:\/\/unitedperfect.com\/fr\/wp-json\/wp\/v2\/product_cat?post=1330"},{"taxonomy":"product_tag","embeddable":true,"href":"https:\/\/unitedperfect.com\/fr\/wp-json\/wp\/v2\/product_tag?post=1330"}],"curies":[{"name":"wp","href":"https:\/\/api.w.org\/{rel}","templated":true}]}}