{"id":1314,"date":"2026-01-15T09:40:41","date_gmt":"2026-01-15T09:40:41","guid":{"rendered":"https:\/\/unitedperfect.com\/?post_type=product&#038;p=1314"},"modified":"2026-01-15T10:19:26","modified_gmt":"2026-01-15T10:19:26","slug":"glass-wool-blanket","status":"publish","type":"product","link":"https:\/\/unitedperfect.com\/fr\/produit\/glass-wool-blanket\/","title":{"rendered":"Couverture en laine de verre"},"content":{"rendered":"<h1>Couverture en laine de verre<\/h1>\n<h5>Le matelas de laine de verre est un isolant souple et flexible fabriqu\u00e9 \u00e0 partir de verre recycl\u00e9 de haute puret\u00e9, fil\u00e9 en fines fibres qui s'entrecroisent.<\/h5>\n<h5>Il est con\u00e7u pour offrir une isolation thermique sup\u00e9rieure, une absorption acoustique efficace et une protection fiable contre le feu. Son adaptabilit\u00e9 et sa l\u00e9g\u00e8ret\u00e9 en font la solution id\u00e9ale pour l'isolation des zones \u00e9tendues, irr\u00e9guli\u00e8res ou difficiles d'acc\u00e8s dans les secteurs de la construction et de l'industrie.<\/h5>\n<p><img fetchpriority=\"high\" decoding=\"async\" class=\"alignnone wp-image-1320 size-medium\" src=\"https:\/\/unitedperfect.com\/wp-content\/uploads\/2026\/01\/photobank-5-3-300x300.jpg\" alt=\"\" width=\"300\" height=\"300\" srcset=\"https:\/\/unitedperfect.com\/wp-content\/uploads\/2026\/01\/photobank-5-3-300x300.jpg 300w, https:\/\/unitedperfect.com\/wp-content\/uploads\/2026\/01\/photobank-5-3-150x150.jpg 150w, https:\/\/unitedperfect.com\/wp-content\/uploads\/2026\/01\/photobank-5-3-12x12.jpg 12w, https:\/\/unitedperfect.com\/wp-content\/uploads\/2026\/01\/photobank-5-3-200x200.jpg 200w, https:\/\/unitedperfect.com\/wp-content\/uploads\/2026\/01\/photobank-5-3-600x600.jpg 600w, https:\/\/unitedperfect.com\/wp-content\/uploads\/2026\/01\/photobank-5-3-100x100.jpg 100w, https:\/\/unitedperfect.com\/wp-content\/uploads\/2026\/01\/photobank-5-3.jpg 750w\" sizes=\"(max-width: 300px) 100vw, 300px\" \/> \u00a0 \u00a0 \u00a0 \u00a0<img decoding=\"async\" class=\"alignnone wp-image-1318 size-medium\" src=\"https:\/\/unitedperfect.com\/wp-content\/uploads\/2026\/01\/photobank-2-5-e1768470753301-269x300.jpg\" alt=\"\" width=\"269\" height=\"300\" srcset=\"https:\/\/unitedperfect.com\/wp-content\/uploads\/2026\/01\/photobank-2-5-e1768470753301-269x300.jpg 269w, https:\/\/unitedperfect.com\/wp-content\/uploads\/2026\/01\/photobank-2-5-e1768470753301-11x12.jpg 11w, https:\/\/unitedperfect.com\/wp-content\/uploads\/2026\/01\/photobank-2-5-e1768470753301-200x223.jpg 200w, https:\/\/unitedperfect.com\/wp-content\/uploads\/2026\/01\/photobank-2-5-e1768470753301.jpg 406w\" sizes=\"(max-width: 269px) 100vw, 269px\" \/>\u00a0 \u00a0 \u00a0\u00a0 \u00a0 \u00a0 \u00a0<img decoding=\"async\" class=\"alignnone wp-image-1325 size-medium\" src=\"https:\/\/unitedperfect.com\/wp-content\/uploads\/2026\/01\/photobank-3-6-300x300.jpg\" alt=\"\" width=\"300\" height=\"300\" srcset=\"https:\/\/unitedperfect.com\/wp-content\/uploads\/2026\/01\/photobank-3-6-300x300.jpg 300w, https:\/\/unitedperfect.com\/wp-content\/uploads\/2026\/01\/photobank-3-6-150x150.jpg 150w, https:\/\/unitedperfect.com\/wp-content\/uploads\/2026\/01\/photobank-3-6-12x12.jpg 12w, https:\/\/unitedperfect.com\/wp-content\/uploads\/2026\/01\/photobank-3-6-200x200.jpg 200w, https:\/\/unitedperfect.com\/wp-content\/uploads\/2026\/01\/photobank-3-6-600x600.jpg 600w, https:\/\/unitedperfect.com\/wp-content\/uploads\/2026\/01\/photobank-3-6-100x100.jpg 100w, https:\/\/unitedperfect.com\/wp-content\/uploads\/2026\/01\/photobank-3-6.jpg 640w\" sizes=\"(max-width: 300px) 100vw, 300px\" \/><\/p>\n<p>&nbsp;<\/p>\n<hr \/>\n<h2>Caract\u00e9ristiques et avantages<\/h2>\n<ul>\n<li>\n<p class=\"ds-markdown-paragraph\"><strong>Isolation thermique sup\u00e9rieure :<\/strong>\u00a0La matrice fibreuse de faible densit\u00e9 emprisonne l'air, cr\u00e9ant ainsi une barri\u00e8re efficace contre le flux de chaleur. Cela permet de r\u00e9duire consid\u00e9rablement les pertes d'\u00e9nergie, d'am\u00e9liorer l'efficacit\u00e9 de l'enveloppe du b\u00e2timent et de r\u00e9duire les co\u00fbts de chauffage et de climatisation.<\/p>\n<\/li>\n<li>\n<p class=\"ds-markdown-paragraph\"><strong>Excellente absorption du son :<\/strong>\u00a0Tr\u00e8s efficace pour att\u00e9nuer les bruits a\u00e9riens sur une large gamme de fr\u00e9quences. C'est un mat\u00e9riau essentiel pour r\u00e9duire la transmission du bruit dans les murs, les plafonds, les syst\u00e8mes de chauffage, de ventilation et de climatisation et les \u00e9quipements industriels.<\/p>\n<\/li>\n<li>\n<p class=\"ds-markdown-paragraph\"><strong>L\u00e9ger et tr\u00e8s flexible :<\/strong>\u00a0Exceptionnellement facile \u00e0 manipuler, \u00e0 transporter et \u00e0 installer. La couverture peut \u00eatre facilement comprim\u00e9e, coup\u00e9e avec un couteau et ajust\u00e9e autour des obstacles, entre les montants, les solives et dans les cavit\u00e9s complexes sans laisser de vide.<\/p>\n<\/li>\n<li>\n<p class=\"ds-markdown-paragraph\"><strong>Comportement au feu non combustible :<\/strong>\u00a0Class\u00e9 comme mat\u00e9riau non combustible (A1\/A2 selon la norme EN 13501-1). Il n'alimente pas les incendies et peut aider \u00e0 ralentir la propagation des flammes, contribuant ainsi \u00e0 la s\u00e9curit\u00e9 passive contre les incendies dans les b\u00e2timents.<\/p>\n<\/li>\n<li>\n<p class=\"ds-markdown-paragraph\"><strong>R\u00e9sistant et durable :<\/strong>\u00a0Poss\u00e8de d'excellentes propri\u00e9t\u00e9s de r\u00e9cup\u00e9ration ; apr\u00e8s compression lors de l'emballage et de l'installation, il reprend l'\u00e9paisseur pr\u00e9vue pour remplir compl\u00e8tement les cavit\u00e9s et maintenir la valeur d'isolation au fil du temps. R\u00e9sistant aux moisissures et \u00e0 la corrosion.<\/p>\n<\/li>\n<li>\n<p class=\"ds-markdown-paragraph\"><strong>R\u00e9sistant \u00e0 l'humidit\u00e9 :<\/strong>\u00a0Trait\u00e9e avec des additifs hydrofuges pour r\u00e9sister \u00e0 l'absorption d'humidit\u00e9 dans des conditions de service normales, ce qui contribue \u00e0 pr\u00e9server ses performances d'isolation.<\/p>\n<\/li>\n<li>\n<p class=\"ds-markdown-paragraph\"><strong>Rentabilit\u00e9 et efficacit\u00e9 :<\/strong>\u00a0Il offre une couverture \u00e9lev\u00e9e par rouleau, un minimum de d\u00e9chets et une installation rapide, ce qui permet de r\u00e9duire les co\u00fbts globaux du projet, tant pour le mat\u00e9riel que pour la main d'\u0153uvre.<\/p>\n<\/li>\n<li>\n<p class=\"ds-markdown-paragraph\"><strong>Mat\u00e9riau durable :<\/strong>\u00a0Contient un pourcentage \u00e9lev\u00e9 de verre recycl\u00e9 (g\u00e9n\u00e9ralement 70-80%). Il est enti\u00e8rement recyclable et contribue aux initiatives et certifications en mati\u00e8re de construction \u00e9cologique.<\/p>\n<\/li>\n<\/ul>\n<h2><img loading=\"lazy\" decoding=\"async\" class=\"alignnone wp-image-1326\" src=\"https:\/\/unitedperfect.com\/wp-content\/uploads\/2026\/01\/photobank-9-1.jpg\" alt=\"\" width=\"374\" height=\"207\" srcset=\"https:\/\/unitedperfect.com\/wp-content\/uploads\/2026\/01\/photobank-9-1.jpg 603w, https:\/\/unitedperfect.com\/wp-content\/uploads\/2026\/01\/photobank-9-1-300x166.jpg 300w, https:\/\/unitedperfect.com\/wp-content\/uploads\/2026\/01\/photobank-9-1-18x10.jpg 18w, https:\/\/unitedperfect.com\/wp-content\/uploads\/2026\/01\/photobank-9-1-200x111.jpg 200w, https:\/\/unitedperfect.com\/wp-content\/uploads\/2026\/01\/photobank-9-1-600x332.jpg 600w\" sizes=\"(max-width: 374px) 100vw, 374px\" \/> <img loading=\"lazy\" decoding=\"async\" class=\"alignnone wp-image-1317 size-medium\" src=\"https:\/\/unitedperfect.com\/wp-content\/uploads\/2026\/01\/photobank-1-6-300x300.jpg\" alt=\"\" width=\"300\" height=\"300\" srcset=\"https:\/\/unitedperfect.com\/wp-content\/uploads\/2026\/01\/photobank-1-6-300x300.jpg 300w, https:\/\/unitedperfect.com\/wp-content\/uploads\/2026\/01\/photobank-1-6-150x150.jpg 150w, https:\/\/unitedperfect.com\/wp-content\/uploads\/2026\/01\/photobank-1-6-12x12.jpg 12w, https:\/\/unitedperfect.com\/wp-content\/uploads\/2026\/01\/photobank-1-6-200x200.jpg 200w, https:\/\/unitedperfect.com\/wp-content\/uploads\/2026\/01\/photobank-1-6-600x600.jpg 600w, https:\/\/unitedperfect.com\/wp-content\/uploads\/2026\/01\/photobank-1-6-100x100.jpg 100w, https:\/\/unitedperfect.com\/wp-content\/uploads\/2026\/01\/photobank-1-6.jpg 640w\" sizes=\"(max-width: 300px) 100vw, 300px\" \/> <img loading=\"lazy\" decoding=\"async\" class=\"alignnone wp-image-1321 size-medium\" src=\"https:\/\/unitedperfect.com\/wp-content\/uploads\/2026\/01\/photobank-6-3-300x300.jpg\" alt=\"\" width=\"300\" height=\"300\" srcset=\"https:\/\/unitedperfect.com\/wp-content\/uploads\/2026\/01\/photobank-6-3-300x300.jpg 300w, https:\/\/unitedperfect.com\/wp-content\/uploads\/2026\/01\/photobank-6-3-150x150.jpg 150w, https:\/\/unitedperfect.com\/wp-content\/uploads\/2026\/01\/photobank-6-3-12x12.jpg 12w, https:\/\/unitedperfect.com\/wp-content\/uploads\/2026\/01\/photobank-6-3-200x200.jpg 200w, https:\/\/unitedperfect.com\/wp-content\/uploads\/2026\/01\/photobank-6-3-600x600.jpg 600w, https:\/\/unitedperfect.com\/wp-content\/uploads\/2026\/01\/photobank-6-3-100x100.jpg 100w, https:\/\/unitedperfect.com\/wp-content\/uploads\/2026\/01\/photobank-6-3.jpg 750w\" sizes=\"(max-width: 300px) 100vw, 300px\" \/><\/h2>\n<p>&nbsp;<\/p>\n<hr \/>\n<h2 class=\"ds-markdown-paragraph\"><b>Applications<\/b><\/h2>\n<ul>\n<li>\n<p class=\"ds-markdown-paragraph\"><strong>B\u00e2timent et construction :<\/strong><\/p>\n<ul>\n<li>\n<p class=\"ds-markdown-paragraph\"><strong>Ossature bois\/m\u00e9tal Isolation :<\/strong>\u00a0L'isolation est pos\u00e9e par friction entre les montants des murs et les chevrons des toits en pente.<\/p>\n<\/li>\n<li>\n<p class=\"ds-markdown-paragraph\"><strong>Isolation des combles et des greniers :<\/strong>\u00a0D\u00e9roul\u00e9s entre et sur les solives de plafond dans les b\u00e2timents r\u00e9sidentiels et commerciaux.<\/p>\n<\/li>\n<li>\n<p class=\"ds-markdown-paragraph\"><strong>Isolation des cloisons et des murs creux :<\/strong>\u00a0Pour la s\u00e9paration thermique et acoustique dans les murs int\u00e9rieurs et les murs creux ext\u00e9rieurs.<\/p>\n<\/li>\n<li>\n<p class=\"ds-markdown-paragraph\"><strong>Isolation du sol :<\/strong>\u00a0Install\u00e9 entre les solives du plancher pour r\u00e9duire les pertes de chaleur et la transmission du son.<\/p>\n<\/li>\n<\/ul>\n<\/li>\n<li>\n<p class=\"ds-markdown-paragraph\"><strong>CVC et syst\u00e8mes m\u00e9caniques :<\/strong><\/p>\n<ul>\n<li>\n<p class=\"ds-markdown-paragraph\"><strong>Isolation des gaines :<\/strong>\u00a0Envelopp\u00e9 autour des conduits de chauffage, de ventilation et de climatisation pour \u00e9viter les pertes\/gains de chaleur et contr\u00f4ler la condensation.<\/p>\n<\/li>\n<li>\n<p class=\"ds-markdown-paragraph\"><strong>Doublure acoustique :<\/strong>\u00a0Les conduits int\u00e9rieurs en t\u00f4le pour r\u00e9duire le bruit des mouvements d'air et les vibrations des ventilateurs.<\/p>\n<\/li>\n<li>\n<p class=\"ds-markdown-paragraph\"><strong>Isolation des tuyaux (grand diam\u00e8tre) :<\/strong>\u00a0Enveloppe pour les grands tuyaux et r\u00e9cipients dans les environnements industriels et commerciaux.<\/p>\n<\/li>\n<\/ul>\n<\/li>\n<li>\n<p class=\"ds-markdown-paragraph\"><strong>Utilisations industrielles et acoustiques :<\/strong><\/p>\n<ul>\n<li>\n<p class=\"ds-markdown-paragraph\">Isolation des fours industriels, des fours (moyenne temp\u00e9rature) et des enceintes d'\u00e9quipement.<\/p>\n<\/li>\n<li>\n<p class=\"ds-markdown-paragraph\"><strong>Contr\u00f4le du bruit :<\/strong>\u00a0Comme mat\u00e9riau de remplissage absorbant le son dans les panneaux acoustiques, les enceintes et les bo\u00eetiers de machines.<\/p>\n<\/li>\n<\/ul>\n<\/li>\n<\/ul>\n<p><img loading=\"lazy\" decoding=\"async\" class=\"alignnone wp-image-1295\" src=\"https:\/\/unitedperfect.com\/wp-content\/uploads\/2026\/01\/Glass-wool-application.jpg\" alt=\"\" width=\"1070\" height=\"225\" srcset=\"https:\/\/unitedperfect.com\/wp-content\/uploads\/2026\/01\/Glass-wool-application.jpg 750w, https:\/\/unitedperfect.com\/wp-content\/uploads\/2026\/01\/Glass-wool-application-300x63.jpg 300w, https:\/\/unitedperfect.com\/wp-content\/uploads\/2026\/01\/Glass-wool-application-18x4.jpg 18w, https:\/\/unitedperfect.com\/wp-content\/uploads\/2026\/01\/Glass-wool-application-200x42.jpg 200w, https:\/\/unitedperfect.com\/wp-content\/uploads\/2026\/01\/Glass-wool-application-600x126.jpg 600w\" sizes=\"(max-width: 1070px) 100vw, 1070px\" \/><\/p>\n<hr \/>\n<h2><b><span class=\"15\">Ligne de produits<\/span><\/b><\/h2>\n<p><img loading=\"lazy\" decoding=\"async\" class=\"alignnone wp-image-1297\" src=\"https:\/\/unitedperfect.com\/wp-content\/uploads\/2026\/01\/Glass-wool-prodcutiong-process-e1768469881339.jpg\" alt=\"\" width=\"1070\" height=\"672\" srcset=\"https:\/\/unitedperfect.com\/wp-content\/uploads\/2026\/01\/Glass-wool-prodcutiong-process-e1768469881339.jpg 750w, https:\/\/unitedperfect.com\/wp-content\/uploads\/2026\/01\/Glass-wool-prodcutiong-process-e1768469881339-300x188.jpg 300w, https:\/\/unitedperfect.com\/wp-content\/uploads\/2026\/01\/Glass-wool-prodcutiong-process-e1768469881339-18x12.jpg 18w, https:\/\/unitedperfect.com\/wp-content\/uploads\/2026\/01\/Glass-wool-prodcutiong-process-e1768469881339-200x126.jpg 200w, https:\/\/unitedperfect.com\/wp-content\/uploads\/2026\/01\/Glass-wool-prodcutiong-process-e1768469881339-600x377.jpg 600w\" sizes=\"(max-width: 1070px) 100vw, 1070px\" \/><\/p>\n<hr \/>\n<h2>Emballage et chargement<\/h2>\n<p><img loading=\"lazy\" decoding=\"async\" class=\"alignnone wp-image-1296\" src=\"https:\/\/unitedperfect.com\/wp-content\/uploads\/2026\/01\/Glass-wool-packing.jpg\" alt=\"\" width=\"1070\" height=\"464\" srcset=\"https:\/\/unitedperfect.com\/wp-content\/uploads\/2026\/01\/Glass-wool-packing.jpg 750w, https:\/\/unitedperfect.com\/wp-content\/uploads\/2026\/01\/Glass-wool-packing-300x130.jpg 300w, https:\/\/unitedperfect.com\/wp-content\/uploads\/2026\/01\/Glass-wool-packing-18x8.jpg 18w, https:\/\/unitedperfect.com\/wp-content\/uploads\/2026\/01\/Glass-wool-packing-200x87.jpg 200w, https:\/\/unitedperfect.com\/wp-content\/uploads\/2026\/01\/Glass-wool-packing-600x260.jpg 600w\" sizes=\"(max-width: 1070px) 100vw, 1070px\" \/><\/p>\n<hr \/>\n<h2>Nos clients<\/h2>\n<p><img loading=\"lazy\" decoding=\"async\" class=\"alignnone wp-image-904 size-full\" src=\"https:\/\/unitedperfect.com\/wp-content\/uploads\/2026\/01\/05d59bd794df7bd88208769f09815dc-2-scaled.jpg\" alt=\"\" width=\"2560\" height=\"1920\" srcset=\"https:\/\/unitedperfect.com\/wp-content\/uploads\/2026\/01\/05d59bd794df7bd88208769f09815dc-2-scaled.jpg 2560w, https:\/\/unitedperfect.com\/wp-content\/uploads\/2026\/01\/05d59bd794df7bd88208769f09815dc-2-300x225.jpg 300w, https:\/\/unitedperfect.com\/wp-content\/uploads\/2026\/01\/05d59bd794df7bd88208769f09815dc-2-1024x768.jpg 1024w, https:\/\/unitedperfect.com\/wp-content\/uploads\/2026\/01\/05d59bd794df7bd88208769f09815dc-2-768x576.jpg 768w, https:\/\/unitedperfect.com\/wp-content\/uploads\/2026\/01\/05d59bd794df7bd88208769f09815dc-2-1536x1152.jpg 1536w, https:\/\/unitedperfect.com\/wp-content\/uploads\/2026\/01\/05d59bd794df7bd88208769f09815dc-2-2048x1536.jpg 2048w, https:\/\/unitedperfect.com\/wp-content\/uploads\/2026\/01\/05d59bd794df7bd88208769f09815dc-2-16x12.jpg 16w, https:\/\/unitedperfect.com\/wp-content\/uploads\/2026\/01\/05d59bd794df7bd88208769f09815dc-2-600x450.jpg 600w\" sizes=\"(max-width: 2560px) 100vw, 2560px\" \/><\/p>\n<hr \/>\n<h3><strong>CONTACTEZ-NOUS<\/strong><\/h3>\n<div>\n<p><b>Jinan United Perfect Building Materials Corporation<\/b><\/p>\n<p><b>M<\/b>: +86 139 6416 6699 \u00a0<b>P<\/b>:\u00a0+86-531 8190 1621 \u00a0<b>F<\/b>:\u00a0+86-531 8281 4295<\/p>\n<p><b>Whatsapp :<\/b>\u00a0+8613426130536 \u00a0<b>Skype :<\/b><b>\u00a0<\/b>harald2009 \u00a0<b>Wechat :<\/b>\u00a013426130536<\/p>\n<p><img loading=\"lazy\" decoding=\"async\" class=\"\" src=\"https:\/\/yunpan.cdn.site.joinf.com\/4995171754491181\/XzYPTGwk4F.jpg\" width=\"518\" height=\"238\" \/><\/p>\n<\/div>","protected":false},"excerpt":{"rendered":"<p>Le matelas de laine de verre est un isolant souple et flexible fabriqu\u00e9 \u00e0 partir de verre recycl\u00e9 de haute puret\u00e9, fil\u00e9 en fines fibres qui s'entrecroisent.<\/p>\n<p>Il est con\u00e7u pour offrir une isolation thermique sup\u00e9rieure, une absorption acoustique efficace et une protection fiable contre le feu. Son adaptabilit\u00e9 et sa l\u00e9g\u00e8ret\u00e9 en font la solution id\u00e9ale pour l'isolation des zones \u00e9tendues, irr\u00e9guli\u00e8res ou difficiles d'acc\u00e8s dans les secteurs de la construction et de l'industrie.<\/p>","protected":false},"featured_media":1325,"comment_status":"open","ping_status":"closed","template":"","meta":[],"product_brand":[],"product_cat":[75],"product_tag":[],"class_list":{"0":"post-1314","1":"product","2":"type-product","3":"status-publish","4":"has-post-thumbnail","6":"product_cat-glass-wool-blanket","8":"first","9":"instock","10":"shipping-taxable","11":"product-type-simple"},"aioseo_notices":[],"_links":{"self":[{"href":"https:\/\/unitedperfect.com\/fr\/wp-json\/wp\/v2\/product\/1314","targetHints":{"allow":["GET"]}}],"collection":[{"href":"https:\/\/unitedperfect.com\/fr\/wp-json\/wp\/v2\/product"}],"about":[{"href":"https:\/\/unitedperfect.com\/fr\/wp-json\/wp\/v2\/types\/product"}],"replies":[{"embeddable":true,"href":"https:\/\/unitedperfect.com\/fr\/wp-json\/wp\/v2\/comments?post=1314"}],"wp:featuredmedia":[{"embeddable":true,"href":"https:\/\/unitedperfect.com\/fr\/wp-json\/wp\/v2\/media\/1325"}],"wp:attachment":[{"href":"https:\/\/unitedperfect.com\/fr\/wp-json\/wp\/v2\/media?parent=1314"}],"wp:term":[{"taxonomy":"product_brand","embeddable":true,"href":"https:\/\/unitedperfect.com\/fr\/wp-json\/wp\/v2\/product_brand?post=1314"},{"taxonomy":"product_cat","embeddable":true,"href":"https:\/\/unitedperfect.com\/fr\/wp-json\/wp\/v2\/product_cat?post=1314"},{"taxonomy":"product_tag","embeddable":true,"href":"https:\/\/unitedperfect.com\/fr\/wp-json\/wp\/v2\/product_tag?post=1314"}],"curies":[{"name":"wp","href":"https:\/\/api.w.org\/{rel}","templated":true}]}}