{"id":1285,"date":"2026-01-15T09:10:25","date_gmt":"2026-01-15T09:10:25","guid":{"rendered":"https:\/\/unitedperfect.com\/?post_type=product&#038;p=1285"},"modified":"2026-01-21T03:41:03","modified_gmt":"2026-01-21T03:41:03","slug":"glass-wool-board","status":"publish","type":"product","link":"https:\/\/unitedperfect.com\/fr\/produit\/glass-wool-board\/","title":{"rendered":"Panneau de laine de verre"},"content":{"rendered":"<h1>Panneau de laine de verre<\/h1>\n<h5>Le panneau de laine de verre est un mat\u00e9riau isolant l\u00e9ger et polyvalent fabriqu\u00e9 \u00e0 partir de sable de verre recycl\u00e9 et d'autres mati\u00e8res premi\u00e8res, fondu \u00e0 haute temp\u00e9rature et fil\u00e9 en fibres fines et r\u00e9sistantes.<\/h5>\n<h5>Il est form\u00e9 en panneaux rigides et flexibles con\u00e7us pour offrir une efficacit\u00e9 thermique exceptionnelle, une absorption acoustique sup\u00e9rieure et une s\u00e9curit\u00e9 incendie renforc\u00e9e dans diverses applications industrielles et de construction.<\/h5>\n<p><img fetchpriority=\"high\" decoding=\"async\" class=\"alignnone wp-image-1290 size-medium\" src=\"https:\/\/unitedperfect.com\/wp-content\/uploads\/2026\/01\/photobank-15-300x254.jpg\" alt=\"\" width=\"300\" height=\"254\" srcset=\"https:\/\/unitedperfect.com\/wp-content\/uploads\/2026\/01\/photobank-15-300x254.jpg 300w, https:\/\/unitedperfect.com\/wp-content\/uploads\/2026\/01\/photobank-15-14x12.jpg 14w, https:\/\/unitedperfect.com\/wp-content\/uploads\/2026\/01\/photobank-15-200x169.jpg 200w, https:\/\/unitedperfect.com\/wp-content\/uploads\/2026\/01\/photobank-15-600x507.jpg 600w, https:\/\/unitedperfect.com\/wp-content\/uploads\/2026\/01\/photobank-15.jpg 725w\" sizes=\"(max-width: 300px) 100vw, 300px\" \/>\u00a0 \u00a0 \u00a0<img decoding=\"async\" class=\"alignnone wp-image-1288 size-medium\" src=\"https:\/\/unitedperfect.com\/wp-content\/uploads\/2026\/01\/photobank-2-4-300x300.jpg\" alt=\"\" width=\"300\" height=\"300\" srcset=\"https:\/\/unitedperfect.com\/wp-content\/uploads\/2026\/01\/photobank-2-4-300x300.jpg 300w, https:\/\/unitedperfect.com\/wp-content\/uploads\/2026\/01\/photobank-2-4-150x150.jpg 150w, https:\/\/unitedperfect.com\/wp-content\/uploads\/2026\/01\/photobank-2-4-12x12.jpg 12w, https:\/\/unitedperfect.com\/wp-content\/uploads\/2026\/01\/photobank-2-4-200x200.jpg 200w, https:\/\/unitedperfect.com\/wp-content\/uploads\/2026\/01\/photobank-2-4-600x600.jpg 600w, https:\/\/unitedperfect.com\/wp-content\/uploads\/2026\/01\/photobank-2-4-100x100.jpg 100w, https:\/\/unitedperfect.com\/wp-content\/uploads\/2026\/01\/photobank-2-4.jpg 640w\" sizes=\"(max-width: 300px) 100vw, 300px\" \/>\u00a0 \u00a0 \u00a0<img decoding=\"async\" class=\"alignnone wp-image-1289 size-medium\" src=\"https:\/\/unitedperfect.com\/wp-content\/uploads\/2026\/01\/photobank-3-5-300x300.jpg\" alt=\"\" width=\"300\" height=\"300\" srcset=\"https:\/\/unitedperfect.com\/wp-content\/uploads\/2026\/01\/photobank-3-5-300x300.jpg 300w, https:\/\/unitedperfect.com\/wp-content\/uploads\/2026\/01\/photobank-3-5-150x150.jpg 150w, https:\/\/unitedperfect.com\/wp-content\/uploads\/2026\/01\/photobank-3-5-12x12.jpg 12w, https:\/\/unitedperfect.com\/wp-content\/uploads\/2026\/01\/photobank-3-5-200x200.jpg 200w, https:\/\/unitedperfect.com\/wp-content\/uploads\/2026\/01\/photobank-3-5-600x600.jpg 600w, https:\/\/unitedperfect.com\/wp-content\/uploads\/2026\/01\/photobank-3-5-100x100.jpg 100w, https:\/\/unitedperfect.com\/wp-content\/uploads\/2026\/01\/photobank-3-5.jpg 640w\" sizes=\"(max-width: 300px) 100vw, 300px\" \/><\/p>\n<p>&nbsp;<\/p>\n<hr \/>\n<h2>Caract\u00e9ristiques et avantages<\/h2>\n<ul>\n<li>\n<p class=\"ds-markdown-paragraph\"><strong>Excellente isolation thermique :<\/strong>\u00a0La structure fibreuse poreuse de faible densit\u00e9 emprisonne efficacement l'air immobile, ce qui se traduit par une faible conductivit\u00e9 thermique (valeur \u03bb). Cela r\u00e9duit consid\u00e9rablement le transfert de chaleur, am\u00e9liore l'efficacit\u00e9 \u00e9nerg\u00e9tique des b\u00e2timents et aide \u00e0 respecter les normes strictes en mati\u00e8re d'\u00e9conomie d'\u00e9nergie.<\/p>\n<\/li>\n<li>\n<p class=\"ds-markdown-paragraph\"><strong>Performance acoustique sup\u00e9rieure :<\/strong>\u00a0Con\u00e7u pour absorber et amortir les ondes sonores sur une large gamme de fr\u00e9quences. Il r\u00e9duit efficacement la transmission des bruits a\u00e9riens dans les murs, les plafonds et les sols, et est id\u00e9al pour le traitement acoustique dans les espaces n\u00e9cessitant un contr\u00f4le du son.<\/p>\n<\/li>\n<li>\n<p class=\"ds-markdown-paragraph\"><strong>L\u00e9ger et facile \u00e0 manipuler :<\/strong>\u00a0Il est nettement plus l\u00e9ger que de nombreux mat\u00e9riaux d'isolation traditionnels, ce qui facilite le transport, la manutention et l'installation sur site. Il peut \u00eatre facilement d\u00e9coup\u00e9 \u00e0 l'aide d'un couteau ou d'une scie.<\/p>\n<\/li>\n<li>\n<p class=\"ds-markdown-paragraph\"><strong>Incombustible (classement au feu A1\/A2) :<\/strong>\u00a0Class\u00e9 comme mat\u00e9riau incombustible selon la norme EN 13501-1. Il ne contribue pas \u00e0 la propagation du feu, offre une protection critique contre l'incendie et aide les compartiments \u00e0 r\u00e9pondre aux exigences de r\u00e9sistance au feu.<\/p>\n<\/li>\n<li>\n<p class=\"ds-markdown-paragraph\"><strong>R\u00e9silience et stabilit\u00e9 dimensionnelle :<\/strong>\u00a0Il pr\u00e9sente une bonne r\u00e9cup\u00e9ration et une bonne durabilit\u00e9, conservant sa forme et ses performances au fil du temps. Il r\u00e9siste aux moisissures et \u00e0 la corrosion dans des conditions de service normales.<\/p>\n<\/li>\n<li>\n<p class=\"ds-markdown-paragraph\"><strong>Hydrophobe et r\u00e9sistant \u00e0 l'humidit\u00e9 :<\/strong>\u00a0Trait\u00e9e avec des additifs hydrofuges, elle r\u00e9siste \u00e0 l'absorption d'eau. Cela permet de conserver ses propri\u00e9t\u00e9s isolantes et de pr\u00e9venir les probl\u00e8mes li\u00e9s \u00e0 l'humidit\u00e9 dans l'enveloppe du b\u00e2timent.<\/p>\n<\/li>\n<li>\n<p class=\"ds-markdown-paragraph\"><strong>Durable et respectueux de l'environnement :<\/strong>\u00a0Contient des niveaux \u00e9lev\u00e9s de verre recycl\u00e9 (jusqu'\u00e0 80%). Il est enti\u00e8rement recyclable en fin de vie, soutient les certifications de construction \u00e9cologique (LEED, BREEAM) et contribue aux principes de l'\u00e9conomie circulaire.<\/p>\n<\/li>\n<li>\n<p class=\"ds-markdown-paragraph\"><strong>Rentable :<\/strong>\u00a0Il offre un \u00e9quilibre exceptionnel entre performance et prix, avec une valeur R \u00e9lev\u00e9e par unit\u00e9 de co\u00fbt, ce qui en fait un choix populaire pour les projets de grande envergure.<\/p>\n<\/li>\n<\/ul>\n<p><img loading=\"lazy\" decoding=\"async\" class=\"alignnone wp-image-1292\" src=\"https:\/\/unitedperfect.com\/wp-content\/uploads\/2026\/01\/photobank-4-6-e1768469356552-300x300.jpg\" alt=\"\" width=\"440\" height=\"440\" srcset=\"https:\/\/unitedperfect.com\/wp-content\/uploads\/2026\/01\/photobank-4-6-e1768469356552-300x300.jpg 300w, https:\/\/unitedperfect.com\/wp-content\/uploads\/2026\/01\/photobank-4-6-e1768469356552-150x150.jpg 150w, https:\/\/unitedperfect.com\/wp-content\/uploads\/2026\/01\/photobank-4-6-e1768469356552-768x768.jpg 768w, https:\/\/unitedperfect.com\/wp-content\/uploads\/2026\/01\/photobank-4-6-e1768469356552-12x12.jpg 12w, https:\/\/unitedperfect.com\/wp-content\/uploads\/2026\/01\/photobank-4-6-e1768469356552-200x200.jpg 200w, https:\/\/unitedperfect.com\/wp-content\/uploads\/2026\/01\/photobank-4-6-e1768469356552-600x600.jpg 600w, https:\/\/unitedperfect.com\/wp-content\/uploads\/2026\/01\/photobank-4-6-e1768469356552-100x100.jpg 100w, https:\/\/unitedperfect.com\/wp-content\/uploads\/2026\/01\/photobank-4-6-e1768469356552.jpg 800w\" sizes=\"(max-width: 440px) 100vw, 440px\" \/>\u00a0 \u00a0 \u00a0 \u00a0 <img loading=\"lazy\" decoding=\"async\" class=\"alignnone wp-image-1291\" src=\"https:\/\/unitedperfect.com\/wp-content\/uploads\/2026\/01\/photobank-4-300x300.png\" alt=\"\" width=\"443\" height=\"443\" srcset=\"https:\/\/unitedperfect.com\/wp-content\/uploads\/2026\/01\/photobank-4-300x300.png 300w, https:\/\/unitedperfect.com\/wp-content\/uploads\/2026\/01\/photobank-4-150x150.png 150w, https:\/\/unitedperfect.com\/wp-content\/uploads\/2026\/01\/photobank-4-768x768.png 768w, https:\/\/unitedperfect.com\/wp-content\/uploads\/2026\/01\/photobank-4-12x12.png 12w, https:\/\/unitedperfect.com\/wp-content\/uploads\/2026\/01\/photobank-4-200x200.png 200w, https:\/\/unitedperfect.com\/wp-content\/uploads\/2026\/01\/photobank-4-600x600.png 600w, https:\/\/unitedperfect.com\/wp-content\/uploads\/2026\/01\/photobank-4-100x100.png 100w, https:\/\/unitedperfect.com\/wp-content\/uploads\/2026\/01\/photobank-4.png 800w\" sizes=\"(max-width: 443px) 100vw, 443px\" \/><\/p>\n<p>&nbsp;<\/p>\n<hr \/>\n<h2 class=\"ds-markdown-paragraph\"><b>Applications<\/b><\/h2>\n<ul>\n<li>\n<p class=\"ds-markdown-paragraph\"><strong>B\u00e2timent et construction :<\/strong><\/p>\n<ul>\n<li>\n<p class=\"ds-markdown-paragraph\"><strong>Isolation des murs creux :<\/strong>\u00a0Remplissage des murs creux ext\u00e9rieurs et int\u00e9rieurs.<\/p>\n<\/li>\n<li>\n<p class=\"ds-markdown-paragraph\"><strong>Isolation des toits et des combles :<\/strong>\u00a0L'isolation des toits en pente entre les chevrons, l'isolation des toits plats et l'isolation du plancher des combles froids.<\/p>\n<\/li>\n<li>\n<p class=\"ds-markdown-paragraph\"><strong>Isolation des cloisons et des murs int\u00e9rieurs :<\/strong>\u00a0Am\u00e9lioration de l'intimit\u00e9 thermique et acoustique entre les pi\u00e8ces.<\/p>\n<\/li>\n<li>\n<p class=\"ds-markdown-paragraph\"><strong>Plafonds suspendus et planchers sur\u00e9lev\u00e9s :<\/strong>\u00a0Am\u00e9liorer le confort thermique et la r\u00e9duction du bruit dans les b\u00e2timents commerciaux.<\/p>\n<\/li>\n<\/ul>\n<\/li>\n<li>\n<p class=\"ds-markdown-paragraph\"><strong>CVC et installations techniques :<\/strong><\/p>\n<ul>\n<li>\n<p class=\"ds-markdown-paragraph\"><strong>Isolation des conduits :<\/strong>\u00a0Envelopper ou doubler les conduits de chauffage, de ventilation et de climatisation pour \u00e9viter les pertes thermiques et contr\u00f4ler la condensation.<\/p>\n<\/li>\n<li>\n<p class=\"ds-markdown-paragraph\"><strong>Isolation des tuyaux :<\/strong>\u00a0Isolation des conduites d'eau chaude et froide dans les syst\u00e8mes de plomberie r\u00e9sidentiels et commerciaux.<\/p>\n<\/li>\n<\/ul>\n<\/li>\n<li>\n<p class=\"ds-markdown-paragraph\"><strong>Contr\u00f4le acoustique :<\/strong><\/p>\n<ul>\n<li>\n<p class=\"ds-markdown-paragraph\"><strong>Panneaux acoustiques et baffles :<\/strong>\u00a0Mat\u00e9riau de base pour les panneaux muraux acoustiques envelopp\u00e9s de tissu, les d\u00e9flecteurs de plafond et les \u00e9crans ind\u00e9pendants dans les bureaux, les \u00e9coles, les studios et les th\u00e9\u00e2tres.<\/p>\n<\/li>\n<li>\n<p class=\"ds-markdown-paragraph\"><strong>Barri\u00e8res acoustiques :<\/strong> Composant des panneaux composites pour l'insonorisation industrielle.<\/p>\n<\/li>\n<\/ul>\n<\/li>\n<\/ul>\n<p><img loading=\"lazy\" decoding=\"async\" class=\"alignnone wp-image-1295\" src=\"https:\/\/unitedperfect.com\/wp-content\/uploads\/2026\/01\/Glass-wool-application.jpg\" alt=\"\" width=\"1044\" height=\"220\" srcset=\"https:\/\/unitedperfect.com\/wp-content\/uploads\/2026\/01\/Glass-wool-application.jpg 750w, https:\/\/unitedperfect.com\/wp-content\/uploads\/2026\/01\/Glass-wool-application-300x63.jpg 300w, https:\/\/unitedperfect.com\/wp-content\/uploads\/2026\/01\/Glass-wool-application-18x4.jpg 18w, https:\/\/unitedperfect.com\/wp-content\/uploads\/2026\/01\/Glass-wool-application-200x42.jpg 200w, https:\/\/unitedperfect.com\/wp-content\/uploads\/2026\/01\/Glass-wool-application-600x126.jpg 600w\" sizes=\"(max-width: 1044px) 100vw, 1044px\" \/><\/p>\n<hr \/>\n<h2><b><span class=\"15\">Ligne de produits<\/span><\/b><\/h2>\n<p><img loading=\"lazy\" decoding=\"async\" class=\"alignnone wp-image-1297\" src=\"https:\/\/unitedperfect.com\/wp-content\/uploads\/2026\/01\/Glass-wool-prodcutiong-process-e1768469881339.jpg\" alt=\"\" width=\"1074\" height=\"674\" srcset=\"https:\/\/unitedperfect.com\/wp-content\/uploads\/2026\/01\/Glass-wool-prodcutiong-process-e1768469881339.jpg 750w, https:\/\/unitedperfect.com\/wp-content\/uploads\/2026\/01\/Glass-wool-prodcutiong-process-e1768469881339-300x188.jpg 300w, https:\/\/unitedperfect.com\/wp-content\/uploads\/2026\/01\/Glass-wool-prodcutiong-process-e1768469881339-18x12.jpg 18w, https:\/\/unitedperfect.com\/wp-content\/uploads\/2026\/01\/Glass-wool-prodcutiong-process-e1768469881339-200x126.jpg 200w, https:\/\/unitedperfect.com\/wp-content\/uploads\/2026\/01\/Glass-wool-prodcutiong-process-e1768469881339-600x377.jpg 600w\" sizes=\"(max-width: 1074px) 100vw, 1074px\" \/><\/p>\n<hr \/>\n<h2>Emballage et chargement<\/h2>\n<p><img loading=\"lazy\" decoding=\"async\" class=\"alignnone wp-image-1296\" src=\"https:\/\/unitedperfect.com\/wp-content\/uploads\/2026\/01\/Glass-wool-packing.jpg\" alt=\"\" width=\"1044\" height=\"452\" srcset=\"https:\/\/unitedperfect.com\/wp-content\/uploads\/2026\/01\/Glass-wool-packing.jpg 750w, https:\/\/unitedperfect.com\/wp-content\/uploads\/2026\/01\/Glass-wool-packing-300x130.jpg 300w, https:\/\/unitedperfect.com\/wp-content\/uploads\/2026\/01\/Glass-wool-packing-18x8.jpg 18w, https:\/\/unitedperfect.com\/wp-content\/uploads\/2026\/01\/Glass-wool-packing-200x87.jpg 200w, https:\/\/unitedperfect.com\/wp-content\/uploads\/2026\/01\/Glass-wool-packing-600x260.jpg 600w\" sizes=\"(max-width: 1044px) 100vw, 1044px\" \/><\/p>\n<hr \/>\n<h2>Nos clients<\/h2>\n<p><img loading=\"lazy\" decoding=\"async\" class=\"alignnone wp-image-904\" src=\"https:\/\/unitedperfect.com\/wp-content\/uploads\/2026\/01\/05d59bd794df7bd88208769f09815dc-2-scaled.jpg\" alt=\"\" width=\"1044\" height=\"783\" srcset=\"https:\/\/unitedperfect.com\/wp-content\/uploads\/2026\/01\/05d59bd794df7bd88208769f09815dc-2-scaled.jpg 2560w, https:\/\/unitedperfect.com\/wp-content\/uploads\/2026\/01\/05d59bd794df7bd88208769f09815dc-2-300x225.jpg 300w, https:\/\/unitedperfect.com\/wp-content\/uploads\/2026\/01\/05d59bd794df7bd88208769f09815dc-2-1024x768.jpg 1024w, https:\/\/unitedperfect.com\/wp-content\/uploads\/2026\/01\/05d59bd794df7bd88208769f09815dc-2-768x576.jpg 768w, https:\/\/unitedperfect.com\/wp-content\/uploads\/2026\/01\/05d59bd794df7bd88208769f09815dc-2-1536x1152.jpg 1536w, https:\/\/unitedperfect.com\/wp-content\/uploads\/2026\/01\/05d59bd794df7bd88208769f09815dc-2-2048x1536.jpg 2048w, https:\/\/unitedperfect.com\/wp-content\/uploads\/2026\/01\/05d59bd794df7bd88208769f09815dc-2-16x12.jpg 16w, https:\/\/unitedperfect.com\/wp-content\/uploads\/2026\/01\/05d59bd794df7bd88208769f09815dc-2-600x450.jpg 600w\" sizes=\"(max-width: 1044px) 100vw, 1044px\" \/><\/p>\n<hr \/>\n<h3><strong>CONTACTEZ-NOUS<\/strong><\/h3>\n<div>\n<p><b>Jinan United Perfect Building Materials Corporation<\/b><\/p>\n<p><b>M<\/b>: +86 139 6416 6699 \u00a0<b>P<\/b>:\u00a0+86-531 8190 1621 \u00a0<b>F<\/b>:\u00a0+86-531 8281 4295<\/p>\n<p><b>Whatsapp :<\/b>\u00a0+8613426130536 \u00a0<b>Skype :<\/b><b>\u00a0<\/b>harald2009 \u00a0<b>Wechat :<\/b>\u00a013426130536<\/p>\n<p><img loading=\"lazy\" decoding=\"async\" class=\"\" src=\"https:\/\/yunpan.cdn.site.joinf.com\/4995171754491181\/XzYPTGwk4F.jpg\" width=\"518\" height=\"238\" \/><\/p>\n<\/div>","protected":false},"excerpt":{"rendered":"<p>Le panneau de laine de verre est un mat\u00e9riau isolant l\u00e9ger et polyvalent fabriqu\u00e9 \u00e0 partir de sable de verre recycl\u00e9 et d'autres mati\u00e8res premi\u00e8res, fondu \u00e0 haute temp\u00e9rature et fil\u00e9 en fibres fines et r\u00e9sistantes.<\/p>\n<p>Il est form\u00e9 en panneaux rigides et flexibles con\u00e7us pour offrir une efficacit\u00e9 thermique exceptionnelle, une absorption acoustique sup\u00e9rieure et une s\u00e9curit\u00e9 incendie renforc\u00e9e dans diverses applications industrielles et de construction.<\/p>\n<p>&nbsp;<\/p>","protected":false},"featured_media":1289,"comment_status":"open","ping_status":"closed","template":"","meta":[],"product_brand":[],"product_cat":[74],"product_tag":[],"class_list":{"0":"post-1285","1":"product","2":"type-product","3":"status-publish","4":"has-post-thumbnail","6":"product_cat-glass-wool-board","8":"first","9":"instock","10":"shipping-taxable","11":"product-type-simple"},"aioseo_notices":[],"_links":{"self":[{"href":"https:\/\/unitedperfect.com\/fr\/wp-json\/wp\/v2\/product\/1285","targetHints":{"allow":["GET"]}}],"collection":[{"href":"https:\/\/unitedperfect.com\/fr\/wp-json\/wp\/v2\/product"}],"about":[{"href":"https:\/\/unitedperfect.com\/fr\/wp-json\/wp\/v2\/types\/product"}],"replies":[{"embeddable":true,"href":"https:\/\/unitedperfect.com\/fr\/wp-json\/wp\/v2\/comments?post=1285"}],"wp:featuredmedia":[{"embeddable":true,"href":"https:\/\/unitedperfect.com\/fr\/wp-json\/wp\/v2\/media\/1289"}],"wp:attachment":[{"href":"https:\/\/unitedperfect.com\/fr\/wp-json\/wp\/v2\/media?parent=1285"}],"wp:term":[{"taxonomy":"product_brand","embeddable":true,"href":"https:\/\/unitedperfect.com\/fr\/wp-json\/wp\/v2\/product_brand?post=1285"},{"taxonomy":"product_cat","embeddable":true,"href":"https:\/\/unitedperfect.com\/fr\/wp-json\/wp\/v2\/product_cat?post=1285"},{"taxonomy":"product_tag","embeddable":true,"href":"https:\/\/unitedperfect.com\/fr\/wp-json\/wp\/v2\/product_tag?post=1285"}],"curies":[{"name":"wp","href":"https:\/\/api.w.org\/{rel}","templated":true}]}}