{"id":1270,"date":"2026-01-15T08:35:42","date_gmt":"2026-01-15T08:35:42","guid":{"rendered":"https:\/\/unitedperfect.com\/?post_type=product&#038;p=1270"},"modified":"2026-01-21T03:07:13","modified_gmt":"2026-01-21T03:07:13","slug":"rock-wool-pipe","status":"publish","type":"product","link":"https:\/\/unitedperfect.com\/fr\/produit\/rock-wool-pipe\/","title":{"rendered":"Tuyau en laine de roche"},"content":{"rendered":"<h1>Tube en laine de roche<\/h1>\n<h5>La laine de roche est un produit isolant semi-cylindrique de pr\u00e9cision con\u00e7u sp\u00e9cifiquement pour les applications de tuyauterie.<\/h5>\n<h5>Fabriqu\u00e9es \u00e0 partir de fibres de roche basaltique fil\u00e9es de haute qualit\u00e9, ces sections pr\u00e9form\u00e9es s'adaptent parfaitement aux tailles de tuyaux standard, garantissant une isolation rapide, efficace et coh\u00e9rente des conduites d'eau chaude et froide.<\/h5>\n<p><img fetchpriority=\"high\" decoding=\"async\" class=\"alignnone wp-image-1272 size-medium\" src=\"https:\/\/unitedperfect.com\/wp-content\/uploads\/2026\/01\/photobank-2-2-300x300.jpg\" alt=\"\" width=\"300\" height=\"300\" srcset=\"https:\/\/unitedperfect.com\/wp-content\/uploads\/2026\/01\/photobank-2-2-300x300.jpg 300w, https:\/\/unitedperfect.com\/wp-content\/uploads\/2026\/01\/photobank-2-2-150x150.jpg 150w, https:\/\/unitedperfect.com\/wp-content\/uploads\/2026\/01\/photobank-2-2-768x768.jpg 768w, https:\/\/unitedperfect.com\/wp-content\/uploads\/2026\/01\/photobank-2-2-12x12.jpg 12w, https:\/\/unitedperfect.com\/wp-content\/uploads\/2026\/01\/photobank-2-2-200x200.jpg 200w, https:\/\/unitedperfect.com\/wp-content\/uploads\/2026\/01\/photobank-2-2-600x600.jpg 600w, https:\/\/unitedperfect.com\/wp-content\/uploads\/2026\/01\/photobank-2-2-100x100.jpg 100w, https:\/\/unitedperfect.com\/wp-content\/uploads\/2026\/01\/photobank-2-2.jpg 1000w\" sizes=\"(max-width: 300px) 100vw, 300px\" \/>\u00a0 \u00a0 \u00a0<img decoding=\"async\" class=\"alignnone wp-image-1273 size-medium\" src=\"https:\/\/unitedperfect.com\/wp-content\/uploads\/2026\/01\/photobank-12-300x300.jpg\" alt=\"\" width=\"300\" height=\"300\" srcset=\"https:\/\/unitedperfect.com\/wp-content\/uploads\/2026\/01\/photobank-12-300x300.jpg 300w, https:\/\/unitedperfect.com\/wp-content\/uploads\/2026\/01\/photobank-12-150x150.jpg 150w, https:\/\/unitedperfect.com\/wp-content\/uploads\/2026\/01\/photobank-12-768x768.jpg 768w, https:\/\/unitedperfect.com\/wp-content\/uploads\/2026\/01\/photobank-12-12x12.jpg 12w, https:\/\/unitedperfect.com\/wp-content\/uploads\/2026\/01\/photobank-12-200x200.jpg 200w, https:\/\/unitedperfect.com\/wp-content\/uploads\/2026\/01\/photobank-12-600x600.jpg 600w, https:\/\/unitedperfect.com\/wp-content\/uploads\/2026\/01\/photobank-12-100x100.jpg 100w, https:\/\/unitedperfect.com\/wp-content\/uploads\/2026\/01\/photobank-12.jpg 1000w\" sizes=\"(max-width: 300px) 100vw, 300px\" \/>\u00a0 \u00a0 \u00a0 \u00a0 \u00a0 \u00a0 \u00a0 \u00a0 \u00a0 <img decoding=\"async\" class=\"alignnone wp-image-1274 size-medium\" src=\"https:\/\/unitedperfect.com\/wp-content\/uploads\/2026\/01\/photobank-3-3-300x300.jpg\" alt=\"\" width=\"300\" height=\"300\" srcset=\"https:\/\/unitedperfect.com\/wp-content\/uploads\/2026\/01\/photobank-3-3-300x300.jpg 300w, https:\/\/unitedperfect.com\/wp-content\/uploads\/2026\/01\/photobank-3-3-150x150.jpg 150w, https:\/\/unitedperfect.com\/wp-content\/uploads\/2026\/01\/photobank-3-3-768x768.jpg 768w, https:\/\/unitedperfect.com\/wp-content\/uploads\/2026\/01\/photobank-3-3-12x12.jpg 12w, https:\/\/unitedperfect.com\/wp-content\/uploads\/2026\/01\/photobank-3-3-200x200.jpg 200w, https:\/\/unitedperfect.com\/wp-content\/uploads\/2026\/01\/photobank-3-3-600x600.jpg 600w, https:\/\/unitedperfect.com\/wp-content\/uploads\/2026\/01\/photobank-3-3-100x100.jpg 100w, https:\/\/unitedperfect.com\/wp-content\/uploads\/2026\/01\/photobank-3-3.jpg 1000w\" sizes=\"(max-width: 300px) 100vw, 300px\" \/><\/p>\n<hr \/>\n<h2>Caract\u00e9ristiques et avantages<\/h2>\n<ul>\n<li>\n<p class=\"ds-markdown-paragraph\"><strong>Pr\u00e9form\u00e9 et facile \u00e0 installer :<\/strong>\u00a0Fabriqu\u00e9 en usine selon des normes dimensionnelles pr\u00e9cises pour des diam\u00e8tres de tuyaux sp\u00e9cifiques (NPS\/OD). Les deux sections semi-cylindriques se clipsent ou s'attachent simplement autour du tuyau, ce qui r\u00e9duit consid\u00e9rablement le temps d'installation et les co\u00fbts de main-d'\u0153uvre par rapport aux solutions fabriqu\u00e9es sur place.<\/p>\n<\/li>\n<li>\n<p class=\"ds-markdown-paragraph\"><strong>Excellente efficacit\u00e9 thermique :<\/strong>\u00a0La structure dense et imbriqu\u00e9e des fibres minimise la perte ou le gain de chaleur, ce qui permet de maintenir la temp\u00e9rature du processus, d'\u00e9conomiser de l'\u00e9nergie et d'\u00e9viter la condensation de surface sur les lignes froides.<\/p>\n<\/li>\n<li>\n<p class=\"ds-markdown-paragraph\"><strong>R\u00e9silience \u00e0 haute temp\u00e9rature :<\/strong>\u00a0Il r\u00e9siste \u00e0 des temp\u00e9ratures de service continu allant g\u00e9n\u00e9ralement jusqu'\u00e0 700\u00b0C (1292\u00b0F), ce qui le rend adapt\u00e9 \u00e0 une large gamme d'applications allant du chauffage, de la ventilation et de la climatisation aux lignes de traitement industriel \u00e0 haute temp\u00e9rature. Il est incombustible (classement au feu A1).<\/p>\n<\/li>\n<li>\n<p class=\"ds-markdown-paragraph\"><strong>Construction robuste et durable :<\/strong>\u00a0Il offre une bonne r\u00e9sistance \u00e0 la compression et une bonne stabilit\u00e9 dimensionnelle. Il ne s'affaisse pas et ne r\u00e9tr\u00e9cit pas avec le temps, ce qui permet de maintenir l'int\u00e9grit\u00e9 et les performances de l'isolation pendant toute la dur\u00e9e de vie du syst\u00e8me.<\/p>\n<\/li>\n<li>\n<p class=\"ds-markdown-paragraph\"><strong>Hydrophobe et r\u00e9sistant \u00e0 la corrosion :<\/strong>\u00a0Trait\u00e9 pour \u00eatre hydrofuge, il prot\u00e8ge le tuyau de l'humidit\u00e9 et att\u00e9nue la corrosion sous l'isolation (CUI). Chimiquement inerte, il ne favorise pas la corrosion des tuyaux.<\/p>\n<\/li>\n<li>\n<p class=\"ds-markdown-paragraph\"><strong>Amortissement acoustique et des vibrations :<\/strong>\u00a0R\u00e9duit efficacement le bruit d\u00fb \u00e0 l'\u00e9coulement des fluides et amortit les vibrations dans les syst\u00e8mes de tuyauterie, contribuant ainsi \u00e0 un environnement op\u00e9rationnel plus silencieux.<\/p>\n<\/li>\n<\/ul>\n<p class=\"ds-markdown-paragraph\"><img loading=\"lazy\" decoding=\"async\" class=\"alignnone wp-image-1271\" src=\"https:\/\/unitedperfect.com\/wp-content\/uploads\/2026\/01\/photobank-1-3-300x300.jpg\" alt=\"\" width=\"351\" height=\"351\" srcset=\"https:\/\/unitedperfect.com\/wp-content\/uploads\/2026\/01\/photobank-1-3-300x300.jpg 300w, https:\/\/unitedperfect.com\/wp-content\/uploads\/2026\/01\/photobank-1-3-150x150.jpg 150w, https:\/\/unitedperfect.com\/wp-content\/uploads\/2026\/01\/photobank-1-3-12x12.jpg 12w, https:\/\/unitedperfect.com\/wp-content\/uploads\/2026\/01\/photobank-1-3-200x200.jpg 200w, https:\/\/unitedperfect.com\/wp-content\/uploads\/2026\/01\/photobank-1-3-600x600.jpg 600w, https:\/\/unitedperfect.com\/wp-content\/uploads\/2026\/01\/photobank-1-3-100x100.jpg 100w, https:\/\/unitedperfect.com\/wp-content\/uploads\/2026\/01\/photobank-1-3.jpg 720w\" sizes=\"(max-width: 351px) 100vw, 351px\" \/>\u00a0 \u00a0 \u00a0 \u00a0 <img loading=\"lazy\" decoding=\"async\" class=\"alignnone wp-image-1275\" src=\"https:\/\/unitedperfect.com\/wp-content\/uploads\/2026\/01\/photobank-3-300x300.png\" alt=\"\" width=\"350\" height=\"350\" srcset=\"https:\/\/unitedperfect.com\/wp-content\/uploads\/2026\/01\/photobank-3-300x300.png 300w, https:\/\/unitedperfect.com\/wp-content\/uploads\/2026\/01\/photobank-3-150x150.png 150w, https:\/\/unitedperfect.com\/wp-content\/uploads\/2026\/01\/photobank-3-768x768.png 768w, https:\/\/unitedperfect.com\/wp-content\/uploads\/2026\/01\/photobank-3-12x12.png 12w, https:\/\/unitedperfect.com\/wp-content\/uploads\/2026\/01\/photobank-3-200x200.png 200w, https:\/\/unitedperfect.com\/wp-content\/uploads\/2026\/01\/photobank-3-600x600.png 600w, https:\/\/unitedperfect.com\/wp-content\/uploads\/2026\/01\/photobank-3-100x100.png 100w, https:\/\/unitedperfect.com\/wp-content\/uploads\/2026\/01\/photobank-3.png 800w\" sizes=\"(max-width: 350px) 100vw, 350px\" \/><\/p>\n<hr \/>\n<h2 class=\"ds-markdown-paragraph\"><b>Applications<\/b><\/h2>\n<ul>\n<li>\n<p class=\"ds-markdown-paragraph\"><strong>Syst\u00e8mes CVC :<\/strong>\u00a0Isolation des conduites d'eau de chauffage et de refroidissement, des conduites d'eau r\u00e9frig\u00e9r\u00e9e et des gaines dans les b\u00e2timents commerciaux et institutionnels.<\/p>\n<\/li>\n<li>\n<p class=\"ds-markdown-paragraph\"><strong>Tuyauterie industrielle :<\/strong>\u00a0Isolation des conduites de vapeur et de condensat, des conduites d'huile chaude et de diverses conduites de traitement dans les centrales \u00e9lectriques, les raffineries, les usines chimiques et les installations de fabrication.<\/p>\n<\/li>\n<li>\n<p class=\"ds-markdown-paragraph\"><strong>Plomberie et syst\u00e8mes domestiques :<\/strong>\u00a0Isolation des conduites d'eau chaude sanitaire pour \u00e9conomiser l'\u00e9nergie et pr\u00e9venir les pertes de chaleur.<\/p>\n<\/li>\n<li>\n<p class=\"ds-markdown-paragraph\"><strong>Syst\u00e8mes d'\u00e9chappement et d'\u00e9vacuation des fum\u00e9es :<\/strong>\u00a0Isolation des conduits d'\u00e9vacuation industriels et des conduits de fum\u00e9e \u00e0 double paroi pour maintenir la temp\u00e9rature des gaz et prot\u00e9ger l'environnement.<\/p>\n<\/li>\n<li>\n<p class=\"ds-markdown-paragraph\"><strong>Marine et offshore :<\/strong> Isolation des tuyaux pour les salles des machines et les lignes de service.<\/p>\n<\/li>\n<\/ul>\n<p><img loading=\"lazy\" decoding=\"async\" class=\"alignnone wp-image-1258\" src=\"https:\/\/unitedperfect.com\/wp-content\/uploads\/2026\/01\/Stone-wool-application.jpg\" alt=\"\" width=\"1044\" height=\"267\" srcset=\"https:\/\/unitedperfect.com\/wp-content\/uploads\/2026\/01\/Stone-wool-application.jpg 750w, https:\/\/unitedperfect.com\/wp-content\/uploads\/2026\/01\/Stone-wool-application-300x77.jpg 300w, https:\/\/unitedperfect.com\/wp-content\/uploads\/2026\/01\/Stone-wool-application-18x5.jpg 18w, https:\/\/unitedperfect.com\/wp-content\/uploads\/2026\/01\/Stone-wool-application-200x51.jpg 200w, https:\/\/unitedperfect.com\/wp-content\/uploads\/2026\/01\/Stone-wool-application-600x154.jpg 600w\" sizes=\"(max-width: 1044px) 100vw, 1044px\" \/><\/p>\n<p>&nbsp;<\/p>\n<hr \/>\n<h2><b><span class=\"15\">Ligne de produits<\/span><\/b><\/h2>\n<p><img loading=\"lazy\" decoding=\"async\" class=\"alignnone wp-image-1259\" src=\"https:\/\/unitedperfect.com\/wp-content\/uploads\/2026\/01\/Stone-wool-producton-proess-e1768462817530.jpg\" alt=\"\" width=\"1044\" height=\"658\" srcset=\"https:\/\/unitedperfect.com\/wp-content\/uploads\/2026\/01\/Stone-wool-producton-proess-e1768462817530.jpg 750w, https:\/\/unitedperfect.com\/wp-content\/uploads\/2026\/01\/Stone-wool-producton-proess-e1768462817530-300x189.jpg 300w, https:\/\/unitedperfect.com\/wp-content\/uploads\/2026\/01\/Stone-wool-producton-proess-e1768462817530-18x12.jpg 18w, https:\/\/unitedperfect.com\/wp-content\/uploads\/2026\/01\/Stone-wool-producton-proess-e1768462817530-200x126.jpg 200w, https:\/\/unitedperfect.com\/wp-content\/uploads\/2026\/01\/Stone-wool-producton-proess-e1768462817530-600x378.jpg 600w\" sizes=\"(max-width: 1044px) 100vw, 1044px\" \/><\/p>\n<hr \/>\n<h2>Emballage et chargement<\/h2>\n<p><img loading=\"lazy\" decoding=\"async\" class=\"alignnone wp-image-1260\" src=\"https:\/\/unitedperfect.com\/wp-content\/uploads\/2026\/01\/Stone-wool-packing-e1768462931741.jpg\" alt=\"\" width=\"1044\" height=\"398\" srcset=\"https:\/\/unitedperfect.com\/wp-content\/uploads\/2026\/01\/Stone-wool-packing-e1768462931741.jpg 750w, https:\/\/unitedperfect.com\/wp-content\/uploads\/2026\/01\/Stone-wool-packing-e1768462931741-300x114.jpg 300w, https:\/\/unitedperfect.com\/wp-content\/uploads\/2026\/01\/Stone-wool-packing-e1768462931741-18x7.jpg 18w, https:\/\/unitedperfect.com\/wp-content\/uploads\/2026\/01\/Stone-wool-packing-e1768462931741-200x76.jpg 200w, https:\/\/unitedperfect.com\/wp-content\/uploads\/2026\/01\/Stone-wool-packing-e1768462931741-600x229.jpg 600w\" sizes=\"(max-width: 1044px) 100vw, 1044px\" \/><\/p>\n<hr \/>\n<h2>Nos clients<\/h2>\n<p><img loading=\"lazy\" decoding=\"async\" class=\"alignnone wp-image-904\" src=\"https:\/\/unitedperfect.com\/wp-content\/uploads\/2026\/01\/05d59bd794df7bd88208769f09815dc-2-scaled.jpg\" alt=\"\" width=\"1044\" height=\"783\" srcset=\"https:\/\/unitedperfect.com\/wp-content\/uploads\/2026\/01\/05d59bd794df7bd88208769f09815dc-2-scaled.jpg 2560w, https:\/\/unitedperfect.com\/wp-content\/uploads\/2026\/01\/05d59bd794df7bd88208769f09815dc-2-300x225.jpg 300w, https:\/\/unitedperfect.com\/wp-content\/uploads\/2026\/01\/05d59bd794df7bd88208769f09815dc-2-1024x768.jpg 1024w, https:\/\/unitedperfect.com\/wp-content\/uploads\/2026\/01\/05d59bd794df7bd88208769f09815dc-2-768x576.jpg 768w, https:\/\/unitedperfect.com\/wp-content\/uploads\/2026\/01\/05d59bd794df7bd88208769f09815dc-2-1536x1152.jpg 1536w, https:\/\/unitedperfect.com\/wp-content\/uploads\/2026\/01\/05d59bd794df7bd88208769f09815dc-2-2048x1536.jpg 2048w, https:\/\/unitedperfect.com\/wp-content\/uploads\/2026\/01\/05d59bd794df7bd88208769f09815dc-2-16x12.jpg 16w, https:\/\/unitedperfect.com\/wp-content\/uploads\/2026\/01\/05d59bd794df7bd88208769f09815dc-2-600x450.jpg 600w\" sizes=\"(max-width: 1044px) 100vw, 1044px\" \/><\/p>\n<hr \/>\n<h3><strong>CONTACTEZ-NOUS<\/strong><\/h3>\n<div>\n<p><b>Jinan United Perfect Building Materials Corporation<\/b><\/p>\n<p><b>M<\/b>: +86 139 6416 6699 \u00a0<b>P<\/b>:\u00a0+86-531 8190 1621 \u00a0<b>F<\/b>:\u00a0+86-531 8281 4295<\/p>\n<p><b>Whatsapp :<\/b>\u00a0+8613426130536 \u00a0<b>Skype :<\/b><b>\u00a0<\/b>harald2009 \u00a0<b>Wechat :<\/b>\u00a013426130536<\/p>\n<p><img loading=\"lazy\" decoding=\"async\" class=\"\" src=\"https:\/\/yunpan.cdn.site.joinf.com\/4995171754491181\/XzYPTGwk4F.jpg\" width=\"518\" height=\"238\" \/><\/p>\n<\/div>","protected":false},"excerpt":{"rendered":"<p>La laine de roche est un produit isolant semi-cylindrique de pr\u00e9cision con\u00e7u sp\u00e9cifiquement pour les applications de tuyauterie.<\/p>\n<p>Fabriqu\u00e9es \u00e0 partir de fibres de roche basaltique fil\u00e9es de haute qualit\u00e9, ces sections pr\u00e9form\u00e9es s'adaptent parfaitement aux tailles de tuyaux standard, garantissant une isolation rapide, efficace et coh\u00e9rente des conduites d'eau chaude et froide.<\/p>","protected":false},"featured_media":1276,"comment_status":"open","ping_status":"closed","template":"","meta":[],"product_brand":[],"product_cat":[73],"product_tag":[],"class_list":{"0":"post-1270","1":"product","2":"type-product","3":"status-publish","4":"has-post-thumbnail","6":"product_cat-rock-wool-pipe","8":"first","9":"instock","10":"shipping-taxable","11":"product-type-simple"},"aioseo_notices":[],"_links":{"self":[{"href":"https:\/\/unitedperfect.com\/fr\/wp-json\/wp\/v2\/product\/1270","targetHints":{"allow":["GET"]}}],"collection":[{"href":"https:\/\/unitedperfect.com\/fr\/wp-json\/wp\/v2\/product"}],"about":[{"href":"https:\/\/unitedperfect.com\/fr\/wp-json\/wp\/v2\/types\/product"}],"replies":[{"embeddable":true,"href":"https:\/\/unitedperfect.com\/fr\/wp-json\/wp\/v2\/comments?post=1270"}],"wp:featuredmedia":[{"embeddable":true,"href":"https:\/\/unitedperfect.com\/fr\/wp-json\/wp\/v2\/media\/1276"}],"wp:attachment":[{"href":"https:\/\/unitedperfect.com\/fr\/wp-json\/wp\/v2\/media?parent=1270"}],"wp:term":[{"taxonomy":"product_brand","embeddable":true,"href":"https:\/\/unitedperfect.com\/fr\/wp-json\/wp\/v2\/product_brand?post=1270"},{"taxonomy":"product_cat","embeddable":true,"href":"https:\/\/unitedperfect.com\/fr\/wp-json\/wp\/v2\/product_cat?post=1270"},{"taxonomy":"product_tag","embeddable":true,"href":"https:\/\/unitedperfect.com\/fr\/wp-json\/wp\/v2\/product_tag?post=1270"}],"curies":[{"name":"wp","href":"https:\/\/api.w.org\/{rel}","templated":true}]}}