{"id":1249,"date":"2026-01-15T07:48:08","date_gmt":"2026-01-15T07:48:08","guid":{"rendered":"https:\/\/unitedperfect.com\/?post_type=product&#038;p=1249"},"modified":"2026-01-21T03:14:57","modified_gmt":"2026-01-21T03:14:57","slug":"rock-wool-board","status":"publish","type":"product","link":"https:\/\/unitedperfect.com\/fr\/produit\/rock-wool-board\/","title":{"rendered":"Panneau de laine de roche"},"content":{"rendered":"<h1>Panneau de laine de roche<\/h1>\n<h5>Le panneau de laine de roche est une dalle isolante rigide haute performance fabriqu\u00e9e \u00e0 partir de roche basaltique naturelle. Gr\u00e2ce \u00e0 un processus de fusion \u00e0 haute temp\u00e9rature et de fibrage centrifuge, elle est transform\u00e9e en un panneau durable et polyvalent.<\/h5>\n<h5>En tant que mat\u00e9riau inorganique de premi\u00e8re qualit\u00e9, il constitue la pierre angulaire de l'efficacit\u00e9 \u00e9nerg\u00e9tique, de l'isolation thermique, de la s\u00e9curit\u00e9 incendie et du confort acoustique dans les constructions modernes et les applications industrielles du monde entier.<\/h5>\n<p><img fetchpriority=\"high\" decoding=\"async\" class=\"alignnone wp-image-1251 size-medium\" src=\"https:\/\/unitedperfect.com\/wp-content\/uploads\/2026\/01\/photobank-2-1-300x300.jpg\" alt=\"\" width=\"300\" height=\"300\" srcset=\"https:\/\/unitedperfect.com\/wp-content\/uploads\/2026\/01\/photobank-2-1-300x300.jpg 300w, https:\/\/unitedperfect.com\/wp-content\/uploads\/2026\/01\/photobank-2-1-150x150.jpg 150w, https:\/\/unitedperfect.com\/wp-content\/uploads\/2026\/01\/photobank-2-1-768x768.jpg 768w, https:\/\/unitedperfect.com\/wp-content\/uploads\/2026\/01\/photobank-2-1-12x12.jpg 12w, https:\/\/unitedperfect.com\/wp-content\/uploads\/2026\/01\/photobank-2-1-200x200.jpg 200w, https:\/\/unitedperfect.com\/wp-content\/uploads\/2026\/01\/photobank-2-1-600x600.jpg 600w, https:\/\/unitedperfect.com\/wp-content\/uploads\/2026\/01\/photobank-2-1-100x100.jpg 100w, https:\/\/unitedperfect.com\/wp-content\/uploads\/2026\/01\/photobank-2-1.jpg 1000w\" sizes=\"(max-width: 300px) 100vw, 300px\" \/>\u00a0 \u00a0 \u00a0 <img decoding=\"async\" class=\"alignnone wp-image-1252 size-medium\" src=\"https:\/\/unitedperfect.com\/wp-content\/uploads\/2026\/01\/photobank-3-1-300x300.jpg\" alt=\"\" width=\"300\" height=\"300\" srcset=\"https:\/\/unitedperfect.com\/wp-content\/uploads\/2026\/01\/photobank-3-1-300x300.jpg 300w, https:\/\/unitedperfect.com\/wp-content\/uploads\/2026\/01\/photobank-3-1-150x150.jpg 150w, https:\/\/unitedperfect.com\/wp-content\/uploads\/2026\/01\/photobank-3-1-12x12.jpg 12w, https:\/\/unitedperfect.com\/wp-content\/uploads\/2026\/01\/photobank-3-1-200x200.jpg 200w, https:\/\/unitedperfect.com\/wp-content\/uploads\/2026\/01\/photobank-3-1-100x100.jpg 100w, https:\/\/unitedperfect.com\/wp-content\/uploads\/2026\/01\/photobank-3-1.jpg 600w\" sizes=\"(max-width: 300px) 100vw, 300px\" \/>\u00a0 \u00a0 \u00a0<img decoding=\"async\" class=\"alignnone wp-image-1250 size-medium\" src=\"https:\/\/unitedperfect.com\/wp-content\/uploads\/2026\/01\/photobank-1-300x297.png\" alt=\"\" width=\"300\" height=\"297\" srcset=\"https:\/\/unitedperfect.com\/wp-content\/uploads\/2026\/01\/photobank-1-300x297.png 300w, https:\/\/unitedperfect.com\/wp-content\/uploads\/2026\/01\/photobank-1-150x150.png 150w, https:\/\/unitedperfect.com\/wp-content\/uploads\/2026\/01\/photobank-1-12x12.png 12w, https:\/\/unitedperfect.com\/wp-content\/uploads\/2026\/01\/photobank-1-200x198.png 200w, https:\/\/unitedperfect.com\/wp-content\/uploads\/2026\/01\/photobank-1-600x593.png 600w, https:\/\/unitedperfect.com\/wp-content\/uploads\/2026\/01\/photobank-1-100x100.png 100w, https:\/\/unitedperfect.com\/wp-content\/uploads\/2026\/01\/photobank-1.png 646w\" sizes=\"(max-width: 300px) 100vw, 300px\" \/><\/p>\n<hr \/>\n<h2>Caract\u00e9ristiques et avantages<\/h2>\n<ul>\n<li>\n<p class=\"ds-markdown-paragraph\"><strong>R\u00e9sistance exceptionnelle au feu (grade A1) :<\/strong>\u00a0Class\u00e9 comme mat\u00e9riau incombustible. Il ne contribue pas \u00e0 la propagation du feu, peut r\u00e9sister \u00e0 des temp\u00e9ratures sup\u00e9rieures \u00e0 1000\u00b0C et offre une protection passive essentielle contre l'incendie, am\u00e9liorant ainsi la s\u00e9curit\u00e9 des b\u00e2timents.<\/p>\n<\/li>\n<li>\n<p class=\"ds-markdown-paragraph\"><strong>Isolation thermique sup\u00e9rieure :<\/strong>\u00a0La structure unique de fibres imbriqu\u00e9es emprisonne l'air, minimisant ainsi le transfert de chaleur. Cela r\u00e9duit consid\u00e9rablement la consommation d'\u00e9nergie pour le chauffage et le refroidissement, diminuant ainsi les co\u00fbts d'exploitation et l'empreinte carbone.<\/p>\n<\/li>\n<li>\n<p class=\"ds-markdown-paragraph\"><strong>Excellente performance acoustique :<\/strong>\u00a0Agit comme une barri\u00e8re et un absorbeur de bruit efficace. La composition dense et fibreuse amortit les ondes sonores, r\u00e9duisant les bruits a\u00e9riens et les bruits d'impact pour des environnements int\u00e9rieurs plus silencieux et plus confortables.<\/p>\n<\/li>\n<li>\n<p class=\"ds-markdown-paragraph\"><strong>Hydrophobe et r\u00e9sistant \u00e0 l'humidit\u00e9 :<\/strong>\u00a0Trait\u00e9e avec un additif hydrofuge haute performance. Il r\u00e9siste \u00e0 l'absorption d'eau, conserve ses propri\u00e9t\u00e9s isolantes dans des conditions humides et emp\u00eache la formation de moisissures, garantissant ainsi des performances et une durabilit\u00e9 \u00e0 long terme.<\/p>\n<\/li>\n<li>\n<p class=\"ds-markdown-paragraph\"><strong>Durable et dimensionnellement stable :<\/strong>\u00a0Sa grande r\u00e9sistance \u00e0 la compression lui conf\u00e8re une rigidit\u00e9 structurelle. Il est imputrescible, r\u00e9sistant \u00e0 la corrosion, ne s'affaisse pas et ne se tasse pas avec le temps, et conserve sa forme et ses performances pendant toute la dur\u00e9e de vie du b\u00e2timent.<\/p>\n<\/li>\n<li>\n<p class=\"ds-markdown-paragraph\"><strong>Inerte chimiquement et r\u00e9sistant \u00e0 la corrosion :<\/strong>\u00a0Non r\u00e9actif avec la plupart des produits chimiques et des m\u00e9taux. Id\u00e9al pour isoler les \u00e9quipements industriels, les tuyaux et les cuves sans risque de corrosion.<\/p>\n<\/li>\n<li>\n<p class=\"ds-markdown-paragraph\"><strong>Respectueux de l'environnement et durable :<\/strong> Fabriqu\u00e9 \u00e0 partir de min\u00e9raux naturels abondants (g\u00e9n\u00e9ralement &gt;75% de contenu recycl\u00e9). Il est sans formald\u00e9hyde, sans COV et enti\u00e8rement recyclable, ce qui contribue \u00e0 l'obtention des certifications de construction \u00e9cologique telles que LEED et BREEAM.<br \/>\n<img loading=\"lazy\" decoding=\"async\" class=\"alignnone wp-image-1255 size-medium\" src=\"https:\/\/unitedperfect.com\/wp-content\/uploads\/2026\/01\/photobank-8-300x300.jpg\" alt=\"\" width=\"300\" height=\"300\" srcset=\"https:\/\/unitedperfect.com\/wp-content\/uploads\/2026\/01\/photobank-8-300x300.jpg 300w, https:\/\/unitedperfect.com\/wp-content\/uploads\/2026\/01\/photobank-8-150x150.jpg 150w, https:\/\/unitedperfect.com\/wp-content\/uploads\/2026\/01\/photobank-8-12x12.jpg 12w, https:\/\/unitedperfect.com\/wp-content\/uploads\/2026\/01\/photobank-8-200x200.jpg 200w, https:\/\/unitedperfect.com\/wp-content\/uploads\/2026\/01\/photobank-8-600x600.jpg 600w, https:\/\/unitedperfect.com\/wp-content\/uploads\/2026\/01\/photobank-8-100x100.jpg 100w, https:\/\/unitedperfect.com\/wp-content\/uploads\/2026\/01\/photobank-8.jpg 640w\" sizes=\"(max-width: 300px) 100vw, 300px\" \/>\u00a0 \u00a0 \u00a0<img loading=\"lazy\" decoding=\"async\" class=\"alignnone wp-image-1254 size-medium\" src=\"https:\/\/unitedperfect.com\/wp-content\/uploads\/2026\/01\/photobank-5-1-300x300.jpg\" alt=\"\" width=\"300\" height=\"300\" srcset=\"https:\/\/unitedperfect.com\/wp-content\/uploads\/2026\/01\/photobank-5-1-300x300.jpg 300w, https:\/\/unitedperfect.com\/wp-content\/uploads\/2026\/01\/photobank-5-1-150x150.jpg 150w, https:\/\/unitedperfect.com\/wp-content\/uploads\/2026\/01\/photobank-5-1-12x12.jpg 12w, https:\/\/unitedperfect.com\/wp-content\/uploads\/2026\/01\/photobank-5-1-200x200.jpg 200w, https:\/\/unitedperfect.com\/wp-content\/uploads\/2026\/01\/photobank-5-1-600x600.jpg 600w, https:\/\/unitedperfect.com\/wp-content\/uploads\/2026\/01\/photobank-5-1-100x100.jpg 100w, https:\/\/unitedperfect.com\/wp-content\/uploads\/2026\/01\/photobank-5-1.jpg 750w\" sizes=\"(max-width: 300px) 100vw, 300px\" \/>\u00a0 \u00a0 \u00a0<img loading=\"lazy\" decoding=\"async\" class=\"wp-image-1253 size-medium alignnone\" src=\"https:\/\/unitedperfect.com\/wp-content\/uploads\/2026\/01\/photobank-4-2-300x300.jpg\" alt=\"\" width=\"300\" height=\"300\" srcset=\"https:\/\/unitedperfect.com\/wp-content\/uploads\/2026\/01\/photobank-4-2-300x300.jpg 300w, https:\/\/unitedperfect.com\/wp-content\/uploads\/2026\/01\/photobank-4-2-150x150.jpg 150w, https:\/\/unitedperfect.com\/wp-content\/uploads\/2026\/01\/photobank-4-2-768x768.jpg 768w, https:\/\/unitedperfect.com\/wp-content\/uploads\/2026\/01\/photobank-4-2-12x12.jpg 12w, https:\/\/unitedperfect.com\/wp-content\/uploads\/2026\/01\/photobank-4-2-200x200.jpg 200w, https:\/\/unitedperfect.com\/wp-content\/uploads\/2026\/01\/photobank-4-2-600x600.jpg 600w, https:\/\/unitedperfect.com\/wp-content\/uploads\/2026\/01\/photobank-4-2-100x100.jpg 100w, https:\/\/unitedperfect.com\/wp-content\/uploads\/2026\/01\/photobank-4-2.jpg 800w\" sizes=\"(max-width: 300px) 100vw, 300px\" \/><\/p>\n<hr \/>\n<\/li>\n<\/ul>\n<h2 class=\"ds-markdown-paragraph\"><b>Applications<\/b><\/h2>\n<ul>\n<li>\n<p class=\"ds-markdown-paragraph\"><strong>B\u00e2timent et construction :<\/strong><\/p>\n<ul>\n<li>\n<p class=\"ds-markdown-paragraph\"><strong>Isolation ext\u00e9rieure des murs (EIFS\/ETICS) :<\/strong>\u00a0Pour des enveloppes de b\u00e2timent efficaces sur le plan \u00e9nerg\u00e9tique.<\/p>\n<\/li>\n<li>\n<p class=\"ds-markdown-paragraph\"><strong>Isolation du toit et du plafond :<\/strong>\u00a0Toits plats, toits en pente et plafonds suspendus.<\/p>\n<\/li>\n<li>\n<p class=\"ds-markdown-paragraph\"><strong>Isolation des murs creux et des cloisons :<\/strong>\u00a0Am\u00e9liore la s\u00e9paration thermique et acoustique.<\/p>\n<\/li>\n<li>\n<p class=\"ds-markdown-paragraph\"><strong>Protection contre l'incendie :<\/strong>\u00a0L'ignifugation des colonnes\/poutres en acier, des murs et des portes r\u00e9sistants au feu.<\/p>\n<\/li>\n<li>\n<p class=\"ds-markdown-paragraph\"><strong>Syst\u00e8mes de fa\u00e7ades et d'\u00e9crans pluviaux ventil\u00e9s.<\/strong><\/p>\n<\/li>\n<\/ul>\n<\/li>\n<li>\n<p class=\"ds-markdown-paragraph\"><strong>Industriel et CVC :<\/strong><\/p>\n<ul>\n<li>\n<p class=\"ds-markdown-paragraph\">Isolation des tuyaux, des chaudi\u00e8res, des r\u00e9servoirs et des \u00e9quipements industriels.<\/p>\n<\/li>\n<li>\n<p class=\"ds-markdown-paragraph\">Isolation des conduits et rev\u00eatement acoustique pour les syst\u00e8mes de chauffage, de ventilation et de climatisation.<\/p>\n<\/li>\n<li>\n<p class=\"ds-markdown-paragraph\">Isolation pour les installations marines et offshore.<\/p>\n<\/li>\n<\/ul>\n<\/li>\n<li>\n<p class=\"ds-markdown-paragraph\"><strong>Contr\u00f4le acoustique :<\/strong><\/p>\n<ul>\n<li>\n<p class=\"ds-markdown-paragraph\">Insonorisation des murs et des sols dans les b\u00e2timents r\u00e9sidentiels, commerciaux et industriels.<\/p>\n<\/li>\n<li>\n<p class=\"ds-markdown-paragraph\">Panneaux acoustiques pour studios, cin\u00e9mas, bureaux et \u00e9coles.<\/p>\n<\/li>\n<\/ul>\n<\/li>\n<\/ul>\n<p><img loading=\"lazy\" decoding=\"async\" class=\"alignnone wp-image-1258\" src=\"https:\/\/unitedperfect.com\/wp-content\/uploads\/2026\/01\/Stone-wool-application.jpg\" alt=\"\" width=\"1044\" height=\"267\" srcset=\"https:\/\/unitedperfect.com\/wp-content\/uploads\/2026\/01\/Stone-wool-application.jpg 750w, https:\/\/unitedperfect.com\/wp-content\/uploads\/2026\/01\/Stone-wool-application-300x77.jpg 300w, https:\/\/unitedperfect.com\/wp-content\/uploads\/2026\/01\/Stone-wool-application-18x5.jpg 18w, https:\/\/unitedperfect.com\/wp-content\/uploads\/2026\/01\/Stone-wool-application-200x51.jpg 200w, https:\/\/unitedperfect.com\/wp-content\/uploads\/2026\/01\/Stone-wool-application-600x154.jpg 600w\" sizes=\"(max-width: 1044px) 100vw, 1044px\" \/><\/p>\n<hr \/>\n<h2><b><span class=\"15\">Ligne de produits<\/span><\/b><\/h2>\n<p><img loading=\"lazy\" decoding=\"async\" class=\"alignnone wp-image-1259\" src=\"https:\/\/unitedperfect.com\/wp-content\/uploads\/2026\/01\/Stone-wool-producton-proess-e1768462817530.jpg\" alt=\"\" width=\"1074\" height=\"677\" srcset=\"https:\/\/unitedperfect.com\/wp-content\/uploads\/2026\/01\/Stone-wool-producton-proess-e1768462817530.jpg 750w, https:\/\/unitedperfect.com\/wp-content\/uploads\/2026\/01\/Stone-wool-producton-proess-e1768462817530-300x189.jpg 300w, https:\/\/unitedperfect.com\/wp-content\/uploads\/2026\/01\/Stone-wool-producton-proess-e1768462817530-18x12.jpg 18w, https:\/\/unitedperfect.com\/wp-content\/uploads\/2026\/01\/Stone-wool-producton-proess-e1768462817530-200x126.jpg 200w, https:\/\/unitedperfect.com\/wp-content\/uploads\/2026\/01\/Stone-wool-producton-proess-e1768462817530-600x378.jpg 600w\" sizes=\"(max-width: 1074px) 100vw, 1074px\" \/><\/p>\n<hr \/>\n<h2>Emballage et chargement<\/h2>\n<p><img loading=\"lazy\" decoding=\"async\" class=\"alignnone wp-image-1260\" src=\"https:\/\/unitedperfect.com\/wp-content\/uploads\/2026\/01\/Stone-wool-packing-e1768462931741.jpg\" alt=\"\" width=\"1044\" height=\"398\" srcset=\"https:\/\/unitedperfect.com\/wp-content\/uploads\/2026\/01\/Stone-wool-packing-e1768462931741.jpg 750w, https:\/\/unitedperfect.com\/wp-content\/uploads\/2026\/01\/Stone-wool-packing-e1768462931741-300x114.jpg 300w, https:\/\/unitedperfect.com\/wp-content\/uploads\/2026\/01\/Stone-wool-packing-e1768462931741-18x7.jpg 18w, https:\/\/unitedperfect.com\/wp-content\/uploads\/2026\/01\/Stone-wool-packing-e1768462931741-200x76.jpg 200w, https:\/\/unitedperfect.com\/wp-content\/uploads\/2026\/01\/Stone-wool-packing-e1768462931741-600x229.jpg 600w\" sizes=\"(max-width: 1044px) 100vw, 1044px\" \/><\/p>\n<hr \/>\n<h2>Nos clients<\/h2>\n<p><img loading=\"lazy\" decoding=\"async\" class=\"alignnone wp-image-904\" src=\"https:\/\/unitedperfect.com\/wp-content\/uploads\/2026\/01\/05d59bd794df7bd88208769f09815dc-2-scaled.jpg\" alt=\"\" width=\"1044\" height=\"783\" srcset=\"https:\/\/unitedperfect.com\/wp-content\/uploads\/2026\/01\/05d59bd794df7bd88208769f09815dc-2-scaled.jpg 2560w, https:\/\/unitedperfect.com\/wp-content\/uploads\/2026\/01\/05d59bd794df7bd88208769f09815dc-2-300x225.jpg 300w, https:\/\/unitedperfect.com\/wp-content\/uploads\/2026\/01\/05d59bd794df7bd88208769f09815dc-2-1024x768.jpg 1024w, https:\/\/unitedperfect.com\/wp-content\/uploads\/2026\/01\/05d59bd794df7bd88208769f09815dc-2-768x576.jpg 768w, https:\/\/unitedperfect.com\/wp-content\/uploads\/2026\/01\/05d59bd794df7bd88208769f09815dc-2-1536x1152.jpg 1536w, https:\/\/unitedperfect.com\/wp-content\/uploads\/2026\/01\/05d59bd794df7bd88208769f09815dc-2-2048x1536.jpg 2048w, https:\/\/unitedperfect.com\/wp-content\/uploads\/2026\/01\/05d59bd794df7bd88208769f09815dc-2-16x12.jpg 16w, https:\/\/unitedperfect.com\/wp-content\/uploads\/2026\/01\/05d59bd794df7bd88208769f09815dc-2-600x450.jpg 600w\" sizes=\"(max-width: 1044px) 100vw, 1044px\" \/><\/p>\n<hr \/>\n<h3><strong>CONTACTEZ-NOUS<\/strong><\/h3>\n<div>\n<p><b>Jinan United Perfect Building Materials Corporation<\/b><\/p>\n<p><b>M<\/b>: +86 139 6416 6699 \u00a0<b>P<\/b>:\u00a0+86-531 8190 1621 \u00a0<b>F<\/b>:\u00a0+86-531 8281 4295<\/p>\n<p><b>Whatsapp :<\/b>\u00a0+8613426130536 \u00a0<b>Skype :<\/b><b>\u00a0<\/b>harald2009 \u00a0<b>Wechat :<\/b>\u00a013426130536<\/p>\n<p><img loading=\"lazy\" decoding=\"async\" class=\"\" src=\"https:\/\/yunpan.cdn.site.joinf.com\/4995171754491181\/XzYPTGwk4F.jpg\" width=\"518\" height=\"238\" \/><\/p>\n<\/div>","protected":false},"excerpt":{"rendered":"<p>Le panneau de laine de roche est une dalle isolante rigide haute performance fabriqu\u00e9e \u00e0 partir de roche basaltique naturelle. Gr\u00e2ce \u00e0 un processus de fusion \u00e0 haute temp\u00e9rature et de fibrage centrifuge, elle est transform\u00e9e en un panneau durable et polyvalent.<\/p>\n<p>En tant que mat\u00e9riau inorganique de premi\u00e8re qualit\u00e9, il constitue la pierre angulaire de l'efficacit\u00e9 \u00e9nerg\u00e9tique, de l'isolation thermique, de la s\u00e9curit\u00e9 incendie et du confort acoustique dans les constructions modernes et les applications industrielles du monde entier.<\/p>\n<p>&nbsp;<\/p>","protected":false},"featured_media":1255,"comment_status":"open","ping_status":"closed","template":"","meta":[],"product_brand":[],"product_cat":[71],"product_tag":[],"class_list":{"0":"post-1249","1":"product","2":"type-product","3":"status-publish","4":"has-post-thumbnail","6":"product_cat-rock-wool-board","8":"first","9":"instock","10":"shipping-taxable","11":"product-type-simple"},"aioseo_notices":[],"_links":{"self":[{"href":"https:\/\/unitedperfect.com\/fr\/wp-json\/wp\/v2\/product\/1249","targetHints":{"allow":["GET"]}}],"collection":[{"href":"https:\/\/unitedperfect.com\/fr\/wp-json\/wp\/v2\/product"}],"about":[{"href":"https:\/\/unitedperfect.com\/fr\/wp-json\/wp\/v2\/types\/product"}],"replies":[{"embeddable":true,"href":"https:\/\/unitedperfect.com\/fr\/wp-json\/wp\/v2\/comments?post=1249"}],"wp:featuredmedia":[{"embeddable":true,"href":"https:\/\/unitedperfect.com\/fr\/wp-json\/wp\/v2\/media\/1255"}],"wp:attachment":[{"href":"https:\/\/unitedperfect.com\/fr\/wp-json\/wp\/v2\/media?parent=1249"}],"wp:term":[{"taxonomy":"product_brand","embeddable":true,"href":"https:\/\/unitedperfect.com\/fr\/wp-json\/wp\/v2\/product_brand?post=1249"},{"taxonomy":"product_cat","embeddable":true,"href":"https:\/\/unitedperfect.com\/fr\/wp-json\/wp\/v2\/product_cat?post=1249"},{"taxonomy":"product_tag","embeddable":true,"href":"https:\/\/unitedperfect.com\/fr\/wp-json\/wp\/v2\/product_tag?post=1249"}],"curies":[{"name":"wp","href":"https:\/\/api.w.org\/{rel}","templated":true}]}}