{"id":1242,"date":"2026-01-15T03:32:37","date_gmt":"2026-01-15T03:32:37","guid":{"rendered":"https:\/\/unitedperfect.com\/?post_type=product&#038;p=1242"},"modified":"2026-01-15T05:42:57","modified_gmt":"2026-01-15T05:42:57","slug":"coated-fiberglass-fabric","status":"publish","type":"product","link":"https:\/\/unitedperfect.com\/fr\/produit\/coated-fiberglass-fabric\/","title":{"rendered":"Tissu de fibre de verre enduit"},"content":{"rendered":"<h1><strong>Tissu de fibre de verre enduit<\/strong><\/h1>\n<h5><strong>Tissu de fibre de verre enduit <\/strong><span style=\"color: #000000;\">est utilis\u00e9 comme composant de rev\u00eatement dans les syst\u00e8mes d'isolation des conduits et fournit une surface lisse et des performances acoustiques et thermiques. Il est compos\u00e9 de tissu de fibre de verre et de silicone. Il pr\u00e9sente une bonne r\u00e9sistance \u00e0 l'eau, au feu, aux produits chimiques, il est non toxique, etc.<\/span><\/h5>\n<div><span style=\"color: #000000;\" data-spm-anchor-id=\"a2700.pc-decorate.0.i3.635033338V83eg\">Le tissu de fibre de verre impr\u00e9gn\u00e9 de silicone est tr\u00e8s souple et constitue un excellent tissu de protection utilis\u00e9 dans les couvertures isolantes et autres pi\u00e8ces r\u00e9sistantes \u00e0 la chaleur. L'enduction de silicone offre une r\u00e9sistance accrue \u00e0 l'eau et \u00e0 l'huile, ainsi qu'un faible d\u00e9gagement de fum\u00e9e et un retardateur de flammes. Bien que le tissu de fibre de verre de base ait une r\u00e9sistance de 1000\u00b0F\/550\u00b0C, l'enduction de silicone a une r\u00e9sistance continue de 550\u00b0F\/287\u00b0C. Le tissu de fibre de verre enduit de silicone offre une bonne flexibilit\u00e9 et une bonne r\u00e9sistance \u00e0 la perforation et \u00e0 la d\u00e9chirure. La surface s\u00e8che de ce tissu ne colle pas \u00e0 la table de couture, ce qui facilite la couture, le drapage et la manipulation.<\/p>\n<p><\/span><\/div>\n<h5><img fetchpriority=\"high\" decoding=\"async\" class=\"alignnone wp-image-791 size-medium\" src=\"https:\/\/unitedperfect.com\/wp-content\/uploads\/2026\/01\/\u7845\u80f6\u5e03-300x300.jpg\" alt=\"\" width=\"300\" height=\"300\" srcset=\"https:\/\/unitedperfect.com\/wp-content\/uploads\/2026\/01\/\u7845\u80f6\u5e03-300x300.jpg 300w, https:\/\/unitedperfect.com\/wp-content\/uploads\/2026\/01\/\u7845\u80f6\u5e03-1024x1024.jpg 1024w, https:\/\/unitedperfect.com\/wp-content\/uploads\/2026\/01\/\u7845\u80f6\u5e03-150x150.jpg 150w, https:\/\/unitedperfect.com\/wp-content\/uploads\/2026\/01\/\u7845\u80f6\u5e03-768x768.jpg 768w, https:\/\/unitedperfect.com\/wp-content\/uploads\/2026\/01\/\u7845\u80f6\u5e03-1536x1536.jpg 1536w, https:\/\/unitedperfect.com\/wp-content\/uploads\/2026\/01\/\u7845\u80f6\u5e03-2048x2048.jpg 2048w, https:\/\/unitedperfect.com\/wp-content\/uploads\/2026\/01\/\u7845\u80f6\u5e03-12x12.jpg 12w, https:\/\/unitedperfect.com\/wp-content\/uploads\/2026\/01\/\u7845\u80f6\u5e03-600x600.jpg 600w, https:\/\/unitedperfect.com\/wp-content\/uploads\/2026\/01\/\u7845\u80f6\u5e03-100x100.jpg 100w\" sizes=\"(max-width: 300px) 100vw, 300px\" \/>\u00a0 \u00a0 \u00a0<img decoding=\"async\" class=\"alignnone wp-image-1246 size-medium\" src=\"https:\/\/unitedperfect.com\/wp-content\/uploads\/2026\/01\/photobank-9-300x300.jpg\" alt=\"\" width=\"300\" height=\"300\" srcset=\"https:\/\/unitedperfect.com\/wp-content\/uploads\/2026\/01\/photobank-9-300x300.jpg 300w, https:\/\/unitedperfect.com\/wp-content\/uploads\/2026\/01\/photobank-9-150x150.jpg 150w, https:\/\/unitedperfect.com\/wp-content\/uploads\/2026\/01\/photobank-9-12x12.jpg 12w, https:\/\/unitedperfect.com\/wp-content\/uploads\/2026\/01\/photobank-9-200x200.jpg 200w, https:\/\/unitedperfect.com\/wp-content\/uploads\/2026\/01\/photobank-9-600x600.jpg 600w, https:\/\/unitedperfect.com\/wp-content\/uploads\/2026\/01\/photobank-9-100x100.jpg 100w, https:\/\/unitedperfect.com\/wp-content\/uploads\/2026\/01\/photobank-9.jpg 720w\" sizes=\"(max-width: 300px) 100vw, 300px\" \/>\u00a0 \u00a0 \u00a0 \u00a0 <img decoding=\"async\" class=\"alignnone wp-image-1247 size-medium\" src=\"https:\/\/unitedperfect.com\/wp-content\/uploads\/2026\/01\/photobank-11-300x300.jpg\" alt=\"\" width=\"300\" height=\"300\" srcset=\"https:\/\/unitedperfect.com\/wp-content\/uploads\/2026\/01\/photobank-11-300x300.jpg 300w, https:\/\/unitedperfect.com\/wp-content\/uploads\/2026\/01\/photobank-11-150x150.jpg 150w, https:\/\/unitedperfect.com\/wp-content\/uploads\/2026\/01\/photobank-11-768x768.jpg 768w, https:\/\/unitedperfect.com\/wp-content\/uploads\/2026\/01\/photobank-11-12x12.jpg 12w, https:\/\/unitedperfect.com\/wp-content\/uploads\/2026\/01\/photobank-11-200x200.jpg 200w, https:\/\/unitedperfect.com\/wp-content\/uploads\/2026\/01\/photobank-11-600x600.jpg 600w, https:\/\/unitedperfect.com\/wp-content\/uploads\/2026\/01\/photobank-11-100x100.jpg 100w, https:\/\/unitedperfect.com\/wp-content\/uploads\/2026\/01\/photobank-11.jpg 800w\" sizes=\"(max-width: 300px) 100vw, 300px\" \/><\/h5>\n<p>&nbsp;<\/p>\n<hr \/>\n<h2>Caract\u00e9ristiques et avantages<\/h2>\n<p><span data-spm-anchor-id=\"a2700.pc-decorate.0.i4.63503333jRPE0D\">1. Souple, avec une bonne adh\u00e9rence et d'excellentes performances de coupe et de traitement.<\/span><\/p>\n<p><span data-spm-anchor-id=\"a2700.pc-decorate.0.i3.63503333jRPE0D\">2. Large plage de r\u00e9sistance \u00e0 la temp\u00e9rature, peut \u00eatre utilis\u00e9e pendant une longue p\u00e9riode entre 0,70 \u2018c et 260 \u2018c ; la temp\u00e9rature d'utilisation \u00e0 court terme peut atteindre 550\u00b0C.<\/span><\/p>\n<p><span>3. Bonne performance en mati\u00e8re d'ignifugation, ininflammable en cas de flamme ouverte, auto-extinction instantan\u00e9e ;<\/span><\/p>\n<p><span>4. excellente r\u00e9sistance chimique et r\u00e9sistance au vieillissement ; 5. haute performance d'isolation, constante di\u00e9lectrique de 3-3,2, tension de claquage de 20-50KV\/MM<\/span><\/p>\n<p><span>6\uff0c Inodore, non toxique, non polluant et non irritant pour la peau.<\/span><\/p>\n<p>&nbsp;<\/p>\n<hr \/>\n<h2 class=\"ds-markdown-paragraph\"><b>Applications<\/b><\/h2>\n<p><b><span style=\"color: #3c3737;\"><span><i>&gt;&gt; Protection contre le feu et la chaleur<\/i><\/span><\/span><\/b><\/p>\n<div><i><b> <\/b><\/i><\/p>\n<div><span style=\"color: #3c3737;\"><i><b>&gt;&gt; Couvertures et coussins d'isolation <\/b><\/i><\/span><\/div>\n<div><\/div>\n<div><span style=\"color: #3c3737;\"><i><b>&gt;&gt; Joint de dilatation en tissu&amp;Connecteur de gaine en tissu <\/b><\/i><\/span><\/div>\n<div><span style=\"color: #3c3737;\"><i><b>\u00a0<\/b><\/i><\/span><\/div>\n<div><span style=\"color: #3c3737;\"><i><b>&gt;&gt; Portes coupe-feu, rideaux coupe-feu et coupe-fum\u00e9e <\/b><\/i><\/span><\/div>\n<div><span style=\"color: #3c3737;\"><i><b>\u00a0<\/b><\/i><\/span><\/div>\n<div><span style=\"color: #3c3737;\"><i><b>&gt;&gt; Couverture de soudage et d'incendie<\/b><\/i><\/span><\/div>\n<\/div>\n<hr \/>\n<h2><b><span class=\"15\">Ligne de produits<\/span><\/b><\/h2>\n<p><img loading=\"lazy\" decoding=\"async\" class=\"alignnone wp-image-1107\" src=\"https:\/\/unitedperfect.com\/wp-content\/uploads\/2026\/01\/Production-line.jpg\" alt=\"\" width=\"1038\" height=\"468\" srcset=\"https:\/\/unitedperfect.com\/wp-content\/uploads\/2026\/01\/Production-line.jpg 750w, https:\/\/unitedperfect.com\/wp-content\/uploads\/2026\/01\/Production-line-300x135.jpg 300w, https:\/\/unitedperfect.com\/wp-content\/uploads\/2026\/01\/Production-line-18x8.jpg 18w, https:\/\/unitedperfect.com\/wp-content\/uploads\/2026\/01\/Production-line-200x90.jpg 200w, https:\/\/unitedperfect.com\/wp-content\/uploads\/2026\/01\/Production-line-600x270.jpg 600w\" sizes=\"(max-width: 1038px) 100vw, 1038px\" \/><\/p>\n<h2><span class=\"cke_widget_wrapper cke_widget_inline cke_image_nocaption cke_widget_selected cke_widget_focused\" tabindex=\"-1\" contenteditable=\"false\" data-cke-widget-wrapper=\"1\" data-cke-filter=\"off\" data-cke-display-name=\"\u56fe\u50cf\" data-cke-widget-id=\"13\"><img decoding=\"async\" class=\"cke_widget_element\" src=\"https:\/\/unitedperfect.com\/product\/aluglass\/image?tid=25&amp;id=NnYhTOjFPwuy&amp;cache=0&amp;lan_code=0\" alt=\"\" data-cke-saved-src=\"image?tid=25&amp;id=NnYhTOjFPwuy&amp;cache=0&amp;lan_code=0\" data-cke-widget-data=\"%7B%22hasCaption%22%3Afalse%2C%22src%22%3A%22image%3Ftid%3D25%26id%3DNnYhTOjFPwuy%26cache%3D0%26lan_code%3D0%22%2C%22alt%22%3A%22%22%2C%22width%22%3A%22%22%2C%22height%22%3A%22%22%2C%22lock%22%3Atrue%2C%22align%22%3A%22none%22%2C%22classes%22%3Anull%7D\" data-cke-widget-upcasted=\"1\" data-cke-widget-keep-attr=\"0\" data-widget=\"image\" \/><span class=\"cke_image_resizer\" title=\"\u70b9\u51fb\u5e76\u62d6\u62fd\u4ee5\u6539\u53d8\u5c3a\u5bf8\">\u200b<\/span><\/span><\/h2>\n<hr \/>\n<h2>Emballage et chargement<\/h2>\n<p>&nbsp;<\/p>\n<p><img loading=\"lazy\" decoding=\"async\" class=\"alignnone wp-image-1106\" src=\"https:\/\/unitedperfect.com\/wp-content\/uploads\/2026\/01\/packing.jpg\" alt=\"\" width=\"1067\" height=\"585\" srcset=\"https:\/\/unitedperfect.com\/wp-content\/uploads\/2026\/01\/packing.jpg 750w, https:\/\/unitedperfect.com\/wp-content\/uploads\/2026\/01\/packing-300x164.jpg 300w, https:\/\/unitedperfect.com\/wp-content\/uploads\/2026\/01\/packing-18x10.jpg 18w, https:\/\/unitedperfect.com\/wp-content\/uploads\/2026\/01\/packing-200x110.jpg 200w, https:\/\/unitedperfect.com\/wp-content\/uploads\/2026\/01\/packing-600x329.jpg 600w\" sizes=\"(max-width: 1067px) 100vw, 1067px\" \/><\/p>\n<hr \/>\n<h2>Nos clients<\/h2>\n<p><img loading=\"lazy\" decoding=\"async\" class=\"alignnone size-full wp-image-904\" src=\"https:\/\/unitedperfect.com\/wp-content\/uploads\/2026\/01\/05d59bd794df7bd88208769f09815dc-2-scaled.jpg\" alt=\"\" width=\"2560\" height=\"1920\" srcset=\"https:\/\/unitedperfect.com\/wp-content\/uploads\/2026\/01\/05d59bd794df7bd88208769f09815dc-2-scaled.jpg 2560w, https:\/\/unitedperfect.com\/wp-content\/uploads\/2026\/01\/05d59bd794df7bd88208769f09815dc-2-300x225.jpg 300w, https:\/\/unitedperfect.com\/wp-content\/uploads\/2026\/01\/05d59bd794df7bd88208769f09815dc-2-1024x768.jpg 1024w, https:\/\/unitedperfect.com\/wp-content\/uploads\/2026\/01\/05d59bd794df7bd88208769f09815dc-2-768x576.jpg 768w, https:\/\/unitedperfect.com\/wp-content\/uploads\/2026\/01\/05d59bd794df7bd88208769f09815dc-2-1536x1152.jpg 1536w, https:\/\/unitedperfect.com\/wp-content\/uploads\/2026\/01\/05d59bd794df7bd88208769f09815dc-2-2048x1536.jpg 2048w, https:\/\/unitedperfect.com\/wp-content\/uploads\/2026\/01\/05d59bd794df7bd88208769f09815dc-2-16x12.jpg 16w, https:\/\/unitedperfect.com\/wp-content\/uploads\/2026\/01\/05d59bd794df7bd88208769f09815dc-2-600x450.jpg 600w\" sizes=\"(max-width: 2560px) 100vw, 2560px\" \/><\/p>\n<hr \/>\n<h3><\/h3>\n<h3><strong>CONTACTEZ-NOUS<\/strong><\/h3>\n<div>\n<p><b>Jinan United Perfect Building Materials Corporation<\/b><\/p>\n<p><b>M<\/b>: +86 139 6416 6699 \u00a0<b>P<\/b>:\u00a0+86-531 8190 1621 \u00a0<b>F<\/b>:\u00a0+86-531 8281 4295<\/p>\n<p><b>Whatsapp :<\/b>\u00a0+8613426130536 \u00a0<b>Skype :<\/b><b>\u00a0<\/b>harald2009 \u00a0<b>Wechat :<\/b>\u00a013426130536<\/p>\n<p><img loading=\"lazy\" decoding=\"async\" class=\"\" src=\"https:\/\/yunpan.cdn.site.joinf.com\/4995171754491181\/XzYPTGwk4F.jpg\" width=\"518\" height=\"238\" \/><\/p>\n<\/div>","protected":false},"excerpt":{"rendered":"<p>Tissu de fibre de verre enduit <span style=\"color: #000000;\">est utilis\u00e9 comme composant de rev\u00eatement dans les syst\u00e8mes d'isolation des conduits et fournit une surface lisse et des performances acoustiques et thermiques. Il est compos\u00e9 de tissu de fibre de verre et de silicone. Il pr\u00e9sente une bonne r\u00e9sistance \u00e0 l'eau, au feu, aux produits chimiques, il est non toxique, etc.<\/span><\/p>","protected":false},"featured_media":791,"comment_status":"open","ping_status":"closed","template":"","meta":[],"product_brand":[],"product_cat":[83],"product_tag":[],"class_list":{"0":"post-1242","1":"product","2":"type-product","3":"status-publish","4":"has-post-thumbnail","6":"product_cat-coated-fiberglass-fabric","8":"first","9":"instock","10":"shipping-taxable","11":"product-type-simple"},"aioseo_notices":[],"_links":{"self":[{"href":"https:\/\/unitedperfect.com\/fr\/wp-json\/wp\/v2\/product\/1242","targetHints":{"allow":["GET"]}}],"collection":[{"href":"https:\/\/unitedperfect.com\/fr\/wp-json\/wp\/v2\/product"}],"about":[{"href":"https:\/\/unitedperfect.com\/fr\/wp-json\/wp\/v2\/types\/product"}],"replies":[{"embeddable":true,"href":"https:\/\/unitedperfect.com\/fr\/wp-json\/wp\/v2\/comments?post=1242"}],"wp:featuredmedia":[{"embeddable":true,"href":"https:\/\/unitedperfect.com\/fr\/wp-json\/wp\/v2\/media\/791"}],"wp:attachment":[{"href":"https:\/\/unitedperfect.com\/fr\/wp-json\/wp\/v2\/media?parent=1242"}],"wp:term":[{"taxonomy":"product_brand","embeddable":true,"href":"https:\/\/unitedperfect.com\/fr\/wp-json\/wp\/v2\/product_brand?post=1242"},{"taxonomy":"product_cat","embeddable":true,"href":"https:\/\/unitedperfect.com\/fr\/wp-json\/wp\/v2\/product_cat?post=1242"},{"taxonomy":"product_tag","embeddable":true,"href":"https:\/\/unitedperfect.com\/fr\/wp-json\/wp\/v2\/product_tag?post=1242"}],"curies":[{"name":"wp","href":"https:\/\/api.w.org\/{rel}","templated":true}]}}