{"id":1194,"date":"2026-01-14T09:14:34","date_gmt":"2026-01-14T09:14:34","guid":{"rendered":"https:\/\/unitedperfect.com\/?post_type=product&#038;p=1194"},"modified":"2026-01-14T09:28:18","modified_gmt":"2026-01-14T09:28:18","slug":"radiant-barrier","status":"publish","type":"product","link":"https:\/\/unitedperfect.com\/fr\/produit\/radiant-barrier\/","title":{"rendered":"Barri\u00e8re radiante"},"content":{"rendered":"<h2><b>Qu'est-ce que la\u00a0<\/b><b>OPERFECT\u2122<\/b><b>\u00a0 <strong>Barri\u00e8re radiante<\/strong>?<\/b><\/h2>\n<div>\n<p class=\"p\" align=\"justify\"><strong>OPERFECT\u2122 Barri\u00e8re radiante\u00a0<\/strong>est un mat\u00e9riau de construction sp\u00e9cialis\u00e9 con\u00e7u pour r\u00e9duire les \u00e9missions de gaz \u00e0 effet de serre.\u00a0<strong>transfert de chaleur par rayonnement<\/strong> dans les maisons, les b\u00e2timents ou les espaces clos, contrairement \u00e0 l'isolation (qui bloque principalement le flux de chaleur conductif\/convectif). Il fonctionne en r\u00e9fl\u00e9chissant une grande partie du rayonnement infrarouge (IR) du soleil (la principale source de gain de chaleur dans les climats chauds) loin de la structure, plut\u00f4t qu'en l'absorbant. Cela permet de maintenir des temp\u00e9ratures int\u00e9rieures plus confortables et de r\u00e9duire les co\u00fbts \u00e9nerg\u00e9tiques li\u00e9s au chauffage et \u00e0 la climatisation.<\/p>\n<p align=\"justify\"><img decoding=\"async\" class=\"ckimgrsz\" src=\"https:\/\/yunpan.cdn.site.joinf.com\/4995171754491181\/wjT3WExnKZ.png\" alt=\"\" data-cke-saved-src=\"https:\/\/yunpan.cdn.site.joinf.com\/4995171754491181\/wjT3WExnKZ.png\" \/><\/p>\n<h2 align=\"justify\"><b>Ce qu'il faut faire <\/b><b>OPERFECT\u2122 <\/b><b><\/b><b><strong>Barri\u00e8re radiante <\/strong><\/b><b>peut vous offrir ?<\/b><\/h2>\n<p><b>Sur mesure : <\/b><b>\u00a0<\/b><strong><i>Votre logo, votre \u00e9tiquette, votre couleur, etc.<\/i><\/strong><\/p>\n<p><strong><span style=\"font-family: Arial, Helvetica, sans-serif;\">Nous pouvons vous proposer des services FOB, CIF et \u00e9galement des services porte \u00e0 porte.<\/span><\/strong><span style=\"font-family: Arial, Helvetica, sans-serif;\">,<strong>\u00a0<\/strong><\/span><strong>\u00c9conomisez 10% sur les co\u00fbts d'approvisionnement et augmentez l'efficacit\u00e9 de l'approvisionnement de 30%.<\/strong><\/p>\n<p><b>Normes de qualit\u00e9<span style=\"font-family: \u5b8b\u4f53;\">\uff1a<\/span><\/b><\/p>\n<p><b><span style=\"font-family: Arial, Helvetica, sans-serif;\">\u2013 <\/span><\/b>ASTM D226 pour les types I et II<\/p>\n<p><b><span style=\"font-family: Arial, Helvetica, sans-serif;\">\u2013 <\/span><\/b>ASTM D4869<\/p>\n<p><b><span style=\"font-family: Arial, Helvetica, sans-serif;\">\u2013<\/span><\/b>CAN\/CSA A220.1<\/p>\n<p><b><span style=\"font-family: Arial, Helvetica, sans-serif;\">\u2013<\/span><\/b>CAN\/CSA A123.3<\/p>\n<p><b><span style=\"font-family: Arial, Helvetica, sans-serif;\">\u2013<\/span><\/b>CLASSE A FEU ASTM E108<\/p>\n<p><b><span style=\"font-family: Arial, Helvetica, sans-serif;\">\u2013<\/span><\/b><b>\u00a0<\/b>ICC-ES AC 188 ;<\/p>\n<p><b>Capacit\u00e9 de production : 20<\/b><i>*40HQ\/mois\u00a0<\/i><\/p>\n<p><b>MOQ :<\/b><b><i>\u00a0200<\/i><\/b><i>\u00a0Rouleaux<\/i><\/p>\n<p>&nbsp;<\/p>\n<h2 align=\"justify\"><b>Quelles sont les caract\u00e9ristiques et les avantages ?<\/b>\u00a0<b>de\u00a0<\/b><b>OPERFECT\u2122 <\/b><b><strong>Barri\u00e8re radiante ?<\/strong><\/b><\/h2>\n<ul>\n<li><strong>Haute r\u00e9flectivit\u00e9<\/strong>: Les barri\u00e8res radiantes sont g\u00e9n\u00e9ralement constitu\u00e9es d'un mat\u00e9riau hautement r\u00e9fl\u00e9chissant, g\u00e9n\u00e9ralement une feuille d'aluminium. Elles peuvent r\u00e9fl\u00e9chir un grand pourcentage de la chaleur rayonnante. Par exemple, certaines barri\u00e8res radiantes peuvent r\u00e9fl\u00e9chir 96% \u00e0 97% de chaleur radiante, l'emp\u00eachant de p\u00e9n\u00e9trer dans le b\u00e2timent et r\u00e9duisant la temp\u00e9rature int\u00e9rieure.<\/li>\n<li><strong>Am\u00e9lioration de l'efficacit\u00e9 \u00e9nerg\u00e9tique<\/strong>: En r\u00e9fl\u00e9chissant la chaleur rayonnante, les barri\u00e8res radiantes r\u00e9duisent la quantit\u00e9 de chaleur qui p\u00e9n\u00e8tre dans le b\u00e2timent, diminuant ainsi la charge de travail des syst\u00e8mes de climatisation. Cela permet de r\u00e9duire la consommation d'\u00e9nergie et les co\u00fbts de refroidissement, en particulier pendant les mois chauds de l'\u00e9t\u00e9.<\/li>\n<li><strong>Am\u00e9lioration du confort int\u00e9rieur<\/strong>: Les barri\u00e8res radiantes contribuent \u00e0 maintenir une temp\u00e9rature int\u00e9rieure plus stable, en r\u00e9duisant l'impact des sources de chaleur externes. L'environnement de vie est ainsi plus confortable car la temp\u00e9rature ne fluctue pas de mani\u00e8re significative.<\/li>\n<li><strong>R\u00e9duction des contraintes sur les syst\u00e8mes de chauffage, de ventilation et de climatisation (CVC)<\/strong>: Avec moins de chaleur entrant dans le b\u00e2timent, le syst\u00e8me de climatisation n'a pas besoin de fonctionner aussi fr\u00e9quemment ou aussi intens\u00e9ment. Cela r\u00e9duit la pression sur l'\u00e9quipement HVAC, prolongeant sa dur\u00e9e de vie et r\u00e9duisant les co\u00fbts de maintenance.<\/li>\n<li><strong>L\u00e9ger et facile \u00e0 installer<\/strong>: Les barri\u00e8res radiantes sont l\u00e9g\u00e8res et peuvent \u00eatre facilement install\u00e9es dans diff\u00e9rentes parties d'un b\u00e2timent, telles que les combles, les murs et les sols. Elles peuvent \u00eatre agraf\u00e9es ou fix\u00e9es au support, et le processus d'installation est relativement simple, ce qui convient aussi bien aux nouvelles constructions qu'aux projets de r\u00e9novation.<\/li>\n<li><strong>Respect de l'environnement<\/strong>: En r\u00e9duisant la consommation d'\u00e9nergie, les barri\u00e8res radiantes contribuent \u00e0 r\u00e9duire l'empreinte carbone, ce qui est conforme aux exigences de la protection de l'environnement et du d\u00e9veloppement durable.<\/li>\n<li><strong>Bonne durabilit\u00e9<\/strong>: Certaines barri\u00e8res radiantes ont une surface imperm\u00e9able et non absorbante, et elles sont \u00e9galement r\u00e9sistantes au feu (elles r\u00e9pondent aux normes de r\u00e9sistance au feu de classe 1\/classe A), ce qui garantit leur durabilit\u00e9 et leur s\u00e9curit\u00e9 dans diff\u00e9rents environnements.<img fetchpriority=\"high\" decoding=\"async\" class=\"ckimgrsz\" src=\"https:\/\/yunpan.cdn.site.joinf.com\/4995171754491181\/thGw8bC2kE.png\" alt=\"\" width=\"431\" height=\"406\" data-cke-saved-src=\"https:\/\/yunpan.cdn.site.joinf.com\/4995171754491181\/thGw8bC2kE.png\" \/><\/li>\n<\/ul>\n<h2 align=\"justify\"><strong>Quelle est l'application de <\/strong><strong>\u00a0<\/strong><strong>Barri\u00e8re radiante ?<\/strong><\/h2>\n<ul>\n<li><strong>Applications principales des barri\u00e8res radiantes<\/strong>\n<div>Les barri\u00e8res radiantes sont des mat\u00e9riaux sp\u00e9cialis\u00e9s con\u00e7us pour r\u00e9fl\u00e9chir la chaleur rayonnante. Elles sont donc largement utilis\u00e9es dans les secteurs o\u00f9 la r\u00e9gulation de la temp\u00e9rature et l'efficacit\u00e9 \u00e9nerg\u00e9tique sont essentielles. Leurs principales applications sont les suivantes<\/div>\n<h3>1. Industrie du b\u00e2timent et de la construction<\/h3>\n<div>Il s'agit du domaine d'application le plus courant, o\u00f9 les barri\u00e8res radiantes ciblent le transfert de chaleur dans les structures r\u00e9sidentielles, commerciales et industrielles :<\/div>\n<ul>\n<li><strong>Toitures et greniers<\/strong>: Les barri\u00e8res radiantes sont principalement install\u00e9es dans les combles (sous les chevrons ou sur l'isolation des combles) afin de r\u00e9fl\u00e9chir la chaleur solaire rayonnante loin de la toiture. Dans les climats chauds, cela emp\u00eache la chaleur excessive de s'infiltrer dans les espaces de vie situ\u00e9s en dessous, abaissant ainsi la temp\u00e9rature int\u00e9rieure et r\u00e9duisant la charge de travail des syst\u00e8mes de climatisation. Par exemple, en \u00e9t\u00e9, les barri\u00e8res radiantes peuvent r\u00e9duire la temp\u00e9rature des combles de 11 \u00e0 17 \u00b0C, ce qui r\u00e9duit consid\u00e9rablement la consommation d'\u00e9nergie pour la climatisation.<\/li>\n<li><strong>Murs<\/strong>: Install\u00e9es dans les cavit\u00e9s murales ext\u00e9rieures ou int\u00e9rieures, les barri\u00e8res radiantes r\u00e9fl\u00e9chissent la chaleur rayonnante de l'ext\u00e9rieur (par temps chaud) et retiennent la chaleur int\u00e9rieure (par temps froid). Elles stabilisent la temp\u00e9rature int\u00e9rieure, am\u00e9liorent le confort et compl\u00e8tent l'isolation traditionnelle en s'attaquant au transfert de la chaleur rayonnante, un aspect que l'isolation seule ne parvient pas \u00e0 ma\u00eetriser.<\/li>\n<li><strong>Planchers<\/strong>: Dans les r\u00e9gions froides, des barri\u00e8res radiantes sont parfois plac\u00e9es sous les planchers ou les dalles de b\u00e9ton. Elles bloquent les pertes de chaleur par rayonnement vers le sol, ce qui permet de garder les planchers plus chauds et de r\u00e9duire les besoins en chauffage, en particulier dans les maisons dot\u00e9es de vides sanitaires ou de sous-sols non chauff\u00e9s.<\/li>\n<\/ul>\n<h3><strong>2. Installations industrielles<\/strong><\/h3>\n<div>Les barri\u00e8res radiantes sont utilis\u00e9es dans les usines, les entrep\u00f4ts et les usines de fabrication, des espaces souvent dot\u00e9s de grandes surfaces non isol\u00e9es et expos\u00e9es \u00e0 la lumi\u00e8re du soleil. En r\u00e9fl\u00e9chissant la chaleur radiante du soleil sur les toits et les murs ext\u00e9rieurs, elles abaissent la temp\u00e9rature int\u00e9rieure, cr\u00e9ant ainsi un environnement de travail plus confortable pour les employ\u00e9s. En outre, ils r\u00e9duisent l'\u00e9nergie n\u00e9cessaire pour refroidir les \u00e9quipements ou les zones de production sensibles \u00e0 la temp\u00e9rature, ce qui diminue les co\u00fbts d'exploitation.<\/div>\n<h3><strong>3. A\u00e9rospatiale et aviation<\/strong><\/h3>\n<div>Le secteur a\u00e9rospatial utilise des barri\u00e8res radiantes de haute performance, d\u00e9velopp\u00e9es \u00e0 l'origine pour les missions spatiales. Par exemple, le programme Apollo de la NASA a utilis\u00e9 des barri\u00e8res radiantes minces \u00e0 base d'aluminium qui r\u00e9fl\u00e9chissent plus de 95% de chaleur radiante. Ces barri\u00e8res prot\u00e8gent les engins spatiaux, les \u00e9quipements embarqu\u00e9s et les astronautes des fluctuations extr\u00eames de temp\u00e9rature dans l'espace (de -250\u00b0F \u00e0 250\u00b0F\/-157\u00b0C \u00e0 121\u00b0C) en r\u00e9fl\u00e9chissant le rayonnement solaire loin de l'engin ou en retenant la chaleur lorsque c'est n\u00e9cessaire. Une technologie similaire est maintenant utilis\u00e9e dans les composants des avions pour r\u00e9guler les temp\u00e9ratures dans les soutes ou les baies avioniques.<\/div>\n<h2><strong>Cas de r\u00e9ussite :<\/strong><\/h2>\n<h3><strong>Cas 1 : Barri\u00e8re radiante chez Kerry Langley (G\u00e9orgie)<\/strong><\/h3>\n<div>En 2003, Kerry Langley, propri\u00e9taire d'une maison dans la r\u00e9gion d'Atlanta (G\u00e9orgie), a recherch\u00e9 des solutions d'efficacit\u00e9 \u00e9nerg\u00e9tique lors de la construction d'une nouvelle maison. Il a d\u00e9couvert une barri\u00e8re radiante con\u00e7ue pour bloquer jusqu'\u00e0 97% de chaleur radiante provenant des panneaux de toiture avant qu'elle ne p\u00e9n\u00e8tre dans le grenier. Malgr\u00e9 la r\u00e9sistance initiale de son constructeur (qui ne connaissait pas le produit), M. Langley a insist\u00e9 pour l'installer.<\/div>\n<div>Les r\u00e9sultats ont \u00e9t\u00e9 imm\u00e9diats et durables : La barri\u00e8re radiante a emp\u00each\u00e9 la chaleur solaire excessive de s'accumuler dans les combles, r\u00e9duisant ainsi le transfert de chaleur vers les espaces de vie de la maison. Non seulement les temp\u00e9ratures int\u00e9rieures sont rest\u00e9es plus confortables pendant les \u00e9t\u00e9s \u00e9touffants de la G\u00e9orgie, mais les factures de climatisation de la famille ont \u00e9t\u00e9 r\u00e9duites d'environ 15-20% par an. Langley a not\u00e9 par la suite que l'investissement dans la barri\u00e8re radiante avait \u00e9t\u00e9 amorti en 3 ou 4 ans gr\u00e2ce aux \u00e9conomies d'\u00e9nergie r\u00e9alis\u00e9es<\/div>\n<\/li>\n<\/ul>\n<\/div>\n<div><img decoding=\"async\" class=\"ckimgrsz\" src=\"https:\/\/yunpan.cdn.site.joinf.com\/4995171754491181\/jjMJhFiWEE.png\" alt=\"\" width=\"1038\" height=\"691\" data-cke-saved-src=\"https:\/\/yunpan.cdn.site.joinf.com\/4995171754491181\/jjMJhFiWEE.png\" \/><\/div>\n<div>\n<h3><strong>Cas 2 : Utilisation standardis\u00e9e de Radiant barrier\u00ae par Davidon Homes<\/strong><\/h3>\n<div><strong>Davidon Homes<\/strong>, Un grand constructeur de maisons aux \u00c9tats-Unis, sp\u00e9cialis\u00e9 dans les propri\u00e9t\u00e9s r\u00e9sidentielles de haute qualit\u00e9, a adopt\u00e9 le produit peu de temps apr\u00e8s son lancement. Un moment d\u00e9cisif s'est produit lors de la visite d'une maison en cours de construction : Un jour o\u00f9 les temp\u00e9ratures ext\u00e9rieures d\u00e9passaient 27\u00b0C, les responsables ont remarqu\u00e9 que l'int\u00e9rieur de la maison - \u00e9quip\u00e9e de - restait nettement plus frais que les structures comparables non isol\u00e9es.<\/div>\n<div>Impressionn\u00e9 par cette performance, Davidon Homes a fait une demande d'aide aupr\u00e8s de la Commission europ\u00e9enne.\u00a0<strong>caract\u00e9ristique standard<\/strong>\u00a0dans toutes ses nouvelles constructions - une pratique qui se poursuit depuis pr\u00e8s de 8 ans. La barri\u00e8re radiante a permis au constructeur de r\u00e9duire la taille des syst\u00e8mes CVC (puisque moins de capacit\u00e9 de refroidissement \u00e9tait n\u00e9cessaire), r\u00e9duisant ainsi les co\u00fbts de construction initiaux tout en maintenant l'efficacit\u00e9 \u00e9nerg\u00e9tique. Pour les maisons de 3 000 \u00e0 plus de 5 000 pieds carr\u00e9s, les propri\u00e9taires ont fait \u00e9tat d'\u00e9conomies constantes en mati\u00e8re de refroidissement et d'un confort am\u00e9lior\u00e9, consolidant ainsi la r\u00e9putation de Davidon en mati\u00e8re de conception durable et efficace sur le plan \u00e9nerg\u00e9tique.<\/div>\n<div><img decoding=\"async\" class=\"ckimgrsz\" src=\"https:\/\/yunpan.cdn.site.joinf.com\/4995171754491181\/XQjQa5r5f7.png\" alt=\"\" data-cke-saved-src=\"https:\/\/yunpan.cdn.site.joinf.com\/4995171754491181\/XQjQa5r5f7.png\" \/><\/div>\n<\/div>\n<div>\n<h2><strong>Notre gamme de produits pour <\/strong><strong>Barri\u00e8re radiante<\/strong><\/h2>\n<p><img decoding=\"async\" class=\"alignnone  wp-image-1107\" src=\"https:\/\/unitedperfect.com\/wp-content\/uploads\/2026\/01\/Production-line.jpg\" alt=\"\" width=\"1043\" height=\"470\" srcset=\"https:\/\/unitedperfect.com\/wp-content\/uploads\/2026\/01\/Production-line.jpg 750w, https:\/\/unitedperfect.com\/wp-content\/uploads\/2026\/01\/Production-line-300x135.jpg 300w, https:\/\/unitedperfect.com\/wp-content\/uploads\/2026\/01\/Production-line-18x8.jpg 18w, https:\/\/unitedperfect.com\/wp-content\/uploads\/2026\/01\/Production-line-200x90.jpg 200w, https:\/\/unitedperfect.com\/wp-content\/uploads\/2026\/01\/Production-line-600x270.jpg 600w\" sizes=\"(max-width: 1043px) 100vw, 1043px\" \/><\/p>\n<h2><b>Nos emballages pour <\/b><strong>Barri\u00e8re radiante<\/strong><\/h2>\n<p><img loading=\"lazy\" decoding=\"async\" class=\"alignnone  wp-image-1106\" src=\"https:\/\/unitedperfect.com\/wp-content\/uploads\/2026\/01\/packing.jpg\" alt=\"\" width=\"1044\" height=\"572\" srcset=\"https:\/\/unitedperfect.com\/wp-content\/uploads\/2026\/01\/packing.jpg 750w, https:\/\/unitedperfect.com\/wp-content\/uploads\/2026\/01\/packing-300x164.jpg 300w, https:\/\/unitedperfect.com\/wp-content\/uploads\/2026\/01\/packing-18x10.jpg 18w, https:\/\/unitedperfect.com\/wp-content\/uploads\/2026\/01\/packing-200x110.jpg 200w, https:\/\/unitedperfect.com\/wp-content\/uploads\/2026\/01\/packing-600x329.jpg 600w\" sizes=\"(max-width: 1044px) 100vw, 1044px\" \/><\/p>\n<p>&nbsp;<\/p>\n<h2><b>Nos clients<\/b><\/h2>\n<p><img loading=\"lazy\" decoding=\"async\" class=\"ckimgrsz\" src=\"https:\/\/yunpan.cdn.site.joinf.com\/4995171754491181\/5xmzwBEBb40.19833140309542607\" width=\"1200\" height=\"1200\" data-cke-saved-src=\"https:\/\/yunpan.cdn.site.joinf.com\/4995171754491181\/5xmzwBEBb40.19833140309542607\" \/><\/p>\n<p>&nbsp;<\/p>\n<p class=\"p\"><b>CONTACTEZ-NOUS<\/b><\/p>\n<p class=\"p\"><b>Jinan United Perfect Building Materials Corporation<\/b><\/p>\n<p class=\"p\"><b>M<\/b>: +86 139 6416 6699 \u00a0<b>P<\/b>:\u00a0+86-531 8190 1621 \u00a0<b>F<\/b>:\u00a0+86-531 8281 4295<\/p>\n<p class=\"p\"><b>Whatsapp :<\/b>\u00a0+8613426130536 \u00a0<b>Skype :<\/b><b>\u00a0<\/b>harald2009 \u00a0<b>Wechat :<\/b>\u00a013426130536<\/p>\n<p><img loading=\"lazy\" decoding=\"async\" class=\"ckimgrsz\" src=\"https:\/\/yunpan.cdn.site.joinf.com\/4995171754491181\/XzYPTGwk4F.jpg\" alt=\"\" width=\"520\" height=\"239\" data-cke-saved-src=\"https:\/\/yunpan.cdn.site.joinf.com\/4995171754491181\/XzYPTGwk4F.jpg\" \/><\/p>\n<\/div>","protected":false},"excerpt":{"rendered":"<p>OPERFECT\u2122 La barri\u00e8re radiante est un mat\u00e9riau de construction sp\u00e9cialis\u00e9 con\u00e7u pour r\u00e9duire le transfert de chaleur par rayonnement dans les maisons, les b\u00e2timents ou les espaces clos, contrairement \u00e0 l'isolation (qui bloque principalement le flux de chaleur conductif\/convectif). Elle fonctionne en r\u00e9fl\u00e9chissant une grande partie du rayonnement infrarouge (IR) du soleil (la principale source de gain de chaleur dans les climats chauds) loin de la structure, plut\u00f4t qu'en l'absorbant. Cela permet de maintenir des temp\u00e9ratures int\u00e9rieures plus confortables et de r\u00e9duire les co\u00fbts \u00e9nerg\u00e9tiques li\u00e9s au chauffage et \u00e0 la climatisation.<\/p>","protected":false},"featured_media":1125,"comment_status":"open","ping_status":"closed","template":"","meta":[],"product_brand":[],"product_cat":[67],"product_tag":[],"class_list":{"0":"post-1194","1":"product","2":"type-product","3":"status-publish","4":"has-post-thumbnail","6":"product_cat-radiant-barrier","8":"first","9":"instock","10":"shipping-taxable","11":"product-type-simple"},"aioseo_notices":[],"_links":{"self":[{"href":"https:\/\/unitedperfect.com\/fr\/wp-json\/wp\/v2\/product\/1194","targetHints":{"allow":["GET"]}}],"collection":[{"href":"https:\/\/unitedperfect.com\/fr\/wp-json\/wp\/v2\/product"}],"about":[{"href":"https:\/\/unitedperfect.com\/fr\/wp-json\/wp\/v2\/types\/product"}],"replies":[{"embeddable":true,"href":"https:\/\/unitedperfect.com\/fr\/wp-json\/wp\/v2\/comments?post=1194"}],"wp:featuredmedia":[{"embeddable":true,"href":"https:\/\/unitedperfect.com\/fr\/wp-json\/wp\/v2\/media\/1125"}],"wp:attachment":[{"href":"https:\/\/unitedperfect.com\/fr\/wp-json\/wp\/v2\/media?parent=1194"}],"wp:term":[{"taxonomy":"product_brand","embeddable":true,"href":"https:\/\/unitedperfect.com\/fr\/wp-json\/wp\/v2\/product_brand?post=1194"},{"taxonomy":"product_cat","embeddable":true,"href":"https:\/\/unitedperfect.com\/fr\/wp-json\/wp\/v2\/product_cat?post=1194"},{"taxonomy":"product_tag","embeddable":true,"href":"https:\/\/unitedperfect.com\/fr\/wp-json\/wp\/v2\/product_tag?post=1194"}],"curies":[{"name":"wp","href":"https:\/\/api.w.org\/{rel}","templated":true}]}}