{"id":1188,"date":"2026-01-14T08:58:53","date_gmt":"2026-01-14T08:58:53","guid":{"rendered":"https:\/\/unitedperfect.com\/?post_type=product&#038;p=1188"},"modified":"2026-01-14T09:28:59","modified_gmt":"2026-01-14T09:28:59","slug":"vapor-barrier","status":"publish","type":"product","link":"https:\/\/unitedperfect.com\/fr\/produit\/vapor-barrier\/","title":{"rendered":"Pare-vapeur"},"content":{"rendered":"<h2><b>Qu'est-ce que la\u00a0<\/b><b>OPERFECT\u2122<\/b><b>\u00a0\u00a0Pare-vapeur ?<\/b><\/h2>\n<div>\n<p class=\"p\" align=\"justify\"><strong>OPERFECT\u2122 Pare-vapeur <\/strong>Les pare-vapeurs sont des composants essentiels de l'enveloppe des b\u00e2timents, con\u00e7us pour contr\u00f4ler le mouvement de la vapeur d'eau \u00e0 l'int\u00e9rieur des structures, ce qui entra\u00eene des probl\u00e8mes de qualit\u00e9 de l'air int\u00e9rieur et des dommages structurels.Ils sont g\u00e9n\u00e9ralement plac\u00e9s du c\u00f4t\u00e9 chaud des assemblages de b\u00e2timents, tels que les murs, les toits et les planchers, afin d'emp\u00eacher l'humidit\u00e9 de p\u00e9n\u00e9trer dans les zones int\u00e9rieures.Les pare-vapeurs sont un composant essentiel des pratiques de construction modernes, contribuant \u00e0 la long\u00e9vit\u00e9 et \u00e0 la durabilit\u00e9 des assemblages de b\u00e2timents.<\/p>\n<h2 align=\"justify\"><b>Ce qu'il faut faire <\/b><b>OPERFECT\u2122<\/b><b>\u00a0Vapor Barrier peut vous offrir ?<\/b><\/h2>\n<p class=\"p\"><b>Sur mesure : \u00a0<\/b><b><i>Votre logo, votre \u00e9tiquette, votre couleur, etc.<\/i><\/b><\/p>\n<p class=\"p\"><b>Nous pouvons vous proposer des services FOB, CIF et \u00e9galement des services porte \u00e0 porte.<\/b>,<b>\u00a0\u00c9conomisez 10% sur les co\u00fbts d'approvisionnement et augmentez l'efficacit\u00e9 de l'approvisionnement de 30%.<\/b><\/p>\n<p class=\"p\" align=\"justify\"><b>Normes de qualit\u00e9<\/b><b><span style=\"font-family: \u5b8b\u4f53;\">\uff1a<\/span><\/b><\/p>\n<p class=\"p\" align=\"justify\"><b><span style=\"font-family: Arial, Helvetica, sans-serif;\">\u2013 <\/span><\/b>ASTM D226 pour les types I et II<\/p>\n<p class=\"p\" align=\"justify\"><b><span style=\"font-family: Arial, Helvetica, sans-serif;\">\u2013 <\/span><\/b>ASTM D4869<\/p>\n<p class=\"p\" align=\"justify\"><b><span style=\"font-family: Arial, Helvetica, sans-serif;\">\u2013<\/span><\/b>CAN\/CSA A220.1<\/p>\n<p class=\"p\" align=\"justify\"><b><span style=\"font-family: Arial, Helvetica, sans-serif;\">\u2013<\/span><\/b>CAN\/CSA A123.3<\/p>\n<p class=\"p\" align=\"justify\"><b><span style=\"font-family: Arial, Helvetica, sans-serif;\">\u2013<\/span><\/b>CLASSE A FEU ASTM E108<\/p>\n<p class=\"p\" align=\"justify\"><b><span style=\"font-family: Arial, Helvetica, sans-serif;\">\u2013<\/span><\/b><b>\u00a0<\/b>ICC-ES AC 188 ;<\/p>\n<p class=\"p\" align=\"justify\"><b>Capacit\u00e9 de production : 50<\/b><i>*40HQ\/mois\u00a0<\/i><\/p>\n<p class=\"p\" align=\"justify\"><b>MOQ :<\/b><b><i>\u00a0626<\/i><\/b><i> Rouleaux<\/i><\/p>\n<h2 align=\"justify\"><b>Quelles sont les caract\u00e9ristiques et les avantages ?<\/b>\u00a0<b>de\u00a0<\/b><b>OPERFECT\u2122 Pare-vapeur<span style=\"font-family: \u5b8b\u4f53;\">\uff1f<\/span><\/b><\/h2>\n<ul>\n<li><strong>Fonctionnalit\u00e9 de base :<\/strong> Contr\u00f4le pr\u00e9cis de la p\u00e9n\u00e9tration de la vapeur d'eau<\/li>\n<li><strong>Fonction d'adaptation de sc\u00e8ne :<\/strong> Une r\u00e9ponse flexible aux climats et aux types de b\u00e2timents<\/li>\n<li><strong>\u00a0Mat\u00e9riau et construction Caract\u00e9ristiques : <\/strong>Installation facile et grande compatibilit\u00e9<\/li>\n<li><strong>Caract\u00e9ristique de valeur suppl\u00e9mentaire :<\/strong> Concilier l'efficacit\u00e9 \u00e9nerg\u00e9tique et la sant\u00e9<\/li>\n<li><strong>Caract\u00e9ristique \u00e9conomique et d'entretien : <\/strong>Optimisation des co\u00fbts \u00e0 long terme<\/li>\n<\/ul>\n<h2 align=\"justify\"><b><span class=\"15\">Avantages du pare-vapeur OPERFECT\u2122 ?<\/span><\/b><\/h2>\n<ul>\n<li><strong>Prot\u00e9ger les structures et prolonger la dur\u00e9e de vie : <\/strong>Bloquer l'humidit\u00e9 pour prot\u00e9ger les composants en bois\/m\u00e9tal, garder l'isolation s\u00e8che et prolonger la dur\u00e9e de vie du b\u00e2timent.<\/li>\n<li><strong>Augmenter l'efficacit\u00e9 et r\u00e9duire la consommation d'\u00e9nergie :<\/strong> R\u00e9duire les pertes de chaleur par conduction de l'humidit\u00e9 et le d\u00e9gagement de chaleur par condensation, ce qui r\u00e9duit la consommation d'\u00e9nergie pour le chauffage.<\/li>\n<li><strong>Am\u00e9liorer l'environnement et la sant\u00e9 : <\/strong>Contr\u00f4ler l'humidit\u00e9 pour \u00e9viter les moisissures, stabiliser une humidit\u00e9 confortable (40%-60%) et emp\u00eacher la condensation sur les murs.<\/li>\n<li><strong>Grande adaptabilit\u00e9 et large utilisation : <\/strong>Ajuster les performances en fonction du climat\/sc\u00e9nario pour s'adapter aux diff\u00e9rents types de b\u00e2timents.<\/li>\n<li><strong>R\u00e9duire la maintenance et les co\u00fbts : <\/strong>Prolonger le cycle de maintenance (15-20+ ans) et r\u00e9duire le remplacement\/la r\u00e9novation des composants.<\/li>\n<\/ul>\n<\/div>\n<div><img decoding=\"async\" class=\"ckimgrsz\" src=\"https:\/\/yunpan.cdn.site.joinf.com\/4995171754491181\/FGKXR72ZQA.jpg\" alt=\"\" data-cke-saved-src=\"https:\/\/yunpan.cdn.site.joinf.com\/4995171754491181\/FGKXR72ZQA.jpg\" \/><\/div>\n<h2><b>Quelle est l'application d'OPERFECT\u2122 ?\u00a0<\/b><b><span class=\"15\">Pare-vapeur<\/span><\/b><b>?<\/b><\/h2>\n<div>\n<ul>\n<li data-line=\"true\" data-list=\"bullet1\"><b>B\u00e2timents en bois<\/b>: Utilis\u00e9 dans les murs et les toits pour prot\u00e9ger les charpentes en bois de l'humidit\u00e9, des moisissures et des fissures.<\/li>\n<li data-line=\"true\" data-list=\"bullet1\"><b>Enveloppes des b\u00e2timents<\/b>: Appliqu\u00e9 sur les toits (toits plats\/pentes) et les sols (en particulier les sous-sols) pour bloquer l'humidit\u00e9 et prot\u00e9ger les couches d'isolation.<\/li>\n<li data-line=\"true\" data-list=\"bullet1\"><b>Lieux \u00e0 forte humidit\u00e9<\/b>: Utilis\u00e9 dans les piscines, les usines alimentaires et les salles de bains pour emp\u00eacher l'infiltration de grandes quantit\u00e9s d'humidit\u00e9 dans les structures.<\/li>\n<li data-line=\"true\" data-list=\"bullet1\"><b>B\u00e2timents dans diff\u00e9rentes zones climatiques<\/b>: Les types \u00e0 haute r\u00e9sistance \u00e0 la vapeur sont utilis\u00e9s dans les r\u00e9gions froides du nord de l'Europe ; les types ajustables et perm\u00e9ables \u00e0 la vapeur peuvent \u00eatre utilis\u00e9s dans les r\u00e9gions chaudes et humides du sud de l'Europe.<\/li>\n<\/ul>\n<\/div>\n<div>\n<h2 class=\"p\"><strong><b>Cas de r\u00e9ussite :<\/b><\/strong><\/h2>\n<p class=\"p\"><strong>Cas 1 :<\/strong> Restauration d'un b\u00e2timent \u00e0 ossature en bois du 17e si\u00e8cle au Royaume-Uni Un b\u00e2timent historique en bois du Royaume-Uni \u00e9tait confront\u00e9 \u00e0 la moisissure et \u00e0 la pourriture des poutres en bois en raison de l'humidit\u00e9. L'installation d'un pare-vapeur perm\u00e9able \u00e0 l'air sur les murs int\u00e9rieurs et sous les planchers a permis de bloquer l'humidit\u00e9 ext\u00e9rieure, de stopper la croissance des moisissures et d'ass\u00e9cher le bois. Sans ce pare-vapeur, le remplacement co\u00fbteux du bois structurel (et l'atteinte \u00e0 l'int\u00e9grit\u00e9 historique) aurait \u00e9t\u00e9 in\u00e9vitable.<\/p>\n<p class=\"p\"><strong>Cas 2 : <\/strong>Nord de l'Allemagne Entrep\u00f4t d'\u00e9quipements \u00e9lectroniques Un entrep\u00f4t allemand stockant des \u00e9quipements \u00e9lectroniques de valeur avait besoin de lutter contre l'humidit\u00e9 locale \u00e9lev\u00e9e. Un pare-vapeur \u00e0 faible perm\u00e9abilit\u00e9 plac\u00e9 sous le sol en b\u00e9ton et les murs int\u00e9rieurs a bloqu\u00e9 l'humidit\u00e9 du sol et la vapeur ext\u00e9rieure. Un entrep\u00f4t voisin qui en \u00e9tait d\u00e9pourvu a subi des dommages \u00e9lectroniques co\u00fbteux dus \u00e0 l'humidit\u00e9. Ce pare-vapeur a permis de prot\u00e9ger les biens stock\u00e9s et d'\u00e9viter d'\u00e9normes co\u00fbts de remplacement.<\/p>\n<p class=\"p\"><strong>Cas 3 :<\/strong> Complexe de piscines fran\u00e7ais Un complexe de piscines fran\u00e7ais, o\u00f9 l'humidit\u00e9 des piscines et des douches \u00e9tait \u00e9lev\u00e9e, risquait de provoquer des moisissures, l'\u00e9caillage de la peinture et la corrosion du m\u00e9tal. Un pare-vapeur sp\u00e9cialis\u00e9 (install\u00e9 dans les zones expos\u00e9es \u00e0 l'humidit\u00e9) a bloqu\u00e9 la p\u00e9n\u00e9tration de la vapeur et r\u00e9duit la condensation. Sans lui, des r\u00e9parations fr\u00e9quentes et co\u00fbteuses (repeindre, remplacer les appareils) auraient \u00e9t\u00e9 n\u00e9cessaires peu de temps apr\u00e8s l'ouverture.<\/p>\n<p>Il existe de nombreux cas similaires. Contrairement aux mat\u00e9riaux imperm\u00e9ables traditionnels tels que le feutre synth\u00e9tique (qui est lourd et difficile \u00e0 installer), notre sous-couche synth\u00e9tique pr\u00e9sente une r\u00e9sistance \u00e9lev\u00e9e \u00e0 la d\u00e9chirure et une performance imperm\u00e9able sup\u00e9rieure, offrant une excellente protection \u00e0 votre toiture.<\/p>\n<h2><strong>Notre gamme de produits pour les mat\u00e9riaux imperm\u00e9ables<\/strong><\/h2>\n<p><img fetchpriority=\"high\" decoding=\"async\" class=\"ckimgrsz\" src=\"https:\/\/yunpan.cdn.site.joinf.com\/4995171754491181\/W2fh4k8DY6.avif\" alt=\"\" width=\"1366\" height=\"687\" data-cke-saved-src=\"https:\/\/yunpan.cdn.site.joinf.com\/4995171754491181\/W2fh4k8DY6.avif\" \/><\/p>\n<p>&nbsp;<\/p>\n<h2><b>Nos emballages pour <\/b><strong>mat\u00e9riaux imperm\u00e9ables<\/strong><\/h2>\n<p><img decoding=\"async\" class=\"ckimgrsz\" src=\"https:\/\/yunpan.cdn.site.joinf.com\/4995171754491181\/mCBCnyEMeF.avif\" alt=\"\" width=\"1359\" height=\"551\" data-cke-saved-src=\"https:\/\/yunpan.cdn.site.joinf.com\/4995171754491181\/mCBCnyEMeF.avif\" \/><\/p>\n<p>&nbsp;<\/p>\n<h2><b>Nos clients<\/b><\/h2>\n<p><img decoding=\"async\" class=\"ckimgrsz\" src=\"https:\/\/yunpan.cdn.site.joinf.com\/4995171754491181\/5xmzwBEBb40.19833140309542607\" width=\"1200\" height=\"1200\" data-cke-saved-src=\"https:\/\/yunpan.cdn.site.joinf.com\/4995171754491181\/5xmzwBEBb40.19833140309542607\" \/><\/p>\n<p>&nbsp;<\/p>\n<p class=\"p\"><b>CONTACTEZ-NOUS<\/b><\/p>\n<p class=\"p\"><b>Jinan United Perfect Building Materials Corporation<\/b><\/p>\n<p class=\"p\"><b>M<\/b>: +86 139 6416 6699 \u00a0<b>P<\/b>:\u00a0+86-531 8190 1621 \u00a0<b>F<\/b>:\u00a0+86-531 8281 4295<\/p>\n<p class=\"p\"><b>Whatsapp :<\/b>\u00a0+8613426130536 \u00a0<b>Skype :<\/b><b>\u00a0<\/b>harald2009 \u00a0<b>Wechat :<\/b>\u00a013426130536<\/p>\n<p><img loading=\"lazy\" decoding=\"async\" class=\"ckimgrsz\" src=\"https:\/\/yunpan.cdn.site.joinf.com\/4995171754491181\/XzYPTGwk4F.jpg\" alt=\"\" width=\"520\" height=\"239\" data-cke-saved-src=\"https:\/\/yunpan.cdn.site.joinf.com\/4995171754491181\/XzYPTGwk4F.jpg\" \/><\/p>\n<\/div>","protected":false},"excerpt":{"rendered":"<p>OPERFECT\u2122 Vapor Barriers sont des composants cruciaux de l'enveloppe des b\u00e2timents con\u00e7us pour contr\u00f4ler le mouvement de la vapeur d'eau dans les structures qui causent des probl\u00e8mes de qualit\u00e9 de l'air int\u00e9rieur et conduisent \u00e0 des dommages structurels.Ils sont g\u00e9n\u00e9ralement plac\u00e9s sur le c\u00f4t\u00e9 chaud des assemblages de b\u00e2timents, tels que les murs, les toits et les planchers, afin d'emp\u00eacher l'humidit\u00e9 de p\u00e9n\u00e9trer dans les zones int\u00e9rieures.Les pare-vapeur sont un composant essentiel des pratiques de construction modernes, contribuant \u00e0 la long\u00e9vit\u00e9 et \u00e0 la durabilit\u00e9 des assemblages de b\u00e2timents.<\/p>","protected":false},"featured_media":1189,"comment_status":"open","ping_status":"closed","template":"","meta":[],"product_brand":[],"product_cat":[66],"product_tag":[],"class_list":{"0":"post-1188","1":"product","2":"type-product","3":"status-publish","4":"has-post-thumbnail","6":"product_cat-vapor-barrier","8":"first","9":"instock","10":"shipping-taxable","11":"product-type-simple"},"aioseo_notices":[],"_links":{"self":[{"href":"https:\/\/unitedperfect.com\/fr\/wp-json\/wp\/v2\/product\/1188","targetHints":{"allow":["GET"]}}],"collection":[{"href":"https:\/\/unitedperfect.com\/fr\/wp-json\/wp\/v2\/product"}],"about":[{"href":"https:\/\/unitedperfect.com\/fr\/wp-json\/wp\/v2\/types\/product"}],"replies":[{"embeddable":true,"href":"https:\/\/unitedperfect.com\/fr\/wp-json\/wp\/v2\/comments?post=1188"}],"wp:featuredmedia":[{"embeddable":true,"href":"https:\/\/unitedperfect.com\/fr\/wp-json\/wp\/v2\/media\/1189"}],"wp:attachment":[{"href":"https:\/\/unitedperfect.com\/fr\/wp-json\/wp\/v2\/media?parent=1188"}],"wp:term":[{"taxonomy":"product_brand","embeddable":true,"href":"https:\/\/unitedperfect.com\/fr\/wp-json\/wp\/v2\/product_brand?post=1188"},{"taxonomy":"product_cat","embeddable":true,"href":"https:\/\/unitedperfect.com\/fr\/wp-json\/wp\/v2\/product_cat?post=1188"},{"taxonomy":"product_tag","embeddable":true,"href":"https:\/\/unitedperfect.com\/fr\/wp-json\/wp\/v2\/product_tag?post=1188"}],"curies":[{"name":"wp","href":"https:\/\/api.w.org\/{rel}","templated":true}]}}