{"id":1154,"date":"2026-01-14T06:40:27","date_gmt":"2026-01-14T06:40:27","guid":{"rendered":"https:\/\/unitedperfect.com\/?post_type=product&#038;p=1154"},"modified":"2026-01-14T07:11:22","modified_gmt":"2026-01-14T07:11:22","slug":"adhesive-tape","status":"publish","type":"product","link":"https:\/\/unitedperfect.com\/fr\/produit\/adhesive-tape\/","title":{"rendered":"Bande adh\u00e9sive"},"content":{"rendered":"<h1><strong>Ruban adh\u00e9sif<\/strong><\/h1>\n<h5><strong>Ruban adh\u00e9sif (<\/strong>Le ruban en feuille d'aluminium utilise une feuille d'aluminium comme support. Il est normalement utilis\u00e9 pour l'\u00e9tanch\u00e9it\u00e9, la r\u00e9paration des m\u00e9taux et l'emballage des tuyaux dans l'industrie de la climatisation, des r\u00e9frig\u00e9rateurs et de la construction de ponts.<\/h5>\n<p>*L'aluminium avec un support en fibre de verre offre une excellente r\u00e9flexion de la chaleur et de la lumi\u00e8re.<br \/>\n*Adh\u00e9sif de haute qualit\u00e9 avec une tr\u00e8s forte adh\u00e9rence pour une bonne \u00e9tanch\u00e9it\u00e9 et un bon collage sur les joints et les raccords du rev\u00eatement Foil-Scrim dans les applications industrielles.<br \/>\n*Le faible taux de transmission de la vapeur d'eau offre d'excellentes performances en mati\u00e8re d'\u00e9tanch\u00e9it\u00e9 et de rapi\u00e9\u00e7age.<\/p>\n<p><img fetchpriority=\"high\" decoding=\"async\" class=\"alignnone wp-image-1156 size-medium\" src=\"https:\/\/unitedperfect.com\/wp-content\/uploads\/2026\/01\/\u5fae\u4fe1\u56fe\u7247_20240910150941-300x300.jpg\" alt=\"\" width=\"300\" height=\"300\" srcset=\"https:\/\/unitedperfect.com\/wp-content\/uploads\/2026\/01\/\u5fae\u4fe1\u56fe\u7247_20240910150941-300x300.jpg 300w, https:\/\/unitedperfect.com\/wp-content\/uploads\/2026\/01\/\u5fae\u4fe1\u56fe\u7247_20240910150941-1024x1024.jpg 1024w, https:\/\/unitedperfect.com\/wp-content\/uploads\/2026\/01\/\u5fae\u4fe1\u56fe\u7247_20240910150941-150x150.jpg 150w, https:\/\/unitedperfect.com\/wp-content\/uploads\/2026\/01\/\u5fae\u4fe1\u56fe\u7247_20240910150941-768x768.jpg 768w, https:\/\/unitedperfect.com\/wp-content\/uploads\/2026\/01\/\u5fae\u4fe1\u56fe\u7247_20240910150941-1536x1536.jpg 1536w, https:\/\/unitedperfect.com\/wp-content\/uploads\/2026\/01\/\u5fae\u4fe1\u56fe\u7247_20240910150941-2048x2048.jpg 2048w, https:\/\/unitedperfect.com\/wp-content\/uploads\/2026\/01\/\u5fae\u4fe1\u56fe\u7247_20240910150941-12x12.jpg 12w, https:\/\/unitedperfect.com\/wp-content\/uploads\/2026\/01\/\u5fae\u4fe1\u56fe\u7247_20240910150941-200x200.jpg 200w, https:\/\/unitedperfect.com\/wp-content\/uploads\/2026\/01\/\u5fae\u4fe1\u56fe\u7247_20240910150941-600x600.jpg 600w, https:\/\/unitedperfect.com\/wp-content\/uploads\/2026\/01\/\u5fae\u4fe1\u56fe\u7247_20240910150941-100x100.jpg 100w\" sizes=\"(max-width: 300px) 100vw, 300px\" \/>\u00a0 \u00a0 \u00a0 <img decoding=\"async\" class=\"alignnone wp-image-1160\" src=\"https:\/\/unitedperfect.com\/wp-content\/uploads\/2026\/01\/3b3e3ac17e262487007473d0284ae1f-300x265.jpg\" alt=\"\" width=\"340\" height=\"300\" srcset=\"https:\/\/unitedperfect.com\/wp-content\/uploads\/2026\/01\/3b3e3ac17e262487007473d0284ae1f-300x265.jpg 300w, https:\/\/unitedperfect.com\/wp-content\/uploads\/2026\/01\/3b3e3ac17e262487007473d0284ae1f-1024x905.jpg 1024w, https:\/\/unitedperfect.com\/wp-content\/uploads\/2026\/01\/3b3e3ac17e262487007473d0284ae1f-768x678.jpg 768w, https:\/\/unitedperfect.com\/wp-content\/uploads\/2026\/01\/3b3e3ac17e262487007473d0284ae1f-1536x1357.jpg 1536w, https:\/\/unitedperfect.com\/wp-content\/uploads\/2026\/01\/3b3e3ac17e262487007473d0284ae1f-2048x1809.jpg 2048w, https:\/\/unitedperfect.com\/wp-content\/uploads\/2026\/01\/3b3e3ac17e262487007473d0284ae1f-14x12.jpg 14w, https:\/\/unitedperfect.com\/wp-content\/uploads\/2026\/01\/3b3e3ac17e262487007473d0284ae1f-200x177.jpg 200w, https:\/\/unitedperfect.com\/wp-content\/uploads\/2026\/01\/3b3e3ac17e262487007473d0284ae1f-600x530.jpg 600w\" sizes=\"(max-width: 340px) 100vw, 340px\" \/>\u00a0 \u00a0 \u00a0 <img decoding=\"async\" class=\"alignnone wp-image-1158 size-medium\" src=\"https:\/\/unitedperfect.com\/wp-content\/uploads\/2026\/01\/\u5fae\u4fe1\u56fe\u7247_20240910151004-300x300.jpg\" alt=\"\" width=\"300\" height=\"300\" srcset=\"https:\/\/unitedperfect.com\/wp-content\/uploads\/2026\/01\/\u5fae\u4fe1\u56fe\u7247_20240910151004-300x300.jpg 300w, https:\/\/unitedperfect.com\/wp-content\/uploads\/2026\/01\/\u5fae\u4fe1\u56fe\u7247_20240910151004-1024x1024.jpg 1024w, https:\/\/unitedperfect.com\/wp-content\/uploads\/2026\/01\/\u5fae\u4fe1\u56fe\u7247_20240910151004-150x150.jpg 150w, https:\/\/unitedperfect.com\/wp-content\/uploads\/2026\/01\/\u5fae\u4fe1\u56fe\u7247_20240910151004-768x768.jpg 768w, https:\/\/unitedperfect.com\/wp-content\/uploads\/2026\/01\/\u5fae\u4fe1\u56fe\u7247_20240910151004-1536x1536.jpg 1536w, https:\/\/unitedperfect.com\/wp-content\/uploads\/2026\/01\/\u5fae\u4fe1\u56fe\u7247_20240910151004-2048x2048.jpg 2048w, https:\/\/unitedperfect.com\/wp-content\/uploads\/2026\/01\/\u5fae\u4fe1\u56fe\u7247_20240910151004-12x12.jpg 12w, https:\/\/unitedperfect.com\/wp-content\/uploads\/2026\/01\/\u5fae\u4fe1\u56fe\u7247_20240910151004-200x200.jpg 200w, https:\/\/unitedperfect.com\/wp-content\/uploads\/2026\/01\/\u5fae\u4fe1\u56fe\u7247_20240910151004-600x600.jpg 600w, https:\/\/unitedperfect.com\/wp-content\/uploads\/2026\/01\/\u5fae\u4fe1\u56fe\u7247_20240910151004-100x100.jpg 100w\" sizes=\"(max-width: 300px) 100vw, 300px\" \/><\/p>\n<hr \/>\n<h2>Caract\u00e9ristiques et avantages<\/h2>\n<p class=\"ds-markdown-paragraph\"><strong>Barri\u00e8re d'air et d'humidit\u00e9<\/strong>\u00a0- Assure une \u00e9tanch\u00e9it\u00e9 totale aux infiltrations d'air, \u00e0 la vapeur et \u00e0 la poussi\u00e8re.<\/p>\n<p class=\"ds-markdown-paragraph\"><strong>R\u00e9sistant aux hautes temp\u00e9ratures<\/strong>\u00a0- R\u00e9siste \u00e0 des temp\u00e9ratures allant de -30\u00b0C \u00e0 150\u00b0C (-22\u00b0F \u00e0 302\u00b0F).<\/p>\n<p class=\"ds-markdown-paragraph\"><strong>Forte adh\u00e9rence<\/strong>\u00a0- L'adh\u00e9sif acrylique assure une liaison \u00e0 long terme avec la plupart des surfaces (m\u00e9taux, mat\u00e9riaux d'isolation, plastiques).<\/p>\n<p class=\"ds-markdown-paragraph\"><strong>Conformit\u00e9 et durabilit\u00e9<\/strong>\u00a0- R\u00e9siste aux d\u00e9chirures, \u00e0 l'exposition aux UV et aux produits chimiques.<\/p>\n<p class=\"ds-markdown-paragraph\"><strong>Conductivit\u00e9 thermique<\/strong>\u00a0- Am\u00e9liore le pont thermique dans les syst\u00e8mes d'isolation lorsqu'il est utilis\u00e9 correctement.<\/p>\n<hr \/>\n<h2 class=\"ds-markdown-paragraph\"><b>Applications<\/b><\/h2>\n<p class=\"ds-markdown-paragraph\"><strong>Etanch\u00e9it\u00e9 des conduits de CVC<\/strong>\u00a0- Joints et raccords des conduits m\u00e9talliques, des panneaux de fibres de verre et des conduits flexibles.<\/p>\n<p class=\"ds-markdown-paragraph\"><strong>Fermeture du syst\u00e8me d'isolation<\/strong>\u00a0- \u00c9tanch\u00e9it\u00e9 des isolants recouverts d'un film, des enveloppes de tuyaux et des barri\u00e8res r\u00e9fl\u00e9chissantes.<\/p>\n<p class=\"ds-markdown-paragraph\"><strong>R\u00e9paration et rapi\u00e9\u00e7age<\/strong>\u00a0- R\u00e9paration rapide des gaines d'isolation, des feuilles d'aluminium ou des surfaces m\u00e9talliques endommag\u00e9es.<\/p>\n<p class=\"ds-markdown-paragraph\"><strong>Blindage EMI\/RFI<\/strong>\u00a0- Blindage l\u00e9ger contre les interf\u00e9rences \u00e9lectromagn\u00e9tiques dans les bo\u00eetiers d'appareils \u00e9lectroniques et d'\u00e9quipements.<\/p>\n<p><img loading=\"lazy\" decoding=\"async\" class=\"alignnone wp-image-1162\" src=\"https:\/\/unitedperfect.com\/wp-content\/uploads\/2026\/01\/4e91da537701c1ba971e148317ad5b3.jpg\" alt=\"\" width=\"350\" height=\"290\" srcset=\"https:\/\/unitedperfect.com\/wp-content\/uploads\/2026\/01\/4e91da537701c1ba971e148317ad5b3.jpg 1000w, https:\/\/unitedperfect.com\/wp-content\/uploads\/2026\/01\/4e91da537701c1ba971e148317ad5b3-300x248.jpg 300w, https:\/\/unitedperfect.com\/wp-content\/uploads\/2026\/01\/4e91da537701c1ba971e148317ad5b3-768x636.jpg 768w, https:\/\/unitedperfect.com\/wp-content\/uploads\/2026\/01\/4e91da537701c1ba971e148317ad5b3-14x12.jpg 14w, https:\/\/unitedperfect.com\/wp-content\/uploads\/2026\/01\/4e91da537701c1ba971e148317ad5b3-200x166.jpg 200w, https:\/\/unitedperfect.com\/wp-content\/uploads\/2026\/01\/4e91da537701c1ba971e148317ad5b3-600x497.jpg 600w\" sizes=\"(max-width: 350px) 100vw, 350px\" \/>\u00a0 \u00a0 <img loading=\"lazy\" decoding=\"async\" class=\"alignnone wp-image-1161\" src=\"https:\/\/unitedperfect.com\/wp-content\/uploads\/2026\/01\/4c6c4b61a0650f707cd85b10eae217f-300x300.jpg\" alt=\"\" width=\"280\" height=\"280\" srcset=\"https:\/\/unitedperfect.com\/wp-content\/uploads\/2026\/01\/4c6c4b61a0650f707cd85b10eae217f-300x300.jpg 300w, https:\/\/unitedperfect.com\/wp-content\/uploads\/2026\/01\/4c6c4b61a0650f707cd85b10eae217f-150x150.jpg 150w, https:\/\/unitedperfect.com\/wp-content\/uploads\/2026\/01\/4c6c4b61a0650f707cd85b10eae217f-768x768.jpg 768w, https:\/\/unitedperfect.com\/wp-content\/uploads\/2026\/01\/4c6c4b61a0650f707cd85b10eae217f-12x12.jpg 12w, https:\/\/unitedperfect.com\/wp-content\/uploads\/2026\/01\/4c6c4b61a0650f707cd85b10eae217f-200x200.jpg 200w, https:\/\/unitedperfect.com\/wp-content\/uploads\/2026\/01\/4c6c4b61a0650f707cd85b10eae217f-600x600.jpg 600w, https:\/\/unitedperfect.com\/wp-content\/uploads\/2026\/01\/4c6c4b61a0650f707cd85b10eae217f-100x100.jpg 100w, https:\/\/unitedperfect.com\/wp-content\/uploads\/2026\/01\/4c6c4b61a0650f707cd85b10eae217f.jpg 800w\" sizes=\"(max-width: 280px) 100vw, 280px\" \/>\u00a0 \u00a0 \u00a0<img loading=\"lazy\" decoding=\"async\" class=\"alignnone wp-image-1159\" src=\"https:\/\/unitedperfect.com\/wp-content\/uploads\/2026\/01\/1-3.jpg\" alt=\"\" width=\"310\" height=\"294\" srcset=\"https:\/\/unitedperfect.com\/wp-content\/uploads\/2026\/01\/1-3.jpg 1000w, https:\/\/unitedperfect.com\/wp-content\/uploads\/2026\/01\/1-3-300x284.jpg 300w, https:\/\/unitedperfect.com\/wp-content\/uploads\/2026\/01\/1-3-768x728.jpg 768w, https:\/\/unitedperfect.com\/wp-content\/uploads\/2026\/01\/1-3-13x12.jpg 13w, https:\/\/unitedperfect.com\/wp-content\/uploads\/2026\/01\/1-3-200x190.jpg 200w, https:\/\/unitedperfect.com\/wp-content\/uploads\/2026\/01\/1-3-600x569.jpg 600w\" sizes=\"(max-width: 310px) 100vw, 310px\" \/><\/p>\n<hr \/>\n<h2><b><span class=\"15\">Ligne de produits<\/span><\/b><\/h2>\n<p><img loading=\"lazy\" decoding=\"async\" class=\"alignnone wp-image-1107\" src=\"https:\/\/unitedperfect.com\/wp-content\/uploads\/2026\/01\/Production-line.jpg\" alt=\"\" width=\"1050\" height=\"473\" srcset=\"https:\/\/unitedperfect.com\/wp-content\/uploads\/2026\/01\/Production-line.jpg 750w, https:\/\/unitedperfect.com\/wp-content\/uploads\/2026\/01\/Production-line-300x135.jpg 300w, https:\/\/unitedperfect.com\/wp-content\/uploads\/2026\/01\/Production-line-18x8.jpg 18w, https:\/\/unitedperfect.com\/wp-content\/uploads\/2026\/01\/Production-line-200x90.jpg 200w, https:\/\/unitedperfect.com\/wp-content\/uploads\/2026\/01\/Production-line-600x270.jpg 600w\" sizes=\"(max-width: 1050px) 100vw, 1050px\" \/><\/p>\n<hr \/>\n<h2>Emballage et chargement<\/h2>\n<p><img loading=\"lazy\" decoding=\"async\" class=\"alignnone wp-image-1106\" src=\"https:\/\/unitedperfect.com\/wp-content\/uploads\/2026\/01\/packing.jpg\" alt=\"\" width=\"1046\" height=\"573\" srcset=\"https:\/\/unitedperfect.com\/wp-content\/uploads\/2026\/01\/packing.jpg 750w, https:\/\/unitedperfect.com\/wp-content\/uploads\/2026\/01\/packing-300x164.jpg 300w, https:\/\/unitedperfect.com\/wp-content\/uploads\/2026\/01\/packing-18x10.jpg 18w, https:\/\/unitedperfect.com\/wp-content\/uploads\/2026\/01\/packing-200x110.jpg 200w, https:\/\/unitedperfect.com\/wp-content\/uploads\/2026\/01\/packing-600x329.jpg 600w\" sizes=\"(max-width: 1046px) 100vw, 1046px\" \/><\/p>\n<hr \/>\n<h2>Nos clients<\/h2>\n<p><img loading=\"lazy\" decoding=\"async\" class=\"alignnone size-full wp-image-904\" src=\"https:\/\/unitedperfect.com\/wp-content\/uploads\/2026\/01\/05d59bd794df7bd88208769f09815dc-2-scaled.jpg\" alt=\"\" width=\"2560\" height=\"1920\" srcset=\"https:\/\/unitedperfect.com\/wp-content\/uploads\/2026\/01\/05d59bd794df7bd88208769f09815dc-2-scaled.jpg 2560w, https:\/\/unitedperfect.com\/wp-content\/uploads\/2026\/01\/05d59bd794df7bd88208769f09815dc-2-300x225.jpg 300w, https:\/\/unitedperfect.com\/wp-content\/uploads\/2026\/01\/05d59bd794df7bd88208769f09815dc-2-1024x768.jpg 1024w, https:\/\/unitedperfect.com\/wp-content\/uploads\/2026\/01\/05d59bd794df7bd88208769f09815dc-2-768x576.jpg 768w, https:\/\/unitedperfect.com\/wp-content\/uploads\/2026\/01\/05d59bd794df7bd88208769f09815dc-2-1536x1152.jpg 1536w, https:\/\/unitedperfect.com\/wp-content\/uploads\/2026\/01\/05d59bd794df7bd88208769f09815dc-2-2048x1536.jpg 2048w, https:\/\/unitedperfect.com\/wp-content\/uploads\/2026\/01\/05d59bd794df7bd88208769f09815dc-2-16x12.jpg 16w, https:\/\/unitedperfect.com\/wp-content\/uploads\/2026\/01\/05d59bd794df7bd88208769f09815dc-2-600x450.jpg 600w\" sizes=\"(max-width: 2560px) 100vw, 2560px\" \/><\/p>\n<hr \/>\n<h3><strong>CONTACTEZ-NOUS<\/strong><\/h3>\n<div>\n<p><b>Jinan United Perfect Building Materials Corporation<\/b><\/p>\n<p><b>M<\/b>: +86 139 6416 6699 \u00a0<b>P<\/b>:\u00a0+86-531 8190 1621 \u00a0<b>F<\/b>:\u00a0+86-531 8281 4295<\/p>\n<p><b>Whatsapp :<\/b>\u00a0+8613426130536 \u00a0<b>Skype :<\/b><b>\u00a0<\/b>harald2009 \u00a0<b>Wechat :<\/b>\u00a013426130536<\/p>\n<p><img loading=\"lazy\" decoding=\"async\" class=\"\" src=\"https:\/\/yunpan.cdn.site.joinf.com\/4995171754491181\/XzYPTGwk4F.jpg\" width=\"518\" height=\"238\" \/><\/p>\n<\/div>","protected":false},"excerpt":{"rendered":"<p>Le ruban adh\u00e9sif (ruban en feuille d'aluminium) utilise une feuille d'aluminium comme support. Il est normalement utilis\u00e9 pour l'\u00e9tanch\u00e9it\u00e9, la r\u00e9paration des m\u00e9taux et l'emballage des tuyaux dans l'industrie de la climatisation, des r\u00e9frig\u00e9rateurs et de la construction de ponts.<\/p>","protected":false},"featured_media":1156,"comment_status":"open","ping_status":"closed","template":"","meta":[],"product_brand":[],"product_cat":[60],"product_tag":[],"class_list":{"0":"post-1154","1":"product","2":"type-product","3":"status-publish","4":"has-post-thumbnail","6":"product_cat-adhesive-tape","8":"first","9":"instock","10":"shipping-taxable","11":"product-type-simple"},"aioseo_notices":[],"_links":{"self":[{"href":"https:\/\/unitedperfect.com\/fr\/wp-json\/wp\/v2\/product\/1154","targetHints":{"allow":["GET"]}}],"collection":[{"href":"https:\/\/unitedperfect.com\/fr\/wp-json\/wp\/v2\/product"}],"about":[{"href":"https:\/\/unitedperfect.com\/fr\/wp-json\/wp\/v2\/types\/product"}],"replies":[{"embeddable":true,"href":"https:\/\/unitedperfect.com\/fr\/wp-json\/wp\/v2\/comments?post=1154"}],"wp:featuredmedia":[{"embeddable":true,"href":"https:\/\/unitedperfect.com\/fr\/wp-json\/wp\/v2\/media\/1156"}],"wp:attachment":[{"href":"https:\/\/unitedperfect.com\/fr\/wp-json\/wp\/v2\/media?parent=1154"}],"wp:term":[{"taxonomy":"product_brand","embeddable":true,"href":"https:\/\/unitedperfect.com\/fr\/wp-json\/wp\/v2\/product_brand?post=1154"},{"taxonomy":"product_cat","embeddable":true,"href":"https:\/\/unitedperfect.com\/fr\/wp-json\/wp\/v2\/product_cat?post=1154"},{"taxonomy":"product_tag","embeddable":true,"href":"https:\/\/unitedperfect.com\/fr\/wp-json\/wp\/v2\/product_tag?post=1154"}],"curies":[{"name":"wp","href":"https:\/\/api.w.org\/{rel}","templated":true}]}}