{"id":1124,"date":"2026-01-13T08:52:33","date_gmt":"2026-01-13T08:52:33","guid":{"rendered":"https:\/\/unitedperfect.com\/?post_type=product&#038;p=1124"},"modified":"2026-01-13T08:53:43","modified_gmt":"2026-01-13T08:53:43","slug":"roof-sarking","status":"publish","type":"product","link":"https:\/\/unitedperfect.com\/fr\/produit\/roof-sarking\/","title":{"rendered":"Tissu de feuilles d'aluminium"},"content":{"rendered":"<h1><strong>Tissu tiss\u00e9 en feuille d'aluminium (Sarking\uff09 de toiture \/ de mur)<\/strong><\/h1>\n<h5>Le tissu tiss\u00e9 en feuille d'aluminium est une membrane d'isolation et de sarking r\u00e9fl\u00e9chissante tr\u00e8s r\u00e9sistante, largement sp\u00e9cifi\u00e9e en Australie et sur les march\u00e9s internationaux pour les applications de toiture et de mur.<\/h5>\n<h5>Fabriqu\u00e9 \u00e0 partir d'un tissu durable lamin\u00e9 \u00e0 une feuille d'aluminium tr\u00e8s r\u00e9sistante, il offre une r\u00e9sistance sup\u00e9rieure \u00e0 la d\u00e9chirure, une protection contre les intemp\u00e9ries et des performances thermiques.<\/h5>\n<h5>Il est con\u00e7u pour servir de barri\u00e8re secondaire contre les intemp\u00e9ries, d'isolation r\u00e9fl\u00e9chissante et de couche de gestion de la condensation dans les b\u00e2timents r\u00e9sidentiels, commerciaux et industriels.<\/h5>\n<p><img fetchpriority=\"high\" decoding=\"async\" class=\"alignnone wp-image-1125 size-medium\" src=\"https:\/\/unitedperfect.com\/wp-content\/uploads\/2026\/01\/\u5fae\u4fe1\u56fe\u7247_20230907151311-300x300.jpg\" alt=\"\" width=\"300\" height=\"300\" srcset=\"https:\/\/unitedperfect.com\/wp-content\/uploads\/2026\/01\/\u5fae\u4fe1\u56fe\u7247_20230907151311-300x300.jpg 300w, https:\/\/unitedperfect.com\/wp-content\/uploads\/2026\/01\/\u5fae\u4fe1\u56fe\u7247_20230907151311-150x150.jpg 150w, https:\/\/unitedperfect.com\/wp-content\/uploads\/2026\/01\/\u5fae\u4fe1\u56fe\u7247_20230907151311-768x768.jpg 768w, https:\/\/unitedperfect.com\/wp-content\/uploads\/2026\/01\/\u5fae\u4fe1\u56fe\u7247_20230907151311-12x12.jpg 12w, https:\/\/unitedperfect.com\/wp-content\/uploads\/2026\/01\/\u5fae\u4fe1\u56fe\u7247_20230907151311-200x200.jpg 200w, https:\/\/unitedperfect.com\/wp-content\/uploads\/2026\/01\/\u5fae\u4fe1\u56fe\u7247_20230907151311-600x600.jpg 600w, https:\/\/unitedperfect.com\/wp-content\/uploads\/2026\/01\/\u5fae\u4fe1\u56fe\u7247_20230907151311-100x100.jpg 100w, https:\/\/unitedperfect.com\/wp-content\/uploads\/2026\/01\/\u5fae\u4fe1\u56fe\u7247_20230907151311.jpg 1024w\" sizes=\"(max-width: 300px) 100vw, 300px\" \/>\u00a0 \u00a0 \u00a0 \u00a0<img decoding=\"async\" class=\"alignnone wp-image-1127 size-medium\" src=\"https:\/\/unitedperfect.com\/wp-content\/uploads\/2026\/01\/\u5fae\u4fe1\u56fe\u7247_20230907150119-300x300.jpg\" alt=\"\" width=\"300\" height=\"300\" srcset=\"https:\/\/unitedperfect.com\/wp-content\/uploads\/2026\/01\/\u5fae\u4fe1\u56fe\u7247_20230907150119-300x300.jpg 300w, https:\/\/unitedperfect.com\/wp-content\/uploads\/2026\/01\/\u5fae\u4fe1\u56fe\u7247_20230907150119-150x150.jpg 150w, https:\/\/unitedperfect.com\/wp-content\/uploads\/2026\/01\/\u5fae\u4fe1\u56fe\u7247_20230907150119-768x768.jpg 768w, https:\/\/unitedperfect.com\/wp-content\/uploads\/2026\/01\/\u5fae\u4fe1\u56fe\u7247_20230907150119-12x12.jpg 12w, https:\/\/unitedperfect.com\/wp-content\/uploads\/2026\/01\/\u5fae\u4fe1\u56fe\u7247_20230907150119-200x200.jpg 200w, https:\/\/unitedperfect.com\/wp-content\/uploads\/2026\/01\/\u5fae\u4fe1\u56fe\u7247_20230907150119-600x600.jpg 600w, https:\/\/unitedperfect.com\/wp-content\/uploads\/2026\/01\/\u5fae\u4fe1\u56fe\u7247_20230907150119-100x100.jpg 100w, https:\/\/unitedperfect.com\/wp-content\/uploads\/2026\/01\/\u5fae\u4fe1\u56fe\u7247_20230907150119.jpg 1024w\" sizes=\"(max-width: 300px) 100vw, 300px\" \/>\u00a0 \u00a0 \u00a0 \u00a0 <img decoding=\"async\" class=\"alignnone wp-image-1128 size-medium\" src=\"https:\/\/unitedperfect.com\/wp-content\/uploads\/2026\/01\/photobank-7-300x300.jpg\" alt=\"\" width=\"300\" height=\"300\" srcset=\"https:\/\/unitedperfect.com\/wp-content\/uploads\/2026\/01\/photobank-7-300x300.jpg 300w, https:\/\/unitedperfect.com\/wp-content\/uploads\/2026\/01\/photobank-7-150x150.jpg 150w, https:\/\/unitedperfect.com\/wp-content\/uploads\/2026\/01\/photobank-7-768x768.jpg 768w, https:\/\/unitedperfect.com\/wp-content\/uploads\/2026\/01\/photobank-7-12x12.jpg 12w, https:\/\/unitedperfect.com\/wp-content\/uploads\/2026\/01\/photobank-7-200x200.jpg 200w, https:\/\/unitedperfect.com\/wp-content\/uploads\/2026\/01\/photobank-7-600x600.jpg 600w, https:\/\/unitedperfect.com\/wp-content\/uploads\/2026\/01\/photobank-7-100x100.jpg 100w, https:\/\/unitedperfect.com\/wp-content\/uploads\/2026\/01\/photobank-7.jpg 1000w\" sizes=\"(max-width: 300px) 100vw, 300px\" \/><\/p>\n<hr \/>\n<p>&nbsp;<\/p>\n<h2>Caract\u00e9ristiques et avantages<\/h2>\n<p class=\"ds-markdown-paragraph\"><strong>Haute r\u00e9sistance \u00e0 la traction :<\/strong>\u00a0La base en tissu offre une r\u00e9sistance exceptionnelle \u00e0 la d\u00e9chirure et \u00e0 la perforation.<\/p>\n<p class=\"ds-markdown-paragraph\"><strong>Barri\u00e8re thermique et radiante :<\/strong>\u00a0R\u00e9fl\u00e9chit jusqu'\u00e0 97% de chaleur radiante, r\u00e9duisant ainsi le transfert de chaleur.<\/p>\n<p class=\"ds-markdown-paragraph\"><strong>R\u00e9sistance aux intemp\u00e9ries et \u00e0 l'humidit\u00e9 :<\/strong>\u00a0Agit comme une barri\u00e8re d'eau secondaire et une membrane respirante.<\/p>\n<p class=\"ds-markdown-paragraph\"><strong>Stabilis\u00e9 aux UV :<\/strong>\u00a0Convient pour une exposition prolong\u00e9e pendant la construction.<\/p>\n<p class=\"ds-markdown-paragraph\"><strong>L\u00e9ger et flexible :<\/strong>\u00a0Facile \u00e0 manipuler, \u00e0 couper et \u00e0 installer.<\/p>\n<hr \/>\n<p>&nbsp;<\/p>\n<h2 class=\"ds-markdown-paragraph\"><b>Applications<\/b><\/h2>\n<p class=\"ds-markdown-paragraph\"><strong>Sarking du toit :<\/strong>\u00a0Install\u00e9 sous les tuiles, les toitures m\u00e9talliques ou les bardages comme couche r\u00e9fl\u00e9chissante et imperm\u00e9able.<\/p>\n<p class=\"ds-markdown-paragraph\"><strong>Rev\u00eatements muraux :<\/strong>\u00a0Utilis\u00e9 derri\u00e8re le bardage ou dans les murs \u00e0 ossature comme rupture thermique et barri\u00e8re contre les intemp\u00e9ries.<\/p>\n<p class=\"ds-markdown-paragraph\"><strong>Isolation des sols et des plafonds :<\/strong>\u00a0Sous-couche r\u00e9fl\u00e9chissante pour les planchers en bois ou les espaces au-dessus du plafond.<\/p>\n<p class=\"ds-markdown-paragraph\"><strong>Hangars agricoles et industriels :<\/strong>\u00a0Rev\u00eatement du toit et des murs pour le contr\u00f4le de la temp\u00e9rature et de l'humidit\u00e9.<\/p>\n<p><img loading=\"lazy\" decoding=\"async\" class=\"size-full wp-image-1129\" src=\"https:\/\/unitedperfect.com\/wp-content\/uploads\/2026\/01\/application-1-scaled.jpg\" alt=\"\" width=\"2560\" height=\"1707\" srcset=\"https:\/\/unitedperfect.com\/wp-content\/uploads\/2026\/01\/application-1-scaled.jpg 2560w, https:\/\/unitedperfect.com\/wp-content\/uploads\/2026\/01\/application-1-300x200.jpg 300w, https:\/\/unitedperfect.com\/wp-content\/uploads\/2026\/01\/application-1-1024x683.jpg 1024w, https:\/\/unitedperfect.com\/wp-content\/uploads\/2026\/01\/application-1-768x512.jpg 768w, https:\/\/unitedperfect.com\/wp-content\/uploads\/2026\/01\/application-1-1536x1024.jpg 1536w, https:\/\/unitedperfect.com\/wp-content\/uploads\/2026\/01\/application-1-2048x1365.jpg 2048w, https:\/\/unitedperfect.com\/wp-content\/uploads\/2026\/01\/application-1-18x12.jpg 18w, https:\/\/unitedperfect.com\/wp-content\/uploads\/2026\/01\/application-1-200x133.jpg 200w, https:\/\/unitedperfect.com\/wp-content\/uploads\/2026\/01\/application-1-600x400.jpg 600w\" sizes=\"(max-width: 2560px) 100vw, 2560px\" \/><\/p>\n<hr \/>\n<h2><b><span class=\"15\">Ligne de produits<\/span><\/b><\/h2>\n<p><img loading=\"lazy\" decoding=\"async\" class=\"alignnone wp-image-1107\" src=\"https:\/\/unitedperfect.com\/wp-content\/uploads\/2026\/01\/Production-line.jpg\" alt=\"\" width=\"1043\" height=\"470\" srcset=\"https:\/\/unitedperfect.com\/wp-content\/uploads\/2026\/01\/Production-line.jpg 750w, https:\/\/unitedperfect.com\/wp-content\/uploads\/2026\/01\/Production-line-300x135.jpg 300w, https:\/\/unitedperfect.com\/wp-content\/uploads\/2026\/01\/Production-line-18x8.jpg 18w, https:\/\/unitedperfect.com\/wp-content\/uploads\/2026\/01\/Production-line-200x90.jpg 200w, https:\/\/unitedperfect.com\/wp-content\/uploads\/2026\/01\/Production-line-600x270.jpg 600w\" sizes=\"(max-width: 1043px) 100vw, 1043px\" \/><\/p>\n<hr \/>\n<h2><\/h2>\n<h2>Emballage et chargement<\/h2>\n<p><img loading=\"lazy\" decoding=\"async\" class=\"alignnone wp-image-1106\" src=\"https:\/\/unitedperfect.com\/wp-content\/uploads\/2026\/01\/packing.jpg\" alt=\"\" width=\"1044\" height=\"572\" srcset=\"https:\/\/unitedperfect.com\/wp-content\/uploads\/2026\/01\/packing.jpg 750w, https:\/\/unitedperfect.com\/wp-content\/uploads\/2026\/01\/packing-300x164.jpg 300w, https:\/\/unitedperfect.com\/wp-content\/uploads\/2026\/01\/packing-18x10.jpg 18w, https:\/\/unitedperfect.com\/wp-content\/uploads\/2026\/01\/packing-200x110.jpg 200w, https:\/\/unitedperfect.com\/wp-content\/uploads\/2026\/01\/packing-600x329.jpg 600w\" sizes=\"(max-width: 1044px) 100vw, 1044px\" \/><\/p>\n<hr \/>\n<p>&nbsp;<\/p>\n<h2>Nos clients<\/h2>\n<p><img loading=\"lazy\" decoding=\"async\" class=\"alignnone size-full wp-image-904\" src=\"https:\/\/unitedperfect.com\/wp-content\/uploads\/2026\/01\/05d59bd794df7bd88208769f09815dc-2-scaled.jpg\" alt=\"\" width=\"2560\" height=\"1920\" srcset=\"https:\/\/unitedperfect.com\/wp-content\/uploads\/2026\/01\/05d59bd794df7bd88208769f09815dc-2-scaled.jpg 2560w, https:\/\/unitedperfect.com\/wp-content\/uploads\/2026\/01\/05d59bd794df7bd88208769f09815dc-2-300x225.jpg 300w, https:\/\/unitedperfect.com\/wp-content\/uploads\/2026\/01\/05d59bd794df7bd88208769f09815dc-2-1024x768.jpg 1024w, https:\/\/unitedperfect.com\/wp-content\/uploads\/2026\/01\/05d59bd794df7bd88208769f09815dc-2-768x576.jpg 768w, https:\/\/unitedperfect.com\/wp-content\/uploads\/2026\/01\/05d59bd794df7bd88208769f09815dc-2-1536x1152.jpg 1536w, https:\/\/unitedperfect.com\/wp-content\/uploads\/2026\/01\/05d59bd794df7bd88208769f09815dc-2-2048x1536.jpg 2048w, https:\/\/unitedperfect.com\/wp-content\/uploads\/2026\/01\/05d59bd794df7bd88208769f09815dc-2-16x12.jpg 16w, https:\/\/unitedperfect.com\/wp-content\/uploads\/2026\/01\/05d59bd794df7bd88208769f09815dc-2-600x450.jpg 600w\" sizes=\"(max-width: 2560px) 100vw, 2560px\" \/><\/p>\n<hr \/>\n<h3><\/h3>\n<h3><strong>CONTACTEZ-NOUS<\/strong><\/h3>\n<div>\n<p><b>Jinan United Perfect Building Materials Corporation<\/b><\/p>\n<p><b>M<\/b>: +86 139 6416 6699 \u00a0<b>P<\/b>:\u00a0+86-531 8190 1621 \u00a0<b>F<\/b>:\u00a0+86-531 8281 4295<\/p>\n<p><b>Whatsapp :<\/b>\u00a0+8613426130536 \u00a0<b>Skype :<\/b><b>\u00a0<\/b>harald2009 \u00a0<b>Wechat :<\/b>\u00a013426130536<\/p>\n<p><img loading=\"lazy\" decoding=\"async\" class=\"\" src=\"https:\/\/yunpan.cdn.site.joinf.com\/4995171754491181\/XzYPTGwk4F.jpg\" width=\"518\" height=\"238\" \/><\/p>\n<\/div>","protected":false},"excerpt":{"rendered":"<hr \/>\n<p>&nbsp;<\/p>","protected":false},"featured_media":1125,"comment_status":"open","ping_status":"closed","template":"","meta":[],"product_brand":[],"product_cat":[55],"product_tag":[],"class_list":{"0":"post-1124","1":"product","2":"type-product","3":"status-publish","4":"has-post-thumbnail","6":"product_cat-aluminum-foil-woven-fabric","8":"first","9":"instock","10":"shipping-taxable","11":"product-type-simple"},"aioseo_notices":[],"_links":{"self":[{"href":"https:\/\/unitedperfect.com\/fr\/wp-json\/wp\/v2\/product\/1124","targetHints":{"allow":["GET"]}}],"collection":[{"href":"https:\/\/unitedperfect.com\/fr\/wp-json\/wp\/v2\/product"}],"about":[{"href":"https:\/\/unitedperfect.com\/fr\/wp-json\/wp\/v2\/types\/product"}],"replies":[{"embeddable":true,"href":"https:\/\/unitedperfect.com\/fr\/wp-json\/wp\/v2\/comments?post=1124"}],"wp:featuredmedia":[{"embeddable":true,"href":"https:\/\/unitedperfect.com\/fr\/wp-json\/wp\/v2\/media\/1125"}],"wp:attachment":[{"href":"https:\/\/unitedperfect.com\/fr\/wp-json\/wp\/v2\/media?parent=1124"}],"wp:term":[{"taxonomy":"product_brand","embeddable":true,"href":"https:\/\/unitedperfect.com\/fr\/wp-json\/wp\/v2\/product_brand?post=1124"},{"taxonomy":"product_cat","embeddable":true,"href":"https:\/\/unitedperfect.com\/fr\/wp-json\/wp\/v2\/product_cat?post=1124"},{"taxonomy":"product_tag","embeddable":true,"href":"https:\/\/unitedperfect.com\/fr\/wp-json\/wp\/v2\/product_tag?post=1124"}],"curies":[{"name":"wp","href":"https:\/\/api.w.org\/{rel}","templated":true}]}}