{"id":1112,"date":"2026-01-13T07:47:28","date_gmt":"2026-01-13T07:47:28","guid":{"rendered":"https:\/\/unitedperfect.com\/?post_type=product&#038;p=1112"},"modified":"2026-01-16T08:17:34","modified_gmt":"2026-01-16T08:17:34","slug":"fsk","status":"publish","type":"product","link":"https:\/\/unitedperfect.com\/fr\/produit\/fsk\/","title":{"rendered":"Kraft renforc\u00e9 par une feuille d'aluminium"},"content":{"rendered":"<h1><span style=\"color: #000000;\"><strong>Kraft renforc\u00e9 de feuilles d'aluminium (FSK)<\/strong><\/span><\/h1>\n<h5>Le papier kraft renforc\u00e9 de feuilles d'aluminium (FSK) est un mat\u00e9riau de rev\u00eatement d'isolation de qualit\u00e9 professionnelle.<\/h5>\n<h5>Il convient \u00e0 la stratification en ligne de la laine de verre, de la laine de roche. PE thermosoudable plus \u00e9pais. Il n'est pas n\u00e9cessaire d'appliquer un adh\u00e9sif suppl\u00e9mentaire. Bonne r\u00e9sistance \u00e0 la corrosion.<\/h5>\n<h5>La grille peut \u00eatre une grille en fibre de verre \u00e0 trois voies (8*10) ou une grille en fibre de verre \u00e0 deux voies (10*10, 6*12, 12*12).<\/h5>\n<p><img fetchpriority=\"high\" decoding=\"async\" class=\"alignnone wp-image-1116\" src=\"https:\/\/unitedperfect.com\/wp-content\/uploads\/2026\/01\/\u5fae\u4fe1\u56fe\u7247_20230907105719-scaled.jpg\" alt=\"\" width=\"1040\" height=\"693\" srcset=\"https:\/\/unitedperfect.com\/wp-content\/uploads\/2026\/01\/\u5fae\u4fe1\u56fe\u7247_20230907105719-scaled.jpg 2560w, https:\/\/unitedperfect.com\/wp-content\/uploads\/2026\/01\/\u5fae\u4fe1\u56fe\u7247_20230907105719-300x200.jpg 300w, https:\/\/unitedperfect.com\/wp-content\/uploads\/2026\/01\/\u5fae\u4fe1\u56fe\u7247_20230907105719-1024x683.jpg 1024w, https:\/\/unitedperfect.com\/wp-content\/uploads\/2026\/01\/\u5fae\u4fe1\u56fe\u7247_20230907105719-768x512.jpg 768w, https:\/\/unitedperfect.com\/wp-content\/uploads\/2026\/01\/\u5fae\u4fe1\u56fe\u7247_20230907105719-1536x1024.jpg 1536w, https:\/\/unitedperfect.com\/wp-content\/uploads\/2026\/01\/\u5fae\u4fe1\u56fe\u7247_20230907105719-2048x1365.jpg 2048w, https:\/\/unitedperfect.com\/wp-content\/uploads\/2026\/01\/\u5fae\u4fe1\u56fe\u7247_20230907105719-18x12.jpg 18w, https:\/\/unitedperfect.com\/wp-content\/uploads\/2026\/01\/\u5fae\u4fe1\u56fe\u7247_20230907105719-200x133.jpg 200w, https:\/\/unitedperfect.com\/wp-content\/uploads\/2026\/01\/\u5fae\u4fe1\u56fe\u7247_20230907105719-600x400.jpg 600w\" sizes=\"(max-width: 1040px) 100vw, 1040px\" \/><\/p>\n<hr \/>\n<h2>Caract\u00e9ristiques et avantages<\/h2>\n<p class=\"ds-markdown-paragraph\"><strong>Structure composite \u00e0 3 couches :<\/strong>\u00a0Combine une feuille d'aluminium (barri\u00e8re radiante), une grille en fibre de verre (renfort) et du papier kraft (support ignifuge).<\/p>\n<p class=\"ds-markdown-paragraph\"><strong>Contr\u00f4le thermique et de la vapeur :<\/strong> R\u00e9fl\u00e9chit jusqu'\u00e0 97% de chaleur rayonnante tout en constituant un pare-vapeur efficace.<\/p>\n<p class=\"ds-markdown-paragraph\"><strong>Conformit\u00e9 en mati\u00e8re de s\u00e9curit\u00e9 incendie :<\/strong>\u00a0R\u00e9pond aux normes ASTM E84 Classe A\/Classe 1 pour les applications int\u00e9rieures.<\/p>\n<p class=\"ds-markdown-paragraph\"><strong>R\u00e9sistant aux d\u00e9chirures et aux perforations :<\/strong>\u00a0La grille renforc\u00e9e assure la durabilit\u00e9 lors de la manipulation et de l'installation.<\/p>\n<p class=\"ds-markdown-paragraph\"><strong>Installation facile :<\/strong> Le support flexible s'adapte aux conduits et aux surfaces ; compatible avec les adh\u00e9sifs et les rubans standard.<\/p>\n<p class=\"ds-markdown-paragraph\"><img decoding=\"async\" class=\"alignnone wp-image-1118 size-medium\" src=\"https:\/\/unitedperfect.com\/wp-content\/uploads\/2026\/01\/\u5fae\u4fe1\u56fe\u7247_20230907103304-300x300.jpg\" alt=\"\" width=\"300\" height=\"300\" srcset=\"https:\/\/unitedperfect.com\/wp-content\/uploads\/2026\/01\/\u5fae\u4fe1\u56fe\u7247_20230907103304-300x300.jpg 300w, https:\/\/unitedperfect.com\/wp-content\/uploads\/2026\/01\/\u5fae\u4fe1\u56fe\u7247_20230907103304-150x150.jpg 150w, https:\/\/unitedperfect.com\/wp-content\/uploads\/2026\/01\/\u5fae\u4fe1\u56fe\u7247_20230907103304-768x768.jpg 768w, https:\/\/unitedperfect.com\/wp-content\/uploads\/2026\/01\/\u5fae\u4fe1\u56fe\u7247_20230907103304-12x12.jpg 12w, https:\/\/unitedperfect.com\/wp-content\/uploads\/2026\/01\/\u5fae\u4fe1\u56fe\u7247_20230907103304-200x200.jpg 200w, https:\/\/unitedperfect.com\/wp-content\/uploads\/2026\/01\/\u5fae\u4fe1\u56fe\u7247_20230907103304-600x600.jpg 600w, https:\/\/unitedperfect.com\/wp-content\/uploads\/2026\/01\/\u5fae\u4fe1\u56fe\u7247_20230907103304-100x100.jpg 100w, https:\/\/unitedperfect.com\/wp-content\/uploads\/2026\/01\/\u5fae\u4fe1\u56fe\u7247_20230907103304.jpg 1024w\" sizes=\"(max-width: 300px) 100vw, 300px\" \/>\u00a0 \u00a0 \u00a0 \u00a0 <img decoding=\"async\" class=\"alignnone wp-image-1119 size-medium\" src=\"https:\/\/unitedperfect.com\/wp-content\/uploads\/2026\/01\/\u5fae\u4fe1\u56fe\u7247_20230907112217-300x300.jpg\" alt=\"\" width=\"300\" height=\"300\" srcset=\"https:\/\/unitedperfect.com\/wp-content\/uploads\/2026\/01\/\u5fae\u4fe1\u56fe\u7247_20230907112217-300x300.jpg 300w, https:\/\/unitedperfect.com\/wp-content\/uploads\/2026\/01\/\u5fae\u4fe1\u56fe\u7247_20230907112217-150x150.jpg 150w, https:\/\/unitedperfect.com\/wp-content\/uploads\/2026\/01\/\u5fae\u4fe1\u56fe\u7247_20230907112217-768x768.jpg 768w, https:\/\/unitedperfect.com\/wp-content\/uploads\/2026\/01\/\u5fae\u4fe1\u56fe\u7247_20230907112217-12x12.jpg 12w, https:\/\/unitedperfect.com\/wp-content\/uploads\/2026\/01\/\u5fae\u4fe1\u56fe\u7247_20230907112217-200x200.jpg 200w, https:\/\/unitedperfect.com\/wp-content\/uploads\/2026\/01\/\u5fae\u4fe1\u56fe\u7247_20230907112217-600x600.jpg 600w, https:\/\/unitedperfect.com\/wp-content\/uploads\/2026\/01\/\u5fae\u4fe1\u56fe\u7247_20230907112217-100x100.jpg 100w, https:\/\/unitedperfect.com\/wp-content\/uploads\/2026\/01\/\u5fae\u4fe1\u56fe\u7247_20230907112217.jpg 1024w\" sizes=\"(max-width: 300px) 100vw, 300px\" \/>\u00a0 \u00a0 \u00a0 \u00a0 <img loading=\"lazy\" decoding=\"async\" class=\"alignnone wp-image-1120 size-medium\" src=\"https:\/\/unitedperfect.com\/wp-content\/uploads\/2026\/01\/\u5fae\u4fe1\u56fe\u7247_20230907112210-300x300.jpg\" alt=\"\" width=\"300\" height=\"300\" srcset=\"https:\/\/unitedperfect.com\/wp-content\/uploads\/2026\/01\/\u5fae\u4fe1\u56fe\u7247_20230907112210-300x300.jpg 300w, https:\/\/unitedperfect.com\/wp-content\/uploads\/2026\/01\/\u5fae\u4fe1\u56fe\u7247_20230907112210-150x150.jpg 150w, https:\/\/unitedperfect.com\/wp-content\/uploads\/2026\/01\/\u5fae\u4fe1\u56fe\u7247_20230907112210-768x768.jpg 768w, https:\/\/unitedperfect.com\/wp-content\/uploads\/2026\/01\/\u5fae\u4fe1\u56fe\u7247_20230907112210-12x12.jpg 12w, https:\/\/unitedperfect.com\/wp-content\/uploads\/2026\/01\/\u5fae\u4fe1\u56fe\u7247_20230907112210-200x200.jpg 200w, https:\/\/unitedperfect.com\/wp-content\/uploads\/2026\/01\/\u5fae\u4fe1\u56fe\u7247_20230907112210-600x600.jpg 600w, https:\/\/unitedperfect.com\/wp-content\/uploads\/2026\/01\/\u5fae\u4fe1\u56fe\u7247_20230907112210-100x100.jpg 100w, https:\/\/unitedperfect.com\/wp-content\/uploads\/2026\/01\/\u5fae\u4fe1\u56fe\u7247_20230907112210.jpg 908w\" sizes=\"(max-width: 300px) 100vw, 300px\" \/><\/p>\n<hr \/>\n<h2 class=\"ds-markdown-paragraph\"><b>Applications<\/b><\/h2>\n<p><img loading=\"lazy\" decoding=\"async\" class=\"alignnone wp-image-1121\" src=\"https:\/\/unitedperfect.com\/wp-content\/uploads\/2026\/01\/\u5fae\u4fe1\u56fe\u7247_20230907113533-scaled.jpg\" alt=\"\" width=\"1040\" height=\"392\" srcset=\"https:\/\/unitedperfect.com\/wp-content\/uploads\/2026\/01\/\u5fae\u4fe1\u56fe\u7247_20230907113533-scaled.jpg 2560w, https:\/\/unitedperfect.com\/wp-content\/uploads\/2026\/01\/\u5fae\u4fe1\u56fe\u7247_20230907113533-300x113.jpg 300w, https:\/\/unitedperfect.com\/wp-content\/uploads\/2026\/01\/\u5fae\u4fe1\u56fe\u7247_20230907113533-1024x386.jpg 1024w, https:\/\/unitedperfect.com\/wp-content\/uploads\/2026\/01\/\u5fae\u4fe1\u56fe\u7247_20230907113533-768x290.jpg 768w, https:\/\/unitedperfect.com\/wp-content\/uploads\/2026\/01\/\u5fae\u4fe1\u56fe\u7247_20230907113533-1536x579.jpg 1536w, https:\/\/unitedperfect.com\/wp-content\/uploads\/2026\/01\/\u5fae\u4fe1\u56fe\u7247_20230907113533-2048x773.jpg 2048w, https:\/\/unitedperfect.com\/wp-content\/uploads\/2026\/01\/\u5fae\u4fe1\u56fe\u7247_20230907113533-18x7.jpg 18w, https:\/\/unitedperfect.com\/wp-content\/uploads\/2026\/01\/\u5fae\u4fe1\u56fe\u7247_20230907113533-200x75.jpg 200w, https:\/\/unitedperfect.com\/wp-content\/uploads\/2026\/01\/\u5fae\u4fe1\u56fe\u7247_20230907113533-600x226.jpg 600w\" sizes=\"(max-width: 1040px) 100vw, 1040px\" \/><\/p>\n<p><strong><b>Feuilles d'aluminium pour l'isolation des toitures de b\u00e2timents m\u00e9talliques<\/b><\/strong><br \/>\nJinan United Perfect Building Materials est un fabricant professionnel de feuilles d'isolation pour toitures. Les rev\u00eatements de Perfect se concentrent sur les performances de freinage de la vapeur et de r\u00e9flexion de la chaleur, afin de prot\u00e9ger la temp\u00e9rature int\u00e9rieure. Nos rev\u00eatements utilisent une formule sp\u00e9ciale pour atteindre la norme d'ignifugation.<\/p>\n<p><strong><b>Film de rev\u00eatement pour l'isolation des conduits HAVC<\/b><\/strong><br \/>\nJinan United Perfect Building Materials Corporation a une formule sp\u00e9ciale qui lui permet de fournir des produits de laminage de feuilles ignifuges aux industries HAVC. Les performances en mati\u00e8re d'ignifugation et de fum\u00e9e sont \u00e9galement conformes aux tests BS476 et ASTM.<\/p>\n<p><strong><b>Rev\u00eatement en feuille utilis\u00e9 pour la laine de roche, la laine de verre, les usines de caoutchouc, etc.<\/b><\/strong><br \/>\nJinan United Perfect Building Materials Corporation fournit divers types de rev\u00eatements en feuilles \u00e0 de nombreuses usines de laine de roche, de laine de verre, de mousse de caoutchouc et de fibres c\u00e9ramiques r\u00e9put\u00e9es dans le monde. Perfect dispose de suffisamment de lignes de production pour satisfaire les diff\u00e9rentes demandes de ses clients, et peut \u00e9galement r\u00e9aliser des OEM pour de nombreux concours.<\/p>\n<hr \/>\n<h2><b><span class=\"15\">Ligne de produits<\/span><\/b><\/h2>\n<p><img loading=\"lazy\" decoding=\"async\" class=\"alignnone wp-image-1107\" src=\"https:\/\/unitedperfect.com\/wp-content\/uploads\/2026\/01\/Production-line.jpg\" alt=\"\" width=\"1040\" height=\"469\" srcset=\"https:\/\/unitedperfect.com\/wp-content\/uploads\/2026\/01\/Production-line.jpg 750w, https:\/\/unitedperfect.com\/wp-content\/uploads\/2026\/01\/Production-line-300x135.jpg 300w, https:\/\/unitedperfect.com\/wp-content\/uploads\/2026\/01\/Production-line-18x8.jpg 18w, https:\/\/unitedperfect.com\/wp-content\/uploads\/2026\/01\/Production-line-200x90.jpg 200w, https:\/\/unitedperfect.com\/wp-content\/uploads\/2026\/01\/Production-line-600x270.jpg 600w\" sizes=\"(max-width: 1040px) 100vw, 1040px\" \/><\/p>\n<p><iframe title=\"Perfect\u2122 Alu foil reinforced kraft production\" width=\"800\" height=\"450\" src=\"https:\/\/www.youtube.com\/embed\/eTHY1aspyN4?feature=oembed\" frameborder=\"0\" allow=\"accelerometer; autoplay; clipboard-write; encrypted-media; gyroscope; picture-in-picture; web-share\" referrerpolicy=\"strict-origin-when-cross-origin\" allowfullscreen><\/iframe><\/p>\n<hr \/>\n<h2>Emballage et chargement<\/h2>\n<p>&nbsp;<\/p>\n<p><img loading=\"lazy\" decoding=\"async\" class=\"alignnone wp-image-1106\" src=\"https:\/\/unitedperfect.com\/wp-content\/uploads\/2026\/01\/packing.jpg\" alt=\"\" width=\"1040\" height=\"570\" srcset=\"https:\/\/unitedperfect.com\/wp-content\/uploads\/2026\/01\/packing.jpg 750w, https:\/\/unitedperfect.com\/wp-content\/uploads\/2026\/01\/packing-300x164.jpg 300w, https:\/\/unitedperfect.com\/wp-content\/uploads\/2026\/01\/packing-18x10.jpg 18w, https:\/\/unitedperfect.com\/wp-content\/uploads\/2026\/01\/packing-200x110.jpg 200w, https:\/\/unitedperfect.com\/wp-content\/uploads\/2026\/01\/packing-600x329.jpg 600w\" sizes=\"(max-width: 1040px) 100vw, 1040px\" \/><\/p>\n<hr \/>\n<h2>Nos clients<\/h2>\n<p><img loading=\"lazy\" decoding=\"async\" class=\"alignnone wp-image-904\" src=\"https:\/\/unitedperfect.com\/wp-content\/uploads\/2026\/01\/05d59bd794df7bd88208769f09815dc-2-scaled.jpg\" alt=\"\" width=\"1040\" height=\"780\" srcset=\"https:\/\/unitedperfect.com\/wp-content\/uploads\/2026\/01\/05d59bd794df7bd88208769f09815dc-2-scaled.jpg 2560w, https:\/\/unitedperfect.com\/wp-content\/uploads\/2026\/01\/05d59bd794df7bd88208769f09815dc-2-300x225.jpg 300w, https:\/\/unitedperfect.com\/wp-content\/uploads\/2026\/01\/05d59bd794df7bd88208769f09815dc-2-1024x768.jpg 1024w, https:\/\/unitedperfect.com\/wp-content\/uploads\/2026\/01\/05d59bd794df7bd88208769f09815dc-2-768x576.jpg 768w, https:\/\/unitedperfect.com\/wp-content\/uploads\/2026\/01\/05d59bd794df7bd88208769f09815dc-2-1536x1152.jpg 1536w, https:\/\/unitedperfect.com\/wp-content\/uploads\/2026\/01\/05d59bd794df7bd88208769f09815dc-2-2048x1536.jpg 2048w, https:\/\/unitedperfect.com\/wp-content\/uploads\/2026\/01\/05d59bd794df7bd88208769f09815dc-2-16x12.jpg 16w, https:\/\/unitedperfect.com\/wp-content\/uploads\/2026\/01\/05d59bd794df7bd88208769f09815dc-2-600x450.jpg 600w\" sizes=\"(max-width: 1040px) 100vw, 1040px\" \/><\/p>\n<hr \/>\n<h3><\/h3>\n<h3><strong>CONTACTEZ-NOUS<\/strong><\/h3>\n<div>\n<p><b>Jinan United Perfect Building Materials Corporation<\/b><\/p>\n<p><b>M<\/b>: +86 139 6416 6699 \u00a0<b>P<\/b>:\u00a0+86-531 8190 1621 \u00a0<b>F<\/b>:\u00a0+86-531 8281 4295<\/p>\n<p><b>Whatsapp :<\/b>\u00a0+8613426130536 \u00a0<b>Skype :<\/b><b>\u00a0<\/b>harald2009 \u00a0<b>Wechat :<\/b>\u00a013426130536<\/p>\n<p><img loading=\"lazy\" decoding=\"async\" class=\"\" src=\"https:\/\/yunpan.cdn.site.joinf.com\/4995171754491181\/XzYPTGwk4F.jpg\" width=\"518\" height=\"238\" \/><\/p>\n<\/div>","protected":false},"excerpt":{"rendered":"<p>Le papier kraft renforc\u00e9 de feuilles d'aluminium (FSK) est un mat\u00e9riau de rev\u00eatement d'isolation de qualit\u00e9 professionnelle. Il convient \u00e0 la stratification en ligne de la laine de verre, de la laine de roche.<\/p>","protected":false},"featured_media":1120,"comment_status":"open","ping_status":"closed","template":"","meta":[],"product_brand":[],"product_cat":[54],"product_tag":[],"class_list":{"0":"post-1112","1":"product","2":"type-product","3":"status-publish","4":"has-post-thumbnail","6":"product_cat-aluminum-foil-reinforced-kraft","8":"first","9":"instock","10":"shipping-taxable","11":"product-type-simple"},"aioseo_notices":[],"_links":{"self":[{"href":"https:\/\/unitedperfect.com\/fr\/wp-json\/wp\/v2\/product\/1112","targetHints":{"allow":["GET"]}}],"collection":[{"href":"https:\/\/unitedperfect.com\/fr\/wp-json\/wp\/v2\/product"}],"about":[{"href":"https:\/\/unitedperfect.com\/fr\/wp-json\/wp\/v2\/types\/product"}],"replies":[{"embeddable":true,"href":"https:\/\/unitedperfect.com\/fr\/wp-json\/wp\/v2\/comments?post=1112"}],"wp:featuredmedia":[{"embeddable":true,"href":"https:\/\/unitedperfect.com\/fr\/wp-json\/wp\/v2\/media\/1120"}],"wp:attachment":[{"href":"https:\/\/unitedperfect.com\/fr\/wp-json\/wp\/v2\/media?parent=1112"}],"wp:term":[{"taxonomy":"product_brand","embeddable":true,"href":"https:\/\/unitedperfect.com\/fr\/wp-json\/wp\/v2\/product_brand?post=1112"},{"taxonomy":"product_cat","embeddable":true,"href":"https:\/\/unitedperfect.com\/fr\/wp-json\/wp\/v2\/product_cat?post=1112"},{"taxonomy":"product_tag","embeddable":true,"href":"https:\/\/unitedperfect.com\/fr\/wp-json\/wp\/v2\/product_tag?post=1112"}],"curies":[{"name":"wp","href":"https:\/\/api.w.org\/{rel}","templated":true}]}}