{"id":1097,"date":"2026-01-12T10:17:07","date_gmt":"2026-01-12T10:17:07","guid":{"rendered":"https:\/\/unitedperfect.com\/?post_type=product&#038;p=1097"},"modified":"2026-01-13T09:07:44","modified_gmt":"2026-01-13T09:07:44","slug":"aluglass","status":"publish","type":"product","link":"https:\/\/unitedperfect.com\/fr\/produit\/aluglass\/","title":{"rendered":"Feuille d'aluminium avec tissu en fibre de verre"},"content":{"rendered":"<h1>Feuille d'aluminium avec tissu en fibre de verre (Aluglass)<\/h1>\n<h5>La feuille d'aluminium avec tissu de fibre de verre est un tissu de fibre de verre tiss\u00e9 avec du filament de verre E de haute qualit\u00e9, puis enduit d'aluminium et de film polyester sur une face.<br \/>\nIl peut r\u00e9sister \u00e0 la chaleur et pr\u00e9sente une surface lisse, une r\u00e9sistance \u00e9lev\u00e9e, une bonne r\u00e9flectance lumineuse, une isolation \u00e9tanche, un emballage de tuyau, une \u00e9tanch\u00e9it\u00e9 au gaz et une imperm\u00e9abilit\u00e9 \u00e0 l'eau. L'\u00e9paisseur des feuilles d'aluminium est comprise entre 7 et 25 microns, et celle du tissu de fibre de verre entre 100 et 400 grammes.<\/h5>\n<p>La feuille d'aluminium avec tissu en fibre de verre est un mat\u00e9riau composite durable et tr\u00e8s performant, con\u00e7u pour offrir une isolation thermique et une protection contre l'humidit\u00e9 sup\u00e9rieures. Combinant un c\u0153ur en tissu de fibre de verre renforc\u00e9 avec une couche de feuille d'aluminium r\u00e9fl\u00e9chissante, il offre une solidit\u00e9, une r\u00e9sistance \u00e0 la d\u00e9chirure et une fiabilit\u00e9 \u00e0 long terme exceptionnelles dans des environnements exigeants. Id\u00e9al pour l'isolation des conduits, l'enrobage des tuyaux, la sous-face des toits et le rev\u00eatement des murs dans les applications commerciales et industrielles, Aluglass refl\u00e8te efficacement la chaleur rayonnante, bloque la transmission de la vapeur et r\u00e9siste \u00e0 des temp\u00e9ratures allant de **-40\u00b0C \u00e0 150\u00b0C (-40\u00b0F \u00e0 302\u00b0F)**. Sa conception souple et l\u00e9g\u00e8re facilite la manipulation et l'installation, r\u00e9duisant ainsi le temps de travail et les co\u00fbts.<\/p>\n<h5><img fetchpriority=\"high\" decoding=\"async\" class=\"alignnone size-medium wp-image-1101\" src=\"https:\/\/unitedperfect.com\/wp-content\/uploads\/2026\/01\/photobank2-300x300.jpg\" alt=\"\" width=\"300\" height=\"300\" srcset=\"https:\/\/unitedperfect.com\/wp-content\/uploads\/2026\/01\/photobank2-300x300.jpg 300w, https:\/\/unitedperfect.com\/wp-content\/uploads\/2026\/01\/photobank2-150x150.jpg 150w, https:\/\/unitedperfect.com\/wp-content\/uploads\/2026\/01\/photobank2-768x768.jpg 768w, https:\/\/unitedperfect.com\/wp-content\/uploads\/2026\/01\/photobank2-12x12.jpg 12w, https:\/\/unitedperfect.com\/wp-content\/uploads\/2026\/01\/photobank2-200x200.jpg 200w, https:\/\/unitedperfect.com\/wp-content\/uploads\/2026\/01\/photobank2-600x600.jpg 600w, https:\/\/unitedperfect.com\/wp-content\/uploads\/2026\/01\/photobank2-100x100.jpg 100w, https:\/\/unitedperfect.com\/wp-content\/uploads\/2026\/01\/photobank2.jpg 1024w\" sizes=\"(max-width: 300px) 100vw, 300px\" \/>\u00a0 \u00a0 \u00a0 \u00a0<img decoding=\"async\" class=\"alignnone size-medium wp-image-1102\" src=\"https:\/\/unitedperfect.com\/wp-content\/uploads\/2026\/01\/\u5fae\u4fe1\u56fe\u7247_20230904095037-300x300.jpg\" alt=\"\" width=\"300\" height=\"300\" srcset=\"https:\/\/unitedperfect.com\/wp-content\/uploads\/2026\/01\/\u5fae\u4fe1\u56fe\u7247_20230904095037-300x300.jpg 300w, https:\/\/unitedperfect.com\/wp-content\/uploads\/2026\/01\/\u5fae\u4fe1\u56fe\u7247_20230904095037-150x150.jpg 150w, https:\/\/unitedperfect.com\/wp-content\/uploads\/2026\/01\/\u5fae\u4fe1\u56fe\u7247_20230904095037-768x768.jpg 768w, https:\/\/unitedperfect.com\/wp-content\/uploads\/2026\/01\/\u5fae\u4fe1\u56fe\u7247_20230904095037-12x12.jpg 12w, https:\/\/unitedperfect.com\/wp-content\/uploads\/2026\/01\/\u5fae\u4fe1\u56fe\u7247_20230904095037-200x200.jpg 200w, https:\/\/unitedperfect.com\/wp-content\/uploads\/2026\/01\/\u5fae\u4fe1\u56fe\u7247_20230904095037-600x600.jpg 600w, https:\/\/unitedperfect.com\/wp-content\/uploads\/2026\/01\/\u5fae\u4fe1\u56fe\u7247_20230904095037-100x100.jpg 100w, https:\/\/unitedperfect.com\/wp-content\/uploads\/2026\/01\/\u5fae\u4fe1\u56fe\u7247_20230904095037.jpg 1024w\" sizes=\"(max-width: 300px) 100vw, 300px\" \/>\u00a0 \u00a0 \u00a0 \u00a0 <img decoding=\"async\" class=\"alignnone size-medium wp-image-1103\" src=\"https:\/\/unitedperfect.com\/wp-content\/uploads\/2026\/01\/\u5fae\u4fe1\u56fe\u7247_20230904095059-300x300.jpg\" alt=\"\" width=\"300\" height=\"300\" srcset=\"https:\/\/unitedperfect.com\/wp-content\/uploads\/2026\/01\/\u5fae\u4fe1\u56fe\u7247_20230904095059-300x300.jpg 300w, https:\/\/unitedperfect.com\/wp-content\/uploads\/2026\/01\/\u5fae\u4fe1\u56fe\u7247_20230904095059-150x150.jpg 150w, https:\/\/unitedperfect.com\/wp-content\/uploads\/2026\/01\/\u5fae\u4fe1\u56fe\u7247_20230904095059-768x768.jpg 768w, https:\/\/unitedperfect.com\/wp-content\/uploads\/2026\/01\/\u5fae\u4fe1\u56fe\u7247_20230904095059-12x12.jpg 12w, https:\/\/unitedperfect.com\/wp-content\/uploads\/2026\/01\/\u5fae\u4fe1\u56fe\u7247_20230904095059-200x200.jpg 200w, https:\/\/unitedperfect.com\/wp-content\/uploads\/2026\/01\/\u5fae\u4fe1\u56fe\u7247_20230904095059-600x600.jpg 600w, https:\/\/unitedperfect.com\/wp-content\/uploads\/2026\/01\/\u5fae\u4fe1\u56fe\u7247_20230904095059-100x100.jpg 100w, https:\/\/unitedperfect.com\/wp-content\/uploads\/2026\/01\/\u5fae\u4fe1\u56fe\u7247_20230904095059.jpg 1024w\" sizes=\"(max-width: 300px) 100vw, 300px\" \/><\/h5>\n<hr \/>\n<h1><\/h1>\n<h2>Caract\u00e9ristiques et avantages<\/h2>\n<p>*La grille en fibre de verre renforc\u00e9e offre une r\u00e9sistance sup\u00e9rieure \u00e0 la d\u00e9chirure.<\/p>\n<p>*R\u00e9fl\u00e9chit la chaleur radiante 97%, am\u00e9liore les performances du syst\u00e8me d'isolation et permet de r\u00e9aliser des \u00e9conomies d'\u00e9nergie.<\/p>\n<p>*R\u00e9sistant au feu - Conforme aux normes ASTM E84 Classe A.<\/p>\n<p>*Emp\u00eache l'eau et l'humidit\u00e9 d'entrer en contact avec les mat\u00e9riaux d'isolation tels que la laine de verre, la laine de roche, etc.<\/p>\n<p>*Eco-friendly Respect de l'environnement.<\/p>\n<p>*Ne contient pas de produits chimiques dangereux.<\/p>\n<p>*Non HCHO, TVOCs.<\/p>\n<p>*Pas besoin d'utiliser d'adh\u00e9sif suppl\u00e9mentaire, la plastification peut se faire en ligne.<\/p>\n<p>*Pare-vapeur - Protection compl\u00e8te contre l'humidit\u00e9 et la condensation. <img loading=\"lazy\" decoding=\"async\" class=\"alignnone size-full wp-image-1105\" src=\"https:\/\/unitedperfect.com\/wp-content\/uploads\/2026\/01\/Alu-glass-\u62fc\u56fe1.jpg\" alt=\"\" width=\"1242\" height=\"601\" srcset=\"https:\/\/unitedperfect.com\/wp-content\/uploads\/2026\/01\/Alu-glass-\u62fc\u56fe1.jpg 1242w, https:\/\/unitedperfect.com\/wp-content\/uploads\/2026\/01\/Alu-glass-\u62fc\u56fe1-300x145.jpg 300w, https:\/\/unitedperfect.com\/wp-content\/uploads\/2026\/01\/Alu-glass-\u62fc\u56fe1-1024x496.jpg 1024w, https:\/\/unitedperfect.com\/wp-content\/uploads\/2026\/01\/Alu-glass-\u62fc\u56fe1-768x372.jpg 768w, https:\/\/unitedperfect.com\/wp-content\/uploads\/2026\/01\/Alu-glass-\u62fc\u56fe1-18x9.jpg 18w, https:\/\/unitedperfect.com\/wp-content\/uploads\/2026\/01\/Alu-glass-\u62fc\u56fe1-200x97.jpg 200w, https:\/\/unitedperfect.com\/wp-content\/uploads\/2026\/01\/Alu-glass-\u62fc\u56fe1-600x290.jpg 600w\" sizes=\"(max-width: 1242px) 100vw, 1242px\" \/> <span data-cke-copybin-start=\"1\">\u200b<\/span><\/p>\n<hr \/>\n<pre><span class=\"cke_widget_wrapper cke_widget_inline cke_image_nocaption cke_widget_selected cke_widget_focused\" tabindex=\"-1\" contenteditable=\"false\" data-cke-widget-wrapper=\"1\" data-cke-filter=\"off\" data-cke-display-name=\"\u56fe\u50cf\" data-cke-widget-id=\"13\"><img decoding=\"async\" class=\"cke_widget_element\" src=\"image?tid=25&amp;id=NnYhTOjFPwuy&amp;cache=0&amp;lan_code=0\" alt=\"\" data-cke-saved-src=\"image?tid=25&amp;id=NnYhTOjFPwuy&amp;cache=0&amp;lan_code=0\" data-cke-widget-data=\"%7B%22hasCaption%22%3Afalse%2C%22src%22%3A%22image%3Ftid%3D25%26id%3DNnYhTOjFPwuy%26cache%3D0%26lan_code%3D0%22%2C%22alt%22%3A%22%22%2C%22width%22%3A%22%22%2C%22height%22%3A%22%22%2C%22lock%22%3Atrue%2C%22align%22%3A%22none%22%2C%22classes%22%3Anull%7D\" data-cke-widget-upcasted=\"1\" data-cke-widget-keep-attr=\"0\" data-widget=\"image\" \/><span class=\"cke_image_resizer\" title=\"\u70b9\u51fb\u5e76\u62d6\u62fd\u4ee5\u6539\u53d8\u5c3a\u5bf8\">\u200b<\/span><\/span><\/pre>\n<h2><b>Applications<\/b><\/h2>\n<h3><strong>Syst\u00e8mes CVC<\/strong><\/h3>\n<p class=\"ds-markdown-paragraph\">Isolation des conduits et des tuyaux : Enveloppe d'isolation primaire pour les conduits de climatisation et de ventilation, emp\u00eachant efficacement les pertes d'\u00e9nergie et la condensation.<\/p>\n<p class=\"ds-markdown-paragraph\">Enveloppes d'\u00e9quipement : Rev\u00eatement thermique et acoustique pour les bo\u00eetiers d'\u00e9quipement HVAC.<\/p>\n<h3><strong>Toiture et enveloppe du b\u00e2timent<\/strong><\/h3>\n<p class=\"ds-markdown-paragraph\">Rev\u00eatement de sous-toiture et de grenier : install\u00e9 sous les mat\u00e9riaux de couverture pour r\u00e9fl\u00e9chir la chaleur rayonnante, r\u00e9duire la temp\u00e9rature des greniers et bloquer la migration de l'humidit\u00e9.<\/p>\n<p class=\"ds-markdown-paragraph\">Isolation des cavit\u00e9s murales et du p\u00e9rim\u00e8tre : Utilis\u00e9 dans les murs commerciaux et industriels comme pare-vapeur r\u00e9fl\u00e9chissant.<\/p>\n<h3><strong>Utilisations industrielles et sp\u00e9cialis\u00e9es<\/strong><\/h3>\n<p class=\"ds-markdown-paragraph\">Isolation des tuyaux de traitement : Isolation des tuyaux de traitement chauds et froids dans les usines, les raffineries et les installations de transformation des aliments.<\/p>\n<p class=\"ds-markdown-paragraph\">Transport : Rev\u00eatement thermique et acoustique pour l'int\u00e9rieur des v\u00e9hicules, les conteneurs d'exp\u00e9dition et les applications marines.<\/p>\n<p class=\"ds-markdown-paragraph\">Entrep\u00f4ts et entrep\u00f4ts frigorifiques : Contr\u00f4le de la temp\u00e9rature et barri\u00e8re contre l'humidit\u00e9 pour les installations de stockage.<\/p>\n<p><span data-cke-copybin-start=\"1\">\u200b\u200b<span class=\"cke_widget_wrapper cke_widget_inline cke_image_nocaption cke_widget_selected cke_widget_focused\" tabindex=\"-1\" contenteditable=\"false\" data-cke-widget-wrapper=\"1\" data-cke-filter=\"off\" data-cke-display-name=\"\u56fe\u50cf\" data-cke-widget-id=\"13\"><img decoding=\"async\" class=\"cke_widget_element\" src=\"image?tid=25&amp;id=NnYhTOjFPwuy&amp;cache=0&amp;lan_code=0\" alt=\"\" data-cke-saved-src=\"image?tid=25&amp;id=NnYhTOjFPwuy&amp;cache=0&amp;lan_code=0\" data-cke-widget-data=\"%7B%22hasCaption%22%3Afalse%2C%22src%22%3A%22image%3Ftid%3D25%26id%3DNnYhTOjFPwuy%26cache%3D0%26lan_code%3D0%22%2C%22alt%22%3A%22%22%2C%22width%22%3A%22%22%2C%22height%22%3A%22%22%2C%22lock%22%3Atrue%2C%22align%22%3A%22none%22%2C%22classes%22%3Anull%7D\" data-cke-widget-upcasted=\"1\" data-cke-widget-keep-attr=\"0\" data-widget=\"image\" \/><span class=\"cke_image_resizer\" title=\"\u70b9\u51fb\u5e76\u62d6\u62fd\u4ee5\u6539\u53d8\u5c3a\u5bf8\">\u200b<\/span><\/span>\u200b<\/span><\/p>\n<p><img loading=\"lazy\" decoding=\"async\" class=\"wp-image-1104 size-full\" src=\"https:\/\/unitedperfect.com\/wp-content\/uploads\/2026\/01\/application.jpg\" alt=\"\" width=\"1536\" height=\"2048\" srcset=\"https:\/\/unitedperfect.com\/wp-content\/uploads\/2026\/01\/application.jpg 1536w, https:\/\/unitedperfect.com\/wp-content\/uploads\/2026\/01\/application-225x300.jpg 225w, https:\/\/unitedperfect.com\/wp-content\/uploads\/2026\/01\/application-768x1024.jpg 768w, https:\/\/unitedperfect.com\/wp-content\/uploads\/2026\/01\/application-1152x1536.jpg 1152w, https:\/\/unitedperfect.com\/wp-content\/uploads\/2026\/01\/application-9x12.jpg 9w, https:\/\/unitedperfect.com\/wp-content\/uploads\/2026\/01\/application-200x267.jpg 200w, https:\/\/unitedperfect.com\/wp-content\/uploads\/2026\/01\/application-600x800.jpg 600w\" sizes=\"(max-width: 1536px) 100vw, 1536px\" \/><\/p>\n<hr \/>\n<h1><\/h1>\n<h2><b><span class=\"15\">Ligne de produits<\/span><\/b><\/h2>\n<p><img loading=\"lazy\" decoding=\"async\" class=\"alignnone wp-image-1107\" src=\"https:\/\/unitedperfect.com\/wp-content\/uploads\/2026\/01\/Production-line.jpg\" alt=\"\" width=\"1041\" height=\"469\" srcset=\"https:\/\/unitedperfect.com\/wp-content\/uploads\/2026\/01\/Production-line.jpg 750w, https:\/\/unitedperfect.com\/wp-content\/uploads\/2026\/01\/Production-line-300x135.jpg 300w, https:\/\/unitedperfect.com\/wp-content\/uploads\/2026\/01\/Production-line-18x8.jpg 18w, https:\/\/unitedperfect.com\/wp-content\/uploads\/2026\/01\/Production-line-200x90.jpg 200w, https:\/\/unitedperfect.com\/wp-content\/uploads\/2026\/01\/Production-line-600x270.jpg 600w\" sizes=\"(max-width: 1041px) 100vw, 1041px\" \/><\/p>\n<h1><span class=\"cke_widget_wrapper cke_widget_inline cke_image_nocaption cke_widget_selected cke_widget_focused\" tabindex=\"-1\" contenteditable=\"false\" data-cke-widget-wrapper=\"1\" data-cke-filter=\"off\" data-cke-display-name=\"\u56fe\u50cf\" data-cke-widget-id=\"13\"><img decoding=\"async\" class=\"cke_widget_element\" src=\"image?tid=25&amp;id=NnYhTOjFPwuy&amp;cache=0&amp;lan_code=0\" alt=\"\" data-cke-saved-src=\"image?tid=25&amp;id=NnYhTOjFPwuy&amp;cache=0&amp;lan_code=0\" data-cke-widget-data=\"%7B%22hasCaption%22%3Afalse%2C%22src%22%3A%22image%3Ftid%3D25%26id%3DNnYhTOjFPwuy%26cache%3D0%26lan_code%3D0%22%2C%22alt%22%3A%22%22%2C%22width%22%3A%22%22%2C%22height%22%3A%22%22%2C%22lock%22%3Atrue%2C%22align%22%3A%22none%22%2C%22classes%22%3Anull%7D\" data-cke-widget-upcasted=\"1\" data-cke-widget-keep-attr=\"0\" data-widget=\"image\" \/><span class=\"cke_image_resizer\" title=\"\u70b9\u51fb\u5e76\u62d6\u62fd\u4ee5\u6539\u53d8\u5c3a\u5bf8\">\u200b<\/span><\/span><\/h1>\n<hr \/>\n<h1><\/h1>\n<h2>Emballage et chargement<\/h2>\n<p><img loading=\"lazy\" decoding=\"async\" class=\"alignnone wp-image-1106\" src=\"https:\/\/unitedperfect.com\/wp-content\/uploads\/2026\/01\/packing.jpg\" alt=\"\" width=\"1049\" height=\"575\" srcset=\"https:\/\/unitedperfect.com\/wp-content\/uploads\/2026\/01\/packing.jpg 750w, https:\/\/unitedperfect.com\/wp-content\/uploads\/2026\/01\/packing-300x164.jpg 300w, https:\/\/unitedperfect.com\/wp-content\/uploads\/2026\/01\/packing-18x10.jpg 18w, https:\/\/unitedperfect.com\/wp-content\/uploads\/2026\/01\/packing-200x110.jpg 200w, https:\/\/unitedperfect.com\/wp-content\/uploads\/2026\/01\/packing-600x329.jpg 600w\" sizes=\"(max-width: 1049px) 100vw, 1049px\" \/><\/p>\n<hr \/>\n<h1><\/h1>\n<h2><span data-cke-copybin-end=\"1\">Nos clients<\/span><\/h2>\n<h1><span class=\"cke_widget_wrapper cke_widget_inline cke_image_nocaption cke_widget_focused cke_widget_selected\" tabindex=\"-1\" contenteditable=\"false\" data-cke-widget-wrapper=\"1\" data-cke-filter=\"off\" data-cke-display-name=\"\u56fe\u50cf\" data-cke-widget-id=\"13\"><img decoding=\"async\" class=\"cke_widget_element\" src=\"image?tid=25&amp;id=NnYhTOjFPwuy&amp;cache=0&amp;lan_code=0\" alt=\"\" data-cke-saved-src=\"image?tid=25&amp;id=NnYhTOjFPwuy&amp;cache=0&amp;lan_code=0\" data-cke-widget-data=\"%7B%22hasCaption%22%3Afalse%2C%22src%22%3A%22image%3Ftid%3D25%26id%3DNnYhTOjFPwuy%26cache%3D0%26lan_code%3D0%22%2C%22alt%22%3A%22%22%2C%22width%22%3A%22%22%2C%22height%22%3A%22%22%2C%22lock%22%3Atrue%2C%22align%22%3A%22none%22%2C%22classes%22%3Anull%7D\" data-cke-widget-upcasted=\"1\" data-cke-widget-keep-attr=\"0\" data-widget=\"image\" \/><span class=\"cke_image_resizer\" title=\"\u70b9\u51fb\u5e76\u62d6\u62fd\u4ee5\u6539\u53d8\u5c3a\u5bf8\">\u200b<\/span><\/span><img loading=\"lazy\" decoding=\"async\" class=\"alignnone size-full wp-image-904\" src=\"https:\/\/unitedperfect.com\/wp-content\/uploads\/2026\/01\/05d59bd794df7bd88208769f09815dc-2-scaled.jpg\" alt=\"\" width=\"2560\" height=\"1920\" srcset=\"https:\/\/unitedperfect.com\/wp-content\/uploads\/2026\/01\/05d59bd794df7bd88208769f09815dc-2-scaled.jpg 2560w, https:\/\/unitedperfect.com\/wp-content\/uploads\/2026\/01\/05d59bd794df7bd88208769f09815dc-2-300x225.jpg 300w, https:\/\/unitedperfect.com\/wp-content\/uploads\/2026\/01\/05d59bd794df7bd88208769f09815dc-2-1024x768.jpg 1024w, https:\/\/unitedperfect.com\/wp-content\/uploads\/2026\/01\/05d59bd794df7bd88208769f09815dc-2-768x576.jpg 768w, https:\/\/unitedperfect.com\/wp-content\/uploads\/2026\/01\/05d59bd794df7bd88208769f09815dc-2-1536x1152.jpg 1536w, https:\/\/unitedperfect.com\/wp-content\/uploads\/2026\/01\/05d59bd794df7bd88208769f09815dc-2-2048x1536.jpg 2048w, https:\/\/unitedperfect.com\/wp-content\/uploads\/2026\/01\/05d59bd794df7bd88208769f09815dc-2-16x12.jpg 16w, https:\/\/unitedperfect.com\/wp-content\/uploads\/2026\/01\/05d59bd794df7bd88208769f09815dc-2-600x450.jpg 600w\" sizes=\"(max-width: 2560px) 100vw, 2560px\" \/><\/h1>\n<hr \/>\n<h2><\/h2>\n<h3><strong>CONTACTEZ-NOUS<\/strong><\/h3>\n<div>\n<p><b>Jinan United Perfect Building Materials Corporation<\/b><\/p>\n<p><b>M<\/b>: +86 139 6416 6699 \u00a0<b>P<\/b>:\u00a0+86-531 8190 1621 \u00a0<b>F<\/b>:\u00a0+86-531 8281 4295<\/p>\n<p><b>Whatsapp :<\/b>\u00a0+8613426130536 \u00a0<b>Skype :<\/b><b>\u00a0<\/b>harald2009 \u00a0<b>Wechat :<\/b>\u00a013426130536<\/p>\n<p><img loading=\"lazy\" decoding=\"async\" class=\"ckimgrsz\" src=\"https:\/\/yunpan.cdn.site.joinf.com\/4995171754491181\/XzYPTGwk4F.jpg\" alt=\"\" width=\"516\" height=\"237\" data-cke-saved-src=\"https:\/\/yunpan.cdn.site.joinf.com\/4995171754491181\/XzYPTGwk4F.jpg\" \/><\/p>\n<\/div>\n<h1><span data-cke-copybin-end=\"1\">\u200b<\/span><\/h1>","protected":false},"excerpt":{"rendered":"<p>La feuille d'aluminium avec tissu en fibre de verre est un mat\u00e9riau composite durable et tr\u00e8s performant, con\u00e7u pour offrir une isolation thermique et une protection contre l'humidit\u00e9 sup\u00e9rieures. Combinant un c\u0153ur en tissu de fibre de verre renforc\u00e9 avec une couche de feuille d'aluminium r\u00e9fl\u00e9chissante, il offre une solidit\u00e9 exceptionnelle, une r\u00e9sistance \u00e0 la d\u00e9chirure et une fiabilit\u00e9 \u00e0 long terme dans des environnements exigeants.<\/p>","protected":false},"featured_media":1103,"comment_status":"open","ping_status":"closed","template":"","meta":[],"product_brand":[],"product_cat":[52],"product_tag":[],"class_list":{"0":"post-1097","1":"product","2":"type-product","3":"status-publish","4":"has-post-thumbnail","6":"product_cat-aluminum-fiberglass-fabric","8":"first","9":"instock","10":"shipping-taxable","11":"product-type-simple"},"aioseo_notices":[],"_links":{"self":[{"href":"https:\/\/unitedperfect.com\/fr\/wp-json\/wp\/v2\/product\/1097","targetHints":{"allow":["GET"]}}],"collection":[{"href":"https:\/\/unitedperfect.com\/fr\/wp-json\/wp\/v2\/product"}],"about":[{"href":"https:\/\/unitedperfect.com\/fr\/wp-json\/wp\/v2\/types\/product"}],"replies":[{"embeddable":true,"href":"https:\/\/unitedperfect.com\/fr\/wp-json\/wp\/v2\/comments?post=1097"}],"wp:featuredmedia":[{"embeddable":true,"href":"https:\/\/unitedperfect.com\/fr\/wp-json\/wp\/v2\/media\/1103"}],"wp:attachment":[{"href":"https:\/\/unitedperfect.com\/fr\/wp-json\/wp\/v2\/media?parent=1097"}],"wp:term":[{"taxonomy":"product_brand","embeddable":true,"href":"https:\/\/unitedperfect.com\/fr\/wp-json\/wp\/v2\/product_brand?post=1097"},{"taxonomy":"product_cat","embeddable":true,"href":"https:\/\/unitedperfect.com\/fr\/wp-json\/wp\/v2\/product_cat?post=1097"},{"taxonomy":"product_tag","embeddable":true,"href":"https:\/\/unitedperfect.com\/fr\/wp-json\/wp\/v2\/product_tag?post=1097"}],"curies":[{"name":"wp","href":"https:\/\/api.w.org\/{rel}","templated":true}]}}