{"id":1208,"date":"2026-01-14T10:40:47","date_gmt":"2026-01-14T10:40:47","guid":{"rendered":"https:\/\/unitedperfect.com\/?page_id=1208"},"modified":"2026-02-28T12:01:32","modified_gmt":"2026-02-28T12:01:32","slug":"application","status":"publish","type":"page","link":"https:\/\/unitedperfect.com\/fr\/application\/","title":{"rendered":"Application"},"content":{"rendered":"<div data-elementor-type=\"wp-page\" data-elementor-id=\"1208\" class=\"elementor elementor-1208\" data-elementor-post-type=\"page\">\n\t\t\t\t\t\t<section class=\"elementor-section elementor-top-section elementor-element elementor-element-61ba00c3 elementor-section-boxed elementor-section-height-default elementor-section-height-default\" data-id=\"61ba00c3\" data-element_type=\"section\" data-settings=\"{&quot;background_background&quot;:&quot;classic&quot;}\">\n\t\t\t\t\t\t\t<div class=\"elementor-background-overlay\"><\/div>\n\t\t\t\t\t\t\t<div class=\"elementor-container elementor-column-gap-default\">\n\t\t\t\t\t<div class=\"elementor-column elementor-col-100 elementor-top-column elementor-element elementor-element-e6532fe\" data-id=\"e6532fe\" data-element_type=\"column\">\n\t\t\t<div class=\"elementor-widget-wrap elementor-element-populated\">\n\t\t\t\t\t\t<section class=\"elementor-section elementor-inner-section elementor-element elementor-element-2765b0dc elementor-section-full_width elementor-section-height-default elementor-section-height-default\" data-id=\"2765b0dc\" data-element_type=\"section\">\n\t\t\t\t\t\t<div class=\"elementor-container elementor-column-gap-default\">\n\t\t\t\t\t<div class=\"elementor-column elementor-col-100 elementor-inner-column elementor-element elementor-element-5f8a0bc6 elementor-invisible\" data-id=\"5f8a0bc6\" data-element_type=\"column\" data-settings=\"{&quot;animation&quot;:&quot;fadeInLeft&quot;}\">\n\t\t\t<div class=\"elementor-widget-wrap elementor-element-populated\">\n\t\t\t\t\t\t<div class=\"elementor-element elementor-element-21da20b9 elementor-widget elementor-widget-heading\" data-id=\"21da20b9\" data-element_type=\"widget\" data-widget_type=\"heading.default\">\n\t\t\t\t\t<h2 class=\"elementor-heading-title elementor-size-default\">Parements pour l'isolation des b\u00e2timents m\u00e9talliques \/ HVAC &amp; Appliances \/ Enveloppe de gaine et panneau de gaine\n\n<\/h2>\t\t\t\t<\/div>\n\t\t\t\t<div class=\"elementor-element elementor-element-4cc6eaf0 elementor-widget elementor-widget-text-editor\" data-id=\"4cc6eaf0\" data-element_type=\"widget\" data-widget_type=\"text-editor.default\">\n\t\t\t\t\t\t\t\t\t<p>Perfect Group est un fournisseur mondial de pare-vapeur et de parements pour l'isolation des b\u00e2timents m\u00e9talliques, les syst\u00e8mes de chauffage, de ventilation et d'air conditionn\u00e9, les gaines et les panneaux de gaine. Les pare-vapeurs et les rev\u00eatements de Perfect sont con\u00e7us pour prot\u00e9ger l'isolation contre les abus physiques et les effets n\u00e9fastes de l'humidit\u00e9. Nos parements sont con\u00e7us avec des produits chimiques ignifuges exclusifs pour vous aider \u00e0 respecter les normes et les codes de pr\u00e9vention des incendies les plus exigeants.<\/p>\t\t\t\t\t\t\t\t<\/div>\n\t\t\t\t<div class=\"elementor-element elementor-element-11840db elementor-align-left elementor-widget elementor-widget-elementskit-button\" data-id=\"11840db\" data-element_type=\"widget\" data-widget_type=\"elementskit-button.default\">\n\t\t\t\t\t<div class=\"ekit-wid-con\" >\t\t<div class=\"ekit-btn-wraper\">\n\t\t\t\t\t\t\t<a href=\"https:\/\/unitedperfect.com\/fr\/categorie-produit\/alu-foil-lamination\/\" class=\"elementskit-btn  whitespace--normal\" id=\"\">\n\t\t\t\t\tEn savoir plus \t\t\t\t<\/a>\n\t\t\t\t\t<\/div>\n        <\/div>\t\t\t\t<\/div>\n\t\t\t\t\t<\/div>\n\t\t<\/div>\n\t\t\t\t\t<\/div>\n\t\t<\/section>\n\t\t\t\t\t<\/div>\n\t\t<\/div>\n\t\t\t\t\t<\/div>\n\t\t<\/section>\n\t\t\t\t<section class=\"elementor-section elementor-top-section elementor-element elementor-element-ff3be53 elementor-section-boxed elementor-section-height-default elementor-section-height-default\" data-id=\"ff3be53\" data-element_type=\"section\" data-settings=\"{&quot;background_background&quot;:&quot;classic&quot;}\">\n\t\t\t\t\t\t\t<div class=\"elementor-background-overlay\"><\/div>\n\t\t\t\t\t\t\t<div class=\"elementor-container elementor-column-gap-default\">\n\t\t\t\t\t<div class=\"elementor-column elementor-col-100 elementor-top-column elementor-element elementor-element-1e0ce27\" data-id=\"1e0ce27\" data-element_type=\"column\">\n\t\t\t<div class=\"elementor-widget-wrap elementor-element-populated\">\n\t\t\t\t\t\t<div class=\"elementor-element elementor-element-6bfece0 elementor-widget elementor-widget-heading\" data-id=\"6bfece0\" data-element_type=\"widget\" data-widget_type=\"heading.default\">\n\t\t\t\t\t<h2 class=\"elementor-heading-title elementor-size-default\">Laine min\u00e9rale de roche \/ Laine de verre<\/h2>\t\t\t\t<\/div>\n\t\t\t\t<div class=\"elementor-element elementor-element-2d706db elementor-widget elementor-widget-text-editor\" data-id=\"2d706db\" data-element_type=\"widget\" data-widget_type=\"text-editor.default\">\n\t\t\t\t\t\t\t\t\t<p>Jinan United Perfect Building Materials Corporation est un fabricant professionnel de laine de roche certifi\u00e9 FM et CCS. Les produits sont enti\u00e8rement couverts par des panneaux de laine de roche, des couvertures de laine de roche, des tuyaux de laine de roche et de la laine de roche hydroponique, etc. Notre capacit\u00e9 de production est de plus de 20000 tonnes par mois.<\/p>\t\t\t\t\t\t\t\t<\/div>\n\t\t\t\t<div class=\"elementor-element elementor-element-e9503f3 elementor-align-right elementor-widget elementor-widget-elementskit-button\" data-id=\"e9503f3\" data-element_type=\"widget\" data-widget_type=\"elementskit-button.default\">\n\t\t\t\t\t<div class=\"ekit-wid-con\" >\t\t<div class=\"ekit-btn-wraper\">\n\t\t\t\t\t\t\t<a href=\"https:\/\/unitedperfect.com\/fr\/categorie-produit\/insulation-acoustic\/\" class=\"elementskit-btn  whitespace--normal\" id=\"\">\n\t\t\t\t\tEn savoir plus \t\t\t\t<\/a>\n\t\t\t\t\t<\/div>\n        <\/div>\t\t\t\t<\/div>\n\t\t\t\t\t<\/div>\n\t\t<\/div>\n\t\t\t\t\t<\/div>\n\t\t<\/section>\n\t\t\t\t<section class=\"elementor-section elementor-top-section elementor-element elementor-element-2dbb32b elementor-section-boxed elementor-section-height-default elementor-section-height-default\" data-id=\"2dbb32b\" data-element_type=\"section\" data-settings=\"{&quot;background_background&quot;:&quot;classic&quot;}\">\n\t\t\t\t\t\t\t<div class=\"elementor-background-overlay\"><\/div>\n\t\t\t\t\t\t\t<div class=\"elementor-container elementor-column-gap-default\">\n\t\t\t\t\t<div class=\"elementor-column elementor-col-100 elementor-top-column elementor-element elementor-element-ea564f4\" data-id=\"ea564f4\" data-element_type=\"column\">\n\t\t\t<div class=\"elementor-widget-wrap elementor-element-populated\">\n\t\t\t\t\t\t<section class=\"elementor-section elementor-inner-section elementor-element elementor-element-296f77d elementor-section-boxed elementor-section-height-default elementor-section-height-default\" data-id=\"296f77d\" data-element_type=\"section\">\n\t\t\t\t\t\t<div class=\"elementor-container elementor-column-gap-default\">\n\t\t\t\t\t<div class=\"elementor-column elementor-col-100 elementor-inner-column elementor-element elementor-element-f474026 elementor-invisible\" data-id=\"f474026\" data-element_type=\"column\" data-settings=\"{&quot;animation&quot;:&quot;fadeInLeft&quot;}\">\n\t\t\t<div class=\"elementor-widget-wrap elementor-element-populated\">\n\t\t\t\t\t\t<div class=\"elementor-element elementor-element-a6a0761 elementor-widget elementor-widget-heading\" data-id=\"a6a0761\" data-element_type=\"widget\" data-widget_type=\"heading.default\">\n\t\t\t\t\t<h2 class=\"elementor-heading-title elementor-size-default\">Sous-couche synth\u00e9tique, membrane respirante, enveloppe de maison, pare-vapeur<\/h2>\t\t\t\t<\/div>\n\t\t\t\t<div class=\"elementor-element elementor-element-661cf33 elementor-widget elementor-widget-text-editor\" data-id=\"661cf33\" data-element_type=\"widget\" data-widget_type=\"text-editor.default\">\n\t\t\t\t\t\t\t\t\t<p>Perfect Group est fier d'\u00eatre l'un des principaux fabricants de mat\u00e9riaux de toiture en Chine. Avec un personnel professionnel et diligent, nous d\u00e9veloppons et offrons depuis plusieurs ann\u00e9es des solutions globales pour la protection des b\u00e2timents et de leurs occupants contre les conditions climatiques externes et les effets de la condensation avec les produits suivants de qualit\u00e9 certifi\u00e9e : membrane respirante, sous-couche synth\u00e9tique, \u00e9cran contre la glace et l'eau, pare-vapeur, barri\u00e8re radiante, enveloppe de maison et accessoires. En se concentrant sur la demande actuelle du march\u00e9 et en se pr\u00e9parant pour l'avenir...<\/p>\t\t\t\t\t\t\t\t<\/div>\n\t\t\t\t<div class=\"elementor-element elementor-element-6be93a5 elementor-align-left elementor-widget elementor-widget-elementskit-button\" data-id=\"6be93a5\" data-element_type=\"widget\" data-widget_type=\"elementskit-button.default\">\n\t\t\t\t\t<div class=\"ekit-wid-con\" >\t\t<div class=\"ekit-btn-wraper\">\n\t\t\t\t\t\t\t<a href=\"https:\/\/unitedperfect.com\/fr\/categorie-produit\/roofing-walling\/\" class=\"elementskit-btn  whitespace--normal\" id=\"\">\n\t\t\t\t\tEn savoir plus \t\t\t\t<\/a>\n\t\t\t\t\t<\/div>\n        <\/div>\t\t\t\t<\/div>\n\t\t\t\t\t<\/div>\n\t\t<\/div>\n\t\t\t\t\t<\/div>\n\t\t<\/section>\n\t\t\t\t\t<\/div>\n\t\t<\/div>\n\t\t\t\t\t<\/div>\n\t\t<\/section>\n\t\t\t\t<\/div>","protected":false},"excerpt":{"rendered":"<p>Facings for Metal Building Insulation \/ HVAC &amp; Appliances \/ Duct Wrap &amp; Duct Board Perfect Group is a global supplier of insulation vapor retarders and facings to the Metal Building Insulation \/ HVAC &amp; Appliances \/ Duct Wrap &amp; Duct Board market. Perfect&#8217;s insulation vapor retarders and facings are engineered to protect insulation from [&hellip;]<\/p>","protected":false},"author":1,"featured_media":0,"parent":0,"menu_order":0,"comment_status":"closed","ping_status":"closed","template":"elementor_header_footer","meta":{"footnotes":""},"class_list":["post-1208","page","type-page","status-publish","hentry"],"aioseo_notices":[],"_hostinger_reach_plugin_has_subscription_block":false,"_hostinger_reach_plugin_is_elementor":false,"_links":{"self":[{"href":"https:\/\/unitedperfect.com\/fr\/wp-json\/wp\/v2\/pages\/1208","targetHints":{"allow":["GET"]}}],"collection":[{"href":"https:\/\/unitedperfect.com\/fr\/wp-json\/wp\/v2\/pages"}],"about":[{"href":"https:\/\/unitedperfect.com\/fr\/wp-json\/wp\/v2\/types\/page"}],"author":[{"embeddable":true,"href":"https:\/\/unitedperfect.com\/fr\/wp-json\/wp\/v2\/users\/1"}],"replies":[{"embeddable":true,"href":"https:\/\/unitedperfect.com\/fr\/wp-json\/wp\/v2\/comments?post=1208"}],"version-history":[{"count":13,"href":"https:\/\/unitedperfect.com\/fr\/wp-json\/wp\/v2\/pages\/1208\/revisions"}],"predecessor-version":[{"id":1526,"href":"https:\/\/unitedperfect.com\/fr\/wp-json\/wp\/v2\/pages\/1208\/revisions\/1526"}],"wp:attachment":[{"href":"https:\/\/unitedperfect.com\/fr\/wp-json\/wp\/v2\/media?parent=1208"}],"curies":[{"name":"wp","href":"https:\/\/api.w.org\/{rel}","templated":true}]}}