{"id":975,"date":"2026-01-07T09:57:33","date_gmt":"2026-01-07T09:57:33","guid":{"rendered":"https:\/\/unitedperfect.com\/?post_type=product&#038;p=975"},"modified":"2026-01-14T09:45:49","modified_gmt":"2026-01-14T09:45:49","slug":"breathable-membrane","status":"publish","type":"product","link":"https:\/\/unitedperfect.com\/es\/producto\/breathable-membrane\/","title":{"rendered":"Membrana transpirable"},"content":{"rendered":"<h2><strong>Qu\u00e9 es la membrana transpirable OPERFECT\u2122?<\/strong><\/h2>\n<div><strong>OPERFECT\u2122 Membrana transpirable<\/strong> <b>P<\/b><b>erfecto<\/b><b>\u00a0membranas transpirables<\/b>\u00a0tienen un excelente rendimiento a prueba de agua, permeabilidad al vapor y resistente a los rayos UV, que son ampliamente utilizados en la construcci\u00f3n como contrapiso del techo y la membrana de la pared. Pueden evitar el conducto, la ca\u00edda de agua desde nuestro lado, pero pueden permitir el paso del aire. Es principalmente para E<span style=\"font-family: Arial, Helvetica, sans-serif;\">uropeo, norteamericano y sudamericano. <\/span><b>P<\/b><b>erfecto<\/b><b>\u00a0membranas transpirables<\/b>\u00a0tienen un excelente rendimiento a prueba de agua, permeabilidad al vapor y resistente a los rayos UV, que son ampliamente utilizados en la construcci\u00f3n como contrapiso del techo y la membrana de la pared. Pueden evitar el conducto, la ca\u00edda de agua desde nuestro lado, pero pueden permitir el paso del aire. Es principalmente para E<span style=\"font-family: Arial, Helvetica, sans-serif;\">uropeo, norteamericano y sudamericano.<\/span><\/div>\n<div><img fetchpriority=\"high\" decoding=\"async\" class=\"alignnone wp-image-976\" src=\"https:\/\/unitedperfect.com\/wp-content\/uploads\/2026\/01\/photobank-1-1-300x300.jpg\" alt=\"\" width=\"342\" height=\"342\" srcset=\"https:\/\/unitedperfect.com\/wp-content\/uploads\/2026\/01\/photobank-1-1-300x300.jpg 300w, https:\/\/unitedperfect.com\/wp-content\/uploads\/2026\/01\/photobank-1-1-150x150.jpg 150w, https:\/\/unitedperfect.com\/wp-content\/uploads\/2026\/01\/photobank-1-1-768x768.jpg 768w, https:\/\/unitedperfect.com\/wp-content\/uploads\/2026\/01\/photobank-1-1-12x12.jpg 12w, https:\/\/unitedperfect.com\/wp-content\/uploads\/2026\/01\/photobank-1-1-600x600.jpg 600w, https:\/\/unitedperfect.com\/wp-content\/uploads\/2026\/01\/photobank-1-1-100x100.jpg 100w, https:\/\/unitedperfect.com\/wp-content\/uploads\/2026\/01\/photobank-1-1.jpg 1000w\" sizes=\"(max-width: 342px) 100vw, 342px\" \/>\u00a0 <img decoding=\"async\" class=\"alignnone size-medium wp-image-977\" src=\"https:\/\/unitedperfect.com\/wp-content\/uploads\/2026\/01\/\u5fae\u4fe1\u56fe\u7247_202309121655014-300x300.jpg\" alt=\"\" width=\"300\" height=\"300\" srcset=\"https:\/\/unitedperfect.com\/wp-content\/uploads\/2026\/01\/\u5fae\u4fe1\u56fe\u7247_202309121655014-300x300.jpg 300w, https:\/\/unitedperfect.com\/wp-content\/uploads\/2026\/01\/\u5fae\u4fe1\u56fe\u7247_202309121655014-150x150.jpg 150w, https:\/\/unitedperfect.com\/wp-content\/uploads\/2026\/01\/\u5fae\u4fe1\u56fe\u7247_202309121655014-768x768.jpg 768w, https:\/\/unitedperfect.com\/wp-content\/uploads\/2026\/01\/\u5fae\u4fe1\u56fe\u7247_202309121655014-12x12.jpg 12w, https:\/\/unitedperfect.com\/wp-content\/uploads\/2026\/01\/\u5fae\u4fe1\u56fe\u7247_202309121655014-600x600.jpg 600w, https:\/\/unitedperfect.com\/wp-content\/uploads\/2026\/01\/\u5fae\u4fe1\u56fe\u7247_202309121655014-100x100.jpg 100w, https:\/\/unitedperfect.com\/wp-content\/uploads\/2026\/01\/\u5fae\u4fe1\u56fe\u7247_202309121655014.jpg 1024w\" sizes=\"(max-width: 300px) 100vw, 300px\" \/>\u00a0 \u00a0 <img decoding=\"async\" class=\"alignnone size-medium wp-image-979\" src=\"https:\/\/unitedperfect.com\/wp-content\/uploads\/2026\/01\/\u5fae\u4fe1\u56fe\u7247_20250722091319-300x300.jpg\" alt=\"\" width=\"300\" height=\"300\" srcset=\"https:\/\/unitedperfect.com\/wp-content\/uploads\/2026\/01\/\u5fae\u4fe1\u56fe\u7247_20250722091319-300x300.jpg 300w, https:\/\/unitedperfect.com\/wp-content\/uploads\/2026\/01\/\u5fae\u4fe1\u56fe\u7247_20250722091319-1024x1024.jpg 1024w, https:\/\/unitedperfect.com\/wp-content\/uploads\/2026\/01\/\u5fae\u4fe1\u56fe\u7247_20250722091319-150x150.jpg 150w, https:\/\/unitedperfect.com\/wp-content\/uploads\/2026\/01\/\u5fae\u4fe1\u56fe\u7247_20250722091319-768x768.jpg 768w, https:\/\/unitedperfect.com\/wp-content\/uploads\/2026\/01\/\u5fae\u4fe1\u56fe\u7247_20250722091319-1536x1536.jpg 1536w, https:\/\/unitedperfect.com\/wp-content\/uploads\/2026\/01\/\u5fae\u4fe1\u56fe\u7247_20250722091319-2048x2048.jpg 2048w, https:\/\/unitedperfect.com\/wp-content\/uploads\/2026\/01\/\u5fae\u4fe1\u56fe\u7247_20250722091319-12x12.jpg 12w, https:\/\/unitedperfect.com\/wp-content\/uploads\/2026\/01\/\u5fae\u4fe1\u56fe\u7247_20250722091319-600x600.jpg 600w, https:\/\/unitedperfect.com\/wp-content\/uploads\/2026\/01\/\u5fae\u4fe1\u56fe\u7247_20250722091319-100x100.jpg 100w\" sizes=\"(max-width: 300px) 100vw, 300px\" \/><\/div>\n<div><\/div>\n<div>\n<h2><strong>\u00bfQu\u00e9 puede ofrecerle la membrana transpirable OPERFECT\u2122?<\/strong><\/h2>\n<div>\n<p><b>A medida: <\/b><strong><i>Su logotipo, su etiqueta, su color, etc.<\/i><\/strong><\/p>\n<p><strong><span style=\"font-family: Arial, Helvetica, sans-serif;\">Podemos ofrecer FOB, CIF y tambi\u00e9n sevise puerta a puerta para usted<\/span><\/strong><span style=\"font-family: Arial, Helvetica, sans-serif;\">,<\/span><strong>Ahorre 10% de costes de contrataci\u00f3n y aumente la eficiencia de la contrataci\u00f3n en 30%.<\/strong><\/p>\n<p><b>Normas de calidad<span style=\"font-family: \u5b8b\u4f53;\">\uff1a<\/span><\/b><\/p>\n<p><b><span style=\"font-family: Arial, Helvetica, sans-serif;\">\u2013 <\/span><\/b>ASTM D226 para los tipos I y II<\/p>\n<p><b><span style=\"font-family: Arial, Helvetica, sans-serif;\">\u2013 <\/span><\/b>ASTM D4869<\/p>\n<p><b><span style=\"font-family: Arial, Helvetica, sans-serif;\">\u2013<\/span><\/b>CAN\/CSA A220.1<\/p>\n<p><b><span style=\"font-family: Arial, Helvetica, sans-serif;\">\u2013<\/span><\/b>CAN\/CSA A123.3<\/p>\n<p><b><span style=\"font-family: Arial, Helvetica, sans-serif;\">\u2013<\/span><\/b>CLASE A FUEGO ASTM E108<\/p>\n<p><b><span style=\"font-family: Arial, Helvetica, sans-serif;\">\u2013<\/span><\/b>ICC-ES AC 188;<\/p>\n<p><b>Capacidad de producci\u00f3n: <\/b><i>80*40HQ\/mes\u00a0<\/i><\/p>\n<p><img loading=\"lazy\" decoding=\"async\" class=\"ckimgrsz alignnone\" src=\"https:\/\/yunpan.cdn.site.joinf.com\/4995171754491181\/BDKRyC8Kzt.jpg\" alt=\"\" width=\"1029\" height=\"686\" data-cke-saved-src=\"https:\/\/yunpan.cdn.site.joinf.com\/4995171754491181\/BDKRyC8Kzt.jpg\" \/><\/p>\n<p>&nbsp;<\/p>\n<\/div>\n<h2><strong>Caracter\u00edsticas &amp;<\/strong><strong> ventajas<\/strong>\u00a0<strong>de OPERFECT\u2122.\u00a0\u00a0<\/strong><strong>Membrana transpirable<\/strong><strong>\uff1f<\/strong><\/h2>\n<p><span style=\"color: #ff0000;\"><b>1.<\/b><\/span> Permite que el techo y la pared respiren libremente\u00a0 \u00a0 \u00a0 \u00a0 \u00a0 \u00a0 \u00a0 \u00a0 \u00a0 \u00a0 \u00a0 \u00a0<b><span style=\"color: #ff0000;\">2.<\/span><\/b>Excelente resistencia mec\u00e1nica<\/p>\n<p><b><span style=\"color: #ff0000;\">3.<\/span><\/b>4 meses de resistencia a los rayos UV<b><span style=\"color: #ff0000;\">4.<\/span><\/b>Funci\u00f3n impermeable 100%<\/p>\n<p><span style=\"color: #ff0000;\"><b>5.<\/b><\/span>\u00a0Permite que el techo y la pared respiren libremente\u00a0<b><span style=\"color: #ff0000;\">6.<\/span><\/b>Excelente resistencia mec\u00e1nica<\/p>\n<p><span style=\"color: #ff0000;\"><b>7.<\/b><\/span>4 meses de resistencia a los rayos UV<b><span style=\"color: #ff0000;\">8.<\/span><\/b>Funci\u00f3n impermeable 100%<\/p>\n<p><img loading=\"lazy\" decoding=\"async\" class=\"ckimgrsz\" src=\"https:\/\/yunpan.cdn.site.joinf.com\/4995171754491181\/zsfen26dby.png\" alt=\"\" width=\"828\" height=\"285\" data-cke-saved-src=\"https:\/\/yunpan.cdn.site.joinf.com\/4995171754491181\/zsfen26dby.png\" \/><\/p>\n<p>&nbsp;<\/p>\n<\/div>\n<h2><b>\u00bfCu\u00e1les son las especificaciones?\u00a0<\/b><strong>de OPERFECT\u2122.\u00a0\u00a0<\/strong><strong>Membrana transpirable<\/strong><strong>?<\/strong><\/h2>\n<p><img loading=\"lazy\" decoding=\"async\" class=\"ckimgrsz\" src=\"https:\/\/yunpan.cdn.site.joinf.com\/4995171754491181\/Yr2p8ciFJ4.png\" alt=\"\" width=\"1021\" height=\"545\" data-cke-saved-src=\"https:\/\/yunpan.cdn.site.joinf.com\/4995171754491181\/Yr2p8ciFJ4.png\" \/><\/p>\n<p>&nbsp;<\/p>\n<h2><strong>\u00bfCu\u00e1l es la aplicaci\u00f3n de la membrana transpirable?<\/strong><\/h2>\n<div>\n<p><strong>1. Los muros: La primera l\u00ednea de defensa<\/strong><\/p>\n<p>Aplicaci\u00f3n: Instalado sobre el revestimiento estructural (OSB, contrachapado, etc.) y detr\u00e1s del revestimiento exterior (revestimiento, ladrillo, estuco, etc.).<\/p>\n<p>Por qu\u00e9 es esencial: Crea una barrera continua resistente al agua que impide que el viento y la lluvia penetren en el conjunto de la pared. Al mismo tiempo, permite que cualquier vapor de humedad que se difunda en la cavidad de la pared desde el interior escape hacia el exterior, manteniendo secos el armaz\u00f3n y el aislamiento. Esto es fundamental para evitar la putrefacci\u00f3n y el moho, y para mantener el valor R del aislamiento.<\/p>\n<p><strong>2. Cubiertas inclinadas: Proteger de arriba abajo<\/strong><\/p>\n<p>Aplicaci\u00f3n: Utilizado en construcciones de tejados fr\u00edos, colocado sobre las vigas del tejado y bajo los listones y tejas o pizarras.<\/p>\n<p>Por qu\u00e9 es esencial: Act\u00faa como una barrera secundaria contra la intemperie, protegiendo la estructura del tejado de cualquier lluvia o nieve impulsada por el viento que se cuele bajo las tejas. Su alta transpirabilidad permite que cualquier humedad o condensaci\u00f3n incidental en el espacio del tejado se ventile, salvaguardando la integridad del tejado y evitando la degradaci\u00f3n del aislamiento.<\/p>\n<p><strong>3. Sistemas de suelos: Protecci\u00f3n desde la base<\/strong><\/p>\n<p>Aplicaci\u00f3n: Se utiliza en suelos de madera suspendidos, instalados sobre las viguetas y bajo el entarimado.<\/p>\n<p>Por qu\u00e9 es esencial: Evita que la humedad del suelo penetre en la estructura del suelo, al tiempo que permite que la madera respire y que la humedad se equilibre. Esta aplicaci\u00f3n es clave para prevenir el deterioro de la madera, minimizar la humedad y contribuir a una calidad del aire interior m\u00e1s saludable.<\/p>\n<p><strong>4. Construcci\u00f3n con entramado de madera: La norma no negociable<\/strong><\/p>\n<p>Aplicaci\u00f3n: Un componente integral en todas las paredes y tejados modernos de estructura de madera y paneles de aislamiento estructural (SIP).<\/p>\n<p>Por qu\u00e9 es esencial: Estas estructuras son muy sensibles a la humedad. La membrana transpirable es fundamental para proteger la madera higrosc\u00f3pica (que absorbe la humedad) y el aislamiento de alto rendimiento de los da\u00f1os causados por el agua, garantizando la estabilidad, eficiencia y durabilidad a largo plazo de todo el sistema de construcci\u00f3n.<\/p>\n<p><img loading=\"lazy\" decoding=\"async\" class=\"ckimgrsz\" src=\"https:\/\/yunpan.cdn.site.joinf.com\/4995171754491181\/kKJX8H3SNJ.png\" alt=\"\" width=\"981\" height=\"343\" data-cke-saved-src=\"https:\/\/yunpan.cdn.site.joinf.com\/4995171754491181\/kKJX8H3SNJ.png\" \/><\/p>\n<\/div>\n<p>&nbsp;<\/p>\n<p>&nbsp;<\/p>\n<div>\n<h2><strong>Nuestra l\u00ednea de productos para materiales impermeables<\/strong><\/h2>\n<p><img loading=\"lazy\" decoding=\"async\" class=\"ckimgrsz\" src=\"https:\/\/yunpan.cdn.site.joinf.com\/4995171754491181\/W2fh4k8DY6.avif\" alt=\"\" width=\"1366\" height=\"687\" data-cke-saved-src=\"https:\/\/yunpan.cdn.site.joinf.com\/4995171754491181\/W2fh4k8DY6.avif\" \/><\/p>\n<p>&nbsp;<\/p>\n<h2><b>Nuestro embalaje para<\/b><strong>materiales impermeables<\/strong><\/h2>\n<p><img loading=\"lazy\" decoding=\"async\" class=\"ckimgrsz\" src=\"https:\/\/yunpan.cdn.site.joinf.com\/4995171754491181\/mCBCnyEMeF.avif\" alt=\"\" width=\"1359\" height=\"551\" data-cke-saved-src=\"https:\/\/yunpan.cdn.site.joinf.com\/4995171754491181\/mCBCnyEMeF.avif\" \/><\/p>\n<p>&nbsp;<\/p>\n<h2><b>Nuestros clientes<\/b><\/h2>\n<p><img loading=\"lazy\" decoding=\"async\" class=\"ckimgrsz\" src=\"https:\/\/yunpan.cdn.site.joinf.com\/4995171754491181\/5xmzwBEBb40.19833140309542607\" width=\"1200\" height=\"1200\" data-cke-saved-src=\"https:\/\/yunpan.cdn.site.joinf.com\/4995171754491181\/5xmzwBEBb40.19833140309542607\" \/><\/p>\n<p>&nbsp;<\/p>\n<p class=\"p\"><b>CONTACTO<\/b><\/p>\n<p class=\"p\"><b>Corporaci\u00f3n de materiales de construcci\u00f3n Jinan United Perfect<\/b><\/p>\n<p class=\"p\"><b>M<\/b>: +86 139 6416 6699 \u00a0<b>P<\/b>:\u00a0+86-531 8190 1621 \u00a0<b>F<\/b>:\u00a0+86-531 8281 4295<\/p>\n<p class=\"p\"><b>Whatsapp:<\/b>\u00a0+8613426130536 \u00a0<b>Skype:<\/b><b>\u00a0<\/b>harald2009 \u00a0<b>Wechat:<\/b>\u00a013426130536<\/p>\n<p><img loading=\"lazy\" decoding=\"async\" class=\"ckimgrsz\" src=\"https:\/\/yunpan.cdn.site.joinf.com\/4995171754491181\/XzYPTGwk4F.jpg\" alt=\"\" width=\"514\" height=\"236\" data-cke-saved-src=\"https:\/\/yunpan.cdn.site.joinf.com\/4995171754491181\/XzYPTGwk4F.jpg\" \/><\/p>\n<\/div>","protected":false},"excerpt":{"rendered":"<p>Membrana transpirable OPERFECT\u2122 Las membranas transpirables perfectas tienen un excelente rendimiento a prueba de agua, permeabilidad al vapor y resistencia a los rayos UV, que se utilizan ampliamente en la construcci\u00f3n como capa base de techo y membrana de pared. Pueden prevenir el conducto, la ca\u00edda de agua de nuestro lado, pero pueden permitir que el aire pase a trav\u00e9s.<\/p>","protected":false},"featured_media":801,"comment_status":"open","ping_status":"closed","template":"","meta":[],"product_brand":[],"product_cat":[65],"product_tag":[],"class_list":{"0":"post-975","1":"product","2":"type-product","3":"status-publish","4":"has-post-thumbnail","6":"product_cat-breathable-membrane","8":"first","9":"instock","10":"shipping-taxable","11":"product-type-simple"},"aioseo_notices":[],"_links":{"self":[{"href":"https:\/\/unitedperfect.com\/es\/wp-json\/wp\/v2\/product\/975","targetHints":{"allow":["GET"]}}],"collection":[{"href":"https:\/\/unitedperfect.com\/es\/wp-json\/wp\/v2\/product"}],"about":[{"href":"https:\/\/unitedperfect.com\/es\/wp-json\/wp\/v2\/types\/product"}],"replies":[{"embeddable":true,"href":"https:\/\/unitedperfect.com\/es\/wp-json\/wp\/v2\/comments?post=975"}],"wp:featuredmedia":[{"embeddable":true,"href":"https:\/\/unitedperfect.com\/es\/wp-json\/wp\/v2\/media\/801"}],"wp:attachment":[{"href":"https:\/\/unitedperfect.com\/es\/wp-json\/wp\/v2\/media?parent=975"}],"wp:term":[{"taxonomy":"product_brand","embeddable":true,"href":"https:\/\/unitedperfect.com\/es\/wp-json\/wp\/v2\/product_brand?post=975"},{"taxonomy":"product_cat","embeddable":true,"href":"https:\/\/unitedperfect.com\/es\/wp-json\/wp\/v2\/product_cat?post=975"},{"taxonomy":"product_tag","embeddable":true,"href":"https:\/\/unitedperfect.com\/es\/wp-json\/wp\/v2\/product_tag?post=975"}],"curies":[{"name":"wp","href":"https:\/\/api.w.org\/{rel}","templated":true}]}}