{"id":1330,"date":"2026-01-15T09:58:39","date_gmt":"2026-01-15T09:58:39","guid":{"rendered":"https:\/\/unitedperfect.com\/?post_type=product&#038;p=1330"},"modified":"2026-01-15T10:20:03","modified_gmt":"2026-01-15T10:20:03","slug":"glass-wool-pipe","status":"publish","type":"product","link":"https:\/\/unitedperfect.com\/es\/producto\/glass-wool-pipe\/","title":{"rendered":"Tubo de lana de vidrio"},"content":{"rendered":"<h1>Tubo de lana de vidrio<\/h1>\n<h5>La lana de vidrio para tuber\u00edas es un aislante semicil\u00edndrico de precisi\u00f3n para tuber\u00edas fabricado a partir de fibras de vidrio el\u00e1sticas unidas con resina termoendurecible.<\/h5>\n<h5>Dise\u00f1adas para facilitar la instalaci\u00f3n y ofrecer un rendimiento constante, estas secciones preformadas proporcionan una eficiencia t\u00e9rmica, un control de la condensaci\u00f3n y unas ventajas ac\u00fasticas excepcionales para una amplia gama de tuber\u00edas de servicio de fr\u00edo y calor en aplicaciones comerciales, industriales y de calefacci\u00f3n, ventilaci\u00f3n y aire acondicionado.<\/h5>\n<p><img fetchpriority=\"high\" decoding=\"async\" class=\"alignnone wp-image-1336 size-medium\" src=\"https:\/\/unitedperfect.com\/wp-content\/uploads\/2026\/01\/photobank-17-300x300.jpg\" alt=\"\" width=\"300\" height=\"300\" srcset=\"https:\/\/unitedperfect.com\/wp-content\/uploads\/2026\/01\/photobank-17-300x300.jpg 300w, https:\/\/unitedperfect.com\/wp-content\/uploads\/2026\/01\/photobank-17-150x150.jpg 150w, https:\/\/unitedperfect.com\/wp-content\/uploads\/2026\/01\/photobank-17-12x12.jpg 12w, https:\/\/unitedperfect.com\/wp-content\/uploads\/2026\/01\/photobank-17-200x200.jpg 200w, https:\/\/unitedperfect.com\/wp-content\/uploads\/2026\/01\/photobank-17-600x600.jpg 600w, https:\/\/unitedperfect.com\/wp-content\/uploads\/2026\/01\/photobank-17-100x100.jpg 100w, https:\/\/unitedperfect.com\/wp-content\/uploads\/2026\/01\/photobank-17.jpg 640w\" sizes=\"(max-width: 300px) 100vw, 300px\" \/> <img decoding=\"async\" class=\"alignnone wp-image-1332 size-medium\" src=\"https:\/\/unitedperfect.com\/wp-content\/uploads\/2026\/01\/photobank-2-6-300x300.jpg\" alt=\"\" width=\"300\" height=\"300\" srcset=\"https:\/\/unitedperfect.com\/wp-content\/uploads\/2026\/01\/photobank-2-6-300x300.jpg 300w, https:\/\/unitedperfect.com\/wp-content\/uploads\/2026\/01\/photobank-2-6-150x150.jpg 150w, https:\/\/unitedperfect.com\/wp-content\/uploads\/2026\/01\/photobank-2-6-12x12.jpg 12w, https:\/\/unitedperfect.com\/wp-content\/uploads\/2026\/01\/photobank-2-6-200x200.jpg 200w, https:\/\/unitedperfect.com\/wp-content\/uploads\/2026\/01\/photobank-2-6-600x600.jpg 600w, https:\/\/unitedperfect.com\/wp-content\/uploads\/2026\/01\/photobank-2-6-100x100.jpg 100w, https:\/\/unitedperfect.com\/wp-content\/uploads\/2026\/01\/photobank-2-6.jpg 640w\" sizes=\"(max-width: 300px) 100vw, 300px\" \/> <img decoding=\"async\" class=\"alignnone wp-image-1335 size-medium\" src=\"https:\/\/unitedperfect.com\/wp-content\/uploads\/2026\/01\/photobank-5-4-300x300.jpg\" alt=\"\" width=\"300\" height=\"300\" srcset=\"https:\/\/unitedperfect.com\/wp-content\/uploads\/2026\/01\/photobank-5-4-300x300.jpg 300w, https:\/\/unitedperfect.com\/wp-content\/uploads\/2026\/01\/photobank-5-4-150x150.jpg 150w, https:\/\/unitedperfect.com\/wp-content\/uploads\/2026\/01\/photobank-5-4-12x12.jpg 12w, https:\/\/unitedperfect.com\/wp-content\/uploads\/2026\/01\/photobank-5-4-200x200.jpg 200w, https:\/\/unitedperfect.com\/wp-content\/uploads\/2026\/01\/photobank-5-4-600x600.jpg 600w, https:\/\/unitedperfect.com\/wp-content\/uploads\/2026\/01\/photobank-5-4-100x100.jpg 100w, https:\/\/unitedperfect.com\/wp-content\/uploads\/2026\/01\/photobank-5-4.jpg 640w\" sizes=\"(max-width: 300px) 100vw, 300px\" \/><\/p>\n<p>&nbsp;<\/p>\n<hr \/>\n<h2>Caracter\u00edsticas y ventajas<\/h2>\n<ul>\n<li>\n<p class=\"ds-markdown-paragraph\"><strong>Excelente eficiencia t\u00e9rmica:<\/strong>\u00a0La baja conductividad t\u00e9rmica del material de lana de vidrio minimiza eficazmente la p\u00e9rdida de calor de las tuber\u00edas calientes y la ganancia de calor en las tuber\u00edas fr\u00edas. Esto mejora la eficiencia energ\u00e9tica del sistema, mantiene las temperaturas de fluido deseadas y reduce los costes operativos.<\/p>\n<\/li>\n<li>\n<p class=\"ds-markdown-paragraph\"><strong>Preformado para una r\u00e1pida instalaci\u00f3n:<\/strong>\u00a0Moldeados en f\u00e1brica con di\u00e1metros interiores precisos que coinciden con los tama\u00f1os de tuber\u00eda est\u00e1ndar (NPS\/OD). Las dos mitades entrelazadas o el dise\u00f1o a presi\u00f3n permiten una instalaci\u00f3n r\u00e1pida, limpia y segura sin herramientas especializadas, lo que reduce significativamente el tiempo de trabajo.<\/p>\n<\/li>\n<li>\n<p class=\"ds-markdown-paragraph\"><strong>Control eficaz de la condensaci\u00f3n:<\/strong>\u00a0Al mantener la temperatura de la superficie de la tuber\u00eda por encima del punto de roc\u00edo, evita eficazmente la formaci\u00f3n de condensaci\u00f3n en las tuber\u00edas de agua fr\u00eda, de agua refrigerada y de refrigeraci\u00f3n, protegiendo contra los da\u00f1os por humedad, la corrosi\u00f3n y la formaci\u00f3n de moho.<\/p>\n<\/li>\n<li>\n<p class=\"ds-markdown-paragraph\"><strong>Ligero y f\u00e1cil de manejar:<\/strong>\u00a0Mucho m\u00e1s ligero que los materiales tradicionales de aislamiento de tuber\u00edas, lo que facilita su transporte, manipulaci\u00f3n e instalaci\u00f3n por encima de la cabeza o en espacios reducidos.<\/p>\n<\/li>\n<li>\n<p class=\"ds-markdown-paragraph\"><strong>Buenas propiedades ac\u00fasticas:<\/strong>\u00a0Ayuda a amortiguar el ruido y las vibraciones causados por el flujo de agua, el funcionamiento de las bombas o las fluctuaciones de presi\u00f3n dentro del sistema de tuber\u00edas.<\/p>\n<\/li>\n<li>\n<p class=\"ds-markdown-paragraph\"><strong>Incombustible:<\/strong> Clasificado como material incombustible, contribuye a la seguridad general contra incendios de los servicios del edificio.<\/p>\n<\/li>\n<li>\n<p class=\"ds-markdown-paragraph\"><strong>Resistente al moho y la corrosi\u00f3n:<\/strong>\u00a0Las fibras de vidrio inorg\u00e1nicas no favorecen la formaci\u00f3n de moho ni bacterias. Tampoco son corrosivas para las tuber\u00edas, lo que garantiza la integridad del sistema a largo plazo.<\/p>\n<\/li>\n<\/ul>\n<h2>\u00a0 <img loading=\"lazy\" decoding=\"async\" class=\"alignnone wp-image-1337\" src=\"https:\/\/unitedperfect.com\/wp-content\/uploads\/2026\/01\/photobank-5-300x165.png\" alt=\"\" width=\"473\" height=\"260\" srcset=\"https:\/\/unitedperfect.com\/wp-content\/uploads\/2026\/01\/photobank-5-300x165.png 300w, https:\/\/unitedperfect.com\/wp-content\/uploads\/2026\/01\/photobank-5-768x422.png 768w, https:\/\/unitedperfect.com\/wp-content\/uploads\/2026\/01\/photobank-5-18x10.png 18w, https:\/\/unitedperfect.com\/wp-content\/uploads\/2026\/01\/photobank-5-200x110.png 200w, https:\/\/unitedperfect.com\/wp-content\/uploads\/2026\/01\/photobank-5-600x329.png 600w, https:\/\/unitedperfect.com\/wp-content\/uploads\/2026\/01\/photobank-5.png 1000w\" sizes=\"(max-width: 473px) 100vw, 473px\" \/>\u00a0 \u00a0 \u00a0 \u00a0<img loading=\"lazy\" decoding=\"async\" class=\"alignnone wp-image-1331\" src=\"https:\/\/unitedperfect.com\/wp-content\/uploads\/2026\/01\/photobank-1-7-300x169.jpg\" alt=\"\" width=\"469\" height=\"264\" srcset=\"https:\/\/unitedperfect.com\/wp-content\/uploads\/2026\/01\/photobank-1-7-300x169.jpg 300w, https:\/\/unitedperfect.com\/wp-content\/uploads\/2026\/01\/photobank-1-7-1024x576.jpg 1024w, https:\/\/unitedperfect.com\/wp-content\/uploads\/2026\/01\/photobank-1-7-768x432.jpg 768w, https:\/\/unitedperfect.com\/wp-content\/uploads\/2026\/01\/photobank-1-7-18x10.jpg 18w, https:\/\/unitedperfect.com\/wp-content\/uploads\/2026\/01\/photobank-1-7-200x113.jpg 200w, https:\/\/unitedperfect.com\/wp-content\/uploads\/2026\/01\/photobank-1-7-600x338.jpg 600w, https:\/\/unitedperfect.com\/wp-content\/uploads\/2026\/01\/photobank-1-7.jpg 1280w\" sizes=\"(max-width: 469px) 100vw, 469px\" \/><\/h2>\n<p>&nbsp;<\/p>\n<hr \/>\n<h2 class=\"ds-markdown-paragraph\"><b>Solicitudes<\/b><\/h2>\n<ul>\n<li>\n<p class=\"ds-markdown-paragraph\"><strong>Sistemas HVAC:<\/strong><\/p>\n<ul>\n<li>\n<p class=\"ds-markdown-paragraph\"><strong>Tuber\u00edas de agua fr\u00eda:<\/strong>\u00a0Esencial para evitar la condensaci\u00f3n y la p\u00e9rdida de energ\u00eda en los sistemas de aire acondicionado.<\/p>\n<\/li>\n<li>\n<p class=\"ds-markdown-paragraph\"><strong>Tuber\u00edas de calefacci\u00f3n por agua caliente:<\/strong>\u00a0Para circuitos de agua caliente sanitaria y calefacci\u00f3n en edificios comerciales y residenciales.<\/p>\n<\/li>\n<li>\n<p class=\"ds-markdown-paragraph\"><strong>Aislamiento de conductos:<\/strong>\u00a0Tambi\u00e9n disponible para aislar conductos rectangulares de calefacci\u00f3n, ventilaci\u00f3n y aire acondicionado.<\/p>\n<\/li>\n<\/ul>\n<\/li>\n<li>\n<p class=\"ds-markdown-paragraph\"><strong>Fontaner\u00eda y servicios mec\u00e1nicos:<\/strong><\/p>\n<ul>\n<li>\n<p class=\"ds-markdown-paragraph\">Aislamiento de tuber\u00edas de suministro de agua fr\u00eda y caliente para uso dom\u00e9stico.<\/p>\n<\/li>\n<li>\n<p class=\"ds-markdown-paragraph\">Aislamiento de los conductos de evacuaci\u00f3n de condensados.<\/p>\n<\/li>\n<\/ul>\n<\/li>\n<li>\n<p class=\"ds-markdown-paragraph\"><strong>Aplicaciones industriales:<\/strong><\/p>\n<ul>\n<li>\n<p class=\"ds-markdown-paragraph\">Aislamiento para tuber\u00edas de proceso con requisitos de temperatura moderados.<\/p>\n<\/li>\n<li>\n<p class=\"ds-markdown-paragraph\">Aislamiento de conductos de ventilaci\u00f3n y extracci\u00f3n.<\/p>\n<\/li>\n<\/ul>\n<\/li>\n<\/ul>\n<p><img loading=\"lazy\" decoding=\"async\" class=\"alignnone wp-image-1295\" src=\"https:\/\/unitedperfect.com\/wp-content\/uploads\/2026\/01\/Glass-wool-application.jpg\" alt=\"\" width=\"1070\" height=\"225\" srcset=\"https:\/\/unitedperfect.com\/wp-content\/uploads\/2026\/01\/Glass-wool-application.jpg 750w, https:\/\/unitedperfect.com\/wp-content\/uploads\/2026\/01\/Glass-wool-application-300x63.jpg 300w, https:\/\/unitedperfect.com\/wp-content\/uploads\/2026\/01\/Glass-wool-application-18x4.jpg 18w, https:\/\/unitedperfect.com\/wp-content\/uploads\/2026\/01\/Glass-wool-application-200x42.jpg 200w, https:\/\/unitedperfect.com\/wp-content\/uploads\/2026\/01\/Glass-wool-application-600x126.jpg 600w\" sizes=\"(max-width: 1070px) 100vw, 1070px\" \/><\/p>\n<hr \/>\n<h2><b><span class=\"15\">L\u00ednea de productos<\/span><\/b><\/h2>\n<p><img loading=\"lazy\" decoding=\"async\" class=\"alignnone wp-image-1297\" src=\"https:\/\/unitedperfect.com\/wp-content\/uploads\/2026\/01\/Glass-wool-prodcutiong-process-e1768469881339.jpg\" alt=\"\" width=\"1070\" height=\"672\" srcset=\"https:\/\/unitedperfect.com\/wp-content\/uploads\/2026\/01\/Glass-wool-prodcutiong-process-e1768469881339.jpg 750w, https:\/\/unitedperfect.com\/wp-content\/uploads\/2026\/01\/Glass-wool-prodcutiong-process-e1768469881339-300x188.jpg 300w, https:\/\/unitedperfect.com\/wp-content\/uploads\/2026\/01\/Glass-wool-prodcutiong-process-e1768469881339-18x12.jpg 18w, https:\/\/unitedperfect.com\/wp-content\/uploads\/2026\/01\/Glass-wool-prodcutiong-process-e1768469881339-200x126.jpg 200w, https:\/\/unitedperfect.com\/wp-content\/uploads\/2026\/01\/Glass-wool-prodcutiong-process-e1768469881339-600x377.jpg 600w\" sizes=\"(max-width: 1070px) 100vw, 1070px\" \/><\/p>\n<hr \/>\n<h2>Embalaje y carga<\/h2>\n<p><img loading=\"lazy\" decoding=\"async\" class=\"alignnone wp-image-1296\" src=\"https:\/\/unitedperfect.com\/wp-content\/uploads\/2026\/01\/Glass-wool-packing.jpg\" alt=\"\" width=\"1070\" height=\"464\" srcset=\"https:\/\/unitedperfect.com\/wp-content\/uploads\/2026\/01\/Glass-wool-packing.jpg 750w, https:\/\/unitedperfect.com\/wp-content\/uploads\/2026\/01\/Glass-wool-packing-300x130.jpg 300w, https:\/\/unitedperfect.com\/wp-content\/uploads\/2026\/01\/Glass-wool-packing-18x8.jpg 18w, https:\/\/unitedperfect.com\/wp-content\/uploads\/2026\/01\/Glass-wool-packing-200x87.jpg 200w, https:\/\/unitedperfect.com\/wp-content\/uploads\/2026\/01\/Glass-wool-packing-600x260.jpg 600w\" sizes=\"(max-width: 1070px) 100vw, 1070px\" \/><\/p>\n<hr \/>\n<h2>Nuestros clientes<\/h2>\n<p><img loading=\"lazy\" decoding=\"async\" class=\"alignnone wp-image-904 size-full\" src=\"https:\/\/unitedperfect.com\/wp-content\/uploads\/2026\/01\/05d59bd794df7bd88208769f09815dc-2-scaled.jpg\" alt=\"\" width=\"2560\" height=\"1920\" srcset=\"https:\/\/unitedperfect.com\/wp-content\/uploads\/2026\/01\/05d59bd794df7bd88208769f09815dc-2-scaled.jpg 2560w, https:\/\/unitedperfect.com\/wp-content\/uploads\/2026\/01\/05d59bd794df7bd88208769f09815dc-2-300x225.jpg 300w, https:\/\/unitedperfect.com\/wp-content\/uploads\/2026\/01\/05d59bd794df7bd88208769f09815dc-2-1024x768.jpg 1024w, https:\/\/unitedperfect.com\/wp-content\/uploads\/2026\/01\/05d59bd794df7bd88208769f09815dc-2-768x576.jpg 768w, https:\/\/unitedperfect.com\/wp-content\/uploads\/2026\/01\/05d59bd794df7bd88208769f09815dc-2-1536x1152.jpg 1536w, https:\/\/unitedperfect.com\/wp-content\/uploads\/2026\/01\/05d59bd794df7bd88208769f09815dc-2-2048x1536.jpg 2048w, https:\/\/unitedperfect.com\/wp-content\/uploads\/2026\/01\/05d59bd794df7bd88208769f09815dc-2-16x12.jpg 16w, https:\/\/unitedperfect.com\/wp-content\/uploads\/2026\/01\/05d59bd794df7bd88208769f09815dc-2-600x450.jpg 600w\" sizes=\"(max-width: 2560px) 100vw, 2560px\" \/><\/p>\n<hr \/>\n<h3><strong>CONTACTO<\/strong><\/h3>\n<div>\n<p><b>Corporaci\u00f3n de materiales de construcci\u00f3n Jinan United Perfect<\/b><\/p>\n<p><b>M<\/b>: +86 139 6416 6699 \u00a0<b>P<\/b>:\u00a0+86-531 8190 1621 \u00a0<b>F<\/b>:\u00a0+86-531 8281 4295<\/p>\n<p><b>Whatsapp:<\/b>\u00a0+8613426130536 \u00a0<b>Skype:<\/b><b>\u00a0<\/b>harald2009 \u00a0<b>Wechat:<\/b>\u00a013426130536<\/p>\n<p><img loading=\"lazy\" decoding=\"async\" class=\"\" src=\"https:\/\/yunpan.cdn.site.joinf.com\/4995171754491181\/XzYPTGwk4F.jpg\" width=\"518\" height=\"238\" \/><\/p>\n<\/div>","protected":false},"excerpt":{"rendered":"<p>La lana de vidrio para tuber\u00edas es un aislante semicil\u00edndrico de precisi\u00f3n para tuber\u00edas fabricado a partir de fibras de vidrio el\u00e1sticas unidas con resina termoendurecible.<\/p>\n<p>Dise\u00f1adas para facilitar la instalaci\u00f3n y ofrecer un rendimiento constante, estas secciones preformadas proporcionan una eficiencia t\u00e9rmica, un control de la condensaci\u00f3n y unas ventajas ac\u00fasticas excepcionales para una amplia gama de tuber\u00edas de servicio de fr\u00edo y calor en aplicaciones comerciales, industriales y de calefacci\u00f3n, ventilaci\u00f3n y aire acondicionado.<\/p>","protected":false},"featured_media":1336,"comment_status":"open","ping_status":"closed","template":"","meta":[],"product_brand":[],"product_cat":[76],"product_tag":[],"class_list":{"0":"post-1330","1":"product","2":"type-product","3":"status-publish","4":"has-post-thumbnail","6":"product_cat-glass-wool-pipe","8":"first","9":"instock","10":"shipping-taxable","11":"product-type-simple"},"aioseo_notices":[],"_links":{"self":[{"href":"https:\/\/unitedperfect.com\/es\/wp-json\/wp\/v2\/product\/1330","targetHints":{"allow":["GET"]}}],"collection":[{"href":"https:\/\/unitedperfect.com\/es\/wp-json\/wp\/v2\/product"}],"about":[{"href":"https:\/\/unitedperfect.com\/es\/wp-json\/wp\/v2\/types\/product"}],"replies":[{"embeddable":true,"href":"https:\/\/unitedperfect.com\/es\/wp-json\/wp\/v2\/comments?post=1330"}],"wp:featuredmedia":[{"embeddable":true,"href":"https:\/\/unitedperfect.com\/es\/wp-json\/wp\/v2\/media\/1336"}],"wp:attachment":[{"href":"https:\/\/unitedperfect.com\/es\/wp-json\/wp\/v2\/media?parent=1330"}],"wp:term":[{"taxonomy":"product_brand","embeddable":true,"href":"https:\/\/unitedperfect.com\/es\/wp-json\/wp\/v2\/product_brand?post=1330"},{"taxonomy":"product_cat","embeddable":true,"href":"https:\/\/unitedperfect.com\/es\/wp-json\/wp\/v2\/product_cat?post=1330"},{"taxonomy":"product_tag","embeddable":true,"href":"https:\/\/unitedperfect.com\/es\/wp-json\/wp\/v2\/product_tag?post=1330"}],"curies":[{"name":"wp","href":"https:\/\/api.w.org\/{rel}","templated":true}]}}