{"id":1242,"date":"2026-01-15T03:32:37","date_gmt":"2026-01-15T03:32:37","guid":{"rendered":"https:\/\/unitedperfect.com\/?post_type=product&#038;p=1242"},"modified":"2026-01-15T05:42:57","modified_gmt":"2026-01-15T05:42:57","slug":"coated-fiberglass-fabric","status":"publish","type":"product","link":"https:\/\/unitedperfect.com\/es\/producto\/coated-fiberglass-fabric\/","title":{"rendered":"Tejido de fibra de vidrio recubierto"},"content":{"rendered":"<h1><strong>Tejido de fibra de vidrio recubierto<\/strong><\/h1>\n<h5><strong>Tejido de fibra de vidrio recubierto <\/strong><span style=\"color: #000000;\">se utiliza como componente de revestimiento en sistemas de aislamiento de conductos y proporciona una superficie lisa y un rendimiento ac\u00fastico y t\u00e9rmico. Est\u00e1 fabricado con tejido de fibra de vidrio y silicona. Tiene buena resistencia al agua, al fuego, a los productos qu\u00edmicos, no es t\u00f3xico, etc.<\/span><\/h5>\n<div><span style=\"color: #000000;\" data-spm-anchor-id=\"a2700.pc-decorate.0.i3.635033338V83eg\">El tejido de fibra de vidrio impregnado de silicona es muy flexible y proporciona un excelente tejido de protecci\u00f3n utilizado en mantas aislantes y otras piezas resistentes al calor. El revestimiento de silicona a\u00f1ade resistencia al agua y al aceite, as\u00ed como baja emisi\u00f3n de humos y retardante de llama. Aunque el tejido de fibra de vidrio base tiene una clasificaci\u00f3n de 1000\u00b0F\/550\u00b0C, el revestimiento de silicona est\u00e1 clasificado para una temperatura continua de 550\u00b0F\/287\u00b0C. El tejido de fibra de vidrio recubierto de silicona proporciona una buena flexibilidad y resistencia a la perforaci\u00f3n y al desgarro. La superficie seca de este tejido no se pega a la mesa de costura, lo que facilita la costura, el drapeado y la manipulaci\u00f3n.<\/p>\n<p><\/span><\/div>\n<h5><img fetchpriority=\"high\" decoding=\"async\" class=\"alignnone wp-image-791 size-medium\" src=\"https:\/\/unitedperfect.com\/wp-content\/uploads\/2026\/01\/\u7845\u80f6\u5e03-300x300.jpg\" alt=\"\" width=\"300\" height=\"300\" srcset=\"https:\/\/unitedperfect.com\/wp-content\/uploads\/2026\/01\/\u7845\u80f6\u5e03-300x300.jpg 300w, https:\/\/unitedperfect.com\/wp-content\/uploads\/2026\/01\/\u7845\u80f6\u5e03-1024x1024.jpg 1024w, https:\/\/unitedperfect.com\/wp-content\/uploads\/2026\/01\/\u7845\u80f6\u5e03-150x150.jpg 150w, https:\/\/unitedperfect.com\/wp-content\/uploads\/2026\/01\/\u7845\u80f6\u5e03-768x768.jpg 768w, https:\/\/unitedperfect.com\/wp-content\/uploads\/2026\/01\/\u7845\u80f6\u5e03-1536x1536.jpg 1536w, https:\/\/unitedperfect.com\/wp-content\/uploads\/2026\/01\/\u7845\u80f6\u5e03-2048x2048.jpg 2048w, https:\/\/unitedperfect.com\/wp-content\/uploads\/2026\/01\/\u7845\u80f6\u5e03-12x12.jpg 12w, https:\/\/unitedperfect.com\/wp-content\/uploads\/2026\/01\/\u7845\u80f6\u5e03-600x600.jpg 600w, https:\/\/unitedperfect.com\/wp-content\/uploads\/2026\/01\/\u7845\u80f6\u5e03-100x100.jpg 100w\" sizes=\"(max-width: 300px) 100vw, 300px\" \/>\u00a0 \u00a0 \u00a0<img decoding=\"async\" class=\"alignnone wp-image-1246 size-medium\" src=\"https:\/\/unitedperfect.com\/wp-content\/uploads\/2026\/01\/photobank-9-300x300.jpg\" alt=\"\" width=\"300\" height=\"300\" srcset=\"https:\/\/unitedperfect.com\/wp-content\/uploads\/2026\/01\/photobank-9-300x300.jpg 300w, https:\/\/unitedperfect.com\/wp-content\/uploads\/2026\/01\/photobank-9-150x150.jpg 150w, https:\/\/unitedperfect.com\/wp-content\/uploads\/2026\/01\/photobank-9-12x12.jpg 12w, https:\/\/unitedperfect.com\/wp-content\/uploads\/2026\/01\/photobank-9-200x200.jpg 200w, https:\/\/unitedperfect.com\/wp-content\/uploads\/2026\/01\/photobank-9-600x600.jpg 600w, https:\/\/unitedperfect.com\/wp-content\/uploads\/2026\/01\/photobank-9-100x100.jpg 100w, https:\/\/unitedperfect.com\/wp-content\/uploads\/2026\/01\/photobank-9.jpg 720w\" sizes=\"(max-width: 300px) 100vw, 300px\" \/>\u00a0 \u00a0 \u00a0 \u00a0 <img decoding=\"async\" class=\"alignnone wp-image-1247 size-medium\" src=\"https:\/\/unitedperfect.com\/wp-content\/uploads\/2026\/01\/photobank-11-300x300.jpg\" alt=\"\" width=\"300\" height=\"300\" srcset=\"https:\/\/unitedperfect.com\/wp-content\/uploads\/2026\/01\/photobank-11-300x300.jpg 300w, https:\/\/unitedperfect.com\/wp-content\/uploads\/2026\/01\/photobank-11-150x150.jpg 150w, https:\/\/unitedperfect.com\/wp-content\/uploads\/2026\/01\/photobank-11-768x768.jpg 768w, https:\/\/unitedperfect.com\/wp-content\/uploads\/2026\/01\/photobank-11-12x12.jpg 12w, https:\/\/unitedperfect.com\/wp-content\/uploads\/2026\/01\/photobank-11-200x200.jpg 200w, https:\/\/unitedperfect.com\/wp-content\/uploads\/2026\/01\/photobank-11-600x600.jpg 600w, https:\/\/unitedperfect.com\/wp-content\/uploads\/2026\/01\/photobank-11-100x100.jpg 100w, https:\/\/unitedperfect.com\/wp-content\/uploads\/2026\/01\/photobank-11.jpg 800w\" sizes=\"(max-width: 300px) 100vw, 300px\" \/><\/h5>\n<p>&nbsp;<\/p>\n<hr \/>\n<h2>Caracter\u00edsticas y ventajas<\/h2>\n<p><span data-spm-anchor-id=\"a2700.pc-decorate.0.i4.63503333jRPE0D\">1. Suave, con buena adherencia y excelente rendimiento de corte y procesamiento.<\/span><\/p>\n<p><span data-spm-anchor-id=\"a2700.pc-decorate.0.i3.63503333jRPE0D\">2. Amplio rango de resistencia a la temperatura, se puede utilizar durante mucho tiempo entre .70 \u2018c y 260 \u2018c; La temperatura de uso a corto plazo puede alcanzar los 550\u00b0C.<\/span><\/p>\n<p><span>3, Buen rendimiento ign\u00edfugo, no inflamable con llama abierta, autoextinguible al instante;<\/span><\/p>\n<p><span>4. Excelente resistencia qu\u00edmica y resistencia al envejecimiento; 5. Tiene un alto rendimiento de aislamiento, constante diel\u00e9ctrica de 3-3,2, tensi\u00f3n de ruptura de 20-50KV\/MM<\/span><\/p>\n<p><span>6, inodoro, no t\u00f3xico, no contaminante y no irritante para la piel.<\/span><\/p>\n<p>&nbsp;<\/p>\n<hr \/>\n<h2 class=\"ds-markdown-paragraph\"><b>Solicitudes<\/b><\/h2>\n<p><b><span style=\"color: #3c3737;\"><span><i>&gt;&gt; Protecci\u00f3n contra el fuego y el calor<\/i><\/span><\/span><\/b><\/p>\n<div><i><b> <\/b><\/i><\/p>\n<div><span style=\"color: #3c3737;\"><i><b>&gt;&gt; Cubiertas aislantes y almohadilla <\/b><\/i><\/span><\/div>\n<div><\/div>\n<div><span style=\"color: #3c3737;\"><i><b>&gt;&gt; Junta de dilataci\u00f3n de tejido y conector de conducto de tejido <\/b><\/i><\/span><\/div>\n<div><span style=\"color: #3c3737;\"><i><b>\u00a0<\/b><\/i><\/span><\/div>\n<div><span style=\"color: #3c3737;\"><i><b>&gt;&gt; Puertas cortafuegos, Cortinas cortafuegos y cortahumo <\/b><\/i><\/span><\/div>\n<div><span style=\"color: #3c3737;\"><i><b>\u00a0<\/b><\/i><\/span><\/div>\n<div><span style=\"color: #3c3737;\"><i><b>&gt;&gt; Manta de soldadura e ignifugaci\u00f3n<\/b><\/i><\/span><\/div>\n<\/div>\n<hr \/>\n<h2><b><span class=\"15\">L\u00ednea de productos<\/span><\/b><\/h2>\n<p><img loading=\"lazy\" decoding=\"async\" class=\"alignnone wp-image-1107\" src=\"https:\/\/unitedperfect.com\/wp-content\/uploads\/2026\/01\/Production-line.jpg\" alt=\"\" width=\"1038\" height=\"468\" srcset=\"https:\/\/unitedperfect.com\/wp-content\/uploads\/2026\/01\/Production-line.jpg 750w, https:\/\/unitedperfect.com\/wp-content\/uploads\/2026\/01\/Production-line-300x135.jpg 300w, https:\/\/unitedperfect.com\/wp-content\/uploads\/2026\/01\/Production-line-18x8.jpg 18w, https:\/\/unitedperfect.com\/wp-content\/uploads\/2026\/01\/Production-line-200x90.jpg 200w, https:\/\/unitedperfect.com\/wp-content\/uploads\/2026\/01\/Production-line-600x270.jpg 600w\" sizes=\"(max-width: 1038px) 100vw, 1038px\" \/><\/p>\n<h2><span class=\"cke_widget_wrapper cke_widget_inline cke_image_nocaption cke_widget_selected cke_widget_focused\" tabindex=\"-1\" contenteditable=\"false\" data-cke-widget-wrapper=\"1\" data-cke-filter=\"off\" data-cke-display-name=\"\u56fe\u50cf\" data-cke-widget-id=\"13\"><img decoding=\"async\" class=\"cke_widget_element\" src=\"https:\/\/unitedperfect.com\/product\/aluglass\/image?tid=25&amp;id=NnYhTOjFPwuy&amp;cache=0&amp;lan_code=0\" alt=\"\" data-cke-saved-src=\"image?tid=25&amp;id=NnYhTOjFPwuy&amp;cache=0&amp;lan_code=0\" data-cke-widget-data=\"%7B%22hasCaption%22%3Afalse%2C%22src%22%3A%22image%3Ftid%3D25%26id%3DNnYhTOjFPwuy%26cache%3D0%26lan_code%3D0%22%2C%22alt%22%3A%22%22%2C%22width%22%3A%22%22%2C%22height%22%3A%22%22%2C%22lock%22%3Atrue%2C%22align%22%3A%22none%22%2C%22classes%22%3Anull%7D\" data-cke-widget-upcasted=\"1\" data-cke-widget-keep-attr=\"0\" data-widget=\"image\" \/><span class=\"cke_image_resizer\" title=\"\u70b9\u51fb\u5e76\u62d6\u62fd\u4ee5\u6539\u53d8\u5c3a\u5bf8\">\u200b<\/span><\/span><\/h2>\n<hr \/>\n<h2>Embalaje y carga<\/h2>\n<p>&nbsp;<\/p>\n<p><img loading=\"lazy\" decoding=\"async\" class=\"alignnone wp-image-1106\" src=\"https:\/\/unitedperfect.com\/wp-content\/uploads\/2026\/01\/packing.jpg\" alt=\"\" width=\"1067\" height=\"585\" srcset=\"https:\/\/unitedperfect.com\/wp-content\/uploads\/2026\/01\/packing.jpg 750w, https:\/\/unitedperfect.com\/wp-content\/uploads\/2026\/01\/packing-300x164.jpg 300w, https:\/\/unitedperfect.com\/wp-content\/uploads\/2026\/01\/packing-18x10.jpg 18w, https:\/\/unitedperfect.com\/wp-content\/uploads\/2026\/01\/packing-200x110.jpg 200w, https:\/\/unitedperfect.com\/wp-content\/uploads\/2026\/01\/packing-600x329.jpg 600w\" sizes=\"(max-width: 1067px) 100vw, 1067px\" \/><\/p>\n<hr \/>\n<h2>Nuestros clientes<\/h2>\n<p><img loading=\"lazy\" decoding=\"async\" class=\"alignnone size-full wp-image-904\" src=\"https:\/\/unitedperfect.com\/wp-content\/uploads\/2026\/01\/05d59bd794df7bd88208769f09815dc-2-scaled.jpg\" alt=\"\" width=\"2560\" height=\"1920\" srcset=\"https:\/\/unitedperfect.com\/wp-content\/uploads\/2026\/01\/05d59bd794df7bd88208769f09815dc-2-scaled.jpg 2560w, https:\/\/unitedperfect.com\/wp-content\/uploads\/2026\/01\/05d59bd794df7bd88208769f09815dc-2-300x225.jpg 300w, https:\/\/unitedperfect.com\/wp-content\/uploads\/2026\/01\/05d59bd794df7bd88208769f09815dc-2-1024x768.jpg 1024w, https:\/\/unitedperfect.com\/wp-content\/uploads\/2026\/01\/05d59bd794df7bd88208769f09815dc-2-768x576.jpg 768w, https:\/\/unitedperfect.com\/wp-content\/uploads\/2026\/01\/05d59bd794df7bd88208769f09815dc-2-1536x1152.jpg 1536w, https:\/\/unitedperfect.com\/wp-content\/uploads\/2026\/01\/05d59bd794df7bd88208769f09815dc-2-2048x1536.jpg 2048w, https:\/\/unitedperfect.com\/wp-content\/uploads\/2026\/01\/05d59bd794df7bd88208769f09815dc-2-16x12.jpg 16w, https:\/\/unitedperfect.com\/wp-content\/uploads\/2026\/01\/05d59bd794df7bd88208769f09815dc-2-600x450.jpg 600w\" sizes=\"(max-width: 2560px) 100vw, 2560px\" \/><\/p>\n<hr \/>\n<h3><\/h3>\n<h3><strong>CONTACTO<\/strong><\/h3>\n<div>\n<p><b>Corporaci\u00f3n de materiales de construcci\u00f3n Jinan United Perfect<\/b><\/p>\n<p><b>M<\/b>: +86 139 6416 6699 \u00a0<b>P<\/b>:\u00a0+86-531 8190 1621 \u00a0<b>F<\/b>:\u00a0+86-531 8281 4295<\/p>\n<p><b>Whatsapp:<\/b>\u00a0+8613426130536 \u00a0<b>Skype:<\/b><b>\u00a0<\/b>harald2009 \u00a0<b>Wechat:<\/b>\u00a013426130536<\/p>\n<p><img loading=\"lazy\" decoding=\"async\" class=\"\" src=\"https:\/\/yunpan.cdn.site.joinf.com\/4995171754491181\/XzYPTGwk4F.jpg\" width=\"518\" height=\"238\" \/><\/p>\n<\/div>","protected":false},"excerpt":{"rendered":"<p>Tejido de fibra de vidrio recubierto <span style=\"color: #000000;\">se utiliza como componente de revestimiento en sistemas de aislamiento de conductos y proporciona una superficie lisa y un rendimiento ac\u00fastico y t\u00e9rmico. Est\u00e1 fabricado con tejido de fibra de vidrio y silicona. Tiene buena resistencia al agua, al fuego, a los productos qu\u00edmicos, no es t\u00f3xico, etc.<\/span><\/p>","protected":false},"featured_media":791,"comment_status":"open","ping_status":"closed","template":"","meta":[],"product_brand":[],"product_cat":[83],"product_tag":[],"class_list":{"0":"post-1242","1":"product","2":"type-product","3":"status-publish","4":"has-post-thumbnail","6":"product_cat-coated-fiberglass-fabric","8":"first","9":"instock","10":"shipping-taxable","11":"product-type-simple"},"aioseo_notices":[],"_links":{"self":[{"href":"https:\/\/unitedperfect.com\/es\/wp-json\/wp\/v2\/product\/1242","targetHints":{"allow":["GET"]}}],"collection":[{"href":"https:\/\/unitedperfect.com\/es\/wp-json\/wp\/v2\/product"}],"about":[{"href":"https:\/\/unitedperfect.com\/es\/wp-json\/wp\/v2\/types\/product"}],"replies":[{"embeddable":true,"href":"https:\/\/unitedperfect.com\/es\/wp-json\/wp\/v2\/comments?post=1242"}],"wp:featuredmedia":[{"embeddable":true,"href":"https:\/\/unitedperfect.com\/es\/wp-json\/wp\/v2\/media\/791"}],"wp:attachment":[{"href":"https:\/\/unitedperfect.com\/es\/wp-json\/wp\/v2\/media?parent=1242"}],"wp:term":[{"taxonomy":"product_brand","embeddable":true,"href":"https:\/\/unitedperfect.com\/es\/wp-json\/wp\/v2\/product_brand?post=1242"},{"taxonomy":"product_cat","embeddable":true,"href":"https:\/\/unitedperfect.com\/es\/wp-json\/wp\/v2\/product_cat?post=1242"},{"taxonomy":"product_tag","embeddable":true,"href":"https:\/\/unitedperfect.com\/es\/wp-json\/wp\/v2\/product_tag?post=1242"}],"curies":[{"name":"wp","href":"https:\/\/api.w.org\/{rel}","templated":true}]}}