{"id":1233,"date":"2026-01-15T03:20:25","date_gmt":"2026-01-15T03:20:25","guid":{"rendered":"https:\/\/unitedperfect.com\/?post_type=product&#038;p=1233"},"modified":"2026-01-15T03:32:26","modified_gmt":"2026-01-15T03:32:26","slug":"fiberglass-fabric-series","status":"publish","type":"product","link":"https:\/\/unitedperfect.com\/es\/producto\/fiberglass-fabric-series\/","title":{"rendered":"Serie de tejidos de fibra de vidrio"},"content":{"rendered":"<h1><strong>Serie de tejidos de fibra de vidrio<\/strong><\/h1>\n<h5><strong>Serie de tejidos de fibra de vidrio <\/strong>puede ofrecer la gama m\u00e1s amplia de tejidos fabricados con hilo de vidrio E. Nuestros tejidos de vidrio se fabrican con la tecnolog\u00eda de tejido m\u00e1s avanzada y el mejor control del grosor, el peso y la resistencia. Nuestros tejidos de fibra de vidrio se fabrican con la tecnolog\u00eda de tejido m\u00e1s avanzada y el mejor control del grosor, el peso y la resistencia, lo que nos permite ofrecer a los ingenieros de materiales una amplia gama de propiedades de control del tejido para satisfacer las necesidades y los objetivos del dise\u00f1o. Nuestra amplia gama de tejidos de fibra de vidrio goza de reconocimiento mundial por su calidad.<\/h5>\n<h5><img fetchpriority=\"high\" decoding=\"async\" class=\"alignnone wp-image-1237 size-medium\" src=\"https:\/\/unitedperfect.com\/wp-content\/uploads\/2026\/01\/\u5fae\u4fe1\u56fe\u7247_20230909171531-300x300.jpg\" alt=\"\" width=\"300\" height=\"300\" srcset=\"https:\/\/unitedperfect.com\/wp-content\/uploads\/2026\/01\/\u5fae\u4fe1\u56fe\u7247_20230909171531-300x300.jpg 300w, https:\/\/unitedperfect.com\/wp-content\/uploads\/2026\/01\/\u5fae\u4fe1\u56fe\u7247_20230909171531-150x150.jpg 150w, https:\/\/unitedperfect.com\/wp-content\/uploads\/2026\/01\/\u5fae\u4fe1\u56fe\u7247_20230909171531-768x768.jpg 768w, https:\/\/unitedperfect.com\/wp-content\/uploads\/2026\/01\/\u5fae\u4fe1\u56fe\u7247_20230909171531-12x12.jpg 12w, https:\/\/unitedperfect.com\/wp-content\/uploads\/2026\/01\/\u5fae\u4fe1\u56fe\u7247_20230909171531-200x200.jpg 200w, https:\/\/unitedperfect.com\/wp-content\/uploads\/2026\/01\/\u5fae\u4fe1\u56fe\u7247_20230909171531-600x600.jpg 600w, https:\/\/unitedperfect.com\/wp-content\/uploads\/2026\/01\/\u5fae\u4fe1\u56fe\u7247_20230909171531-100x100.jpg 100w, https:\/\/unitedperfect.com\/wp-content\/uploads\/2026\/01\/\u5fae\u4fe1\u56fe\u7247_20230909171531.jpg 1024w\" sizes=\"(max-width: 300px) 100vw, 300px\" \/>\u00a0 \u00a0 \u00a0 <img decoding=\"async\" class=\"alignnone wp-image-1235 size-medium\" src=\"https:\/\/unitedperfect.com\/wp-content\/uploads\/2026\/01\/\u5fae\u4fe1\u56fe\u7247_20230909171529-300x300.jpg\" alt=\"\" width=\"300\" height=\"300\" srcset=\"https:\/\/unitedperfect.com\/wp-content\/uploads\/2026\/01\/\u5fae\u4fe1\u56fe\u7247_20230909171529-300x300.jpg 300w, https:\/\/unitedperfect.com\/wp-content\/uploads\/2026\/01\/\u5fae\u4fe1\u56fe\u7247_20230909171529-150x150.jpg 150w, https:\/\/unitedperfect.com\/wp-content\/uploads\/2026\/01\/\u5fae\u4fe1\u56fe\u7247_20230909171529-768x768.jpg 768w, https:\/\/unitedperfect.com\/wp-content\/uploads\/2026\/01\/\u5fae\u4fe1\u56fe\u7247_20230909171529-12x12.jpg 12w, https:\/\/unitedperfect.com\/wp-content\/uploads\/2026\/01\/\u5fae\u4fe1\u56fe\u7247_20230909171529-200x200.jpg 200w, https:\/\/unitedperfect.com\/wp-content\/uploads\/2026\/01\/\u5fae\u4fe1\u56fe\u7247_20230909171529-600x600.jpg 600w, https:\/\/unitedperfect.com\/wp-content\/uploads\/2026\/01\/\u5fae\u4fe1\u56fe\u7247_20230909171529-100x100.jpg 100w, https:\/\/unitedperfect.com\/wp-content\/uploads\/2026\/01\/\u5fae\u4fe1\u56fe\u7247_20230909171529.jpg 1024w\" sizes=\"(max-width: 300px) 100vw, 300px\" \/>\u00a0 \u00a0 \u00a0\u00a0 <img decoding=\"async\" class=\"alignnone wp-image-1234 size-medium\" src=\"https:\/\/unitedperfect.com\/wp-content\/uploads\/2026\/01\/\u5fae\u4fe1\u56fe\u7247_20230909171423-300x300.jpg\" alt=\"\" width=\"300\" height=\"300\" srcset=\"https:\/\/unitedperfect.com\/wp-content\/uploads\/2026\/01\/\u5fae\u4fe1\u56fe\u7247_20230909171423-300x300.jpg 300w, https:\/\/unitedperfect.com\/wp-content\/uploads\/2026\/01\/\u5fae\u4fe1\u56fe\u7247_20230909171423-150x150.jpg 150w, https:\/\/unitedperfect.com\/wp-content\/uploads\/2026\/01\/\u5fae\u4fe1\u56fe\u7247_20230909171423-768x768.jpg 768w, https:\/\/unitedperfect.com\/wp-content\/uploads\/2026\/01\/\u5fae\u4fe1\u56fe\u7247_20230909171423-12x12.jpg 12w, https:\/\/unitedperfect.com\/wp-content\/uploads\/2026\/01\/\u5fae\u4fe1\u56fe\u7247_20230909171423-200x200.jpg 200w, https:\/\/unitedperfect.com\/wp-content\/uploads\/2026\/01\/\u5fae\u4fe1\u56fe\u7247_20230909171423-600x600.jpg 600w, https:\/\/unitedperfect.com\/wp-content\/uploads\/2026\/01\/\u5fae\u4fe1\u56fe\u7247_20230909171423-100x100.jpg 100w, https:\/\/unitedperfect.com\/wp-content\/uploads\/2026\/01\/\u5fae\u4fe1\u56fe\u7247_20230909171423.jpg 1024w\" sizes=\"(max-width: 300px) 100vw, 300px\" \/><\/h5>\n<p>&nbsp;<\/p>\n<hr \/>\n<h2>Caracter\u00edsticas y ventajas<\/h2>\n<p>1. Aglutinante ign\u00edfugo respetuoso con el medio ambiente.<br \/>\n2. Tiene buena fijaci\u00f3n, mango flexible y dispersi\u00f3n uniforme de la fibra.<br \/>\n3. Alta resistencia a la corrosi\u00f3n, retardancia de llama y resistencia a la fricci\u00f3n.<br \/>\n4. 4. Reducci\u00f3n del ruido y aislamiento ac\u00fastico, aislamiento t\u00e9rmico e impermeable, a prueba de aceite, anti-foulingperformance.<br \/>\n<strong>* Alta resistencia a la tracci\u00f3n * Estabilidad dimensional * Propiedades el\u00e9ctricas \u00a0<\/strong><\/p>\n<p><strong>* Alta resistencia al calor * Resistencia al fuego * Econ\u00f3mico<\/strong><\/p>\n<p>&nbsp;<\/p>\n<hr \/>\n<h2 class=\"ds-markdown-paragraph\"><b>Solicitudes<\/b><\/h2>\n<p><img loading=\"lazy\" decoding=\"async\" class=\"alignnone wp-image-1202 size-medium\" src=\"https:\/\/unitedperfect.com\/wp-content\/uploads\/2026\/01\/\u5fae\u4fe1\u56fe\u7247_20230912144943-300x300.jpg\" alt=\"\" width=\"300\" height=\"300\" srcset=\"https:\/\/unitedperfect.com\/wp-content\/uploads\/2026\/01\/\u5fae\u4fe1\u56fe\u7247_20230912144943-300x300.jpg 300w, https:\/\/unitedperfect.com\/wp-content\/uploads\/2026\/01\/\u5fae\u4fe1\u56fe\u7247_20230912144943-1024x1024.jpg 1024w, https:\/\/unitedperfect.com\/wp-content\/uploads\/2026\/01\/\u5fae\u4fe1\u56fe\u7247_20230912144943-150x150.jpg 150w, https:\/\/unitedperfect.com\/wp-content\/uploads\/2026\/01\/\u5fae\u4fe1\u56fe\u7247_20230912144943-768x768.jpg 768w, https:\/\/unitedperfect.com\/wp-content\/uploads\/2026\/01\/\u5fae\u4fe1\u56fe\u7247_20230912144943-1536x1536.jpg 1536w, https:\/\/unitedperfect.com\/wp-content\/uploads\/2026\/01\/\u5fae\u4fe1\u56fe\u7247_20230912144943-12x12.jpg 12w, https:\/\/unitedperfect.com\/wp-content\/uploads\/2026\/01\/\u5fae\u4fe1\u56fe\u7247_20230912144943-200x200.jpg 200w, https:\/\/unitedperfect.com\/wp-content\/uploads\/2026\/01\/\u5fae\u4fe1\u56fe\u7247_20230912144943-600x600.jpg 600w, https:\/\/unitedperfect.com\/wp-content\/uploads\/2026\/01\/\u5fae\u4fe1\u56fe\u7247_20230912144943-100x100.jpg 100w, https:\/\/unitedperfect.com\/wp-content\/uploads\/2026\/01\/\u5fae\u4fe1\u56fe\u7247_20230912144943.jpg 2048w\" sizes=\"(max-width: 300px) 100vw, 300px\" \/>\u00a0 \u00a0 \u00a0 \u00a0<img loading=\"lazy\" decoding=\"async\" class=\"alignnone wp-image-1199 size-medium\" src=\"https:\/\/unitedperfect.com\/wp-content\/uploads\/2026\/01\/\u5fae\u4fe1\u56fe\u7247_20230909104422-300x199.jpg\" alt=\"\" width=\"300\" height=\"199\" srcset=\"https:\/\/unitedperfect.com\/wp-content\/uploads\/2026\/01\/\u5fae\u4fe1\u56fe\u7247_20230909104422-300x199.jpg 300w, https:\/\/unitedperfect.com\/wp-content\/uploads\/2026\/01\/\u5fae\u4fe1\u56fe\u7247_20230909104422-768x510.jpg 768w, https:\/\/unitedperfect.com\/wp-content\/uploads\/2026\/01\/\u5fae\u4fe1\u56fe\u7247_20230909104422-18x12.jpg 18w, https:\/\/unitedperfect.com\/wp-content\/uploads\/2026\/01\/\u5fae\u4fe1\u56fe\u7247_20230909104422-200x133.jpg 200w, https:\/\/unitedperfect.com\/wp-content\/uploads\/2026\/01\/\u5fae\u4fe1\u56fe\u7247_20230909104422-600x398.jpg 600w, https:\/\/unitedperfect.com\/wp-content\/uploads\/2026\/01\/\u5fae\u4fe1\u56fe\u7247_20230909104422.jpg 1024w\" sizes=\"(max-width: 300px) 100vw, 300px\" \/>\u00a0 \u00a0 \u00a0 <img loading=\"lazy\" decoding=\"async\" class=\"alignnone wp-image-1206 size-medium\" src=\"https:\/\/unitedperfect.com\/wp-content\/uploads\/2026\/01\/1657088331613-300x236.png\" alt=\"\" width=\"300\" height=\"236\" srcset=\"https:\/\/unitedperfect.com\/wp-content\/uploads\/2026\/01\/1657088331613-300x236.png 300w, https:\/\/unitedperfect.com\/wp-content\/uploads\/2026\/01\/1657088331613-15x12.png 15w, https:\/\/unitedperfect.com\/wp-content\/uploads\/2026\/01\/1657088331613-200x157.png 200w, https:\/\/unitedperfect.com\/wp-content\/uploads\/2026\/01\/1657088331613.png 570w\" sizes=\"(max-width: 300px) 100vw, 300px\" \/><\/p>\n<h5><b>Tejido de fibra de vidrio negro con prestaciones ign\u00edfugas y sin \u00e1lcalis, es adecuado como laminado de superficie para aislamiento t\u00e9rmico de lana de fibra de vidrio y lana de roca.<br \/>\nDespu\u00e9s de laminado con lana de vidrio o lana de roca, las propiedades f\u00edsicas es excelente en la preservaci\u00f3n del calor, la eliminaci\u00f3n del ruido, ign\u00edfugo, extinci\u00f3n, etc.<\/b><\/h5>\n<hr \/>\n<h2><b><span class=\"15\">L\u00ednea de productos<\/span><\/b><\/h2>\n<p><img loading=\"lazy\" decoding=\"async\" class=\"alignnone wp-image-1107\" src=\"https:\/\/unitedperfect.com\/wp-content\/uploads\/2026\/01\/Production-line.jpg\" alt=\"\" width=\"1038\" height=\"468\" srcset=\"https:\/\/unitedperfect.com\/wp-content\/uploads\/2026\/01\/Production-line.jpg 750w, https:\/\/unitedperfect.com\/wp-content\/uploads\/2026\/01\/Production-line-300x135.jpg 300w, https:\/\/unitedperfect.com\/wp-content\/uploads\/2026\/01\/Production-line-18x8.jpg 18w, https:\/\/unitedperfect.com\/wp-content\/uploads\/2026\/01\/Production-line-200x90.jpg 200w, https:\/\/unitedperfect.com\/wp-content\/uploads\/2026\/01\/Production-line-600x270.jpg 600w\" sizes=\"(max-width: 1038px) 100vw, 1038px\" \/><\/p>\n<h2><span class=\"cke_widget_wrapper cke_widget_inline cke_image_nocaption cke_widget_selected cke_widget_focused\" tabindex=\"-1\" contenteditable=\"false\" data-cke-widget-wrapper=\"1\" data-cke-filter=\"off\" data-cke-display-name=\"\u56fe\u50cf\" data-cke-widget-id=\"13\"><img decoding=\"async\" class=\"cke_widget_element\" src=\"https:\/\/unitedperfect.com\/product\/aluglass\/image?tid=25&amp;id=NnYhTOjFPwuy&amp;cache=0&amp;lan_code=0\" alt=\"\" data-cke-saved-src=\"image?tid=25&amp;id=NnYhTOjFPwuy&amp;cache=0&amp;lan_code=0\" data-cke-widget-data=\"%7B%22hasCaption%22%3Afalse%2C%22src%22%3A%22image%3Ftid%3D25%26id%3DNnYhTOjFPwuy%26cache%3D0%26lan_code%3D0%22%2C%22alt%22%3A%22%22%2C%22width%22%3A%22%22%2C%22height%22%3A%22%22%2C%22lock%22%3Atrue%2C%22align%22%3A%22none%22%2C%22classes%22%3Anull%7D\" data-cke-widget-upcasted=\"1\" data-cke-widget-keep-attr=\"0\" data-widget=\"image\" \/><span class=\"cke_image_resizer\" title=\"\u70b9\u51fb\u5e76\u62d6\u62fd\u4ee5\u6539\u53d8\u5c3a\u5bf8\">\u200b<\/span><\/span><\/h2>\n<hr \/>\n<h2>Embalaje y carga<\/h2>\n<p>&nbsp;<\/p>\n<p><img loading=\"lazy\" decoding=\"async\" class=\"alignnone wp-image-1106\" src=\"https:\/\/unitedperfect.com\/wp-content\/uploads\/2026\/01\/packing.jpg\" alt=\"\" width=\"1067\" height=\"585\" srcset=\"https:\/\/unitedperfect.com\/wp-content\/uploads\/2026\/01\/packing.jpg 750w, https:\/\/unitedperfect.com\/wp-content\/uploads\/2026\/01\/packing-300x164.jpg 300w, https:\/\/unitedperfect.com\/wp-content\/uploads\/2026\/01\/packing-18x10.jpg 18w, https:\/\/unitedperfect.com\/wp-content\/uploads\/2026\/01\/packing-200x110.jpg 200w, https:\/\/unitedperfect.com\/wp-content\/uploads\/2026\/01\/packing-600x329.jpg 600w\" sizes=\"(max-width: 1067px) 100vw, 1067px\" \/><\/p>\n<hr \/>\n<h2>Nuestros clientes<\/h2>\n<p><img loading=\"lazy\" decoding=\"async\" class=\"alignnone size-full wp-image-904\" src=\"https:\/\/unitedperfect.com\/wp-content\/uploads\/2026\/01\/05d59bd794df7bd88208769f09815dc-2-scaled.jpg\" alt=\"\" width=\"2560\" height=\"1920\" srcset=\"https:\/\/unitedperfect.com\/wp-content\/uploads\/2026\/01\/05d59bd794df7bd88208769f09815dc-2-scaled.jpg 2560w, https:\/\/unitedperfect.com\/wp-content\/uploads\/2026\/01\/05d59bd794df7bd88208769f09815dc-2-300x225.jpg 300w, https:\/\/unitedperfect.com\/wp-content\/uploads\/2026\/01\/05d59bd794df7bd88208769f09815dc-2-1024x768.jpg 1024w, https:\/\/unitedperfect.com\/wp-content\/uploads\/2026\/01\/05d59bd794df7bd88208769f09815dc-2-768x576.jpg 768w, https:\/\/unitedperfect.com\/wp-content\/uploads\/2026\/01\/05d59bd794df7bd88208769f09815dc-2-1536x1152.jpg 1536w, https:\/\/unitedperfect.com\/wp-content\/uploads\/2026\/01\/05d59bd794df7bd88208769f09815dc-2-2048x1536.jpg 2048w, https:\/\/unitedperfect.com\/wp-content\/uploads\/2026\/01\/05d59bd794df7bd88208769f09815dc-2-16x12.jpg 16w, https:\/\/unitedperfect.com\/wp-content\/uploads\/2026\/01\/05d59bd794df7bd88208769f09815dc-2-600x450.jpg 600w\" sizes=\"(max-width: 2560px) 100vw, 2560px\" \/><\/p>\n<hr \/>\n<h3><\/h3>\n<h3><strong>CONTACTO<\/strong><\/h3>\n<div>\n<p><b>Corporaci\u00f3n de materiales de construcci\u00f3n Jinan United Perfect<\/b><\/p>\n<p><b>M<\/b>: +86 139 6416 6699 \u00a0<b>P<\/b>:\u00a0+86-531 8190 1621 \u00a0<b>F<\/b>:\u00a0+86-531 8281 4295<\/p>\n<p><b>Whatsapp:<\/b>\u00a0+8613426130536 \u00a0<b>Skype:<\/b><b>\u00a0<\/b>harald2009 \u00a0<b>Wechat:<\/b>\u00a013426130536<\/p>\n<p><img loading=\"lazy\" decoding=\"async\" class=\"\" src=\"https:\/\/yunpan.cdn.site.joinf.com\/4995171754491181\/XzYPTGwk4F.jpg\" width=\"518\" height=\"238\" \/><\/p>\n<\/div>","protected":false},"excerpt":{"rendered":"<p>La serie de tejidos de fibra de vidrio ofrece la m\u00e1s amplia gama de tejidos fabricados con hilo de vidrio E. Nuestras telas de vidrio tejidas se fabrican con tecnolog\u00eda de tejido de \u00faltima generaci\u00f3n y el mejor control sobre el espesor, peso y resistencia.<\/p>","protected":false},"featured_media":1235,"comment_status":"open","ping_status":"closed","template":"","meta":[],"product_brand":[],"product_cat":[82],"product_tag":[],"class_list":{"0":"post-1233","1":"product","2":"type-product","3":"status-publish","4":"has-post-thumbnail","6":"product_cat-fiberglass-fabric-series","8":"first","9":"instock","10":"shipping-taxable","11":"product-type-simple"},"aioseo_notices":[],"_links":{"self":[{"href":"https:\/\/unitedperfect.com\/es\/wp-json\/wp\/v2\/product\/1233","targetHints":{"allow":["GET"]}}],"collection":[{"href":"https:\/\/unitedperfect.com\/es\/wp-json\/wp\/v2\/product"}],"about":[{"href":"https:\/\/unitedperfect.com\/es\/wp-json\/wp\/v2\/types\/product"}],"replies":[{"embeddable":true,"href":"https:\/\/unitedperfect.com\/es\/wp-json\/wp\/v2\/comments?post=1233"}],"wp:featuredmedia":[{"embeddable":true,"href":"https:\/\/unitedperfect.com\/es\/wp-json\/wp\/v2\/media\/1235"}],"wp:attachment":[{"href":"https:\/\/unitedperfect.com\/es\/wp-json\/wp\/v2\/media?parent=1233"}],"wp:term":[{"taxonomy":"product_brand","embeddable":true,"href":"https:\/\/unitedperfect.com\/es\/wp-json\/wp\/v2\/product_brand?post=1233"},{"taxonomy":"product_cat","embeddable":true,"href":"https:\/\/unitedperfect.com\/es\/wp-json\/wp\/v2\/product_cat?post=1233"},{"taxonomy":"product_tag","embeddable":true,"href":"https:\/\/unitedperfect.com\/es\/wp-json\/wp\/v2\/product_tag?post=1233"}],"curies":[{"name":"wp","href":"https:\/\/api.w.org\/{rel}","templated":true}]}}