{"id":1222,"date":"2026-01-15T02:54:47","date_gmt":"2026-01-15T02:54:47","guid":{"rendered":"https:\/\/unitedperfect.com\/?post_type=product&#038;p=1222"},"modified":"2026-01-15T03:00:30","modified_gmt":"2026-01-15T03:00:30","slug":"heat-sealing-foil-2","status":"publish","type":"product","link":"https:\/\/unitedperfect.com\/es\/producto\/heat-sealing-foil-2\/","title":{"rendered":"L\u00e1mina termosellable"},"content":{"rendered":"<h1><span style=\"color: #000000;\"><strong>L\u00e1mina termosellable\u00a0<\/strong><\/span><\/h1>\n<h5><strong>L\u00e1mina termosellable<\/strong>\u00a0es un material de revestimiento aislante de calidad profesional.<\/h5>\n<h5>Es adecuado para la laminaci\u00f3n en l\u00ednea de lana de vidrio, lana de roca. PE termosellable m\u00e1s grueso. No es necesario aplicar adhesivo adicional. Buena resistencia a la corrosi\u00f3n.<\/h5>\n<p><img fetchpriority=\"high\" decoding=\"async\" class=\"size-full wp-image-1177\" src=\"https:\/\/unitedperfect.com\/wp-content\/uploads\/2026\/01\/\u5851\u5c01fsk-scaled.jpg\" alt=\"\" width=\"2560\" height=\"1706\" srcset=\"https:\/\/unitedperfect.com\/wp-content\/uploads\/2026\/01\/\u5851\u5c01fsk-scaled.jpg 2560w, https:\/\/unitedperfect.com\/wp-content\/uploads\/2026\/01\/\u5851\u5c01fsk-300x200.jpg 300w, https:\/\/unitedperfect.com\/wp-content\/uploads\/2026\/01\/\u5851\u5c01fsk-1024x683.jpg 1024w, https:\/\/unitedperfect.com\/wp-content\/uploads\/2026\/01\/\u5851\u5c01fsk-768x512.jpg 768w, https:\/\/unitedperfect.com\/wp-content\/uploads\/2026\/01\/\u5851\u5c01fsk-1536x1024.jpg 1536w, https:\/\/unitedperfect.com\/wp-content\/uploads\/2026\/01\/\u5851\u5c01fsk-2048x1365.jpg 2048w, https:\/\/unitedperfect.com\/wp-content\/uploads\/2026\/01\/\u5851\u5c01fsk-18x12.jpg 18w, https:\/\/unitedperfect.com\/wp-content\/uploads\/2026\/01\/\u5851\u5c01fsk-200x133.jpg 200w, https:\/\/unitedperfect.com\/wp-content\/uploads\/2026\/01\/\u5851\u5c01fsk-600x400.jpg 600w\" sizes=\"(max-width: 2560px) 100vw, 2560px\" \/><\/p>\n<hr \/>\n<h2>Caracter\u00edsticas y ventajas<\/h2>\n<p class=\"ds-markdown-paragraph\"><strong>Estructura compuesta:<\/strong> Combina papel de aluminio (barrera radiante), malla de fibra de vidrio (refuerzo) y papel kraft (soporte ign\u00edfugo) con sellado t\u00e9rmico.<\/p>\n<p class=\"ds-markdown-paragraph\"><strong>Control t\u00e9rmico y de vapor:<\/strong> Refleja hasta 97% de calor radiante a la vez que proporciona una eficaz barrera de vapor.<\/p>\n<p class=\"ds-markdown-paragraph\"><strong>Cumplimiento de las normas de seguridad contra incendios:<\/strong>\u00a0Cumple las normas ASTM E84 Clase A\/Clase 1 de resistencia al fuego para aplicaciones interiores.<\/p>\n<p class=\"ds-markdown-paragraph\"><strong>Resistente a desgarros y perforaciones:<\/strong>\u00a0La malla reforzada proporciona durabilidad durante la manipulaci\u00f3n y la instalaci\u00f3n.<\/p>\n<p class=\"ds-markdown-paragraph\"><strong>F\u00e1cil instalaci\u00f3n:<\/strong> El soporte flexible se adapta a conductos y superficies; compatible con adhesivos y cintas est\u00e1ndar.<\/p>\n<p class=\"ds-markdown-paragraph\"><img decoding=\"async\" class=\"alignnone wp-image-1118 size-medium\" src=\"https:\/\/unitedperfect.com\/wp-content\/uploads\/2026\/01\/\u5fae\u4fe1\u56fe\u7247_20230907103304-300x300.jpg\" alt=\"\" width=\"300\" height=\"300\" srcset=\"https:\/\/unitedperfect.com\/wp-content\/uploads\/2026\/01\/\u5fae\u4fe1\u56fe\u7247_20230907103304-300x300.jpg 300w, https:\/\/unitedperfect.com\/wp-content\/uploads\/2026\/01\/\u5fae\u4fe1\u56fe\u7247_20230907103304-150x150.jpg 150w, https:\/\/unitedperfect.com\/wp-content\/uploads\/2026\/01\/\u5fae\u4fe1\u56fe\u7247_20230907103304-768x768.jpg 768w, https:\/\/unitedperfect.com\/wp-content\/uploads\/2026\/01\/\u5fae\u4fe1\u56fe\u7247_20230907103304-12x12.jpg 12w, https:\/\/unitedperfect.com\/wp-content\/uploads\/2026\/01\/\u5fae\u4fe1\u56fe\u7247_20230907103304-200x200.jpg 200w, https:\/\/unitedperfect.com\/wp-content\/uploads\/2026\/01\/\u5fae\u4fe1\u56fe\u7247_20230907103304-600x600.jpg 600w, https:\/\/unitedperfect.com\/wp-content\/uploads\/2026\/01\/\u5fae\u4fe1\u56fe\u7247_20230907103304-100x100.jpg 100w, https:\/\/unitedperfect.com\/wp-content\/uploads\/2026\/01\/\u5fae\u4fe1\u56fe\u7247_20230907103304.jpg 1024w\" sizes=\"(max-width: 300px) 100vw, 300px\" \/>\u00a0 \u00a0 \u00a0 \u00a0 <img decoding=\"async\" class=\"alignnone wp-image-1119 size-medium\" src=\"https:\/\/unitedperfect.com\/wp-content\/uploads\/2026\/01\/\u5fae\u4fe1\u56fe\u7247_20230907112217-300x300.jpg\" alt=\"\" width=\"300\" height=\"300\" srcset=\"https:\/\/unitedperfect.com\/wp-content\/uploads\/2026\/01\/\u5fae\u4fe1\u56fe\u7247_20230907112217-300x300.jpg 300w, https:\/\/unitedperfect.com\/wp-content\/uploads\/2026\/01\/\u5fae\u4fe1\u56fe\u7247_20230907112217-150x150.jpg 150w, https:\/\/unitedperfect.com\/wp-content\/uploads\/2026\/01\/\u5fae\u4fe1\u56fe\u7247_20230907112217-768x768.jpg 768w, https:\/\/unitedperfect.com\/wp-content\/uploads\/2026\/01\/\u5fae\u4fe1\u56fe\u7247_20230907112217-12x12.jpg 12w, https:\/\/unitedperfect.com\/wp-content\/uploads\/2026\/01\/\u5fae\u4fe1\u56fe\u7247_20230907112217-200x200.jpg 200w, https:\/\/unitedperfect.com\/wp-content\/uploads\/2026\/01\/\u5fae\u4fe1\u56fe\u7247_20230907112217-600x600.jpg 600w, https:\/\/unitedperfect.com\/wp-content\/uploads\/2026\/01\/\u5fae\u4fe1\u56fe\u7247_20230907112217-100x100.jpg 100w, https:\/\/unitedperfect.com\/wp-content\/uploads\/2026\/01\/\u5fae\u4fe1\u56fe\u7247_20230907112217.jpg 1024w\" sizes=\"(max-width: 300px) 100vw, 300px\" \/>\u00a0 \u00a0 \u00a0 \u00a0 <img loading=\"lazy\" decoding=\"async\" class=\"alignnone wp-image-1182 size-medium\" src=\"https:\/\/unitedperfect.com\/wp-content\/uploads\/2026\/01\/\u5fae\u4fe1\u56fe\u7247_20230911173259-300x300.jpg\" alt=\"\" width=\"300\" height=\"300\" srcset=\"https:\/\/unitedperfect.com\/wp-content\/uploads\/2026\/01\/\u5fae\u4fe1\u56fe\u7247_20230911173259-300x300.jpg 300w, https:\/\/unitedperfect.com\/wp-content\/uploads\/2026\/01\/\u5fae\u4fe1\u56fe\u7247_20230911173259-150x150.jpg 150w, https:\/\/unitedperfect.com\/wp-content\/uploads\/2026\/01\/\u5fae\u4fe1\u56fe\u7247_20230911173259-768x768.jpg 768w, https:\/\/unitedperfect.com\/wp-content\/uploads\/2026\/01\/\u5fae\u4fe1\u56fe\u7247_20230911173259-12x12.jpg 12w, https:\/\/unitedperfect.com\/wp-content\/uploads\/2026\/01\/\u5fae\u4fe1\u56fe\u7247_20230911173259-200x200.jpg 200w, https:\/\/unitedperfect.com\/wp-content\/uploads\/2026\/01\/\u5fae\u4fe1\u56fe\u7247_20230911173259-600x600.jpg 600w, https:\/\/unitedperfect.com\/wp-content\/uploads\/2026\/01\/\u5fae\u4fe1\u56fe\u7247_20230911173259-100x100.jpg 100w, https:\/\/unitedperfect.com\/wp-content\/uploads\/2026\/01\/\u5fae\u4fe1\u56fe\u7247_20230911173259.jpg 1024w\" sizes=\"(max-width: 300px) 100vw, 300px\" \/><\/p>\n<hr \/>\n<h2 class=\"ds-markdown-paragraph\"><b>Solicitudes<\/b><\/h2>\n<p><img loading=\"lazy\" decoding=\"async\" class=\"size-full wp-image-1121\" src=\"https:\/\/unitedperfect.com\/wp-content\/uploads\/2026\/01\/\u5fae\u4fe1\u56fe\u7247_20230907113533-scaled.jpg\" alt=\"\" width=\"2560\" height=\"966\" srcset=\"https:\/\/unitedperfect.com\/wp-content\/uploads\/2026\/01\/\u5fae\u4fe1\u56fe\u7247_20230907113533-scaled.jpg 2560w, https:\/\/unitedperfect.com\/wp-content\/uploads\/2026\/01\/\u5fae\u4fe1\u56fe\u7247_20230907113533-300x113.jpg 300w, https:\/\/unitedperfect.com\/wp-content\/uploads\/2026\/01\/\u5fae\u4fe1\u56fe\u7247_20230907113533-1024x386.jpg 1024w, https:\/\/unitedperfect.com\/wp-content\/uploads\/2026\/01\/\u5fae\u4fe1\u56fe\u7247_20230907113533-768x290.jpg 768w, https:\/\/unitedperfect.com\/wp-content\/uploads\/2026\/01\/\u5fae\u4fe1\u56fe\u7247_20230907113533-1536x579.jpg 1536w, https:\/\/unitedperfect.com\/wp-content\/uploads\/2026\/01\/\u5fae\u4fe1\u56fe\u7247_20230907113533-2048x773.jpg 2048w, https:\/\/unitedperfect.com\/wp-content\/uploads\/2026\/01\/\u5fae\u4fe1\u56fe\u7247_20230907113533-18x7.jpg 18w, https:\/\/unitedperfect.com\/wp-content\/uploads\/2026\/01\/\u5fae\u4fe1\u56fe\u7247_20230907113533-200x75.jpg 200w, https:\/\/unitedperfect.com\/wp-content\/uploads\/2026\/01\/\u5fae\u4fe1\u56fe\u7247_20230907113533-600x226.jpg 600w\" sizes=\"(max-width: 2560px) 100vw, 2560px\" \/><\/p>\n<p><strong><b>Revestimiento de papel de aluminio para aislamiento de tejados de edificios met\u00e1licos<\/b><\/strong><br \/>\nJinan United Perfect Building Materials es un fabricante profesional de l\u00e1minas aislantes para tejados. Los revestimientos de l\u00e1mina de Perfect se centran en los retardadores de vapor y el rendimiento de calor reflectante, para proteger la temperatura interior estable. Nuestros revestimientos toman la f\u00f3rmula especial hasta el est\u00e1ndar de retardante de fuego.<\/p>\n<p><strong><b>Revestimiento de l\u00e1mina para aislamiento de conductos HAVC<\/b><\/strong><br \/>\nJinan United Perfect Building Materials Corporation tiene una f\u00f3rmula especial para suministrar productos de laminaci\u00f3n de l\u00e1minas ign\u00edfugas a las industrias de HAVC. El rendimiento ign\u00edfugo y de humo tambi\u00e9n supera las pruebas BS476 y ASTM.<\/p>\n<p><strong><b>Revestimiento de l\u00e1mina utilizado para f\u00e1bricas de lana de roca, lana de vidrio, caucho, etc.<\/b><\/strong><br \/>\nJinan United Perfect Building Materials Corporation suministra diversos tipos de revestimientos de l\u00e1mina a muchas f\u00e1bricas famosas de lana de roca, lana de vidrio, espuma de caucho, fibra cer\u00e1mica en el mundo, Perfect con las suficientes l\u00edneas de producci\u00f3n puede satisfacer las diferentes peticiones de los clientes, tambi\u00e9n OEM para muchas competiciones.<\/p>\n<hr \/>\n<h2><b><span class=\"15\">L\u00ednea de productos<\/span><\/b><\/h2>\n<p><img loading=\"lazy\" decoding=\"async\" class=\"alignnone wp-image-1107\" src=\"https:\/\/unitedperfect.com\/wp-content\/uploads\/2026\/01\/Production-line.jpg\" alt=\"\" width=\"1038\" height=\"468\" srcset=\"https:\/\/unitedperfect.com\/wp-content\/uploads\/2026\/01\/Production-line.jpg 750w, https:\/\/unitedperfect.com\/wp-content\/uploads\/2026\/01\/Production-line-300x135.jpg 300w, https:\/\/unitedperfect.com\/wp-content\/uploads\/2026\/01\/Production-line-18x8.jpg 18w, https:\/\/unitedperfect.com\/wp-content\/uploads\/2026\/01\/Production-line-200x90.jpg 200w, https:\/\/unitedperfect.com\/wp-content\/uploads\/2026\/01\/Production-line-600x270.jpg 600w\" sizes=\"(max-width: 1038px) 100vw, 1038px\" \/><\/p>\n<h2><span class=\"cke_widget_wrapper cke_widget_inline cke_image_nocaption cke_widget_selected cke_widget_focused\" tabindex=\"-1\" contenteditable=\"false\" data-cke-widget-wrapper=\"1\" data-cke-filter=\"off\" data-cke-display-name=\"\u56fe\u50cf\" data-cke-widget-id=\"13\"><img decoding=\"async\" class=\"cke_widget_element\" src=\"https:\/\/unitedperfect.com\/product\/aluglass\/image?tid=25&amp;id=NnYhTOjFPwuy&amp;cache=0&amp;lan_code=0\" alt=\"\" data-cke-saved-src=\"image?tid=25&amp;id=NnYhTOjFPwuy&amp;cache=0&amp;lan_code=0\" data-cke-widget-data=\"%7B%22hasCaption%22%3Afalse%2C%22src%22%3A%22image%3Ftid%3D25%26id%3DNnYhTOjFPwuy%26cache%3D0%26lan_code%3D0%22%2C%22alt%22%3A%22%22%2C%22width%22%3A%22%22%2C%22height%22%3A%22%22%2C%22lock%22%3Atrue%2C%22align%22%3A%22none%22%2C%22classes%22%3Anull%7D\" data-cke-widget-upcasted=\"1\" data-cke-widget-keep-attr=\"0\" data-widget=\"image\" \/><span class=\"cke_image_resizer\" title=\"\u70b9\u51fb\u5e76\u62d6\u62fd\u4ee5\u6539\u53d8\u5c3a\u5bf8\">\u200b<\/span><\/span><\/h2>\n<hr \/>\n<h2>Embalaje y carga<\/h2>\n<p>&nbsp;<\/p>\n<p><img loading=\"lazy\" decoding=\"async\" class=\"alignnone wp-image-1106\" src=\"https:\/\/unitedperfect.com\/wp-content\/uploads\/2026\/01\/packing.jpg\" alt=\"\" width=\"1067\" height=\"585\" srcset=\"https:\/\/unitedperfect.com\/wp-content\/uploads\/2026\/01\/packing.jpg 750w, https:\/\/unitedperfect.com\/wp-content\/uploads\/2026\/01\/packing-300x164.jpg 300w, https:\/\/unitedperfect.com\/wp-content\/uploads\/2026\/01\/packing-18x10.jpg 18w, https:\/\/unitedperfect.com\/wp-content\/uploads\/2026\/01\/packing-200x110.jpg 200w, https:\/\/unitedperfect.com\/wp-content\/uploads\/2026\/01\/packing-600x329.jpg 600w\" sizes=\"(max-width: 1067px) 100vw, 1067px\" \/><\/p>\n<hr \/>\n<h2>Nuestros clientes<\/h2>\n<p><img loading=\"lazy\" decoding=\"async\" class=\"alignnone size-full wp-image-904\" src=\"https:\/\/unitedperfect.com\/wp-content\/uploads\/2026\/01\/05d59bd794df7bd88208769f09815dc-2-scaled.jpg\" alt=\"\" width=\"2560\" height=\"1920\" srcset=\"https:\/\/unitedperfect.com\/wp-content\/uploads\/2026\/01\/05d59bd794df7bd88208769f09815dc-2-scaled.jpg 2560w, https:\/\/unitedperfect.com\/wp-content\/uploads\/2026\/01\/05d59bd794df7bd88208769f09815dc-2-300x225.jpg 300w, https:\/\/unitedperfect.com\/wp-content\/uploads\/2026\/01\/05d59bd794df7bd88208769f09815dc-2-1024x768.jpg 1024w, https:\/\/unitedperfect.com\/wp-content\/uploads\/2026\/01\/05d59bd794df7bd88208769f09815dc-2-768x576.jpg 768w, https:\/\/unitedperfect.com\/wp-content\/uploads\/2026\/01\/05d59bd794df7bd88208769f09815dc-2-1536x1152.jpg 1536w, https:\/\/unitedperfect.com\/wp-content\/uploads\/2026\/01\/05d59bd794df7bd88208769f09815dc-2-2048x1536.jpg 2048w, https:\/\/unitedperfect.com\/wp-content\/uploads\/2026\/01\/05d59bd794df7bd88208769f09815dc-2-16x12.jpg 16w, https:\/\/unitedperfect.com\/wp-content\/uploads\/2026\/01\/05d59bd794df7bd88208769f09815dc-2-600x450.jpg 600w\" sizes=\"(max-width: 2560px) 100vw, 2560px\" \/><\/p>\n<hr \/>\n<h3><\/h3>\n<h3><strong>CONTACTO<\/strong><\/h3>\n<div>\n<p><b>Corporaci\u00f3n de materiales de construcci\u00f3n Jinan United Perfect<\/b><\/p>\n<p><b>M<\/b>: +86 139 6416 6699 \u00a0<b>P<\/b>:\u00a0+86-531 8190 1621 \u00a0<b>F<\/b>:\u00a0+86-531 8281 4295<\/p>\n<p><b>Whatsapp:<\/b>\u00a0+8613426130536 \u00a0<b>Skype:<\/b><b>\u00a0<\/b>harald2009 \u00a0<b>Wechat:<\/b>\u00a013426130536<\/p>\n<p><img loading=\"lazy\" decoding=\"async\" class=\"\" src=\"https:\/\/yunpan.cdn.site.joinf.com\/4995171754491181\/XzYPTGwk4F.jpg\" width=\"518\" height=\"238\" \/><\/p>\n<\/div>","protected":false},"excerpt":{"rendered":"<p>La l\u00e1mina termosellable es un material de revestimiento aislante de calidad profesional.<\/p>\n<p>Es adecuado para la laminaci\u00f3n en l\u00ednea de lana de vidrio, lana de roca. PE termosellable m\u00e1s grueso. No es necesario aplicar adhesivo adicional. Buena resistencia a la corrosi\u00f3n.<\/p>","protected":false},"featured_media":1181,"comment_status":"open","ping_status":"closed","template":"","meta":[],"product_brand":[],"product_cat":[56],"product_tag":[],"class_list":{"0":"post-1222","1":"product","2":"type-product","3":"status-publish","4":"has-post-thumbnail","6":"product_cat-heat-sealing-foil","8":"first","9":"instock","10":"shipping-taxable","11":"product-type-simple"},"aioseo_notices":[],"_links":{"self":[{"href":"https:\/\/unitedperfect.com\/es\/wp-json\/wp\/v2\/product\/1222","targetHints":{"allow":["GET"]}}],"collection":[{"href":"https:\/\/unitedperfect.com\/es\/wp-json\/wp\/v2\/product"}],"about":[{"href":"https:\/\/unitedperfect.com\/es\/wp-json\/wp\/v2\/types\/product"}],"replies":[{"embeddable":true,"href":"https:\/\/unitedperfect.com\/es\/wp-json\/wp\/v2\/comments?post=1222"}],"wp:featuredmedia":[{"embeddable":true,"href":"https:\/\/unitedperfect.com\/es\/wp-json\/wp\/v2\/media\/1181"}],"wp:attachment":[{"href":"https:\/\/unitedperfect.com\/es\/wp-json\/wp\/v2\/media?parent=1222"}],"wp:term":[{"taxonomy":"product_brand","embeddable":true,"href":"https:\/\/unitedperfect.com\/es\/wp-json\/wp\/v2\/product_brand?post=1222"},{"taxonomy":"product_cat","embeddable":true,"href":"https:\/\/unitedperfect.com\/es\/wp-json\/wp\/v2\/product_cat?post=1222"},{"taxonomy":"product_tag","embeddable":true,"href":"https:\/\/unitedperfect.com\/es\/wp-json\/wp\/v2\/product_tag?post=1222"}],"curies":[{"name":"wp","href":"https:\/\/api.w.org\/{rel}","templated":true}]}}