{"id":1194,"date":"2026-01-14T09:14:34","date_gmt":"2026-01-14T09:14:34","guid":{"rendered":"https:\/\/unitedperfect.com\/?post_type=product&#038;p=1194"},"modified":"2026-01-14T09:28:18","modified_gmt":"2026-01-14T09:28:18","slug":"radiant-barrier","status":"publish","type":"product","link":"https:\/\/unitedperfect.com\/es\/producto\/radiant-barrier\/","title":{"rendered":"Barrera radiante"},"content":{"rendered":"<h2><b>\u00bfQu\u00e9 es el\u00a0<\/b><b>OPERFECT\u2122.<\/b><b>\u00a0 <strong>Barrera radiante<\/strong>?<\/b><\/h2>\n<div>\n<p class=\"p\" align=\"justify\"><strong>OPERFECT\u2122 Barrera radiante\u00a0<\/strong>es un material de construcci\u00f3n especializado dise\u00f1ado para reducir\u00a0<strong>transferencia de calor radiante<\/strong> en casas, edificios o espacios cerrados, a diferencia del aislamiento (que bloquea principalmente el flujo de calor conductivo\/convectivo). Funciona reflejando una gran parte de la radiaci\u00f3n infrarroja (IR) del sol (la principal fuente de aumento de calor en climas c\u00e1lidos) lejos de la estructura, en lugar de absorberla. Esto ayuda a mantener temperaturas interiores m\u00e1s agradables y puede reducir los costes energ\u00e9ticos asociados a la calefacci\u00f3n y la refrigeraci\u00f3n.<\/p>\n<p align=\"justify\"><img decoding=\"async\" class=\"ckimgrsz\" src=\"https:\/\/yunpan.cdn.site.joinf.com\/4995171754491181\/wjT3WExnKZ.png\" alt=\"\" data-cke-saved-src=\"https:\/\/yunpan.cdn.site.joinf.com\/4995171754491181\/wjT3WExnKZ.png\" \/><\/p>\n<h2 align=\"justify\"><b>Qu\u00e9 <\/b><b>OPERFECT\u2122. <\/b><b><\/b><b><strong>Barrera radiante <\/strong><\/b><b>puede ofrecerle?<\/b><\/h2>\n<p><b>A medida: <\/b><b>\u00a0<\/b><strong><i>Su logotipo, su etiqueta, su color, etc.<\/i><\/strong><\/p>\n<p><strong><span style=\"font-family: Arial, Helvetica, sans-serif;\">Podemos ofrecer FOB, CIF y tambi\u00e9n sevise puerta a puerta para usted<\/span><\/strong><span style=\"font-family: Arial, Helvetica, sans-serif;\">,<strong>\u00a0<\/strong><\/span><strong>Ahorre 10% de costes de contrataci\u00f3n y aumente la eficiencia de la contrataci\u00f3n en 30%.<\/strong><\/p>\n<p><b>Normas de calidad<span style=\"font-family: \u5b8b\u4f53;\">\uff1a<\/span><\/b><\/p>\n<p><b><span style=\"font-family: Arial, Helvetica, sans-serif;\">\u2013 <\/span><\/b>ASTM D226 para los tipos I y II<\/p>\n<p><b><span style=\"font-family: Arial, Helvetica, sans-serif;\">\u2013 <\/span><\/b>ASTM D4869<\/p>\n<p><b><span style=\"font-family: Arial, Helvetica, sans-serif;\">\u2013<\/span><\/b>CAN\/CSA A220.1<\/p>\n<p><b><span style=\"font-family: Arial, Helvetica, sans-serif;\">\u2013<\/span><\/b>CAN\/CSA A123.3<\/p>\n<p><b><span style=\"font-family: Arial, Helvetica, sans-serif;\">\u2013<\/span><\/b>CLASE A FUEGO ASTM E108<\/p>\n<p><b><span style=\"font-family: Arial, Helvetica, sans-serif;\">\u2013<\/span><\/b><b>\u00a0<\/b>ICC-ES AC 188;<\/p>\n<p><b>Capacidad de producci\u00f3n: 20<\/b><i>*40HQ\/mes\u00a0<\/i><\/p>\n<p><b>MOQ:<\/b><b><i>\u00a0200<\/i><\/b><i>\u00a0Rolls<\/i><\/p>\n<p>&nbsp;<\/p>\n<h2 align=\"justify\"><b>Caracter\u00edsticas y ventajas<\/b>\u00a0<b>de\u00a0<\/b><b>OPERFECT\u2122. <\/b><b><strong>Barrera radiante ?<\/strong><\/b><\/h2>\n<ul>\n<li><strong>Alta Reflectividad<\/strong>: Las barreras radiantes suelen consistir en un material altamente reflectante, normalmente papel de aluminio. Pueden reflejar un gran porcentaje del calor radiante. Por ejemplo, algunas barreras radiantes pueden reflejar entre 96% y 97% de calor radiante, impidiendo que entre en el edificio y reduciendo la temperatura interior.<\/li>\n<li><strong>Mejora de la eficiencia energ\u00e9tica<\/strong>: Al reflejar el calor radiante, las barreras radiantes reducen la cantidad de calor que entra en el edificio, disminuyendo as\u00ed la carga de trabajo de los sistemas de aire acondicionado. Esto se traduce en un menor consumo de energ\u00eda y una reducci\u00f3n de los costes de refrigeraci\u00f3n, especialmente en los calurosos meses de verano.<\/li>\n<li><strong>Mayor confort en interiores<\/strong>: Las barreras radiantes ayudan a mantener una temperatura interior m\u00e1s estable, reduciendo el impacto de las fuentes de calor externas. Esto hace que el entorno vital sea m\u00e1s confortable, ya que la temperatura no fluct\u00faa significativamente.<\/li>\n<li><strong>Reducci\u00f3n del esfuerzo en HVAC<\/strong>: Al entrar menos calor en el edificio, el sistema de aire acondicionado no tiene que funcionar con tanta frecuencia o intensidad. Esto reduce la presi\u00f3n sobre el equipo de climatizaci\u00f3n, prolongando su vida \u00fatil y reduciendo los costes de mantenimiento.<\/li>\n<li><strong>Ligero y f\u00e1cil de instalar<\/strong>: Las barreras radiantes son ligeras y pueden instalarse f\u00e1cilmente en diversas partes de un edificio, como \u00e1ticos, paredes y suelos. Pueden graparse o fijarse al sustrato, y el proceso de instalaci\u00f3n es relativamente sencillo, lo que resulta adecuado tanto para proyectos de nueva construcci\u00f3n como de rehabilitaci\u00f3n.<\/li>\n<li><strong>Respeto del medio ambiente<\/strong>: Al reducir el consumo de energ\u00eda, las barreras radiantes contribuyen a reducir la huella de carbono, lo que se ajusta a los requisitos de protecci\u00f3n del medio ambiente y desarrollo sostenible.<\/li>\n<li><strong>Buena durabilidad<\/strong>: Algunas barreras radiantes tienen una superficie impermeable y no absorbente, y tambi\u00e9n est\u00e1n clasificadas frente al fuego (por ejemplo, cumplen las normas de clasificaci\u00f3n frente al fuego Clase 1\/Clase A), lo que garantiza su durabilidad y seguridad en diferentes entornos.<img fetchpriority=\"high\" decoding=\"async\" class=\"ckimgrsz\" src=\"https:\/\/yunpan.cdn.site.joinf.com\/4995171754491181\/thGw8bC2kE.png\" alt=\"\" width=\"431\" height=\"406\" data-cke-saved-src=\"https:\/\/yunpan.cdn.site.joinf.com\/4995171754491181\/thGw8bC2kE.png\" \/><\/li>\n<\/ul>\n<h2 align=\"justify\"><strong>\u00bfCu\u00e1l es la aplicaci\u00f3n de <\/strong><strong>\u00a0<\/strong><strong>\u00bfBarrera radiante?<\/strong><\/h2>\n<ul>\n<li><strong>Principales aplicaciones de las barreras radiantes<\/strong>\n<div>Las barreras radiantes son materiales especializados dise\u00f1ados para reflejar el calor radiante, por lo que se utilizan ampliamente en sectores en los que la regulaci\u00f3n de la temperatura y la eficiencia energ\u00e9tica son fundamentales. Sus principales aplicaciones son:<\/div>\n<h3>1. Industria de la construcci\u00f3n<\/h3>\n<div>Este es el campo de aplicaci\u00f3n m\u00e1s com\u00fan, en el que las barreras radiantes se dirigen a la transferencia de calor en estructuras residenciales, comerciales e industriales:<\/div>\n<ul>\n<li><strong>Tejados y \u00e1ticos<\/strong>: Como principal lugar de instalaci\u00f3n, las barreras radiantes se montan en los \u00e1ticos (bajo las vigas del tejado o sobre el aislamiento del \u00e1tico) para reflejar el calor radiante solar lejos de la cubierta del tejado. En climas c\u00e1lidos, esto evita que el calor excesivo se filtre en los espacios habitables inferiores, reduciendo las temperaturas interiores y la carga de trabajo de los sistemas de aire acondicionado. Por ejemplo, en verano, las barreras radiantes pueden reducir la temperatura del \u00e1tico entre 11 y 17 \u00b0C (20 y 30 \u00b0F), lo que disminuye considerablemente el consumo de energ\u00eda para refrigeraci\u00f3n.<\/li>\n<li><strong>Paredes<\/strong>: Instaladas en cavidades de paredes exteriores o interiores, las barreras radiantes reflejan el calor radiante del exterior (en climas c\u00e1lidos) y retienen el calor interior (en climas fr\u00edos). Esto estabiliza las temperaturas interiores, mejora el confort y complementa el aislamiento tradicional al abordar la transferencia de calor radiante, un aspecto con el que el aislamiento por s\u00ed solo tiene dificultades.<\/li>\n<li><strong>Suelos<\/strong>: En las regiones fr\u00edas, a veces se colocan barreras radiantes bajo las tablas del suelo o las losas de hormig\u00f3n. Bloquean la p\u00e9rdida de calor radiante hacia el suelo, manteniendo los suelos m\u00e1s calientes y reduciendo la demanda de calefacci\u00f3n, sobre todo en casas con espacios de acceso o s\u00f3tanos sin calefacci\u00f3n.<\/li>\n<\/ul>\n<h3><strong>2. Instalaciones industriales<\/strong><\/h3>\n<div>Las barreras radiantes se utilizan en f\u00e1bricas, almacenes y plantas de fabricaci\u00f3n, espacios que suelen tener grandes superficies sin aislar expuestas a la luz solar. Al reflejar el calor solar radiante de tejados y paredes exteriores, reducen las temperaturas interiores, creando un entorno de trabajo m\u00e1s confortable para los empleados. Adem\u00e1s, reducen la energ\u00eda necesaria para refrigerar los equipos o las zonas de producci\u00f3n sensibles a la temperatura, lo que disminuye los costes operativos.<\/div>\n<h3><strong>3. Aeroespacial y aviaci\u00f3n<\/strong><\/h3>\n<div>El sector aeroespacial aprovecha las barreras radiantes de alto rendimiento, desarrolladas originalmente para misiones espaciales. Por ejemplo, el programa Apolo de la NASA utiliz\u00f3 finas barreras radiantes de aluminio que reflejan m\u00e1s de 95% de calor radiante. Estas barreras protegen las naves espaciales, los equipos de a bordo y los astronautas de las fluctuaciones extremas de temperatura en el espacio (entre -250\u00b0F y 250\u00b0F\/-157\u00b0C y 121\u00b0C) reflejando la radiaci\u00f3n solar lejos de la nave o reteniendo el calor cuando es necesario. Una tecnolog\u00eda similar se utiliza actualmente en los componentes de los aviones para regular la temperatura de las bodegas de carga o los compartimentos de avi\u00f3nica.<\/div>\n<h2><strong>Casos de \u00e9xito:<\/strong><\/h2>\n<h3><strong>Caso 1: Barrera LRadiant en casa de Kerry Langley (Georgia)<\/strong><\/h3>\n<div>En 2003, Kerry Langley, propietario de una vivienda en la zona de Atlanta (Georgia), investig\u00f3 soluciones de eficiencia energ\u00e9tica mientras constru\u00eda una casa nueva. Descubri\u00f3 una barrera radiante dise\u00f1ada para bloquear hasta 97% de calor radiante de los paneles del tejado antes de que entrara en el \u00e1tico. A pesar de la resistencia inicial de su constructor (que desconoc\u00eda el producto), Langley insisti\u00f3 en su instalaci\u00f3n.<\/div>\n<div>Los resultados fueron inmediatos y duraderos: La barrera radiante impidi\u00f3 que el calor solar excesivo se acumulara en el \u00e1tico, reduciendo la transferencia de calor a los espacios habitables de la casa. Esto no s\u00f3lo mantuvo las temperaturas interiores m\u00e1s agradables durante los sofocantes veranos de Georgia, sino que tambi\u00e9n redujo las facturas de refrigeraci\u00f3n de la familia en aproximadamente 15-20% anuales. Langley se\u00f1al\u00f3 posteriormente que la inversi\u00f3n en la barrera radiante se amortiz\u00f3 en 3-4 a\u00f1os gracias al ahorro de energ\u00eda.<\/div>\n<\/li>\n<\/ul>\n<\/div>\n<div><img decoding=\"async\" class=\"ckimgrsz\" src=\"https:\/\/yunpan.cdn.site.joinf.com\/4995171754491181\/jjMJhFiWEE.png\" alt=\"\" width=\"1038\" height=\"691\" data-cke-saved-src=\"https:\/\/yunpan.cdn.site.joinf.com\/4995171754491181\/jjMJhFiWEE.png\" \/><\/div>\n<div>\n<h3><strong>Caso 2: Uso normalizado de la barrera radiante\u00ae en Davidon Homes<\/strong><\/h3>\n<div><strong>Viviendas Davidon<\/strong>, El proyecto se adopt\u00f3 poco despu\u00e9s del lanzamiento del producto, por un importante constructor estadounidense especializado en viviendas de alta calidad. Un momento crucial se produjo durante una visita a una casa en construcci\u00f3n: En un d\u00eda en el que las temperaturas exteriores superaban los 27 \u00b0C, los ejecutivos observaron que el interior de la vivienda, equipada con el producto, segu\u00eda siendo mucho m\u00e1s fresco que el de estructuras comparables sin aislar.<\/div>\n<div>Impresionada por este rendimiento, Davidon Homes hizo un\u00a0<strong>caracter\u00edstica est\u00e1ndar<\/strong>\u00a0en todas sus nuevas construcciones, una pr\u00e1ctica que se ha mantenido durante casi 8 a\u00f1os. La barrera radiante permiti\u00f3 al constructor reducir el tama\u00f1o de los sistemas de calefacci\u00f3n, ventilaci\u00f3n y aire acondicionado (ya que se necesitaba menos capacidad de refrigeraci\u00f3n), con lo que se redujeron los costes iniciales de construcci\u00f3n y se mantuvo la eficiencia energ\u00e9tica. En viviendas de entre 3.000 y 5.000 pies cuadrados, los propietarios informaron de ahorros constantes en refrigeraci\u00f3n y de una mayor comodidad, lo que consolid\u00f3 la reputaci\u00f3n de Davidon en materia de dise\u00f1o sostenible y eficiente desde el punto de vista energ\u00e9tico.<\/div>\n<div><img decoding=\"async\" class=\"ckimgrsz\" src=\"https:\/\/yunpan.cdn.site.joinf.com\/4995171754491181\/XQjQa5r5f7.png\" alt=\"\" data-cke-saved-src=\"https:\/\/yunpan.cdn.site.joinf.com\/4995171754491181\/XQjQa5r5f7.png\" \/><\/div>\n<\/div>\n<div>\n<h2><strong>Nuestra l\u00ednea de productos para <\/strong><strong>Barrera radiante<\/strong><\/h2>\n<p><img decoding=\"async\" class=\"alignnone  wp-image-1107\" src=\"https:\/\/unitedperfect.com\/wp-content\/uploads\/2026\/01\/Production-line.jpg\" alt=\"\" width=\"1043\" height=\"470\" srcset=\"https:\/\/unitedperfect.com\/wp-content\/uploads\/2026\/01\/Production-line.jpg 750w, https:\/\/unitedperfect.com\/wp-content\/uploads\/2026\/01\/Production-line-300x135.jpg 300w, https:\/\/unitedperfect.com\/wp-content\/uploads\/2026\/01\/Production-line-18x8.jpg 18w, https:\/\/unitedperfect.com\/wp-content\/uploads\/2026\/01\/Production-line-200x90.jpg 200w, https:\/\/unitedperfect.com\/wp-content\/uploads\/2026\/01\/Production-line-600x270.jpg 600w\" sizes=\"(max-width: 1043px) 100vw, 1043px\" \/><\/p>\n<h2><b>Nuestro embalaje para <\/b><strong>Barrera radiante<\/strong><\/h2>\n<p><img loading=\"lazy\" decoding=\"async\" class=\"alignnone  wp-image-1106\" src=\"https:\/\/unitedperfect.com\/wp-content\/uploads\/2026\/01\/packing.jpg\" alt=\"\" width=\"1044\" height=\"572\" srcset=\"https:\/\/unitedperfect.com\/wp-content\/uploads\/2026\/01\/packing.jpg 750w, https:\/\/unitedperfect.com\/wp-content\/uploads\/2026\/01\/packing-300x164.jpg 300w, https:\/\/unitedperfect.com\/wp-content\/uploads\/2026\/01\/packing-18x10.jpg 18w, https:\/\/unitedperfect.com\/wp-content\/uploads\/2026\/01\/packing-200x110.jpg 200w, https:\/\/unitedperfect.com\/wp-content\/uploads\/2026\/01\/packing-600x329.jpg 600w\" sizes=\"(max-width: 1044px) 100vw, 1044px\" \/><\/p>\n<p>&nbsp;<\/p>\n<h2><b>Nuestros clientes<\/b><\/h2>\n<p><img loading=\"lazy\" decoding=\"async\" class=\"ckimgrsz\" src=\"https:\/\/yunpan.cdn.site.joinf.com\/4995171754491181\/5xmzwBEBb40.19833140309542607\" width=\"1200\" height=\"1200\" data-cke-saved-src=\"https:\/\/yunpan.cdn.site.joinf.com\/4995171754491181\/5xmzwBEBb40.19833140309542607\" \/><\/p>\n<p>&nbsp;<\/p>\n<p class=\"p\"><b>CONTACTO<\/b><\/p>\n<p class=\"p\"><b>Corporaci\u00f3n de materiales de construcci\u00f3n Jinan United Perfect<\/b><\/p>\n<p class=\"p\"><b>M<\/b>: +86 139 6416 6699 \u00a0<b>P<\/b>:\u00a0+86-531 8190 1621 \u00a0<b>F<\/b>:\u00a0+86-531 8281 4295<\/p>\n<p class=\"p\"><b>Whatsapp:<\/b>\u00a0+8613426130536 \u00a0<b>Skype:<\/b><b>\u00a0<\/b>harald2009 \u00a0<b>Wechat:<\/b>\u00a013426130536<\/p>\n<p><img loading=\"lazy\" decoding=\"async\" class=\"ckimgrsz\" src=\"https:\/\/yunpan.cdn.site.joinf.com\/4995171754491181\/XzYPTGwk4F.jpg\" alt=\"\" width=\"520\" height=\"239\" data-cke-saved-src=\"https:\/\/yunpan.cdn.site.joinf.com\/4995171754491181\/XzYPTGwk4F.jpg\" \/><\/p>\n<\/div>","protected":false},"excerpt":{"rendered":"<p>La barrera radiante OPERFECT\u2122 es un material de construcci\u00f3n especializado dise\u00f1ado para reducir la transferencia de calor radiante en viviendas, edificios o espacios cerrados, a diferencia del aislamiento (que bloquea principalmente el flujo de calor conductivo\/convectivo). Funciona reflejando una gran parte de la radiaci\u00f3n infrarroja (IR) del sol (la principal fuente de aumento de calor en climas c\u00e1lidos) lejos de la estructura, en lugar de absorberla. Esto ayuda a mantener temperaturas interiores m\u00e1s agradables y puede reducir los costes energ\u00e9ticos asociados a la calefacci\u00f3n y la refrigeraci\u00f3n.<\/p>","protected":false},"featured_media":1125,"comment_status":"open","ping_status":"closed","template":"","meta":[],"product_brand":[],"product_cat":[67],"product_tag":[],"class_list":{"0":"post-1194","1":"product","2":"type-product","3":"status-publish","4":"has-post-thumbnail","6":"product_cat-radiant-barrier","8":"first","9":"instock","10":"shipping-taxable","11":"product-type-simple"},"aioseo_notices":[],"_links":{"self":[{"href":"https:\/\/unitedperfect.com\/es\/wp-json\/wp\/v2\/product\/1194","targetHints":{"allow":["GET"]}}],"collection":[{"href":"https:\/\/unitedperfect.com\/es\/wp-json\/wp\/v2\/product"}],"about":[{"href":"https:\/\/unitedperfect.com\/es\/wp-json\/wp\/v2\/types\/product"}],"replies":[{"embeddable":true,"href":"https:\/\/unitedperfect.com\/es\/wp-json\/wp\/v2\/comments?post=1194"}],"wp:featuredmedia":[{"embeddable":true,"href":"https:\/\/unitedperfect.com\/es\/wp-json\/wp\/v2\/media\/1125"}],"wp:attachment":[{"href":"https:\/\/unitedperfect.com\/es\/wp-json\/wp\/v2\/media?parent=1194"}],"wp:term":[{"taxonomy":"product_brand","embeddable":true,"href":"https:\/\/unitedperfect.com\/es\/wp-json\/wp\/v2\/product_brand?post=1194"},{"taxonomy":"product_cat","embeddable":true,"href":"https:\/\/unitedperfect.com\/es\/wp-json\/wp\/v2\/product_cat?post=1194"},{"taxonomy":"product_tag","embeddable":true,"href":"https:\/\/unitedperfect.com\/es\/wp-json\/wp\/v2\/product_tag?post=1194"}],"curies":[{"name":"wp","href":"https:\/\/api.w.org\/{rel}","templated":true}]}}