{"id":1188,"date":"2026-01-14T08:58:53","date_gmt":"2026-01-14T08:58:53","guid":{"rendered":"https:\/\/unitedperfect.com\/?post_type=product&#038;p=1188"},"modified":"2026-01-14T09:28:59","modified_gmt":"2026-01-14T09:28:59","slug":"vapor-barrier","status":"publish","type":"product","link":"https:\/\/unitedperfect.com\/es\/producto\/vapor-barrier\/","title":{"rendered":"Barrera de vapor"},"content":{"rendered":"<h2><b>\u00bfQu\u00e9 es el\u00a0<\/b><b>OPERFECT\u2122.<\/b><b>\u00a0\u00a0\u00bfBarrera de vapor?<\/b><\/h2>\n<div>\n<p class=\"p\" align=\"justify\"><strong>Barreras de vapor OPERFECT <\/strong>son componentes cruciales de la envolvente de los edificios dise\u00f1ados para controlar el movimiento del vapor de humedad dentro de las estructuras que causan problemas con la calidad del aire interior y conducen a da\u00f1os estructurales.Normalmente se colocan en el lado caliente de los conjuntos de construcci\u00f3n, tales como paredes, techos y suelos con el fin de evitar que la humedad entre en las zonas interiores.Las barreras de vapor son un componente esencial de las pr\u00e1cticas modernas de construcci\u00f3n, contribuyendo a la longevidad y durabilidad de los conjuntos de construcci\u00f3n.<\/p>\n<h2 align=\"justify\"><b>Qu\u00e9 <\/b><b>OPERFECT\u2122.<\/b><b>\u00a0Vapor Barrier puede ofrecerle...<\/b><\/h2>\n<p class=\"p\"><b>A medida: \u00a0<\/b><b><i>Su logotipo, su etiqueta, su color, etc.<\/i><\/b><\/p>\n<p class=\"p\"><b>Podemos ofrecer FOB, CIF y tambi\u00e9n sevise puerta a puerta para usted<\/b>,<b>\u00a0Ahorre 10% de costes de contrataci\u00f3n y aumente la eficiencia de la contrataci\u00f3n en 30%.<\/b><\/p>\n<p class=\"p\" align=\"justify\"><b>Normas de calidad<\/b><b><span style=\"font-family: \u5b8b\u4f53;\">\uff1a<\/span><\/b><\/p>\n<p class=\"p\" align=\"justify\"><b><span style=\"font-family: Arial, Helvetica, sans-serif;\">\u2013 <\/span><\/b>ASTM D226 para los tipos I y II<\/p>\n<p class=\"p\" align=\"justify\"><b><span style=\"font-family: Arial, Helvetica, sans-serif;\">\u2013 <\/span><\/b>ASTM D4869<\/p>\n<p class=\"p\" align=\"justify\"><b><span style=\"font-family: Arial, Helvetica, sans-serif;\">\u2013<\/span><\/b>CAN\/CSA A220.1<\/p>\n<p class=\"p\" align=\"justify\"><b><span style=\"font-family: Arial, Helvetica, sans-serif;\">\u2013<\/span><\/b>CAN\/CSA A123.3<\/p>\n<p class=\"p\" align=\"justify\"><b><span style=\"font-family: Arial, Helvetica, sans-serif;\">\u2013<\/span><\/b>CLASE A FUEGO ASTM E108<\/p>\n<p class=\"p\" align=\"justify\"><b><span style=\"font-family: Arial, Helvetica, sans-serif;\">\u2013<\/span><\/b><b>\u00a0<\/b>ICC-ES AC 188;<\/p>\n<p class=\"p\" align=\"justify\"><b>Capacidad de producci\u00f3n: 50<\/b><i>*40HQ\/mes\u00a0<\/i><\/p>\n<p class=\"p\" align=\"justify\"><b>MOQ:<\/b><b><i>\u00a0626<\/i><\/b><i> Rolls<\/i><\/p>\n<h2 align=\"justify\"><b>Caracter\u00edsticas y ventajas<\/b>\u00a0<b>de\u00a0<\/b><b>OPERFECT\u2122 Barrera de vapor<span style=\"font-family: \u5b8b\u4f53;\">\uff1f<\/span><\/b><\/h2>\n<ul>\n<li><strong>Caracter\u00edstica funcional b\u00e1sica:<\/strong> Control preciso de la penetraci\u00f3n del vapor de agua<\/li>\n<li><strong>Funci\u00f3n de adaptaci\u00f3n de escenas:<\/strong> Respuesta flexible a climas y tipos de edificios<\/li>\n<li><strong>\u00a0Material y caracter\u00edstica de construcci\u00f3n: <\/strong>F\u00e1cil instalaci\u00f3n y alta compatibilidad<\/li>\n<li><strong>Caracter\u00edstica de valor adicional:<\/strong> Equilibrio entre eficiencia energ\u00e9tica y salud<\/li>\n<li><strong>Caracter\u00edstica econ\u00f3mica y de mantenimiento: <\/strong>Optimizaci\u00f3n de costes a largo plazo<\/li>\n<\/ul>\n<h2 align=\"justify\"><b><span class=\"15\">Ventajas de la barrera de vapor OPERFECT\u2122?<\/span><\/b><\/h2>\n<ul>\n<li><strong>Proteja las estructuras y prolongue su vida \u00fatil: <\/strong>Bloquea la humedad para proteger los componentes de madera\/metal, mantener seco el aislamiento y prolongar la vida \u00fatil del edificio.<\/li>\n<li><strong>Aumente la eficiencia y reduzca el consumo de energ\u00eda:<\/strong> Reducen la p\u00e9rdida de calor por \u201cconducci\u00f3n de la humedad\u201d y el desprendimiento de calor por condensaci\u00f3n, reduciendo el consumo de energ\u00eda de calefacci\u00f3n.<\/li>\n<li><strong>Mejorar el medio ambiente y la salud: <\/strong>Controle la humedad para inhibir el moho, estabilizar la humedad confortable (40%-60%) y evitar la condensaci\u00f3n en las paredes.<\/li>\n<li><strong>Gran adaptabilidad y amplio uso: <\/strong>Ajuste el rendimiento por clima\/escenario para adaptarlo a diversos tipos de edificios.<\/li>\n<li><strong>Reduzca el mantenimiento y ahorre costes: <\/strong>Prolongar el ciclo de mantenimiento (15-20+ a\u00f1os) y reducir la sustituci\u00f3n\/renovaci\u00f3n de componentes.<\/li>\n<\/ul>\n<\/div>\n<div><img decoding=\"async\" class=\"ckimgrsz\" src=\"https:\/\/yunpan.cdn.site.joinf.com\/4995171754491181\/FGKXR72ZQA.jpg\" alt=\"\" data-cke-saved-src=\"https:\/\/yunpan.cdn.site.joinf.com\/4995171754491181\/FGKXR72ZQA.jpg\" \/><\/div>\n<h2><b>\u00bfCu\u00e1l es la aplicaci\u00f3n de OPERFECT\u2122?\u00a0<\/b><b><span class=\"15\">Barrera de vapor<\/span><\/b><b>?<\/b><\/h2>\n<div>\n<ul>\n<li data-line=\"true\" data-list=\"bullet1\"><b>Edificios de madera<\/b>: Se utiliza en paredes y tejados para proteger las estructuras de madera de la humedad, el moho y las grietas.<\/li>\n<li data-line=\"true\" data-list=\"bullet1\"><b>Envolventes de edificios<\/b>: Se aplica en tejados (planos o inclinados) y suelos (especialmente en s\u00f3tanos) para bloquear la humedad y proteger las capas aislantes.<\/li>\n<li data-line=\"true\" data-list=\"bullet1\"><b>Lugares muy h\u00famedos<\/b>: Se utiliza en piscinas, f\u00e1bricas de alimentos y ba\u00f1os para evitar que grandes cantidades de humedad se infiltren en las estructuras.<\/li>\n<li data-line=\"true\" data-list=\"bullet1\"><b>Edificios en distintas zonas clim\u00e1ticas<\/b>: Los tipos de alta resistencia al vapor se utilizan en las regiones fr\u00edas del norte de Europa; los tipos inteligentes permeables al vapor pueden equiparse en las regiones c\u00e1lidas y h\u00famedas del sur de Europa.<\/li>\n<\/ul>\n<\/div>\n<div>\n<h2 class=\"p\"><strong><b>Casos de \u00e9xito:<\/b><\/strong><\/h2>\n<p class=\"p\"><strong>Caso 1:<\/strong> Restauraci\u00f3n de un edificio de madera del siglo XVII en el Reino Unido Un edificio hist\u00f3rico de madera del Reino Unido se enfrentaba a la aparici\u00f3n de moho y podredumbre en las vigas de madera debido a la humedad. La instalaci\u00f3n de una barrera de vapor transpirable en las paredes interiores y bajo las tablas del suelo bloque\u00f3 la humedad exterior, impidiendo la formaci\u00f3n de moho y secando la madera. Sin ella, la costosa sustituci\u00f3n de la madera estructural (y los da\u00f1os a la integridad hist\u00f3rica) habr\u00edan sido inevitables.<\/p>\n<p class=\"p\"><strong>Caso 2: <\/strong>Almac\u00e9n de equipos electr\u00f3nicos en el norte de Alemania Un almac\u00e9n alem\u00e1n de valiosos equipos electr\u00f3nicos necesitaba defenderse de la elevada humedad local. Una barrera de vapor de baja permeabilidad bajo el suelo de hormig\u00f3n y las paredes interiores bloqueaba la humedad del suelo y el vapor exterior. Un almac\u00e9n cercano que no contaba con ella sufri\u00f3 costosos da\u00f1os en sus equipos electr\u00f3nicos a causa de la humedad; esta barrera salvaguard\u00f3 los bienes almacenados y evit\u00f3 enormes costes de sustituci\u00f3n.<\/p>\n<p class=\"p\"><strong>Caso 3:<\/strong> Complejo de piscinas franc\u00e9s Un complejo de piscinas franc\u00e9s, con una elevada humedad procedente de piscinas\/duchas, corr\u00eda el riesgo de moho, pintura descascarillada y corrosi\u00f3n del metal. Una barrera de vapor especializada (instalada en las zonas expuestas a la humedad) bloque\u00f3 la penetraci\u00f3n de vapor y redujo la condensaci\u00f3n. Sin ella, habr\u00edan sido necesarias reparaciones frecuentes y costosas (repintado, sustituci\u00f3n de accesorios) poco despu\u00e9s de la apertura.<\/p>\n<p>Existen numerosos casos similares. A diferencia de los materiales impermeables tradicionales, como el fieltro sint\u00e9tico (que es pesado y dif\u00edcil de instalar), nuestro contrapiso sint\u00e9tico presenta una alta resistencia al desgarro y un rendimiento impermeable superior, lo que proporciona una excelente protecci\u00f3n para su tejado.<\/p>\n<h2><strong>Nuestra l\u00ednea de productos para materiales impermeables<\/strong><\/h2>\n<p><img fetchpriority=\"high\" decoding=\"async\" class=\"ckimgrsz\" src=\"https:\/\/yunpan.cdn.site.joinf.com\/4995171754491181\/W2fh4k8DY6.avif\" alt=\"\" width=\"1366\" height=\"687\" data-cke-saved-src=\"https:\/\/yunpan.cdn.site.joinf.com\/4995171754491181\/W2fh4k8DY6.avif\" \/><\/p>\n<p>&nbsp;<\/p>\n<h2><b>Nuestro embalaje para <\/b><strong>materiales impermeables<\/strong><\/h2>\n<p><img decoding=\"async\" class=\"ckimgrsz\" src=\"https:\/\/yunpan.cdn.site.joinf.com\/4995171754491181\/mCBCnyEMeF.avif\" alt=\"\" width=\"1359\" height=\"551\" data-cke-saved-src=\"https:\/\/yunpan.cdn.site.joinf.com\/4995171754491181\/mCBCnyEMeF.avif\" \/><\/p>\n<p>&nbsp;<\/p>\n<h2><b>Nuestros clientes<\/b><\/h2>\n<p><img decoding=\"async\" class=\"ckimgrsz\" src=\"https:\/\/yunpan.cdn.site.joinf.com\/4995171754491181\/5xmzwBEBb40.19833140309542607\" width=\"1200\" height=\"1200\" data-cke-saved-src=\"https:\/\/yunpan.cdn.site.joinf.com\/4995171754491181\/5xmzwBEBb40.19833140309542607\" \/><\/p>\n<p>&nbsp;<\/p>\n<p class=\"p\"><b>CONTACTO<\/b><\/p>\n<p class=\"p\"><b>Corporaci\u00f3n de materiales de construcci\u00f3n Jinan United Perfect<\/b><\/p>\n<p class=\"p\"><b>M<\/b>: +86 139 6416 6699 \u00a0<b>P<\/b>:\u00a0+86-531 8190 1621 \u00a0<b>F<\/b>:\u00a0+86-531 8281 4295<\/p>\n<p class=\"p\"><b>Whatsapp:<\/b>\u00a0+8613426130536 \u00a0<b>Skype:<\/b><b>\u00a0<\/b>harald2009 \u00a0<b>Wechat:<\/b>\u00a013426130536<\/p>\n<p><img loading=\"lazy\" decoding=\"async\" class=\"ckimgrsz\" src=\"https:\/\/yunpan.cdn.site.joinf.com\/4995171754491181\/XzYPTGwk4F.jpg\" alt=\"\" width=\"520\" height=\"239\" data-cke-saved-src=\"https:\/\/yunpan.cdn.site.joinf.com\/4995171754491181\/XzYPTGwk4F.jpg\" \/><\/p>\n<\/div>","protected":false},"excerpt":{"rendered":"<p>Las barreras de vapor OPERFECT\u2122 son componentes cruciales de las envolventes de los edificios dise\u00f1ados para controlar el movimiento del vapor de humedad dentro de las estructuras que causan problemas con la calidad del aire interior y conducen a da\u00f1os estructurales.Por lo general, se colocan en el lado caliente de los conjuntos de construcci\u00f3n, tales como paredes, techos y suelos con el fin de evitar que la humedad entre en las zonas interiores.Las barreras de vapor sonun componente esencial de las pr\u00e1cticas de construcci\u00f3n modernas, contribuyendo a la longevidad y durabilidad de los conjuntos de construcci\u00f3n.<\/p>","protected":false},"featured_media":1189,"comment_status":"open","ping_status":"closed","template":"","meta":[],"product_brand":[],"product_cat":[66],"product_tag":[],"class_list":{"0":"post-1188","1":"product","2":"type-product","3":"status-publish","4":"has-post-thumbnail","6":"product_cat-vapor-barrier","8":"first","9":"instock","10":"shipping-taxable","11":"product-type-simple"},"aioseo_notices":[],"_links":{"self":[{"href":"https:\/\/unitedperfect.com\/es\/wp-json\/wp\/v2\/product\/1188","targetHints":{"allow":["GET"]}}],"collection":[{"href":"https:\/\/unitedperfect.com\/es\/wp-json\/wp\/v2\/product"}],"about":[{"href":"https:\/\/unitedperfect.com\/es\/wp-json\/wp\/v2\/types\/product"}],"replies":[{"embeddable":true,"href":"https:\/\/unitedperfect.com\/es\/wp-json\/wp\/v2\/comments?post=1188"}],"wp:featuredmedia":[{"embeddable":true,"href":"https:\/\/unitedperfect.com\/es\/wp-json\/wp\/v2\/media\/1189"}],"wp:attachment":[{"href":"https:\/\/unitedperfect.com\/es\/wp-json\/wp\/v2\/media?parent=1188"}],"wp:term":[{"taxonomy":"product_brand","embeddable":true,"href":"https:\/\/unitedperfect.com\/es\/wp-json\/wp\/v2\/product_brand?post=1188"},{"taxonomy":"product_cat","embeddable":true,"href":"https:\/\/unitedperfect.com\/es\/wp-json\/wp\/v2\/product_cat?post=1188"},{"taxonomy":"product_tag","embeddable":true,"href":"https:\/\/unitedperfect.com\/es\/wp-json\/wp\/v2\/product_tag?post=1188"}],"curies":[{"name":"wp","href":"https:\/\/api.w.org\/{rel}","templated":true}]}}