{"id":1164,"date":"2026-01-14T07:11:05","date_gmt":"2026-01-14T07:11:05","guid":{"rendered":"https:\/\/unitedperfect.com\/?post_type=product&#038;p=1164"},"modified":"2026-01-14T07:11:05","modified_gmt":"2026-01-14T07:11:05","slug":"double-sided-aluminum-foil","status":"publish","type":"product","link":"https:\/\/unitedperfect.com\/es\/producto\/double-sided-aluminum-foil\/","title":{"rendered":"Papel de aluminio de doble cara"},"content":{"rendered":"<h1>Papel de aluminio de doble cara<\/h1>\n<h5>El papel de aluminio de doble cara es un material de revestimiento aislante de calidad profesional.<\/h5>\n<h5>Construido con una malla central de refuerzo de fibra de vidrio laminada entre dos capas de papel de aluminio de gran pureza, este dise\u00f1o sim\u00e9trico ofrece un rendimiento excepcional.\u00a0<strong>reflexi\u00f3n del calor radiante, una barrera de vapor completa en ambas caras y una resistencia a la tracci\u00f3n excepcional.<\/strong>.<\/h5>\n<h5>Es adecuado para la laminaci\u00f3n en l\u00ednea de lana de vidrio, lana de roca. PE termosellable m\u00e1s grueso. No es necesario aplicar adhesivo adicional. Buena resistencia a la corrosi\u00f3n.<\/h5>\n<figure id=\"attachment_1165\" aria-describedby=\"caption-attachment-1165\" style=\"width: 2560px\" class=\"wp-caption alignnone\"><img fetchpriority=\"high\" decoding=\"async\" class=\"size-full wp-image-1165\" src=\"https:\/\/unitedperfect.com\/wp-content\/uploads\/2026\/01\/1-4-scaled.jpg\" alt=\"\" width=\"2560\" height=\"1707\" srcset=\"https:\/\/unitedperfect.com\/wp-content\/uploads\/2026\/01\/1-4-scaled.jpg 2560w, https:\/\/unitedperfect.com\/wp-content\/uploads\/2026\/01\/1-4-300x200.jpg 300w, https:\/\/unitedperfect.com\/wp-content\/uploads\/2026\/01\/1-4-1024x683.jpg 1024w, https:\/\/unitedperfect.com\/wp-content\/uploads\/2026\/01\/1-4-768x512.jpg 768w, https:\/\/unitedperfect.com\/wp-content\/uploads\/2026\/01\/1-4-1536x1024.jpg 1536w, https:\/\/unitedperfect.com\/wp-content\/uploads\/2026\/01\/1-4-2048x1365.jpg 2048w, https:\/\/unitedperfect.com\/wp-content\/uploads\/2026\/01\/1-4-18x12.jpg 18w, https:\/\/unitedperfect.com\/wp-content\/uploads\/2026\/01\/1-4-200x133.jpg 200w, https:\/\/unitedperfect.com\/wp-content\/uploads\/2026\/01\/1-4-600x400.jpg 600w\" sizes=\"(max-width: 2560px) 100vw, 2560px\" \/><figcaption id=\"caption-attachment-1165\" class=\"wp-caption-text\"><\/p>\n<hr \/>\n<\/dd>\n<dd class=\"wp-caption-dd\">\n<h2><strong>Caracter\u00edsticas y ventajas<\/strong><\/h2>\n<\/dd>\n<dd class=\"wp-caption-dd\"><strong>Barrera de vapor total:<\/strong>\u00a0Las capas dobles de l\u00e1mina impermeable bloquean la humedad por ambos lados, protegiendo el n\u00facleo aislante.<\/dd>\n<dd class=\"wp-caption-dd\"><strong>Reflectividad t\u00e9rmica m\u00e1xima:<\/strong> Las superficies reflectantes dobles consiguen una reflexi\u00f3n del calor radiante de hasta 97% para una eficiencia de aislamiento superior.<\/dd>\n<dd class=\"wp-caption-dd\"><strong>Durabilidad reforzada:<\/strong> La malla de fibra de vidrio incrustada proporciona una alta resistencia a la tracci\u00f3n y al desgarro para un rendimiento fiable.<\/dd>\n<dd class=\"wp-caption-dd\"><strong>Resistente al fuego y a la corrosi\u00f3n:<\/strong> Cumple las estrictas normas de seguridad contra incendios (por ejemplo, ASTM E84 Clase A) y resiste la corrosi\u00f3n.<\/dd>\n<dd class=\"wp-caption-dd\"><strong>Aplicaci\u00f3n vers\u00e1til:<\/strong>\u00a0Ideal para sarking de edificios met\u00e1licos, envoltura de conductos HVAC y revestimiento de tuber\u00edas industriales.<\/figcaption><\/figure>\n<p><img decoding=\"async\" class=\"alignnone wp-image-1118 size-medium\" src=\"https:\/\/unitedperfect.com\/wp-content\/uploads\/2026\/01\/\u5fae\u4fe1\u56fe\u7247_20230907103304-300x300.jpg\" alt=\"\" width=\"300\" height=\"300\" srcset=\"https:\/\/unitedperfect.com\/wp-content\/uploads\/2026\/01\/\u5fae\u4fe1\u56fe\u7247_20230907103304-300x300.jpg 300w, https:\/\/unitedperfect.com\/wp-content\/uploads\/2026\/01\/\u5fae\u4fe1\u56fe\u7247_20230907103304-150x150.jpg 150w, https:\/\/unitedperfect.com\/wp-content\/uploads\/2026\/01\/\u5fae\u4fe1\u56fe\u7247_20230907103304-768x768.jpg 768w, https:\/\/unitedperfect.com\/wp-content\/uploads\/2026\/01\/\u5fae\u4fe1\u56fe\u7247_20230907103304-12x12.jpg 12w, https:\/\/unitedperfect.com\/wp-content\/uploads\/2026\/01\/\u5fae\u4fe1\u56fe\u7247_20230907103304-200x200.jpg 200w, https:\/\/unitedperfect.com\/wp-content\/uploads\/2026\/01\/\u5fae\u4fe1\u56fe\u7247_20230907103304-600x600.jpg 600w, https:\/\/unitedperfect.com\/wp-content\/uploads\/2026\/01\/\u5fae\u4fe1\u56fe\u7247_20230907103304-100x100.jpg 100w, https:\/\/unitedperfect.com\/wp-content\/uploads\/2026\/01\/\u5fae\u4fe1\u56fe\u7247_20230907103304.jpg 1024w\" sizes=\"(max-width: 300px) 100vw, 300px\" \/>\u00a0 \u00a0 \u00a0 <img decoding=\"async\" class=\"alignnone wp-image-1168 size-medium\" src=\"https:\/\/unitedperfect.com\/wp-content\/uploads\/2026\/01\/\u5fae\u4fe1\u56fe\u7247_20230908142504-300x300.jpg\" alt=\"\" width=\"300\" height=\"300\" srcset=\"https:\/\/unitedperfect.com\/wp-content\/uploads\/2026\/01\/\u5fae\u4fe1\u56fe\u7247_20230908142504-300x300.jpg 300w, https:\/\/unitedperfect.com\/wp-content\/uploads\/2026\/01\/\u5fae\u4fe1\u56fe\u7247_20230908142504-150x150.jpg 150w, https:\/\/unitedperfect.com\/wp-content\/uploads\/2026\/01\/\u5fae\u4fe1\u56fe\u7247_20230908142504-768x768.jpg 768w, https:\/\/unitedperfect.com\/wp-content\/uploads\/2026\/01\/\u5fae\u4fe1\u56fe\u7247_20230908142504-12x12.jpg 12w, https:\/\/unitedperfect.com\/wp-content\/uploads\/2026\/01\/\u5fae\u4fe1\u56fe\u7247_20230908142504-200x200.jpg 200w, https:\/\/unitedperfect.com\/wp-content\/uploads\/2026\/01\/\u5fae\u4fe1\u56fe\u7247_20230908142504-600x600.jpg 600w, https:\/\/unitedperfect.com\/wp-content\/uploads\/2026\/01\/\u5fae\u4fe1\u56fe\u7247_20230908142504-100x100.jpg 100w, https:\/\/unitedperfect.com\/wp-content\/uploads\/2026\/01\/\u5fae\u4fe1\u56fe\u7247_20230908142504.jpg 1024w\" sizes=\"(max-width: 300px) 100vw, 300px\" \/>\u00a0 \u00a0 \u00a0 \u00a0<img loading=\"lazy\" decoding=\"async\" class=\"alignnone wp-image-1167 size-medium\" src=\"https:\/\/unitedperfect.com\/wp-content\/uploads\/2026\/01\/\u5fae\u4fe1\u56fe\u7247_20230908142503-300x300.jpg\" alt=\"\" width=\"300\" height=\"300\" srcset=\"https:\/\/unitedperfect.com\/wp-content\/uploads\/2026\/01\/\u5fae\u4fe1\u56fe\u7247_20230908142503-300x300.jpg 300w, https:\/\/unitedperfect.com\/wp-content\/uploads\/2026\/01\/\u5fae\u4fe1\u56fe\u7247_20230908142503-150x150.jpg 150w, https:\/\/unitedperfect.com\/wp-content\/uploads\/2026\/01\/\u5fae\u4fe1\u56fe\u7247_20230908142503-768x768.jpg 768w, https:\/\/unitedperfect.com\/wp-content\/uploads\/2026\/01\/\u5fae\u4fe1\u56fe\u7247_20230908142503-12x12.jpg 12w, https:\/\/unitedperfect.com\/wp-content\/uploads\/2026\/01\/\u5fae\u4fe1\u56fe\u7247_20230908142503-200x200.jpg 200w, https:\/\/unitedperfect.com\/wp-content\/uploads\/2026\/01\/\u5fae\u4fe1\u56fe\u7247_20230908142503-600x600.jpg 600w, https:\/\/unitedperfect.com\/wp-content\/uploads\/2026\/01\/\u5fae\u4fe1\u56fe\u7247_20230908142503-100x100.jpg 100w, https:\/\/unitedperfect.com\/wp-content\/uploads\/2026\/01\/\u5fae\u4fe1\u56fe\u7247_20230908142503.jpg 1024w\" sizes=\"(max-width: 300px) 100vw, 300px\" \/><\/p>\n<hr \/>\n<h2 class=\"ds-markdown-paragraph\"><b>Solicitudes<\/b><\/h2>\n<p><img loading=\"lazy\" decoding=\"async\" class=\"size-full wp-image-1121\" src=\"https:\/\/unitedperfect.com\/wp-content\/uploads\/2026\/01\/\u5fae\u4fe1\u56fe\u7247_20230907113533-scaled.jpg\" alt=\"\" width=\"2560\" height=\"966\" srcset=\"https:\/\/unitedperfect.com\/wp-content\/uploads\/2026\/01\/\u5fae\u4fe1\u56fe\u7247_20230907113533-scaled.jpg 2560w, https:\/\/unitedperfect.com\/wp-content\/uploads\/2026\/01\/\u5fae\u4fe1\u56fe\u7247_20230907113533-300x113.jpg 300w, https:\/\/unitedperfect.com\/wp-content\/uploads\/2026\/01\/\u5fae\u4fe1\u56fe\u7247_20230907113533-1024x386.jpg 1024w, https:\/\/unitedperfect.com\/wp-content\/uploads\/2026\/01\/\u5fae\u4fe1\u56fe\u7247_20230907113533-768x290.jpg 768w, https:\/\/unitedperfect.com\/wp-content\/uploads\/2026\/01\/\u5fae\u4fe1\u56fe\u7247_20230907113533-1536x579.jpg 1536w, https:\/\/unitedperfect.com\/wp-content\/uploads\/2026\/01\/\u5fae\u4fe1\u56fe\u7247_20230907113533-2048x773.jpg 2048w, https:\/\/unitedperfect.com\/wp-content\/uploads\/2026\/01\/\u5fae\u4fe1\u56fe\u7247_20230907113533-18x7.jpg 18w, https:\/\/unitedperfect.com\/wp-content\/uploads\/2026\/01\/\u5fae\u4fe1\u56fe\u7247_20230907113533-200x75.jpg 200w, https:\/\/unitedperfect.com\/wp-content\/uploads\/2026\/01\/\u5fae\u4fe1\u56fe\u7247_20230907113533-600x226.jpg 600w\" sizes=\"(max-width: 2560px) 100vw, 2560px\" \/><\/p>\n<p><strong><b>Revestimiento de papel de aluminio para aislamiento de tejados de edificios met\u00e1licos<\/b><\/strong><br \/>\nJinan United Perfect Building Materials es un fabricante profesional de l\u00e1minas aislantes para tejados. Los revestimientos de l\u00e1mina de Perfect se centran en los retardadores de vapor y el rendimiento de calor reflectante, para proteger la temperatura interior estable. Nuestros revestimientos toman la f\u00f3rmula especial hasta el est\u00e1ndar de retardante de fuego.<\/p>\n<p><strong><b>Revestimiento de l\u00e1mina para aislamiento de conductos HAVC<\/b><\/strong><br \/>\nJinan United Perfect Building Materials Corporation tiene una f\u00f3rmula especial para suministrar productos de laminaci\u00f3n de l\u00e1minas ign\u00edfugas a las industrias de HAVC. El rendimiento ign\u00edfugo y de humo tambi\u00e9n supera las pruebas BS476 y ASTM.<\/p>\n<p><strong><b>Revestimiento de l\u00e1mina utilizado para f\u00e1bricas de lana de roca, lana de vidrio, caucho, etc.<\/b><\/strong><br \/>\nJinan United Perfect Building Materials Corporation suministra diversos tipos de revestimientos de l\u00e1mina a muchas f\u00e1bricas famosas de lana de roca, lana de vidrio, espuma de caucho, fibra cer\u00e1mica en el mundo, Perfect con las suficientes l\u00edneas de producci\u00f3n puede satisfacer las diferentes peticiones de los clientes, tambi\u00e9n OEM para muchas competiciones.<\/p>\n<hr \/>\n<h2><b><span class=\"15\">L\u00ednea de productos<\/span><\/b><\/h2>\n<p><img loading=\"lazy\" decoding=\"async\" class=\"alignnone  wp-image-1107\" src=\"https:\/\/unitedperfect.com\/wp-content\/uploads\/2026\/01\/Production-line.jpg\" alt=\"\" width=\"1041\" height=\"469\" srcset=\"https:\/\/unitedperfect.com\/wp-content\/uploads\/2026\/01\/Production-line.jpg 750w, https:\/\/unitedperfect.com\/wp-content\/uploads\/2026\/01\/Production-line-300x135.jpg 300w, https:\/\/unitedperfect.com\/wp-content\/uploads\/2026\/01\/Production-line-18x8.jpg 18w, https:\/\/unitedperfect.com\/wp-content\/uploads\/2026\/01\/Production-line-200x90.jpg 200w, https:\/\/unitedperfect.com\/wp-content\/uploads\/2026\/01\/Production-line-600x270.jpg 600w\" sizes=\"(max-width: 1041px) 100vw, 1041px\" \/><\/p>\n<hr \/>\n<h2>Embalaje y carga<\/h2>\n<p><img loading=\"lazy\" decoding=\"async\" class=\"alignnone  wp-image-1106\" src=\"https:\/\/unitedperfect.com\/wp-content\/uploads\/2026\/01\/packing.jpg\" alt=\"\" width=\"1035\" height=\"567\" srcset=\"https:\/\/unitedperfect.com\/wp-content\/uploads\/2026\/01\/packing.jpg 750w, https:\/\/unitedperfect.com\/wp-content\/uploads\/2026\/01\/packing-300x164.jpg 300w, https:\/\/unitedperfect.com\/wp-content\/uploads\/2026\/01\/packing-18x10.jpg 18w, https:\/\/unitedperfect.com\/wp-content\/uploads\/2026\/01\/packing-200x110.jpg 200w, https:\/\/unitedperfect.com\/wp-content\/uploads\/2026\/01\/packing-600x329.jpg 600w\" sizes=\"(max-width: 1035px) 100vw, 1035px\" \/><\/p>\n<hr \/>\n<h2>Nuestros clientes<\/h2>\n<p><img loading=\"lazy\" decoding=\"async\" class=\"alignnone size-full wp-image-904\" src=\"https:\/\/unitedperfect.com\/wp-content\/uploads\/2026\/01\/05d59bd794df7bd88208769f09815dc-2-scaled.jpg\" alt=\"\" width=\"2560\" height=\"1920\" srcset=\"https:\/\/unitedperfect.com\/wp-content\/uploads\/2026\/01\/05d59bd794df7bd88208769f09815dc-2-scaled.jpg 2560w, https:\/\/unitedperfect.com\/wp-content\/uploads\/2026\/01\/05d59bd794df7bd88208769f09815dc-2-300x225.jpg 300w, https:\/\/unitedperfect.com\/wp-content\/uploads\/2026\/01\/05d59bd794df7bd88208769f09815dc-2-1024x768.jpg 1024w, https:\/\/unitedperfect.com\/wp-content\/uploads\/2026\/01\/05d59bd794df7bd88208769f09815dc-2-768x576.jpg 768w, https:\/\/unitedperfect.com\/wp-content\/uploads\/2026\/01\/05d59bd794df7bd88208769f09815dc-2-1536x1152.jpg 1536w, https:\/\/unitedperfect.com\/wp-content\/uploads\/2026\/01\/05d59bd794df7bd88208769f09815dc-2-2048x1536.jpg 2048w, https:\/\/unitedperfect.com\/wp-content\/uploads\/2026\/01\/05d59bd794df7bd88208769f09815dc-2-16x12.jpg 16w, https:\/\/unitedperfect.com\/wp-content\/uploads\/2026\/01\/05d59bd794df7bd88208769f09815dc-2-600x450.jpg 600w\" sizes=\"(max-width: 2560px) 100vw, 2560px\" \/><\/p>\n<hr \/>\n<h3><strong>CONTACTO<\/strong><\/h3>\n<div>\n<p><b>Corporaci\u00f3n de materiales de construcci\u00f3n Jinan United Perfect<\/b><\/p>\n<p><b>M<\/b>: +86 139 6416 6699 \u00a0<b>P<\/b>:\u00a0+86-531 8190 1621 \u00a0<b>F<\/b>:\u00a0+86-531 8281 4295<\/p>\n<p><b>Whatsapp:<\/b>\u00a0+8613426130536 \u00a0<b>Skype:<\/b><b>\u00a0<\/b>harald2009 \u00a0<b>Wechat:<\/b>\u00a013426130536<\/p>\n<p><img loading=\"lazy\" decoding=\"async\" class=\"\" src=\"https:\/\/yunpan.cdn.site.joinf.com\/4995171754491181\/XzYPTGwk4F.jpg\" width=\"518\" height=\"238\" \/><\/p>\n<\/div>","protected":false},"excerpt":{"rendered":"<p>El papel de aluminio de doble cara es un material de revestimiento aislante de calidad profesional.<\/p>\n<p>Construida con una malla central de refuerzo de fibra de vidrio laminada entre dos capas de papel de aluminio de gran pureza, este dise\u00f1o sim\u00e9trico proporciona una excepcional reflexi\u00f3n del calor radiante, una completa barrera de vapor en ambos lados y una extraordinaria resistencia a la tracci\u00f3n.<\/p>","protected":false},"featured_media":1167,"comment_status":"open","ping_status":"closed","template":"","meta":[],"product_brand":[],"product_cat":[53],"product_tag":[],"class_list":{"0":"post-1164","1":"product","2":"type-product","3":"status-publish","4":"has-post-thumbnail","6":"product_cat-double-sided-aluminum-foil","8":"first","9":"instock","10":"shipping-taxable","11":"product-type-simple"},"aioseo_notices":[],"_links":{"self":[{"href":"https:\/\/unitedperfect.com\/es\/wp-json\/wp\/v2\/product\/1164","targetHints":{"allow":["GET"]}}],"collection":[{"href":"https:\/\/unitedperfect.com\/es\/wp-json\/wp\/v2\/product"}],"about":[{"href":"https:\/\/unitedperfect.com\/es\/wp-json\/wp\/v2\/types\/product"}],"replies":[{"embeddable":true,"href":"https:\/\/unitedperfect.com\/es\/wp-json\/wp\/v2\/comments?post=1164"}],"wp:featuredmedia":[{"embeddable":true,"href":"https:\/\/unitedperfect.com\/es\/wp-json\/wp\/v2\/media\/1167"}],"wp:attachment":[{"href":"https:\/\/unitedperfect.com\/es\/wp-json\/wp\/v2\/media?parent=1164"}],"wp:term":[{"taxonomy":"product_brand","embeddable":true,"href":"https:\/\/unitedperfect.com\/es\/wp-json\/wp\/v2\/product_brand?post=1164"},{"taxonomy":"product_cat","embeddable":true,"href":"https:\/\/unitedperfect.com\/es\/wp-json\/wp\/v2\/product_cat?post=1164"},{"taxonomy":"product_tag","embeddable":true,"href":"https:\/\/unitedperfect.com\/es\/wp-json\/wp\/v2\/product_tag?post=1164"}],"curies":[{"name":"wp","href":"https:\/\/api.w.org\/{rel}","templated":true}]}}