{"id":1154,"date":"2026-01-14T06:40:27","date_gmt":"2026-01-14T06:40:27","guid":{"rendered":"https:\/\/unitedperfect.com\/?post_type=product&#038;p=1154"},"modified":"2026-01-14T07:11:22","modified_gmt":"2026-01-14T07:11:22","slug":"adhesive-tape","status":"publish","type":"product","link":"https:\/\/unitedperfect.com\/es\/producto\/adhesive-tape\/","title":{"rendered":"Cinta adhesiva"},"content":{"rendered":"<h1><strong>Cinta adhesiva<\/strong><\/h1>\n<h5><strong>Cinta adhesiva (<\/strong>La cinta de papel de aluminio utiliza papel de aluminio como soporte y se utiliza normalmente para sellar, reparar metales y envolver tuber\u00edas en la industria del aire acondicionado, los frigor\u00edficos y la construcci\u00f3n de puentes.<\/h5>\n<p>*Aluminio con soporte de fibra de vidrio Scrim proporciona una excelente reflexi\u00f3n tanto del calor como de la luz.<br \/>\n*Adhesivo de alta calidad con una adherencia superfuerte que ofrece un buen sellado y uni\u00f3n en las juntas y uniones del revestimiento Foil-Scrim.<br \/>\n*El bajo \u00edndice de transmisi\u00f3n de vapor de humedad ofrece un excelente rendimiento de sellado y parcheado<\/p>\n<p><img fetchpriority=\"high\" decoding=\"async\" class=\"alignnone wp-image-1156 size-medium\" src=\"https:\/\/unitedperfect.com\/wp-content\/uploads\/2026\/01\/\u5fae\u4fe1\u56fe\u7247_20240910150941-300x300.jpg\" alt=\"\" width=\"300\" height=\"300\" srcset=\"https:\/\/unitedperfect.com\/wp-content\/uploads\/2026\/01\/\u5fae\u4fe1\u56fe\u7247_20240910150941-300x300.jpg 300w, https:\/\/unitedperfect.com\/wp-content\/uploads\/2026\/01\/\u5fae\u4fe1\u56fe\u7247_20240910150941-1024x1024.jpg 1024w, https:\/\/unitedperfect.com\/wp-content\/uploads\/2026\/01\/\u5fae\u4fe1\u56fe\u7247_20240910150941-150x150.jpg 150w, https:\/\/unitedperfect.com\/wp-content\/uploads\/2026\/01\/\u5fae\u4fe1\u56fe\u7247_20240910150941-768x768.jpg 768w, https:\/\/unitedperfect.com\/wp-content\/uploads\/2026\/01\/\u5fae\u4fe1\u56fe\u7247_20240910150941-1536x1536.jpg 1536w, https:\/\/unitedperfect.com\/wp-content\/uploads\/2026\/01\/\u5fae\u4fe1\u56fe\u7247_20240910150941-2048x2048.jpg 2048w, https:\/\/unitedperfect.com\/wp-content\/uploads\/2026\/01\/\u5fae\u4fe1\u56fe\u7247_20240910150941-12x12.jpg 12w, https:\/\/unitedperfect.com\/wp-content\/uploads\/2026\/01\/\u5fae\u4fe1\u56fe\u7247_20240910150941-200x200.jpg 200w, https:\/\/unitedperfect.com\/wp-content\/uploads\/2026\/01\/\u5fae\u4fe1\u56fe\u7247_20240910150941-600x600.jpg 600w, https:\/\/unitedperfect.com\/wp-content\/uploads\/2026\/01\/\u5fae\u4fe1\u56fe\u7247_20240910150941-100x100.jpg 100w\" sizes=\"(max-width: 300px) 100vw, 300px\" \/>\u00a0 \u00a0 \u00a0 <img decoding=\"async\" class=\"alignnone wp-image-1160\" src=\"https:\/\/unitedperfect.com\/wp-content\/uploads\/2026\/01\/3b3e3ac17e262487007473d0284ae1f-300x265.jpg\" alt=\"\" width=\"340\" height=\"300\" srcset=\"https:\/\/unitedperfect.com\/wp-content\/uploads\/2026\/01\/3b3e3ac17e262487007473d0284ae1f-300x265.jpg 300w, https:\/\/unitedperfect.com\/wp-content\/uploads\/2026\/01\/3b3e3ac17e262487007473d0284ae1f-1024x905.jpg 1024w, https:\/\/unitedperfect.com\/wp-content\/uploads\/2026\/01\/3b3e3ac17e262487007473d0284ae1f-768x678.jpg 768w, https:\/\/unitedperfect.com\/wp-content\/uploads\/2026\/01\/3b3e3ac17e262487007473d0284ae1f-1536x1357.jpg 1536w, https:\/\/unitedperfect.com\/wp-content\/uploads\/2026\/01\/3b3e3ac17e262487007473d0284ae1f-2048x1809.jpg 2048w, https:\/\/unitedperfect.com\/wp-content\/uploads\/2026\/01\/3b3e3ac17e262487007473d0284ae1f-14x12.jpg 14w, https:\/\/unitedperfect.com\/wp-content\/uploads\/2026\/01\/3b3e3ac17e262487007473d0284ae1f-200x177.jpg 200w, https:\/\/unitedperfect.com\/wp-content\/uploads\/2026\/01\/3b3e3ac17e262487007473d0284ae1f-600x530.jpg 600w\" sizes=\"(max-width: 340px) 100vw, 340px\" \/>\u00a0 \u00a0 \u00a0 <img decoding=\"async\" class=\"alignnone wp-image-1158 size-medium\" src=\"https:\/\/unitedperfect.com\/wp-content\/uploads\/2026\/01\/\u5fae\u4fe1\u56fe\u7247_20240910151004-300x300.jpg\" alt=\"\" width=\"300\" height=\"300\" srcset=\"https:\/\/unitedperfect.com\/wp-content\/uploads\/2026\/01\/\u5fae\u4fe1\u56fe\u7247_20240910151004-300x300.jpg 300w, https:\/\/unitedperfect.com\/wp-content\/uploads\/2026\/01\/\u5fae\u4fe1\u56fe\u7247_20240910151004-1024x1024.jpg 1024w, https:\/\/unitedperfect.com\/wp-content\/uploads\/2026\/01\/\u5fae\u4fe1\u56fe\u7247_20240910151004-150x150.jpg 150w, https:\/\/unitedperfect.com\/wp-content\/uploads\/2026\/01\/\u5fae\u4fe1\u56fe\u7247_20240910151004-768x768.jpg 768w, https:\/\/unitedperfect.com\/wp-content\/uploads\/2026\/01\/\u5fae\u4fe1\u56fe\u7247_20240910151004-1536x1536.jpg 1536w, https:\/\/unitedperfect.com\/wp-content\/uploads\/2026\/01\/\u5fae\u4fe1\u56fe\u7247_20240910151004-2048x2048.jpg 2048w, https:\/\/unitedperfect.com\/wp-content\/uploads\/2026\/01\/\u5fae\u4fe1\u56fe\u7247_20240910151004-12x12.jpg 12w, https:\/\/unitedperfect.com\/wp-content\/uploads\/2026\/01\/\u5fae\u4fe1\u56fe\u7247_20240910151004-200x200.jpg 200w, https:\/\/unitedperfect.com\/wp-content\/uploads\/2026\/01\/\u5fae\u4fe1\u56fe\u7247_20240910151004-600x600.jpg 600w, https:\/\/unitedperfect.com\/wp-content\/uploads\/2026\/01\/\u5fae\u4fe1\u56fe\u7247_20240910151004-100x100.jpg 100w\" sizes=\"(max-width: 300px) 100vw, 300px\" \/><\/p>\n<hr \/>\n<h2>Caracter\u00edsticas y ventajas<\/h2>\n<p class=\"ds-markdown-paragraph\"><strong>Barrera de aire y humedad<\/strong>\u00a0- Proporciona un sellado completo contra la infiltraci\u00f3n de aire, vapor y polvo.<\/p>\n<p class=\"ds-markdown-paragraph\"><strong>Resistente a altas temperaturas<\/strong>\u00a0- Soporta temperaturas de -30\u00b0C a 150\u00b0C (-22\u00b0F a 302\u00b0F).<\/p>\n<p class=\"ds-markdown-paragraph\"><strong>Fuerte adhesi\u00f3n<\/strong>\u00a0- El adhesivo acr\u00edlico garantiza una uni\u00f3n duradera a la mayor\u00eda de las superficies (metales, materiales aislantes, pl\u00e1sticos).<\/p>\n<p class=\"ds-markdown-paragraph\"><strong>Conformable y duradero<\/strong>\u00a0- Resiste el desgarro, la exposici\u00f3n a los rayos UV y los productos qu\u00edmicos.<\/p>\n<p class=\"ds-markdown-paragraph\"><strong>Conductividad t\u00e9rmica<\/strong>\u00a0- Mejora los puentes t\u00e9rmicos en los sistemas de aislamiento cuando se utiliza correctamente.<\/p>\n<hr \/>\n<h2 class=\"ds-markdown-paragraph\"><b>Solicitudes<\/b><\/h2>\n<p class=\"ds-markdown-paragraph\"><strong>Sellado de conductos HVAC<\/strong>\u00a0- Costuras y uniones en conductos met\u00e1licos, placas de fibra de vidrio y conductos flexibles.<\/p>\n<p class=\"ds-markdown-paragraph\"><strong>Cierre del sistema de aislamiento<\/strong>\u00a0- Sellado de aislamientos con l\u00e1mina, envolturas de tuber\u00edas y barreras reflectantes.<\/p>\n<p class=\"ds-markdown-paragraph\"><strong>Reparaci\u00f3n y parcheado<\/strong>\u00a0- Arreglos r\u00e1pidos para cubiertas aislantes, revestimientos de l\u00e1mina o superficies met\u00e1licas da\u00f1adas.<\/p>\n<p class=\"ds-markdown-paragraph\"><strong>Blindaje EMI\/RFI<\/strong>\u00a0- Apantallamiento contra interferencias electromagn\u00e9ticas de uso ligero en armarios para equipos electr\u00f3nicos y equipos.<\/p>\n<p><img loading=\"lazy\" decoding=\"async\" class=\"alignnone wp-image-1162\" src=\"https:\/\/unitedperfect.com\/wp-content\/uploads\/2026\/01\/4e91da537701c1ba971e148317ad5b3.jpg\" alt=\"\" width=\"350\" height=\"290\" srcset=\"https:\/\/unitedperfect.com\/wp-content\/uploads\/2026\/01\/4e91da537701c1ba971e148317ad5b3.jpg 1000w, https:\/\/unitedperfect.com\/wp-content\/uploads\/2026\/01\/4e91da537701c1ba971e148317ad5b3-300x248.jpg 300w, https:\/\/unitedperfect.com\/wp-content\/uploads\/2026\/01\/4e91da537701c1ba971e148317ad5b3-768x636.jpg 768w, https:\/\/unitedperfect.com\/wp-content\/uploads\/2026\/01\/4e91da537701c1ba971e148317ad5b3-14x12.jpg 14w, https:\/\/unitedperfect.com\/wp-content\/uploads\/2026\/01\/4e91da537701c1ba971e148317ad5b3-200x166.jpg 200w, https:\/\/unitedperfect.com\/wp-content\/uploads\/2026\/01\/4e91da537701c1ba971e148317ad5b3-600x497.jpg 600w\" sizes=\"(max-width: 350px) 100vw, 350px\" \/>\u00a0 \u00a0 <img loading=\"lazy\" decoding=\"async\" class=\"alignnone wp-image-1161\" src=\"https:\/\/unitedperfect.com\/wp-content\/uploads\/2026\/01\/4c6c4b61a0650f707cd85b10eae217f-300x300.jpg\" alt=\"\" width=\"280\" height=\"280\" srcset=\"https:\/\/unitedperfect.com\/wp-content\/uploads\/2026\/01\/4c6c4b61a0650f707cd85b10eae217f-300x300.jpg 300w, https:\/\/unitedperfect.com\/wp-content\/uploads\/2026\/01\/4c6c4b61a0650f707cd85b10eae217f-150x150.jpg 150w, https:\/\/unitedperfect.com\/wp-content\/uploads\/2026\/01\/4c6c4b61a0650f707cd85b10eae217f-768x768.jpg 768w, https:\/\/unitedperfect.com\/wp-content\/uploads\/2026\/01\/4c6c4b61a0650f707cd85b10eae217f-12x12.jpg 12w, https:\/\/unitedperfect.com\/wp-content\/uploads\/2026\/01\/4c6c4b61a0650f707cd85b10eae217f-200x200.jpg 200w, https:\/\/unitedperfect.com\/wp-content\/uploads\/2026\/01\/4c6c4b61a0650f707cd85b10eae217f-600x600.jpg 600w, https:\/\/unitedperfect.com\/wp-content\/uploads\/2026\/01\/4c6c4b61a0650f707cd85b10eae217f-100x100.jpg 100w, https:\/\/unitedperfect.com\/wp-content\/uploads\/2026\/01\/4c6c4b61a0650f707cd85b10eae217f.jpg 800w\" sizes=\"(max-width: 280px) 100vw, 280px\" \/>\u00a0 \u00a0 \u00a0<img loading=\"lazy\" decoding=\"async\" class=\"alignnone wp-image-1159\" src=\"https:\/\/unitedperfect.com\/wp-content\/uploads\/2026\/01\/1-3.jpg\" alt=\"\" width=\"310\" height=\"294\" srcset=\"https:\/\/unitedperfect.com\/wp-content\/uploads\/2026\/01\/1-3.jpg 1000w, https:\/\/unitedperfect.com\/wp-content\/uploads\/2026\/01\/1-3-300x284.jpg 300w, https:\/\/unitedperfect.com\/wp-content\/uploads\/2026\/01\/1-3-768x728.jpg 768w, https:\/\/unitedperfect.com\/wp-content\/uploads\/2026\/01\/1-3-13x12.jpg 13w, https:\/\/unitedperfect.com\/wp-content\/uploads\/2026\/01\/1-3-200x190.jpg 200w, https:\/\/unitedperfect.com\/wp-content\/uploads\/2026\/01\/1-3-600x569.jpg 600w\" sizes=\"(max-width: 310px) 100vw, 310px\" \/><\/p>\n<hr \/>\n<h2><b><span class=\"15\">L\u00ednea de productos<\/span><\/b><\/h2>\n<p><img loading=\"lazy\" decoding=\"async\" class=\"alignnone wp-image-1107\" src=\"https:\/\/unitedperfect.com\/wp-content\/uploads\/2026\/01\/Production-line.jpg\" alt=\"\" width=\"1050\" height=\"473\" srcset=\"https:\/\/unitedperfect.com\/wp-content\/uploads\/2026\/01\/Production-line.jpg 750w, https:\/\/unitedperfect.com\/wp-content\/uploads\/2026\/01\/Production-line-300x135.jpg 300w, https:\/\/unitedperfect.com\/wp-content\/uploads\/2026\/01\/Production-line-18x8.jpg 18w, https:\/\/unitedperfect.com\/wp-content\/uploads\/2026\/01\/Production-line-200x90.jpg 200w, https:\/\/unitedperfect.com\/wp-content\/uploads\/2026\/01\/Production-line-600x270.jpg 600w\" sizes=\"(max-width: 1050px) 100vw, 1050px\" \/><\/p>\n<hr \/>\n<h2>Embalaje y carga<\/h2>\n<p><img loading=\"lazy\" decoding=\"async\" class=\"alignnone wp-image-1106\" src=\"https:\/\/unitedperfect.com\/wp-content\/uploads\/2026\/01\/packing.jpg\" alt=\"\" width=\"1046\" height=\"573\" srcset=\"https:\/\/unitedperfect.com\/wp-content\/uploads\/2026\/01\/packing.jpg 750w, https:\/\/unitedperfect.com\/wp-content\/uploads\/2026\/01\/packing-300x164.jpg 300w, https:\/\/unitedperfect.com\/wp-content\/uploads\/2026\/01\/packing-18x10.jpg 18w, https:\/\/unitedperfect.com\/wp-content\/uploads\/2026\/01\/packing-200x110.jpg 200w, https:\/\/unitedperfect.com\/wp-content\/uploads\/2026\/01\/packing-600x329.jpg 600w\" sizes=\"(max-width: 1046px) 100vw, 1046px\" \/><\/p>\n<hr \/>\n<h2>Nuestros clientes<\/h2>\n<p><img loading=\"lazy\" decoding=\"async\" class=\"alignnone size-full wp-image-904\" src=\"https:\/\/unitedperfect.com\/wp-content\/uploads\/2026\/01\/05d59bd794df7bd88208769f09815dc-2-scaled.jpg\" alt=\"\" width=\"2560\" height=\"1920\" srcset=\"https:\/\/unitedperfect.com\/wp-content\/uploads\/2026\/01\/05d59bd794df7bd88208769f09815dc-2-scaled.jpg 2560w, https:\/\/unitedperfect.com\/wp-content\/uploads\/2026\/01\/05d59bd794df7bd88208769f09815dc-2-300x225.jpg 300w, https:\/\/unitedperfect.com\/wp-content\/uploads\/2026\/01\/05d59bd794df7bd88208769f09815dc-2-1024x768.jpg 1024w, https:\/\/unitedperfect.com\/wp-content\/uploads\/2026\/01\/05d59bd794df7bd88208769f09815dc-2-768x576.jpg 768w, https:\/\/unitedperfect.com\/wp-content\/uploads\/2026\/01\/05d59bd794df7bd88208769f09815dc-2-1536x1152.jpg 1536w, https:\/\/unitedperfect.com\/wp-content\/uploads\/2026\/01\/05d59bd794df7bd88208769f09815dc-2-2048x1536.jpg 2048w, https:\/\/unitedperfect.com\/wp-content\/uploads\/2026\/01\/05d59bd794df7bd88208769f09815dc-2-16x12.jpg 16w, https:\/\/unitedperfect.com\/wp-content\/uploads\/2026\/01\/05d59bd794df7bd88208769f09815dc-2-600x450.jpg 600w\" sizes=\"(max-width: 2560px) 100vw, 2560px\" \/><\/p>\n<hr \/>\n<h3><strong>CONTACTO<\/strong><\/h3>\n<div>\n<p><b>Corporaci\u00f3n de materiales de construcci\u00f3n Jinan United Perfect<\/b><\/p>\n<p><b>M<\/b>: +86 139 6416 6699 \u00a0<b>P<\/b>:\u00a0+86-531 8190 1621 \u00a0<b>F<\/b>:\u00a0+86-531 8281 4295<\/p>\n<p><b>Whatsapp:<\/b>\u00a0+8613426130536 \u00a0<b>Skype:<\/b><b>\u00a0<\/b>harald2009 \u00a0<b>Wechat:<\/b>\u00a013426130536<\/p>\n<p><img loading=\"lazy\" decoding=\"async\" class=\"\" src=\"https:\/\/yunpan.cdn.site.joinf.com\/4995171754491181\/XzYPTGwk4F.jpg\" width=\"518\" height=\"238\" \/><\/p>\n<\/div>","protected":false},"excerpt":{"rendered":"<p>La cinta adhesiva (cinta de papel de aluminio) utiliza papel de aluminio como soporte y se utiliza normalmente para sellar, reparar metales y envolver tuber\u00edas en la industria del aire acondicionado, los frigor\u00edficos y la construcci\u00f3n de puentes.<\/p>","protected":false},"featured_media":1156,"comment_status":"open","ping_status":"closed","template":"","meta":[],"product_brand":[],"product_cat":[60],"product_tag":[],"class_list":{"0":"post-1154","1":"product","2":"type-product","3":"status-publish","4":"has-post-thumbnail","6":"product_cat-adhesive-tape","8":"first","9":"instock","10":"shipping-taxable","11":"product-type-simple"},"aioseo_notices":[],"_links":{"self":[{"href":"https:\/\/unitedperfect.com\/es\/wp-json\/wp\/v2\/product\/1154","targetHints":{"allow":["GET"]}}],"collection":[{"href":"https:\/\/unitedperfect.com\/es\/wp-json\/wp\/v2\/product"}],"about":[{"href":"https:\/\/unitedperfect.com\/es\/wp-json\/wp\/v2\/types\/product"}],"replies":[{"embeddable":true,"href":"https:\/\/unitedperfect.com\/es\/wp-json\/wp\/v2\/comments?post=1154"}],"wp:featuredmedia":[{"embeddable":true,"href":"https:\/\/unitedperfect.com\/es\/wp-json\/wp\/v2\/media\/1156"}],"wp:attachment":[{"href":"https:\/\/unitedperfect.com\/es\/wp-json\/wp\/v2\/media?parent=1154"}],"wp:term":[{"taxonomy":"product_brand","embeddable":true,"href":"https:\/\/unitedperfect.com\/es\/wp-json\/wp\/v2\/product_brand?post=1154"},{"taxonomy":"product_cat","embeddable":true,"href":"https:\/\/unitedperfect.com\/es\/wp-json\/wp\/v2\/product_cat?post=1154"},{"taxonomy":"product_tag","embeddable":true,"href":"https:\/\/unitedperfect.com\/es\/wp-json\/wp\/v2\/product_tag?post=1154"}],"curies":[{"name":"wp","href":"https:\/\/api.w.org\/{rel}","templated":true}]}}