{"id":1143,"date":"2026-01-13T10:16:09","date_gmt":"2026-01-13T10:16:09","guid":{"rendered":"https:\/\/unitedperfect.com\/?post_type=product&#038;p=1143"},"modified":"2026-01-14T07:11:48","modified_gmt":"2026-01-14T07:11:48","slug":"aluminum-foil-laminated-pe-pet","status":"publish","type":"product","link":"https:\/\/unitedperfect.com\/es\/producto\/aluminum-foil-laminated-pe-pet\/","title":{"rendered":"Papel de aluminio laminado PE y PET"},"content":{"rendered":"<h1><strong>Papel de aluminio laminado PE y PET<\/strong><\/h1>\n<h5>El PE y PET laminado con papel de aluminio es un material compuesto de alta barrera dise\u00f1ado para ofrecer una resistencia extrema a la humedad, el vapor y los productos qu\u00edmicos.<\/h5>\n<h5>Al combinar la impermeabilidad del papel de aluminio con la flexibilidad y durabilidad de las capas de PE y PET, crea una soluci\u00f3n de protecci\u00f3n todo en uno para aplicaciones t\u00e9rmicas y medioambientales exigentes.<\/h5>\n<h5>Ideal para revestimientos de aislamiento industrial, protecci\u00f3n de tuber\u00edas y embalajes especializados.<\/h5>\n<p><span data-cke-copybin-start=\"1\">\u200b<\/span><span data-cke-copybin-start=\"1\">\u200b<\/span><span class=\"cke_widget_wrapper cke_widget_inline cke_image_nocaption cke_widget_focused cke_widget_selected\" tabindex=\"-1\" contenteditable=\"false\" data-cke-widget-wrapper=\"1\" data-cke-filter=\"off\" data-cke-display-name=\"\u56fe\u50cf\" data-cke-widget-id=\"16\"><img decoding=\"async\" class=\"cke_widget_element\" src=\"image?tid=25&amp;id=CUibKAhklzrw&amp;cache=0&amp;lan_code=0\" alt=\"\" data-cke-saved-src=\"image?tid=25&amp;id=CUibKAhklzrw&amp;cache=0&amp;lan_code=0\" data-cke-widget-data=\"%7B%22hasCaption%22%3Afalse%2C%22src%22%3A%22image%3Ftid%3D25%26id%3DCUibKAhklzrw%26cache%3D0%26lan_code%3D0%22%2C%22alt%22%3A%22%22%2C%22width%22%3A%22%22%2C%22height%22%3A%22%22%2C%22lock%22%3Atrue%2C%22align%22%3A%22none%22%2C%22classes%22%3Anull%7D\" data-cke-widget-upcasted=\"1\" data-cke-widget-keep-attr=\"0\" data-widget=\"image\" \/><span class=\"cke_image_resizer\" title=\"\u70b9\u51fb\u5e76\u62d6\u62fd\u4ee5\u6539\u53d8\u5c3a\u5bf8\">\u200b<\/span><\/span><span data-cke-copybin-end=\"1\">\u200b<\/span><img fetchpriority=\"high\" decoding=\"async\" class=\"alignnone wp-image-1144 size-medium\" src=\"https:\/\/unitedperfect.com\/wp-content\/uploads\/2026\/01\/\u7a3f\u5b9a\u8bbe\u8ba1\u5bfc\u51fa-20190403-161018-300x258.jpg\" alt=\"\" width=\"300\" height=\"258\" srcset=\"https:\/\/unitedperfect.com\/wp-content\/uploads\/2026\/01\/\u7a3f\u5b9a\u8bbe\u8ba1\u5bfc\u51fa-20190403-161018-300x258.jpg 300w, https:\/\/unitedperfect.com\/wp-content\/uploads\/2026\/01\/\u7a3f\u5b9a\u8bbe\u8ba1\u5bfc\u51fa-20190403-161018-14x12.jpg 14w, https:\/\/unitedperfect.com\/wp-content\/uploads\/2026\/01\/\u7a3f\u5b9a\u8bbe\u8ba1\u5bfc\u51fa-20190403-161018-200x172.jpg 200w, https:\/\/unitedperfect.com\/wp-content\/uploads\/2026\/01\/\u7a3f\u5b9a\u8bbe\u8ba1\u5bfc\u51fa-20190403-161018.jpg 460w\" sizes=\"(max-width: 300px) 100vw, 300px\" \/>\u00a0 \u00a0 \u00a0 \u00a0 \u00a0<img decoding=\"async\" class=\"alignnone wp-image-1145 size-medium\" src=\"https:\/\/unitedperfect.com\/wp-content\/uploads\/2026\/01\/\u94dd\u5851\u590d\u5408\u4e3b\u56fe-7-300x255.jpg\" alt=\"\" width=\"300\" height=\"255\" srcset=\"https:\/\/unitedperfect.com\/wp-content\/uploads\/2026\/01\/\u94dd\u5851\u590d\u5408\u4e3b\u56fe-7-300x255.jpg 300w, https:\/\/unitedperfect.com\/wp-content\/uploads\/2026\/01\/\u94dd\u5851\u590d\u5408\u4e3b\u56fe-7-14x12.jpg 14w, https:\/\/unitedperfect.com\/wp-content\/uploads\/2026\/01\/\u94dd\u5851\u590d\u5408\u4e3b\u56fe-7-200x170.jpg 200w, https:\/\/unitedperfect.com\/wp-content\/uploads\/2026\/01\/\u94dd\u5851\u590d\u5408\u4e3b\u56fe-7.jpg 568w\" sizes=\"(max-width: 300px) 100vw, 300px\" \/>\u00a0 \u00a0 \u00a0<img decoding=\"async\" class=\"alignnone wp-image-1146 size-medium\" src=\"https:\/\/unitedperfect.com\/wp-content\/uploads\/2026\/01\/\u53cc\u9762\u94dd\u7b94\u80f6\u5e26-300x290.jpg\" alt=\"\" width=\"300\" height=\"290\" srcset=\"https:\/\/unitedperfect.com\/wp-content\/uploads\/2026\/01\/\u53cc\u9762\u94dd\u7b94\u80f6\u5e26-300x290.jpg 300w, https:\/\/unitedperfect.com\/wp-content\/uploads\/2026\/01\/\u53cc\u9762\u94dd\u7b94\u80f6\u5e26-12x12.jpg 12w, https:\/\/unitedperfect.com\/wp-content\/uploads\/2026\/01\/\u53cc\u9762\u94dd\u7b94\u80f6\u5e26-200x193.jpg 200w, https:\/\/unitedperfect.com\/wp-content\/uploads\/2026\/01\/\u53cc\u9762\u94dd\u7b94\u80f6\u5e26.jpg 568w\" sizes=\"(max-width: 300px) 100vw, 300px\" \/><\/p>\n<p><span class=\"cke_widget_wrapper cke_widget_inline cke_image_nocaption cke_widget_focused cke_widget_selected\" tabindex=\"-1\" contenteditable=\"false\" data-cke-widget-wrapper=\"1\" data-cke-filter=\"off\" data-cke-display-name=\"\u56fe\u50cf\" data-cke-widget-id=\"16\"><img decoding=\"async\" class=\"cke_widget_element\" src=\"image?tid=25&amp;id=CUibKAhklzrw&amp;cache=0&amp;lan_code=0\" alt=\"\" data-cke-saved-src=\"image?tid=25&amp;id=CUibKAhklzrw&amp;cache=0&amp;lan_code=0\" data-cke-widget-data=\"%7B%22hasCaption%22%3Afalse%2C%22src%22%3A%22image%3Ftid%3D25%26id%3DCUibKAhklzrw%26cache%3D0%26lan_code%3D0%22%2C%22alt%22%3A%22%22%2C%22width%22%3A%22%22%2C%22height%22%3A%22%22%2C%22lock%22%3Atrue%2C%22align%22%3A%22none%22%2C%22classes%22%3Anull%7D\" data-cke-widget-upcasted=\"1\" data-cke-widget-keep-attr=\"0\" data-widget=\"image\" \/><span class=\"cke_image_resizer\" title=\"\u70b9\u51fb\u5e76\u62d6\u62fd\u4ee5\u6539\u53d8\u5c3a\u5bf8\">\u200b<\/span><\/span><strong>Somos fabricantes profesionales de l\u00e1minas de laminaci\u00f3n para conductos flexibles, blindaje de cables y aislamiento de burbujas y EPE, etc.<\/strong><\/p>\n<ul>\n<li><strong>PET metalizado o MPET+ MPET <\/strong><\/li>\n<li><strong>PET o PET+PET <\/strong><\/li>\n<li><strong>Pel\u00edcula de PVC\u00a0 <\/strong><\/li>\n<li><strong>PET+LDPE metalizado <\/strong><\/li>\n<li><strong>Aluminio +LDPE <\/strong><\/li>\n<li><strong>PET +Aluminio +LDPE\u00a0<\/strong><\/li>\n<\/ul>\n<hr \/>\n<h2>Caracter\u00edsticas y ventajas<\/h2>\n<p class=\"ds-markdown-paragraph\"><strong>Protecci\u00f3n de barrera completa<\/strong><br \/>\nPermeabilidad nula a la humedad, los gases y la radiaci\u00f3n UV.<\/p>\n<p class=\"ds-markdown-paragraph\"><strong>Durabilidad multicapa<\/strong><br \/>\nLa capa de PE proporciona flexibilidad; la capa de PET a\u00f1ade resistencia a la tracci\u00f3n y a la perforaci\u00f3n.<\/p>\n<p class=\"ds-markdown-paragraph\"><strong>Amplia gama de temperaturas<\/strong><br \/>\nRendimiento estable de -40\u00b0C a 120\u00b0C.<\/p>\n<p class=\"ds-markdown-paragraph\"><strong>Resistente a los productos qu\u00edmicos y a la corrosi\u00f3n<\/strong><br \/>\nAdecuado para entornos industriales y costeros dif\u00edciles.<\/p>\n<p class=\"ds-markdown-paragraph\"><strong>Opciones personalizables<\/strong><br \/>\nDisponible con aditivos ign\u00edfugos, antiest\u00e1ticos o de malla reforzada.<\/p>\n<p><img loading=\"lazy\" decoding=\"async\" class=\"alignnone wp-image-1147\" src=\"https:\/\/unitedperfect.com\/wp-content\/uploads\/2026\/01\/product-features.jpg\" alt=\"\" width=\"1039\" height=\"2451\" srcset=\"https:\/\/unitedperfect.com\/wp-content\/uploads\/2026\/01\/product-features.jpg 750w, https:\/\/unitedperfect.com\/wp-content\/uploads\/2026\/01\/product-features-127x300.jpg 127w, https:\/\/unitedperfect.com\/wp-content\/uploads\/2026\/01\/product-features-434x1024.jpg 434w, https:\/\/unitedperfect.com\/wp-content\/uploads\/2026\/01\/product-features-651x1536.jpg 651w, https:\/\/unitedperfect.com\/wp-content\/uploads\/2026\/01\/product-features-5x12.jpg 5w, https:\/\/unitedperfect.com\/wp-content\/uploads\/2026\/01\/product-features-200x472.jpg 200w, https:\/\/unitedperfect.com\/wp-content\/uploads\/2026\/01\/product-features-600x1415.jpg 600w\" sizes=\"(max-width: 1039px) 100vw, 1039px\" \/><\/p>\n<p><span data-cke-copybin-end=\"1\">\u200b<\/span><\/p>\n<hr \/>\n<h2 class=\"ds-markdown-paragraph\"><b>Solicitudes<\/b><span class=\"cke_widget_wrapper cke_widget_inline cke_image_nocaption cke_widget_focused cke_widget_selected\" tabindex=\"-1\" contenteditable=\"false\" data-cke-widget-wrapper=\"1\" data-cke-filter=\"off\" data-cke-display-name=\"\u56fe\u50cf\" data-cke-widget-id=\"11\"><img decoding=\"async\" id=\"richEditor_img_16\" class=\"cke_widget_element\" src=\"image?tid=25&amp;id=SGWkjDVBEprm&amp;cache=0&amp;lan_code=0\" alt=\"\" data-cke-saved-src=\"image?tid=25&amp;id=SGWkjDVBEprm&amp;cache=0&amp;lan_code=0\" data-cke-widget-data=\"%7B%22hasCaption%22%3Afalse%2C%22src%22%3A%22image%3Ftid%3D25%26id%3DSGWkjDVBEprm%26cache%3D0%26lan_code%3D0%22%2C%22alt%22%3A%22%22%2C%22width%22%3A%22%22%2C%22height%22%3A%22%22%2C%22lock%22%3Atrue%2C%22align%22%3A%22none%22%2C%22classes%22%3Anull%2C%22srcid%22%3A%225124479732%22%2C%22id%22%3A%22richEditor_img_16%22%7D\" data-cke-widget-upcasted=\"1\" data-cke-widget-keep-attr=\"0\" data-widget=\"image\" \/><span class=\"cke_image_resizer\" title=\"\u70b9\u51fb\u5e76\u62d6\u62fd\u4ee5\u6539\u53d8\u5c3a\u5bf8\">\u200b<\/span><\/span><span data-cke-copybin-end=\"1\">\u200b<\/span><span data-cke-copybin-start=\"1\">\u200b<\/span><span class=\"cke_widget_wrapper cke_widget_inline cke_image_nocaption cke_widget_focused cke_widget_selected\" tabindex=\"-1\" contenteditable=\"false\" data-cke-widget-wrapper=\"1\" data-cke-filter=\"off\" data-cke-display-name=\"\u56fe\u50cf\" data-cke-widget-id=\"11\"><img decoding=\"async\" id=\"richEditor_img_16\" class=\"cke_widget_element\" src=\"image?tid=25&amp;id=SGWkjDVBEprm&amp;cache=0&amp;lan_code=0\" alt=\"\" data-cke-saved-src=\"image?tid=25&amp;id=SGWkjDVBEprm&amp;cache=0&amp;lan_code=0\" data-cke-widget-data=\"%7B%22hasCaption%22%3Afalse%2C%22src%22%3A%22image%3Ftid%3D25%26id%3DSGWkjDVBEprm%26cache%3D0%26lan_code%3D0%22%2C%22alt%22%3A%22%22%2C%22width%22%3A%22%22%2C%22height%22%3A%22%22%2C%22lock%22%3Atrue%2C%22align%22%3A%22none%22%2C%22classes%22%3Anull%2C%22srcid%22%3A%225124479732%22%2C%22id%22%3A%22richEditor_img_16%22%7D\" data-cke-widget-upcasted=\"1\" data-cke-widget-keep-attr=\"0\" data-widget=\"image\" \/><span class=\"cke_image_resizer\" title=\"\u70b9\u51fb\u5e76\u62d6\u62fd\u4ee5\u6539\u53d8\u5c3a\u5bf8\">\u200b<\/span><\/span><span data-cke-copybin-end=\"1\">\u200b<\/span><\/h2>\n<div class=\"ds-message _63c77b1\">\n<div class=\"ds-markdown\">\n<p class=\"ds-markdown-paragraph\"><strong>Revestimiento de tuber\u00edas y equipos industriales<\/strong><br \/>\nCapa exterior protectora para tuber\u00edas aisladas de petr\u00f3leo\/gas, plantas qu\u00edmicas e instalaciones marinas.<\/p>\n<p class=\"ds-markdown-paragraph\"><strong>HVAC y sistemas de conductos<\/strong><br \/>\nBarrera de vapor e impermeabilizaci\u00f3n para conductos exteriores y unidades exteriores.<\/p>\n<p class=\"ds-markdown-paragraph\"><strong>Envases especializados<\/strong><br \/>\nEnvases de materiales t\u00e9cnicos y sensibles a la humedad (por ejemplo, materiales de construcci\u00f3n, electr\u00f3nica).<\/p>\n<\/div>\n<\/div>\n<div class=\"ds-theme\"><\/div>\n<div><img loading=\"lazy\" decoding=\"async\" class=\"alignnone size-full wp-image-1148\" src=\"https:\/\/unitedperfect.com\/wp-content\/uploads\/2026\/01\/MPET-FOIL-LAMINATION.jpg\" alt=\"\" width=\"1140\" height=\"308\" srcset=\"https:\/\/unitedperfect.com\/wp-content\/uploads\/2026\/01\/MPET-FOIL-LAMINATION.jpg 1140w, https:\/\/unitedperfect.com\/wp-content\/uploads\/2026\/01\/MPET-FOIL-LAMINATION-300x81.jpg 300w, https:\/\/unitedperfect.com\/wp-content\/uploads\/2026\/01\/MPET-FOIL-LAMINATION-1024x277.jpg 1024w, https:\/\/unitedperfect.com\/wp-content\/uploads\/2026\/01\/MPET-FOIL-LAMINATION-768x207.jpg 768w, https:\/\/unitedperfect.com\/wp-content\/uploads\/2026\/01\/MPET-FOIL-LAMINATION-18x5.jpg 18w, https:\/\/unitedperfect.com\/wp-content\/uploads\/2026\/01\/MPET-FOIL-LAMINATION-200x54.jpg 200w, https:\/\/unitedperfect.com\/wp-content\/uploads\/2026\/01\/MPET-FOIL-LAMINATION-600x162.jpg 600w\" sizes=\"(max-width: 1140px) 100vw, 1140px\" \/><\/div>\n<div class=\"ds-flex _0a3d93b\">\n<div class=\"ds-flex _965abe9 _54866f7\">\n<div class=\"db183363 ds-icon-button ds-icon-button--m ds-icon-button--sizing-container\" tabindex=\"0\" role=\"button\" aria-disabled=\"false\">\n<div class=\"ds-icon-button__hover-bg\"><\/div>\n<div class=\"ds-icon\">\n<hr \/>\n<h2><b><span class=\"15\">L\u00ednea de productos<\/span><\/b><\/h2>\n<h2><img loading=\"lazy\" decoding=\"async\" class=\"alignnone wp-image-1107\" src=\"https:\/\/unitedperfect.com\/wp-content\/uploads\/2026\/01\/Production-line.jpg\" alt=\"\" width=\"1043\" height=\"470\" srcset=\"https:\/\/unitedperfect.com\/wp-content\/uploads\/2026\/01\/Production-line.jpg 750w, https:\/\/unitedperfect.com\/wp-content\/uploads\/2026\/01\/Production-line-300x135.jpg 300w, https:\/\/unitedperfect.com\/wp-content\/uploads\/2026\/01\/Production-line-18x8.jpg 18w, https:\/\/unitedperfect.com\/wp-content\/uploads\/2026\/01\/Production-line-200x90.jpg 200w, https:\/\/unitedperfect.com\/wp-content\/uploads\/2026\/01\/Production-line-600x270.jpg 600w\" sizes=\"(max-width: 1043px) 100vw, 1043px\" \/><\/h2>\n<hr \/>\n<h2>Embalaje y carga<\/h2>\n<h2><img loading=\"lazy\" decoding=\"async\" class=\"alignnone wp-image-1106\" src=\"https:\/\/unitedperfect.com\/wp-content\/uploads\/2026\/01\/packing.jpg\" alt=\"\" width=\"1040\" height=\"570\" srcset=\"https:\/\/unitedperfect.com\/wp-content\/uploads\/2026\/01\/packing.jpg 750w, https:\/\/unitedperfect.com\/wp-content\/uploads\/2026\/01\/packing-300x164.jpg 300w, https:\/\/unitedperfect.com\/wp-content\/uploads\/2026\/01\/packing-18x10.jpg 18w, https:\/\/unitedperfect.com\/wp-content\/uploads\/2026\/01\/packing-200x110.jpg 200w, https:\/\/unitedperfect.com\/wp-content\/uploads\/2026\/01\/packing-600x329.jpg 600w\" sizes=\"(max-width: 1040px) 100vw, 1040px\" \/><\/h2>\n<hr \/>\n<h2>Nuestros clientes<\/h2>\n<h2><img loading=\"lazy\" decoding=\"async\" class=\"alignnone size-full wp-image-904\" src=\"https:\/\/unitedperfect.com\/wp-content\/uploads\/2026\/01\/05d59bd794df7bd88208769f09815dc-2-scaled.jpg\" alt=\"\" width=\"2560\" height=\"1920\" srcset=\"https:\/\/unitedperfect.com\/wp-content\/uploads\/2026\/01\/05d59bd794df7bd88208769f09815dc-2-scaled.jpg 2560w, https:\/\/unitedperfect.com\/wp-content\/uploads\/2026\/01\/05d59bd794df7bd88208769f09815dc-2-300x225.jpg 300w, https:\/\/unitedperfect.com\/wp-content\/uploads\/2026\/01\/05d59bd794df7bd88208769f09815dc-2-1024x768.jpg 1024w, https:\/\/unitedperfect.com\/wp-content\/uploads\/2026\/01\/05d59bd794df7bd88208769f09815dc-2-768x576.jpg 768w, https:\/\/unitedperfect.com\/wp-content\/uploads\/2026\/01\/05d59bd794df7bd88208769f09815dc-2-1536x1152.jpg 1536w, https:\/\/unitedperfect.com\/wp-content\/uploads\/2026\/01\/05d59bd794df7bd88208769f09815dc-2-2048x1536.jpg 2048w, https:\/\/unitedperfect.com\/wp-content\/uploads\/2026\/01\/05d59bd794df7bd88208769f09815dc-2-16x12.jpg 16w, https:\/\/unitedperfect.com\/wp-content\/uploads\/2026\/01\/05d59bd794df7bd88208769f09815dc-2-600x450.jpg 600w\" sizes=\"(max-width: 2560px) 100vw, 2560px\" \/><\/h2>\n<\/div>\n<div class=\"ds-focus-ring\">\n<hr \/>\n<\/div>\n<\/div>\n<div class=\"db183363 ds-icon-button ds-icon-button--m ds-icon-button--sizing-container\" tabindex=\"0\" role=\"button\" aria-disabled=\"false\">\n<div class=\"ds-icon-button__hover-bg\">\n<h3><strong>CONTACTO<\/strong><\/h3>\n<div>\n<p><b>Corporaci\u00f3n de materiales de construcci\u00f3n Jinan United Perfect<\/b><\/p>\n<p><b>M<\/b>: +86 139 6416 6699 \u00a0<b>P<\/b>:\u00a0+86-531 8190 1621 \u00a0<b>F<\/b>:\u00a0+86-531 8281 4295<\/p>\n<p><b>Whatsapp:<\/b>\u00a0+8613426130536 \u00a0<b>Skype:<\/b><b>\u00a0<\/b>harald2009 \u00a0<b>Wechat:<\/b>\u00a013426130536<\/p>\n<p><img loading=\"lazy\" decoding=\"async\" class=\"\" src=\"https:\/\/yunpan.cdn.site.joinf.com\/4995171754491181\/XzYPTGwk4F.jpg\" width=\"518\" height=\"238\" \/><\/p>\n<\/div>\n<\/div>\n<div class=\"ds-icon\"><\/div>\n<div class=\"ds-focus-ring\"><\/div>\n<\/div>\n<div class=\"db183363 ds-icon-button ds-icon-button--m ds-icon-button--sizing-container\" tabindex=\"0\" role=\"button\" aria-disabled=\"false\">\n<div class=\"ds-icon-button__hover-bg\"><\/div>\n<div class=\"ds-icon\"><\/div>\n<div class=\"ds-focus-ring\"><\/div>\n<\/div>\n<div class=\"db183363 ds-icon-button ds-icon-button--m ds-icon-button--sizing-container\" tabindex=\"0\" role=\"button\" aria-disabled=\"false\">\n<div class=\"ds-icon-button__hover-bg\"><\/div>\n<div class=\"ds-icon\"><\/div>\n<div class=\"ds-focus-ring\"><\/div>\n<\/div>\n<div class=\"db183363 ds-icon-button ds-icon-button--m ds-icon-button--sizing-container\" tabindex=\"0\" role=\"button\" aria-disabled=\"false\">\n<div class=\"ds-icon-button__hover-bg\"><\/div>\n<div class=\"ds-icon\"><\/div>\n<\/div>\n<\/div>\n<\/div>\n<p><span data-cke-copybin-start=\"1\">\u200b<\/span><span class=\"cke_widget_wrapper cke_widget_inline cke_image_nocaption cke_widget_focused cke_widget_selected\" tabindex=\"-1\" contenteditable=\"false\" data-cke-widget-wrapper=\"1\" data-cke-filter=\"off\" data-cke-display-name=\"\u56fe\u50cf\" data-cke-widget-id=\"16\"><img decoding=\"async\" class=\"cke_widget_element\" src=\"image?tid=25&amp;id=CUibKAhklzrw&amp;cache=0&amp;lan_code=0\" alt=\"\" data-cke-saved-src=\"image?tid=25&amp;id=CUibKAhklzrw&amp;cache=0&amp;lan_code=0\" data-cke-widget-data=\"%7B%22hasCaption%22%3Afalse%2C%22src%22%3A%22image%3Ftid%3D25%26id%3DCUibKAhklzrw%26cache%3D0%26lan_code%3D0%22%2C%22alt%22%3A%22%22%2C%22width%22%3A%22%22%2C%22height%22%3A%22%22%2C%22lock%22%3Atrue%2C%22align%22%3A%22none%22%2C%22classes%22%3Anull%7D\" data-cke-widget-upcasted=\"1\" data-cke-widget-keep-attr=\"0\" data-widget=\"image\" \/><span class=\"cke_image_resizer\" title=\"\u70b9\u51fb\u5e76\u62d6\u62fd\u4ee5\u6539\u53d8\u5c3a\u5bf8\">\u200b<\/span><\/span><span data-cke-copybin-end=\"1\">\u200b<\/span><\/p>","protected":false},"excerpt":{"rendered":"<p>El PE y PET laminado con papel de aluminio es un material compuesto de alta barrera dise\u00f1ado para ofrecer una resistencia extrema a la humedad, el vapor y los productos qu\u00edmicos.<\/p>\n<p>Ideal para revestimientos de aislamiento industrial, protecci\u00f3n de tuber\u00edas y embalajes especializados.<\/p>","protected":false},"featured_media":1145,"comment_status":"open","ping_status":"closed","template":"","meta":[],"product_brand":[],"product_cat":[58],"product_tag":[],"class_list":{"0":"post-1143","1":"product","2":"type-product","3":"status-publish","4":"has-post-thumbnail","6":"product_cat-aluminum-foil-laminated-pe-pet","8":"first","9":"instock","10":"shipping-taxable","11":"product-type-simple"},"aioseo_notices":[],"_links":{"self":[{"href":"https:\/\/unitedperfect.com\/es\/wp-json\/wp\/v2\/product\/1143","targetHints":{"allow":["GET"]}}],"collection":[{"href":"https:\/\/unitedperfect.com\/es\/wp-json\/wp\/v2\/product"}],"about":[{"href":"https:\/\/unitedperfect.com\/es\/wp-json\/wp\/v2\/types\/product"}],"replies":[{"embeddable":true,"href":"https:\/\/unitedperfect.com\/es\/wp-json\/wp\/v2\/comments?post=1143"}],"wp:featuredmedia":[{"embeddable":true,"href":"https:\/\/unitedperfect.com\/es\/wp-json\/wp\/v2\/media\/1145"}],"wp:attachment":[{"href":"https:\/\/unitedperfect.com\/es\/wp-json\/wp\/v2\/media?parent=1143"}],"wp:term":[{"taxonomy":"product_brand","embeddable":true,"href":"https:\/\/unitedperfect.com\/es\/wp-json\/wp\/v2\/product_brand?post=1143"},{"taxonomy":"product_cat","embeddable":true,"href":"https:\/\/unitedperfect.com\/es\/wp-json\/wp\/v2\/product_cat?post=1143"},{"taxonomy":"product_tag","embeddable":true,"href":"https:\/\/unitedperfect.com\/es\/wp-json\/wp\/v2\/product_tag?post=1143"}],"curies":[{"name":"wp","href":"https:\/\/api.w.org\/{rel}","templated":true}]}}