{"id":1124,"date":"2026-01-13T08:52:33","date_gmt":"2026-01-13T08:52:33","guid":{"rendered":"https:\/\/unitedperfect.com\/?post_type=product&#038;p=1124"},"modified":"2026-01-13T08:53:43","modified_gmt":"2026-01-13T08:53:43","slug":"roof-sarking","status":"publish","type":"product","link":"https:\/\/unitedperfect.com\/es\/producto\/roof-sarking\/","title":{"rendered":"Tejido de papel de aluminio"},"content":{"rendered":"<h1><strong>Tejido de papel de aluminio (Techo \/ Pared Sarking\uff09<\/strong><\/h1>\n<h5>El tejido de papel de aluminio es una membrana aislante y reflectante de alta resistencia, ampliamente especificada en Australia y en los mercados internacionales para aplicaciones en tejados y paredes.<\/h5>\n<h5>Fabricada con un tejido duradero laminado con una capa de papel de aluminio de alta resistencia, proporciona una mayor resistencia al desgarro, protecci\u00f3n contra la intemperie y rendimiento t\u00e9rmico.<\/h5>\n<h5>Est\u00e1 dise\u00f1ado para actuar como barrera secundaria contra la intemperie, aislamiento reflectante y capa de gesti\u00f3n de la condensaci\u00f3n en edificios residenciales, comerciales e industriales.<\/h5>\n<p><img fetchpriority=\"high\" decoding=\"async\" class=\"alignnone wp-image-1125 size-medium\" src=\"https:\/\/unitedperfect.com\/wp-content\/uploads\/2026\/01\/\u5fae\u4fe1\u56fe\u7247_20230907151311-300x300.jpg\" alt=\"\" width=\"300\" height=\"300\" srcset=\"https:\/\/unitedperfect.com\/wp-content\/uploads\/2026\/01\/\u5fae\u4fe1\u56fe\u7247_20230907151311-300x300.jpg 300w, https:\/\/unitedperfect.com\/wp-content\/uploads\/2026\/01\/\u5fae\u4fe1\u56fe\u7247_20230907151311-150x150.jpg 150w, https:\/\/unitedperfect.com\/wp-content\/uploads\/2026\/01\/\u5fae\u4fe1\u56fe\u7247_20230907151311-768x768.jpg 768w, https:\/\/unitedperfect.com\/wp-content\/uploads\/2026\/01\/\u5fae\u4fe1\u56fe\u7247_20230907151311-12x12.jpg 12w, https:\/\/unitedperfect.com\/wp-content\/uploads\/2026\/01\/\u5fae\u4fe1\u56fe\u7247_20230907151311-200x200.jpg 200w, https:\/\/unitedperfect.com\/wp-content\/uploads\/2026\/01\/\u5fae\u4fe1\u56fe\u7247_20230907151311-600x600.jpg 600w, https:\/\/unitedperfect.com\/wp-content\/uploads\/2026\/01\/\u5fae\u4fe1\u56fe\u7247_20230907151311-100x100.jpg 100w, https:\/\/unitedperfect.com\/wp-content\/uploads\/2026\/01\/\u5fae\u4fe1\u56fe\u7247_20230907151311.jpg 1024w\" sizes=\"(max-width: 300px) 100vw, 300px\" \/>\u00a0 \u00a0 \u00a0 \u00a0<img decoding=\"async\" class=\"alignnone wp-image-1127 size-medium\" src=\"https:\/\/unitedperfect.com\/wp-content\/uploads\/2026\/01\/\u5fae\u4fe1\u56fe\u7247_20230907150119-300x300.jpg\" alt=\"\" width=\"300\" height=\"300\" srcset=\"https:\/\/unitedperfect.com\/wp-content\/uploads\/2026\/01\/\u5fae\u4fe1\u56fe\u7247_20230907150119-300x300.jpg 300w, https:\/\/unitedperfect.com\/wp-content\/uploads\/2026\/01\/\u5fae\u4fe1\u56fe\u7247_20230907150119-150x150.jpg 150w, https:\/\/unitedperfect.com\/wp-content\/uploads\/2026\/01\/\u5fae\u4fe1\u56fe\u7247_20230907150119-768x768.jpg 768w, https:\/\/unitedperfect.com\/wp-content\/uploads\/2026\/01\/\u5fae\u4fe1\u56fe\u7247_20230907150119-12x12.jpg 12w, https:\/\/unitedperfect.com\/wp-content\/uploads\/2026\/01\/\u5fae\u4fe1\u56fe\u7247_20230907150119-200x200.jpg 200w, https:\/\/unitedperfect.com\/wp-content\/uploads\/2026\/01\/\u5fae\u4fe1\u56fe\u7247_20230907150119-600x600.jpg 600w, https:\/\/unitedperfect.com\/wp-content\/uploads\/2026\/01\/\u5fae\u4fe1\u56fe\u7247_20230907150119-100x100.jpg 100w, https:\/\/unitedperfect.com\/wp-content\/uploads\/2026\/01\/\u5fae\u4fe1\u56fe\u7247_20230907150119.jpg 1024w\" sizes=\"(max-width: 300px) 100vw, 300px\" \/>\u00a0 \u00a0 \u00a0 \u00a0 <img decoding=\"async\" class=\"alignnone wp-image-1128 size-medium\" src=\"https:\/\/unitedperfect.com\/wp-content\/uploads\/2026\/01\/photobank-7-300x300.jpg\" alt=\"\" width=\"300\" height=\"300\" srcset=\"https:\/\/unitedperfect.com\/wp-content\/uploads\/2026\/01\/photobank-7-300x300.jpg 300w, https:\/\/unitedperfect.com\/wp-content\/uploads\/2026\/01\/photobank-7-150x150.jpg 150w, https:\/\/unitedperfect.com\/wp-content\/uploads\/2026\/01\/photobank-7-768x768.jpg 768w, https:\/\/unitedperfect.com\/wp-content\/uploads\/2026\/01\/photobank-7-12x12.jpg 12w, https:\/\/unitedperfect.com\/wp-content\/uploads\/2026\/01\/photobank-7-200x200.jpg 200w, https:\/\/unitedperfect.com\/wp-content\/uploads\/2026\/01\/photobank-7-600x600.jpg 600w, https:\/\/unitedperfect.com\/wp-content\/uploads\/2026\/01\/photobank-7-100x100.jpg 100w, https:\/\/unitedperfect.com\/wp-content\/uploads\/2026\/01\/photobank-7.jpg 1000w\" sizes=\"(max-width: 300px) 100vw, 300px\" \/><\/p>\n<hr \/>\n<p>&nbsp;<\/p>\n<h2>Caracter\u00edsticas y ventajas<\/h2>\n<p class=\"ds-markdown-paragraph\"><strong>Alta resistencia a la tracci\u00f3n:<\/strong>\u00a0La base de tejido proporciona una excepcional resistencia al desgarro y a la perforaci\u00f3n.<\/p>\n<p class=\"ds-markdown-paragraph\"><strong>Barrera t\u00e9rmica y radiante:<\/strong>\u00a0Refleja hasta 97% de calor radiante, reduciendo la transferencia de calor.<\/p>\n<p class=\"ds-markdown-paragraph\"><strong>Resistencia a la intemperie y la humedad:<\/strong>\u00a0Act\u00faa como barrera secundaria al agua y membrana transpirable.<\/p>\n<p class=\"ds-markdown-paragraph\"><strong>Estabilizado UV:<\/strong>\u00a0Adecuado para una exposici\u00f3n prolongada durante la construcci\u00f3n.<\/p>\n<p class=\"ds-markdown-paragraph\"><strong>Ligero y flexible:<\/strong>\u00a0F\u00e1cil de manejar, cortar e instalar.<\/p>\n<hr \/>\n<p>&nbsp;<\/p>\n<h2 class=\"ds-markdown-paragraph\"><b>Solicitudes<\/b><\/h2>\n<p class=\"ds-markdown-paragraph\"><strong>Techo Sarking:<\/strong>\u00a0Se instala bajo tejas, cubiertas met\u00e1licas o revestimientos como capa reflectante e impermeabilizante.<\/p>\n<p class=\"ds-markdown-paragraph\"><strong>Revestimientos murales:<\/strong>\u00a0Se utiliza detr\u00e1s de revestimientos o en paredes enmarcadas como rotura de puente t\u00e9rmico y barrera contra la intemperie.<\/p>\n<p class=\"ds-markdown-paragraph\"><strong>Aislamiento de suelos y techos:<\/strong>\u00a0Base reflectante para suelos de madera o espacios por encima del techo.<\/p>\n<p class=\"ds-markdown-paragraph\"><strong>Cobertizos agr\u00edcolas e industriales:<\/strong>\u00a0Revestimiento del techo y las paredes para controlar la temperatura y la humedad.<\/p>\n<p><img loading=\"lazy\" decoding=\"async\" class=\"size-full wp-image-1129\" src=\"https:\/\/unitedperfect.com\/wp-content\/uploads\/2026\/01\/application-1-scaled.jpg\" alt=\"\" width=\"2560\" height=\"1707\" srcset=\"https:\/\/unitedperfect.com\/wp-content\/uploads\/2026\/01\/application-1-scaled.jpg 2560w, https:\/\/unitedperfect.com\/wp-content\/uploads\/2026\/01\/application-1-300x200.jpg 300w, https:\/\/unitedperfect.com\/wp-content\/uploads\/2026\/01\/application-1-1024x683.jpg 1024w, https:\/\/unitedperfect.com\/wp-content\/uploads\/2026\/01\/application-1-768x512.jpg 768w, https:\/\/unitedperfect.com\/wp-content\/uploads\/2026\/01\/application-1-1536x1024.jpg 1536w, https:\/\/unitedperfect.com\/wp-content\/uploads\/2026\/01\/application-1-2048x1365.jpg 2048w, https:\/\/unitedperfect.com\/wp-content\/uploads\/2026\/01\/application-1-18x12.jpg 18w, https:\/\/unitedperfect.com\/wp-content\/uploads\/2026\/01\/application-1-200x133.jpg 200w, https:\/\/unitedperfect.com\/wp-content\/uploads\/2026\/01\/application-1-600x400.jpg 600w\" sizes=\"(max-width: 2560px) 100vw, 2560px\" \/><\/p>\n<hr \/>\n<h2><b><span class=\"15\">L\u00ednea de productos<\/span><\/b><\/h2>\n<p><img loading=\"lazy\" decoding=\"async\" class=\"alignnone wp-image-1107\" src=\"https:\/\/unitedperfect.com\/wp-content\/uploads\/2026\/01\/Production-line.jpg\" alt=\"\" width=\"1043\" height=\"470\" srcset=\"https:\/\/unitedperfect.com\/wp-content\/uploads\/2026\/01\/Production-line.jpg 750w, https:\/\/unitedperfect.com\/wp-content\/uploads\/2026\/01\/Production-line-300x135.jpg 300w, https:\/\/unitedperfect.com\/wp-content\/uploads\/2026\/01\/Production-line-18x8.jpg 18w, https:\/\/unitedperfect.com\/wp-content\/uploads\/2026\/01\/Production-line-200x90.jpg 200w, https:\/\/unitedperfect.com\/wp-content\/uploads\/2026\/01\/Production-line-600x270.jpg 600w\" sizes=\"(max-width: 1043px) 100vw, 1043px\" \/><\/p>\n<hr \/>\n<h2><\/h2>\n<h2>Embalaje y carga<\/h2>\n<p><img loading=\"lazy\" decoding=\"async\" class=\"alignnone wp-image-1106\" src=\"https:\/\/unitedperfect.com\/wp-content\/uploads\/2026\/01\/packing.jpg\" alt=\"\" width=\"1044\" height=\"572\" srcset=\"https:\/\/unitedperfect.com\/wp-content\/uploads\/2026\/01\/packing.jpg 750w, https:\/\/unitedperfect.com\/wp-content\/uploads\/2026\/01\/packing-300x164.jpg 300w, https:\/\/unitedperfect.com\/wp-content\/uploads\/2026\/01\/packing-18x10.jpg 18w, https:\/\/unitedperfect.com\/wp-content\/uploads\/2026\/01\/packing-200x110.jpg 200w, https:\/\/unitedperfect.com\/wp-content\/uploads\/2026\/01\/packing-600x329.jpg 600w\" sizes=\"(max-width: 1044px) 100vw, 1044px\" \/><\/p>\n<hr \/>\n<p>&nbsp;<\/p>\n<h2>Nuestros clientes<\/h2>\n<p><img loading=\"lazy\" decoding=\"async\" class=\"alignnone size-full wp-image-904\" src=\"https:\/\/unitedperfect.com\/wp-content\/uploads\/2026\/01\/05d59bd794df7bd88208769f09815dc-2-scaled.jpg\" alt=\"\" width=\"2560\" height=\"1920\" srcset=\"https:\/\/unitedperfect.com\/wp-content\/uploads\/2026\/01\/05d59bd794df7bd88208769f09815dc-2-scaled.jpg 2560w, https:\/\/unitedperfect.com\/wp-content\/uploads\/2026\/01\/05d59bd794df7bd88208769f09815dc-2-300x225.jpg 300w, https:\/\/unitedperfect.com\/wp-content\/uploads\/2026\/01\/05d59bd794df7bd88208769f09815dc-2-1024x768.jpg 1024w, https:\/\/unitedperfect.com\/wp-content\/uploads\/2026\/01\/05d59bd794df7bd88208769f09815dc-2-768x576.jpg 768w, https:\/\/unitedperfect.com\/wp-content\/uploads\/2026\/01\/05d59bd794df7bd88208769f09815dc-2-1536x1152.jpg 1536w, https:\/\/unitedperfect.com\/wp-content\/uploads\/2026\/01\/05d59bd794df7bd88208769f09815dc-2-2048x1536.jpg 2048w, https:\/\/unitedperfect.com\/wp-content\/uploads\/2026\/01\/05d59bd794df7bd88208769f09815dc-2-16x12.jpg 16w, https:\/\/unitedperfect.com\/wp-content\/uploads\/2026\/01\/05d59bd794df7bd88208769f09815dc-2-600x450.jpg 600w\" sizes=\"(max-width: 2560px) 100vw, 2560px\" \/><\/p>\n<hr \/>\n<h3><\/h3>\n<h3><strong>CONTACTO<\/strong><\/h3>\n<div>\n<p><b>Corporaci\u00f3n de materiales de construcci\u00f3n Jinan United Perfect<\/b><\/p>\n<p><b>M<\/b>: +86 139 6416 6699 \u00a0<b>P<\/b>:\u00a0+86-531 8190 1621 \u00a0<b>F<\/b>:\u00a0+86-531 8281 4295<\/p>\n<p><b>Whatsapp:<\/b>\u00a0+8613426130536 \u00a0<b>Skype:<\/b><b>\u00a0<\/b>harald2009 \u00a0<b>Wechat:<\/b>\u00a013426130536<\/p>\n<p><img loading=\"lazy\" decoding=\"async\" class=\"\" src=\"https:\/\/yunpan.cdn.site.joinf.com\/4995171754491181\/XzYPTGwk4F.jpg\" width=\"518\" height=\"238\" \/><\/p>\n<\/div>","protected":false},"excerpt":{"rendered":"<hr \/>\n<p>&nbsp;<\/p>","protected":false},"featured_media":1125,"comment_status":"open","ping_status":"closed","template":"","meta":[],"product_brand":[],"product_cat":[55],"product_tag":[],"class_list":{"0":"post-1124","1":"product","2":"type-product","3":"status-publish","4":"has-post-thumbnail","6":"product_cat-aluminum-foil-woven-fabric","8":"first","9":"instock","10":"shipping-taxable","11":"product-type-simple"},"aioseo_notices":[],"_links":{"self":[{"href":"https:\/\/unitedperfect.com\/es\/wp-json\/wp\/v2\/product\/1124","targetHints":{"allow":["GET"]}}],"collection":[{"href":"https:\/\/unitedperfect.com\/es\/wp-json\/wp\/v2\/product"}],"about":[{"href":"https:\/\/unitedperfect.com\/es\/wp-json\/wp\/v2\/types\/product"}],"replies":[{"embeddable":true,"href":"https:\/\/unitedperfect.com\/es\/wp-json\/wp\/v2\/comments?post=1124"}],"wp:featuredmedia":[{"embeddable":true,"href":"https:\/\/unitedperfect.com\/es\/wp-json\/wp\/v2\/media\/1125"}],"wp:attachment":[{"href":"https:\/\/unitedperfect.com\/es\/wp-json\/wp\/v2\/media?parent=1124"}],"wp:term":[{"taxonomy":"product_brand","embeddable":true,"href":"https:\/\/unitedperfect.com\/es\/wp-json\/wp\/v2\/product_brand?post=1124"},{"taxonomy":"product_cat","embeddable":true,"href":"https:\/\/unitedperfect.com\/es\/wp-json\/wp\/v2\/product_cat?post=1124"},{"taxonomy":"product_tag","embeddable":true,"href":"https:\/\/unitedperfect.com\/es\/wp-json\/wp\/v2\/product_tag?post=1124"}],"curies":[{"name":"wp","href":"https:\/\/api.w.org\/{rel}","templated":true}]}}