{"id":1097,"date":"2026-01-12T10:17:07","date_gmt":"2026-01-12T10:17:07","guid":{"rendered":"https:\/\/unitedperfect.com\/?post_type=product&#038;p=1097"},"modified":"2026-01-13T09:07:44","modified_gmt":"2026-01-13T09:07:44","slug":"aluglass","status":"publish","type":"product","link":"https:\/\/unitedperfect.com\/es\/producto\/aluglass\/","title":{"rendered":"Papel de aluminio con tejido de fibra de vidrio"},"content":{"rendered":"<h1>Papel de aluminio con tejido de fibra de vidrio (Aluglass)<\/h1>\n<h5>El papel de aluminio con tela\/tejido de fibra de vidrio es una tela de fibra de vidrio tejida con hilo de filamento de vidrio E de alta calidad, y recubierta despu\u00e9s con aluminio y pel\u00edcula de poli\u00e9ster por una cara.<br \/>\nPuede ser resistente al calor, y tiene una superficie lisa, alta resistencia, buena reflectancia luminosa, aislamiento de sellado, envoltura de tuber\u00edas, a prueba de gas y a prueba de agua. El grosor de las l\u00e1minas de aluminio oscila entre 7 y 25 micras, y el tejido de fibra de vidrio, entre 100 y 400 gramos.<\/h5>\n<p>El papel de aluminio con tejido de fibra de vidrio es un material compuesto duradero y de alto rendimiento dise\u00f1ado para ofrecer un aislamiento t\u00e9rmico y una protecci\u00f3n contra la humedad superiores. Combinando un n\u00facleo de tejido de fibra de vidrio reforzado con una capa de papel de aluminio reflectante, ofrece una fuerza excepcional, resistencia al desgarro y fiabilidad a largo plazo en entornos exigentes. Ideal para el aislamiento de conductos, envoltura de tuber\u00edas, partes inferiores de tejados y revestimiento de paredes en aplicaciones comerciales e industriales, Aluglass refleja eficazmente el calor radiante, bloquea la transmisi\u00f3n de vapor y soporta temperaturas de **-40\u00b0C a 150\u00b0C (-40\u00b0F a 302\u00b0F)**. Su dise\u00f1o flexible y ligero garantiza una f\u00e1cil manipulaci\u00f3n e instalaci\u00f3n, reduciendo el tiempo y los costes de mano de obra.<\/p>\n<h5><img fetchpriority=\"high\" decoding=\"async\" class=\"alignnone size-medium wp-image-1101\" src=\"https:\/\/unitedperfect.com\/wp-content\/uploads\/2026\/01\/photobank2-300x300.jpg\" alt=\"\" width=\"300\" height=\"300\" srcset=\"https:\/\/unitedperfect.com\/wp-content\/uploads\/2026\/01\/photobank2-300x300.jpg 300w, https:\/\/unitedperfect.com\/wp-content\/uploads\/2026\/01\/photobank2-150x150.jpg 150w, https:\/\/unitedperfect.com\/wp-content\/uploads\/2026\/01\/photobank2-768x768.jpg 768w, https:\/\/unitedperfect.com\/wp-content\/uploads\/2026\/01\/photobank2-12x12.jpg 12w, https:\/\/unitedperfect.com\/wp-content\/uploads\/2026\/01\/photobank2-200x200.jpg 200w, https:\/\/unitedperfect.com\/wp-content\/uploads\/2026\/01\/photobank2-600x600.jpg 600w, https:\/\/unitedperfect.com\/wp-content\/uploads\/2026\/01\/photobank2-100x100.jpg 100w, https:\/\/unitedperfect.com\/wp-content\/uploads\/2026\/01\/photobank2.jpg 1024w\" sizes=\"(max-width: 300px) 100vw, 300px\" \/>\u00a0 \u00a0 \u00a0 \u00a0<img decoding=\"async\" class=\"alignnone size-medium wp-image-1102\" src=\"https:\/\/unitedperfect.com\/wp-content\/uploads\/2026\/01\/\u5fae\u4fe1\u56fe\u7247_20230904095037-300x300.jpg\" alt=\"\" width=\"300\" height=\"300\" srcset=\"https:\/\/unitedperfect.com\/wp-content\/uploads\/2026\/01\/\u5fae\u4fe1\u56fe\u7247_20230904095037-300x300.jpg 300w, https:\/\/unitedperfect.com\/wp-content\/uploads\/2026\/01\/\u5fae\u4fe1\u56fe\u7247_20230904095037-150x150.jpg 150w, https:\/\/unitedperfect.com\/wp-content\/uploads\/2026\/01\/\u5fae\u4fe1\u56fe\u7247_20230904095037-768x768.jpg 768w, https:\/\/unitedperfect.com\/wp-content\/uploads\/2026\/01\/\u5fae\u4fe1\u56fe\u7247_20230904095037-12x12.jpg 12w, https:\/\/unitedperfect.com\/wp-content\/uploads\/2026\/01\/\u5fae\u4fe1\u56fe\u7247_20230904095037-200x200.jpg 200w, https:\/\/unitedperfect.com\/wp-content\/uploads\/2026\/01\/\u5fae\u4fe1\u56fe\u7247_20230904095037-600x600.jpg 600w, https:\/\/unitedperfect.com\/wp-content\/uploads\/2026\/01\/\u5fae\u4fe1\u56fe\u7247_20230904095037-100x100.jpg 100w, https:\/\/unitedperfect.com\/wp-content\/uploads\/2026\/01\/\u5fae\u4fe1\u56fe\u7247_20230904095037.jpg 1024w\" sizes=\"(max-width: 300px) 100vw, 300px\" \/>\u00a0 \u00a0 \u00a0 \u00a0 <img decoding=\"async\" class=\"alignnone size-medium wp-image-1103\" src=\"https:\/\/unitedperfect.com\/wp-content\/uploads\/2026\/01\/\u5fae\u4fe1\u56fe\u7247_20230904095059-300x300.jpg\" alt=\"\" width=\"300\" height=\"300\" srcset=\"https:\/\/unitedperfect.com\/wp-content\/uploads\/2026\/01\/\u5fae\u4fe1\u56fe\u7247_20230904095059-300x300.jpg 300w, https:\/\/unitedperfect.com\/wp-content\/uploads\/2026\/01\/\u5fae\u4fe1\u56fe\u7247_20230904095059-150x150.jpg 150w, https:\/\/unitedperfect.com\/wp-content\/uploads\/2026\/01\/\u5fae\u4fe1\u56fe\u7247_20230904095059-768x768.jpg 768w, https:\/\/unitedperfect.com\/wp-content\/uploads\/2026\/01\/\u5fae\u4fe1\u56fe\u7247_20230904095059-12x12.jpg 12w, https:\/\/unitedperfect.com\/wp-content\/uploads\/2026\/01\/\u5fae\u4fe1\u56fe\u7247_20230904095059-200x200.jpg 200w, https:\/\/unitedperfect.com\/wp-content\/uploads\/2026\/01\/\u5fae\u4fe1\u56fe\u7247_20230904095059-600x600.jpg 600w, https:\/\/unitedperfect.com\/wp-content\/uploads\/2026\/01\/\u5fae\u4fe1\u56fe\u7247_20230904095059-100x100.jpg 100w, https:\/\/unitedperfect.com\/wp-content\/uploads\/2026\/01\/\u5fae\u4fe1\u56fe\u7247_20230904095059.jpg 1024w\" sizes=\"(max-width: 300px) 100vw, 300px\" \/><\/h5>\n<hr \/>\n<h1><\/h1>\n<h2>Caracter\u00edsticas y ventajas<\/h2>\n<p>*Tela de fibra de vidrio reforzada de alta resistencia al desgarro<\/p>\n<p>*Refleja el calor radiante 97%, mejora el rendimiento del sistema de aislamiento, ahorro de energ\u00eda.<\/p>\n<p>*Resistente al fuego-Cumple las normas ASTM E84 Clase A.<\/p>\n<p>*Impide que el agua y la humedad entren en contacto con materiales aislantes como la lana de vidrio, la lana de roca, etc.<\/p>\n<p>*Respetuoso con el medio ambiente.<\/p>\n<p>*No contiene productos qu\u00edmicos peligrosos.<\/p>\n<p>*No HCHO, TVOCs.<\/p>\n<p>*No es necesario utilizar adhesivo adicional, se puede plastificar en l\u00ednea.<\/p>\n<p>*Barrera de vapor-Completa protecci\u00f3n contra la humedad y la condensaci\u00f3n. <img loading=\"lazy\" decoding=\"async\" class=\"alignnone size-full wp-image-1105\" src=\"https:\/\/unitedperfect.com\/wp-content\/uploads\/2026\/01\/Alu-glass-\u62fc\u56fe1.jpg\" alt=\"\" width=\"1242\" height=\"601\" srcset=\"https:\/\/unitedperfect.com\/wp-content\/uploads\/2026\/01\/Alu-glass-\u62fc\u56fe1.jpg 1242w, https:\/\/unitedperfect.com\/wp-content\/uploads\/2026\/01\/Alu-glass-\u62fc\u56fe1-300x145.jpg 300w, https:\/\/unitedperfect.com\/wp-content\/uploads\/2026\/01\/Alu-glass-\u62fc\u56fe1-1024x496.jpg 1024w, https:\/\/unitedperfect.com\/wp-content\/uploads\/2026\/01\/Alu-glass-\u62fc\u56fe1-768x372.jpg 768w, https:\/\/unitedperfect.com\/wp-content\/uploads\/2026\/01\/Alu-glass-\u62fc\u56fe1-18x9.jpg 18w, https:\/\/unitedperfect.com\/wp-content\/uploads\/2026\/01\/Alu-glass-\u62fc\u56fe1-200x97.jpg 200w, https:\/\/unitedperfect.com\/wp-content\/uploads\/2026\/01\/Alu-glass-\u62fc\u56fe1-600x290.jpg 600w\" sizes=\"(max-width: 1242px) 100vw, 1242px\" \/> <span data-cke-copybin-start=\"1\">\u200b<\/span><\/p>\n<hr \/>\n<pre><span class=\"cke_widget_wrapper cke_widget_inline cke_image_nocaption cke_widget_selected cke_widget_focused\" tabindex=\"-1\" contenteditable=\"false\" data-cke-widget-wrapper=\"1\" data-cke-filter=\"off\" data-cke-display-name=\"\u56fe\u50cf\" data-cke-widget-id=\"13\"><img decoding=\"async\" class=\"cke_widget_element\" src=\"image?tid=25&amp;id=NnYhTOjFPwuy&amp;cache=0&amp;lan_code=0\" alt=\"\" data-cke-saved-src=\"image?tid=25&amp;id=NnYhTOjFPwuy&amp;cache=0&amp;lan_code=0\" data-cke-widget-data=\"%7B%22hasCaption%22%3Afalse%2C%22src%22%3A%22image%3Ftid%3D25%26id%3DNnYhTOjFPwuy%26cache%3D0%26lan_code%3D0%22%2C%22alt%22%3A%22%22%2C%22width%22%3A%22%22%2C%22height%22%3A%22%22%2C%22lock%22%3Atrue%2C%22align%22%3A%22none%22%2C%22classes%22%3Anull%7D\" data-cke-widget-upcasted=\"1\" data-cke-widget-keep-attr=\"0\" data-widget=\"image\" \/><span class=\"cke_image_resizer\" title=\"\u70b9\u51fb\u5e76\u62d6\u62fd\u4ee5\u6539\u53d8\u5c3a\u5bf8\">\u200b<\/span><\/span><\/pre>\n<h2><b>Solicitudes<\/b><\/h2>\n<h3><strong>Sistemas HVAC<\/strong><\/h3>\n<p class=\"ds-markdown-paragraph\">Aislamiento de conductos y tuber\u00edas: Envoltura aislante primaria para conductos de aire acondicionado y ventilaci\u00f3n, que evita eficazmente la p\u00e9rdida de energ\u00eda y la condensaci\u00f3n.<\/p>\n<p class=\"ds-markdown-paragraph\">Carcasas de equipos: Revestimiento t\u00e9rmico y ac\u00fastico para carcasas de equipos HVAC.<\/p>\n<h3><strong>Cubiertas y cerramientos<\/strong><\/h3>\n<p class=\"ds-markdown-paragraph\">Revestimiento bajo el tejado y el \u00e1tico: Se instala bajo los materiales del tejado para reflejar el calor radiante, reducir la temperatura del \u00e1tico y bloquear la migraci\u00f3n de la humedad.<\/p>\n<p class=\"ds-markdown-paragraph\">Aislamiento de cavidades y per\u00edmetros de paredes: Utilizado en paredes comerciales e industriales como barrera de vapor reflectante.<\/p>\n<h3><strong>Usos industriales y especializados<\/strong><\/h3>\n<p class=\"ds-markdown-paragraph\">Aislamiento de tuber\u00edas de proceso: A\u00edsla tuber\u00edas de proceso calientes y fr\u00edas en plantas, refiner\u00edas e instalaciones de procesamiento de alimentos.<\/p>\n<p class=\"ds-markdown-paragraph\">Transporte: Revestimiento t\u00e9rmico y ac\u00fastico para interiores de veh\u00edculos, contenedores de transporte y aplicaciones mar\u00edtimas.<\/p>\n<p class=\"ds-markdown-paragraph\">Almacenes y c\u00e1maras frigor\u00edficas: Control de temperatura y barrera contra la humedad para instalaciones de almacenamiento.<\/p>\n<p><span data-cke-copybin-start=\"1\">\u200b\u200b<span class=\"cke_widget_wrapper cke_widget_inline cke_image_nocaption cke_widget_selected cke_widget_focused\" tabindex=\"-1\" contenteditable=\"false\" data-cke-widget-wrapper=\"1\" data-cke-filter=\"off\" data-cke-display-name=\"\u56fe\u50cf\" data-cke-widget-id=\"13\"><img decoding=\"async\" class=\"cke_widget_element\" src=\"image?tid=25&amp;id=NnYhTOjFPwuy&amp;cache=0&amp;lan_code=0\" alt=\"\" data-cke-saved-src=\"image?tid=25&amp;id=NnYhTOjFPwuy&amp;cache=0&amp;lan_code=0\" data-cke-widget-data=\"%7B%22hasCaption%22%3Afalse%2C%22src%22%3A%22image%3Ftid%3D25%26id%3DNnYhTOjFPwuy%26cache%3D0%26lan_code%3D0%22%2C%22alt%22%3A%22%22%2C%22width%22%3A%22%22%2C%22height%22%3A%22%22%2C%22lock%22%3Atrue%2C%22align%22%3A%22none%22%2C%22classes%22%3Anull%7D\" data-cke-widget-upcasted=\"1\" data-cke-widget-keep-attr=\"0\" data-widget=\"image\" \/><span class=\"cke_image_resizer\" title=\"\u70b9\u51fb\u5e76\u62d6\u62fd\u4ee5\u6539\u53d8\u5c3a\u5bf8\">\u200b<\/span><\/span>\u200b<\/span><\/p>\n<p><img loading=\"lazy\" decoding=\"async\" class=\"wp-image-1104 size-full\" src=\"https:\/\/unitedperfect.com\/wp-content\/uploads\/2026\/01\/application.jpg\" alt=\"\" width=\"1536\" height=\"2048\" srcset=\"https:\/\/unitedperfect.com\/wp-content\/uploads\/2026\/01\/application.jpg 1536w, https:\/\/unitedperfect.com\/wp-content\/uploads\/2026\/01\/application-225x300.jpg 225w, https:\/\/unitedperfect.com\/wp-content\/uploads\/2026\/01\/application-768x1024.jpg 768w, https:\/\/unitedperfect.com\/wp-content\/uploads\/2026\/01\/application-1152x1536.jpg 1152w, https:\/\/unitedperfect.com\/wp-content\/uploads\/2026\/01\/application-9x12.jpg 9w, https:\/\/unitedperfect.com\/wp-content\/uploads\/2026\/01\/application-200x267.jpg 200w, https:\/\/unitedperfect.com\/wp-content\/uploads\/2026\/01\/application-600x800.jpg 600w\" sizes=\"(max-width: 1536px) 100vw, 1536px\" \/><\/p>\n<hr \/>\n<h1><\/h1>\n<h2><b><span class=\"15\">L\u00ednea de productos<\/span><\/b><\/h2>\n<p><img loading=\"lazy\" decoding=\"async\" class=\"alignnone wp-image-1107\" src=\"https:\/\/unitedperfect.com\/wp-content\/uploads\/2026\/01\/Production-line.jpg\" alt=\"\" width=\"1041\" height=\"469\" srcset=\"https:\/\/unitedperfect.com\/wp-content\/uploads\/2026\/01\/Production-line.jpg 750w, https:\/\/unitedperfect.com\/wp-content\/uploads\/2026\/01\/Production-line-300x135.jpg 300w, https:\/\/unitedperfect.com\/wp-content\/uploads\/2026\/01\/Production-line-18x8.jpg 18w, https:\/\/unitedperfect.com\/wp-content\/uploads\/2026\/01\/Production-line-200x90.jpg 200w, https:\/\/unitedperfect.com\/wp-content\/uploads\/2026\/01\/Production-line-600x270.jpg 600w\" sizes=\"(max-width: 1041px) 100vw, 1041px\" \/><\/p>\n<h1><span class=\"cke_widget_wrapper cke_widget_inline cke_image_nocaption cke_widget_selected cke_widget_focused\" tabindex=\"-1\" contenteditable=\"false\" data-cke-widget-wrapper=\"1\" data-cke-filter=\"off\" data-cke-display-name=\"\u56fe\u50cf\" data-cke-widget-id=\"13\"><img decoding=\"async\" class=\"cke_widget_element\" src=\"image?tid=25&amp;id=NnYhTOjFPwuy&amp;cache=0&amp;lan_code=0\" alt=\"\" data-cke-saved-src=\"image?tid=25&amp;id=NnYhTOjFPwuy&amp;cache=0&amp;lan_code=0\" data-cke-widget-data=\"%7B%22hasCaption%22%3Afalse%2C%22src%22%3A%22image%3Ftid%3D25%26id%3DNnYhTOjFPwuy%26cache%3D0%26lan_code%3D0%22%2C%22alt%22%3A%22%22%2C%22width%22%3A%22%22%2C%22height%22%3A%22%22%2C%22lock%22%3Atrue%2C%22align%22%3A%22none%22%2C%22classes%22%3Anull%7D\" data-cke-widget-upcasted=\"1\" data-cke-widget-keep-attr=\"0\" data-widget=\"image\" \/><span class=\"cke_image_resizer\" title=\"\u70b9\u51fb\u5e76\u62d6\u62fd\u4ee5\u6539\u53d8\u5c3a\u5bf8\">\u200b<\/span><\/span><\/h1>\n<hr \/>\n<h1><\/h1>\n<h2>Embalaje y carga<\/h2>\n<p><img loading=\"lazy\" decoding=\"async\" class=\"alignnone wp-image-1106\" src=\"https:\/\/unitedperfect.com\/wp-content\/uploads\/2026\/01\/packing.jpg\" alt=\"\" width=\"1049\" height=\"575\" srcset=\"https:\/\/unitedperfect.com\/wp-content\/uploads\/2026\/01\/packing.jpg 750w, https:\/\/unitedperfect.com\/wp-content\/uploads\/2026\/01\/packing-300x164.jpg 300w, https:\/\/unitedperfect.com\/wp-content\/uploads\/2026\/01\/packing-18x10.jpg 18w, https:\/\/unitedperfect.com\/wp-content\/uploads\/2026\/01\/packing-200x110.jpg 200w, https:\/\/unitedperfect.com\/wp-content\/uploads\/2026\/01\/packing-600x329.jpg 600w\" sizes=\"(max-width: 1049px) 100vw, 1049px\" \/><\/p>\n<hr \/>\n<h1><\/h1>\n<h2><span data-cke-copybin-end=\"1\">Nuestros clientes<\/span><\/h2>\n<h1><span class=\"cke_widget_wrapper cke_widget_inline cke_image_nocaption cke_widget_focused cke_widget_selected\" tabindex=\"-1\" contenteditable=\"false\" data-cke-widget-wrapper=\"1\" data-cke-filter=\"off\" data-cke-display-name=\"\u56fe\u50cf\" data-cke-widget-id=\"13\"><img decoding=\"async\" class=\"cke_widget_element\" src=\"image?tid=25&amp;id=NnYhTOjFPwuy&amp;cache=0&amp;lan_code=0\" alt=\"\" data-cke-saved-src=\"image?tid=25&amp;id=NnYhTOjFPwuy&amp;cache=0&amp;lan_code=0\" data-cke-widget-data=\"%7B%22hasCaption%22%3Afalse%2C%22src%22%3A%22image%3Ftid%3D25%26id%3DNnYhTOjFPwuy%26cache%3D0%26lan_code%3D0%22%2C%22alt%22%3A%22%22%2C%22width%22%3A%22%22%2C%22height%22%3A%22%22%2C%22lock%22%3Atrue%2C%22align%22%3A%22none%22%2C%22classes%22%3Anull%7D\" data-cke-widget-upcasted=\"1\" data-cke-widget-keep-attr=\"0\" data-widget=\"image\" \/><span class=\"cke_image_resizer\" title=\"\u70b9\u51fb\u5e76\u62d6\u62fd\u4ee5\u6539\u53d8\u5c3a\u5bf8\">\u200b<\/span><\/span><img loading=\"lazy\" decoding=\"async\" class=\"alignnone size-full wp-image-904\" src=\"https:\/\/unitedperfect.com\/wp-content\/uploads\/2026\/01\/05d59bd794df7bd88208769f09815dc-2-scaled.jpg\" alt=\"\" width=\"2560\" height=\"1920\" srcset=\"https:\/\/unitedperfect.com\/wp-content\/uploads\/2026\/01\/05d59bd794df7bd88208769f09815dc-2-scaled.jpg 2560w, https:\/\/unitedperfect.com\/wp-content\/uploads\/2026\/01\/05d59bd794df7bd88208769f09815dc-2-300x225.jpg 300w, https:\/\/unitedperfect.com\/wp-content\/uploads\/2026\/01\/05d59bd794df7bd88208769f09815dc-2-1024x768.jpg 1024w, https:\/\/unitedperfect.com\/wp-content\/uploads\/2026\/01\/05d59bd794df7bd88208769f09815dc-2-768x576.jpg 768w, https:\/\/unitedperfect.com\/wp-content\/uploads\/2026\/01\/05d59bd794df7bd88208769f09815dc-2-1536x1152.jpg 1536w, https:\/\/unitedperfect.com\/wp-content\/uploads\/2026\/01\/05d59bd794df7bd88208769f09815dc-2-2048x1536.jpg 2048w, https:\/\/unitedperfect.com\/wp-content\/uploads\/2026\/01\/05d59bd794df7bd88208769f09815dc-2-16x12.jpg 16w, https:\/\/unitedperfect.com\/wp-content\/uploads\/2026\/01\/05d59bd794df7bd88208769f09815dc-2-600x450.jpg 600w\" sizes=\"(max-width: 2560px) 100vw, 2560px\" \/><\/h1>\n<hr \/>\n<h2><\/h2>\n<h3><strong>CONTACTO<\/strong><\/h3>\n<div>\n<p><b>Corporaci\u00f3n de materiales de construcci\u00f3n Jinan United Perfect<\/b><\/p>\n<p><b>M<\/b>: +86 139 6416 6699 \u00a0<b>P<\/b>:\u00a0+86-531 8190 1621 \u00a0<b>F<\/b>:\u00a0+86-531 8281 4295<\/p>\n<p><b>Whatsapp:<\/b>\u00a0+8613426130536 \u00a0<b>Skype:<\/b><b>\u00a0<\/b>harald2009 \u00a0<b>Wechat:<\/b>\u00a013426130536<\/p>\n<p><img loading=\"lazy\" decoding=\"async\" class=\"ckimgrsz\" src=\"https:\/\/yunpan.cdn.site.joinf.com\/4995171754491181\/XzYPTGwk4F.jpg\" alt=\"\" width=\"516\" height=\"237\" data-cke-saved-src=\"https:\/\/yunpan.cdn.site.joinf.com\/4995171754491181\/XzYPTGwk4F.jpg\" \/><\/p>\n<\/div>\n<h1><span data-cke-copybin-end=\"1\">\u200b<\/span><\/h1>","protected":false},"excerpt":{"rendered":"<p>El papel de aluminio con tejido de fibra de vidrio es un material compuesto duradero y de alto rendimiento dise\u00f1ado para ofrecer un aislamiento t\u00e9rmico y una protecci\u00f3n contra la humedad superiores. Combinando un n\u00facleo de tejido de fibra de vidrio reforzado con una capa de papel de aluminio reflectante, ofrece una fuerza excepcional, resistencia al desgarro y fiabilidad a largo plazo en entornos exigentes.<\/p>","protected":false},"featured_media":1103,"comment_status":"open","ping_status":"closed","template":"","meta":[],"product_brand":[],"product_cat":[52],"product_tag":[],"class_list":{"0":"post-1097","1":"product","2":"type-product","3":"status-publish","4":"has-post-thumbnail","6":"product_cat-aluminum-fiberglass-fabric","8":"first","9":"instock","10":"shipping-taxable","11":"product-type-simple"},"aioseo_notices":[],"_links":{"self":[{"href":"https:\/\/unitedperfect.com\/es\/wp-json\/wp\/v2\/product\/1097","targetHints":{"allow":["GET"]}}],"collection":[{"href":"https:\/\/unitedperfect.com\/es\/wp-json\/wp\/v2\/product"}],"about":[{"href":"https:\/\/unitedperfect.com\/es\/wp-json\/wp\/v2\/types\/product"}],"replies":[{"embeddable":true,"href":"https:\/\/unitedperfect.com\/es\/wp-json\/wp\/v2\/comments?post=1097"}],"wp:featuredmedia":[{"embeddable":true,"href":"https:\/\/unitedperfect.com\/es\/wp-json\/wp\/v2\/media\/1103"}],"wp:attachment":[{"href":"https:\/\/unitedperfect.com\/es\/wp-json\/wp\/v2\/media?parent=1097"}],"wp:term":[{"taxonomy":"product_brand","embeddable":true,"href":"https:\/\/unitedperfect.com\/es\/wp-json\/wp\/v2\/product_brand?post=1097"},{"taxonomy":"product_cat","embeddable":true,"href":"https:\/\/unitedperfect.com\/es\/wp-json\/wp\/v2\/product_cat?post=1097"},{"taxonomy":"product_tag","embeddable":true,"href":"https:\/\/unitedperfect.com\/es\/wp-json\/wp\/v2\/product_tag?post=1097"}],"curies":[{"name":"wp","href":"https:\/\/api.w.org\/{rel}","templated":true}]}}