{"id":1208,"date":"2026-01-14T10:40:47","date_gmt":"2026-01-14T10:40:47","guid":{"rendered":"https:\/\/unitedperfect.com\/?page_id=1208"},"modified":"2026-02-28T12:01:32","modified_gmt":"2026-02-28T12:01:32","slug":"application","status":"publish","type":"page","link":"https:\/\/unitedperfect.com\/es\/application\/","title":{"rendered":"Aplicaci\u00f3n"},"content":{"rendered":"<div data-elementor-type=\"wp-page\" data-elementor-id=\"1208\" class=\"elementor elementor-1208\" data-elementor-post-type=\"page\">\n\t\t\t\t\t\t<section class=\"elementor-section elementor-top-section elementor-element elementor-element-61ba00c3 elementor-section-boxed elementor-section-height-default elementor-section-height-default\" data-id=\"61ba00c3\" data-element_type=\"section\" data-settings=\"{&quot;background_background&quot;:&quot;classic&quot;}\">\n\t\t\t\t\t\t\t<div class=\"elementor-background-overlay\"><\/div>\n\t\t\t\t\t\t\t<div class=\"elementor-container elementor-column-gap-default\">\n\t\t\t\t\t<div class=\"elementor-column elementor-col-100 elementor-top-column elementor-element elementor-element-e6532fe\" data-id=\"e6532fe\" data-element_type=\"column\">\n\t\t\t<div class=\"elementor-widget-wrap elementor-element-populated\">\n\t\t\t\t\t\t<section class=\"elementor-section elementor-inner-section elementor-element elementor-element-2765b0dc elementor-section-full_width elementor-section-height-default elementor-section-height-default\" data-id=\"2765b0dc\" data-element_type=\"section\">\n\t\t\t\t\t\t<div class=\"elementor-container elementor-column-gap-default\">\n\t\t\t\t\t<div class=\"elementor-column elementor-col-100 elementor-inner-column elementor-element elementor-element-5f8a0bc6 elementor-invisible\" data-id=\"5f8a0bc6\" data-element_type=\"column\" data-settings=\"{&quot;animation&quot;:&quot;fadeInLeft&quot;}\">\n\t\t\t<div class=\"elementor-widget-wrap elementor-element-populated\">\n\t\t\t\t\t\t<div class=\"elementor-element elementor-element-21da20b9 elementor-widget elementor-widget-heading\" data-id=\"21da20b9\" data-element_type=\"widget\" data-widget_type=\"heading.default\">\n\t\t\t\t\t<h2 class=\"elementor-heading-title elementor-size-default\">Revestimientos para construcciones met\u00e1licas \/ HVAC &amp; Electrodom\u00e9sticos \/ Envoltura de conductos y placas para conductos\n\n<\/h2>\t\t\t\t<\/div>\n\t\t\t\t<div class=\"elementor-element elementor-element-4cc6eaf0 elementor-widget elementor-widget-text-editor\" data-id=\"4cc6eaf0\" data-element_type=\"widget\" data-widget_type=\"text-editor.default\">\n\t\t\t\t\t\t\t\t\t<p>Perfect Group es un proveedor mundial de retardadores de vapor y revestimientos aislantes para el mercado del aislamiento de edificios met\u00e1licos \/ HVAC y electrodom\u00e9sticos \/ envoltura de conductos y placas para conductos. Los retardadores de vapor y revestimientos de aislamiento de Perfect est\u00e1n dise\u00f1ados para proteger el aislamiento del abuso f\u00edsico y de los efectos da\u00f1inos de la humedad. Nuestros revestimientos est\u00e1n dise\u00f1ados con productos qu\u00edmicos ign\u00edfugos patentados para ayudarle a cumplir los exigentes c\u00f3digos y normas contra incendios.<\/p>\t\t\t\t\t\t\t\t<\/div>\n\t\t\t\t<div class=\"elementor-element elementor-element-11840db elementor-align-left elementor-widget elementor-widget-elementskit-button\" data-id=\"11840db\" data-element_type=\"widget\" data-widget_type=\"elementskit-button.default\">\n\t\t\t\t\t<div class=\"ekit-wid-con\" >\t\t<div class=\"ekit-btn-wraper\">\n\t\t\t\t\t\t\t<a href=\"https:\/\/unitedperfect.com\/es\/categoria-producto\/alu-foil-lamination\/\" class=\"elementskit-btn  whitespace--normal\" id=\"\">\n\t\t\t\t\tM\u00e1s informaci\u00f3n \t\t\t\t<\/a>\n\t\t\t\t\t<\/div>\n        <\/div>\t\t\t\t<\/div>\n\t\t\t\t\t<\/div>\n\t\t<\/div>\n\t\t\t\t\t<\/div>\n\t\t<\/section>\n\t\t\t\t\t<\/div>\n\t\t<\/div>\n\t\t\t\t\t<\/div>\n\t\t<\/section>\n\t\t\t\t<section class=\"elementor-section elementor-top-section elementor-element elementor-element-ff3be53 elementor-section-boxed elementor-section-height-default elementor-section-height-default\" data-id=\"ff3be53\" data-element_type=\"section\" data-settings=\"{&quot;background_background&quot;:&quot;classic&quot;}\">\n\t\t\t\t\t\t\t<div class=\"elementor-background-overlay\"><\/div>\n\t\t\t\t\t\t\t<div class=\"elementor-container elementor-column-gap-default\">\n\t\t\t\t\t<div class=\"elementor-column elementor-col-100 elementor-top-column elementor-element elementor-element-1e0ce27\" data-id=\"1e0ce27\" data-element_type=\"column\">\n\t\t\t<div class=\"elementor-widget-wrap elementor-element-populated\">\n\t\t\t\t\t\t<div class=\"elementor-element elementor-element-6bfece0 elementor-widget elementor-widget-heading\" data-id=\"6bfece0\" data-element_type=\"widget\" data-widget_type=\"heading.default\">\n\t\t\t\t\t<h2 class=\"elementor-heading-title elementor-size-default\">Lana mineral de roca \/ Lana de vidrio<\/h2>\t\t\t\t<\/div>\n\t\t\t\t<div class=\"elementor-element elementor-element-2d706db elementor-widget elementor-widget-text-editor\" data-id=\"2d706db\" data-element_type=\"widget\" data-widget_type=\"text-editor.default\">\n\t\t\t\t\t\t\t\t\t<p>Jinan United Perfect Building Materials Corporation es un fabricante profesional de lana de roca con certificados FM y CCS. Los productos est\u00e1n completamente cubiertos con tablero de lana de roca, manta de lana de roca, tuber\u00eda de lana de roca y lana de roca hidrop\u00f3nica, etc. Y nuestra capacidad de producci\u00f3n es de m\u00e1s de 20000 toneladas mensuales.<\/p>\t\t\t\t\t\t\t\t<\/div>\n\t\t\t\t<div class=\"elementor-element elementor-element-e9503f3 elementor-align-right elementor-widget elementor-widget-elementskit-button\" data-id=\"e9503f3\" data-element_type=\"widget\" data-widget_type=\"elementskit-button.default\">\n\t\t\t\t\t<div class=\"ekit-wid-con\" >\t\t<div class=\"ekit-btn-wraper\">\n\t\t\t\t\t\t\t<a href=\"https:\/\/unitedperfect.com\/es\/categoria-producto\/insulation-acoustic\/\" class=\"elementskit-btn  whitespace--normal\" id=\"\">\n\t\t\t\t\tM\u00e1s informaci\u00f3n \t\t\t\t<\/a>\n\t\t\t\t\t<\/div>\n        <\/div>\t\t\t\t<\/div>\n\t\t\t\t\t<\/div>\n\t\t<\/div>\n\t\t\t\t\t<\/div>\n\t\t<\/section>\n\t\t\t\t<section class=\"elementor-section elementor-top-section elementor-element elementor-element-2dbb32b elementor-section-boxed elementor-section-height-default elementor-section-height-default\" data-id=\"2dbb32b\" data-element_type=\"section\" data-settings=\"{&quot;background_background&quot;:&quot;classic&quot;}\">\n\t\t\t\t\t\t\t<div class=\"elementor-background-overlay\"><\/div>\n\t\t\t\t\t\t\t<div class=\"elementor-container elementor-column-gap-default\">\n\t\t\t\t\t<div class=\"elementor-column elementor-col-100 elementor-top-column elementor-element elementor-element-ea564f4\" data-id=\"ea564f4\" data-element_type=\"column\">\n\t\t\t<div class=\"elementor-widget-wrap elementor-element-populated\">\n\t\t\t\t\t\t<section class=\"elementor-section elementor-inner-section elementor-element elementor-element-296f77d elementor-section-boxed elementor-section-height-default elementor-section-height-default\" data-id=\"296f77d\" data-element_type=\"section\">\n\t\t\t\t\t\t<div class=\"elementor-container elementor-column-gap-default\">\n\t\t\t\t\t<div class=\"elementor-column elementor-col-100 elementor-inner-column elementor-element elementor-element-f474026 elementor-invisible\" data-id=\"f474026\" data-element_type=\"column\" data-settings=\"{&quot;animation&quot;:&quot;fadeInLeft&quot;}\">\n\t\t\t<div class=\"elementor-widget-wrap elementor-element-populated\">\n\t\t\t\t\t\t<div class=\"elementor-element elementor-element-a6a0761 elementor-widget elementor-widget-heading\" data-id=\"a6a0761\" data-element_type=\"widget\" data-widget_type=\"heading.default\">\n\t\t\t\t\t<h2 class=\"elementor-heading-title elementor-size-default\">Capa de base sint\u00e9tica, membrana transpirable, envoltura de la casa, barrera de vapor<\/h2>\t\t\t\t<\/div>\n\t\t\t\t<div class=\"elementor-element elementor-element-661cf33 elementor-widget elementor-widget-text-editor\" data-id=\"661cf33\" data-element_type=\"widget\" data-widget_type=\"text-editor.default\">\n\t\t\t\t\t\t\t\t\t<p>Perfect Group se enorgullece de ser uno de los principales fabricantes de materiales para tejados de China. Con personal profesional y diligente, en los \u00faltimos a\u00f1os, estamos desarrollando y ofreciendo soluciones globales para la protecci\u00f3n de los edificios y sus ocupantes de las condiciones clim\u00e1ticas externas y los efectos de las condensaciones con los siguientes productos con calidad certificada, Membrana Transpirable, Capa de Base Sint\u00e9tica, Escudo de Hielo y Agua, Barrera de Vapor, Barrera Radiante, Envoltura de la Casa, y Accesorios. Centr\u00e1ndonos en la demanda actual del mercado y prepar\u00e1ndonos para el futuro...<\/p>\t\t\t\t\t\t\t\t<\/div>\n\t\t\t\t<div class=\"elementor-element elementor-element-6be93a5 elementor-align-left elementor-widget elementor-widget-elementskit-button\" data-id=\"6be93a5\" data-element_type=\"widget\" data-widget_type=\"elementskit-button.default\">\n\t\t\t\t\t<div class=\"ekit-wid-con\" >\t\t<div class=\"ekit-btn-wraper\">\n\t\t\t\t\t\t\t<a href=\"https:\/\/unitedperfect.com\/es\/categoria-producto\/roofing-walling\/\" class=\"elementskit-btn  whitespace--normal\" id=\"\">\n\t\t\t\t\tM\u00e1s informaci\u00f3n \t\t\t\t<\/a>\n\t\t\t\t\t<\/div>\n        <\/div>\t\t\t\t<\/div>\n\t\t\t\t\t<\/div>\n\t\t<\/div>\n\t\t\t\t\t<\/div>\n\t\t<\/section>\n\t\t\t\t\t<\/div>\n\t\t<\/div>\n\t\t\t\t\t<\/div>\n\t\t<\/section>\n\t\t\t\t<\/div>","protected":false},"excerpt":{"rendered":"<p>Facings for Metal Building Insulation \/ HVAC &amp; Appliances \/ Duct Wrap &amp; Duct Board Perfect Group is a global supplier of insulation vapor retarders and facings to the Metal Building Insulation \/ HVAC &amp; Appliances \/ Duct Wrap &amp; Duct Board market. Perfect&#8217;s insulation vapor retarders and facings are engineered to protect insulation from [&hellip;]<\/p>","protected":false},"author":1,"featured_media":0,"parent":0,"menu_order":0,"comment_status":"closed","ping_status":"closed","template":"elementor_header_footer","meta":{"footnotes":""},"class_list":["post-1208","page","type-page","status-publish","hentry"],"aioseo_notices":[],"_hostinger_reach_plugin_has_subscription_block":false,"_hostinger_reach_plugin_is_elementor":false,"_links":{"self":[{"href":"https:\/\/unitedperfect.com\/es\/wp-json\/wp\/v2\/pages\/1208","targetHints":{"allow":["GET"]}}],"collection":[{"href":"https:\/\/unitedperfect.com\/es\/wp-json\/wp\/v2\/pages"}],"about":[{"href":"https:\/\/unitedperfect.com\/es\/wp-json\/wp\/v2\/types\/page"}],"author":[{"embeddable":true,"href":"https:\/\/unitedperfect.com\/es\/wp-json\/wp\/v2\/users\/1"}],"replies":[{"embeddable":true,"href":"https:\/\/unitedperfect.com\/es\/wp-json\/wp\/v2\/comments?post=1208"}],"version-history":[{"count":13,"href":"https:\/\/unitedperfect.com\/es\/wp-json\/wp\/v2\/pages\/1208\/revisions"}],"predecessor-version":[{"id":1526,"href":"https:\/\/unitedperfect.com\/es\/wp-json\/wp\/v2\/pages\/1208\/revisions\/1526"}],"wp:attachment":[{"href":"https:\/\/unitedperfect.com\/es\/wp-json\/wp\/v2\/media?parent=1208"}],"curies":[{"name":"wp","href":"https:\/\/api.w.org\/{rel}","templated":true}]}}